{"id":401313,"date":"2025-02-26T09:14:33","date_gmt":"2025-02-26T09:14:33","guid":{"rendered":"https:\/\/wellefurniture.eu\/inbank\/"},"modified":"2025-02-26T09:14:33","modified_gmt":"2025-02-26T09:14:33","slug":"inbank","status":"publish","type":"page","link":"https:\/\/welle.ee\/ee\/inbank\/","title":{"rendered":"Inbank"},"content":{"rendered":"\t\t<div data-elementor-type=\"wp-page\" data-elementor-id=\"401313\" class=\"elementor elementor-401313 elementor-194521\" data-elementor-post-type=\"page\">\n\t\t\t\t<div class=\"wd-negative-gap elementor-element elementor-element-92d6e94 e-flex e-con-boxed e-con e-parent\" data-id=\"92d6e94\" data-element_type=\"container\">\n\t\t\t\t\t<div class=\"e-con-inner\">\n\t\t\t\t<div class=\"elementor-element elementor-element-762b426 elementor-widget__width-initial elementor-widget-mobile__width-inherit elementor-widget elementor-widget-image\" data-id=\"762b426\" data-element_type=\"widget\" data-widget_type=\"image.default\">\n\t\t\t\t<div class=\"elementor-widget-container\">\n\t\t\t\t\t\t\t\t\t\t\t\t\t\t\t<img decoding=\"async\" src=\"https:\/\/welle.ee\/wp-content\/uploads\/inbank-banner-1-1.png\" title=\"\" alt=\"\" loading=\"lazy\" \/>\t\t\t\t\t\t\t\t\t\t\t\t\t\t\t<\/div>\n\t\t\t\t<\/div>\n\t\t\t\t<div class=\"elementor-element elementor-element-b085f8a elementor-widget__width-initial elementor-widget-tablet__width-inherit color-scheme-inherit text-left elementor-widget elementor-widget-text-editor\" data-id=\"b085f8a\" data-element_type=\"widget\" data-widget_type=\"text-editor.default\">\n\t\t\t\t<div class=\"elementor-widget-container\">\n\t\t\t\t\t\t\t\t\t<h2>Inbank maksa j\u00e4rgmisel kuul<\/h2><p>Inbanki makseviis aitab ostude eest veelgi\u00a0mugavamalt tasuda. Tasu oma ostu eest\u00a0alles j\u00e4rgmisel kuul,\u00a0lihtsalt ja\u00a0ilma \u00fchegi lisatasuta.<\/p><p>Ost kinnitatakse vaid m\u00f5ne hetkega. V\u00f5ta maksmiseks rohkem aega. Osta t\u00e4na ja maksa j\u00e4rgmise kuul<\/p><p><strong>Tingimused:<\/strong><\/p><ul><li>Summa 30 \u2013 800\u20ac<\/li><li>Lisatasud puuduvad<\/li><\/ul>\t\t\t\t\t\t\t\t<\/div>\n\t\t\t\t<\/div>\n\t\t\t\t\t<\/div>\n\t\t\t\t<\/div>\n\t\t<div class=\"wd-negative-gap elementor-element elementor-element-ff7a755 e-flex e-con-boxed e-con e-parent\" data-id=\"ff7a755\" data-element_type=\"container\">\n\t\t\t\t\t<div class=\"e-con-inner\">\n\t\t\t\t<div class=\"elementor-element elementor-element-45c64eb elementor-widget__width-initial elementor-widget-mobile__width-inherit elementor-widget elementor-widget-image\" data-id=\"45c64eb\" data-element_type=\"widget\" data-widget_type=\"image.default\">\n\t\t\t\t<div class=\"elementor-widget-container\">\n\t\t\t\t\t\t\t\t\t\t\t\t\t\t\t<img decoding=\"async\" src=\"https:\/\/welle.ee\/wp-content\/uploads\/inbank-1-1.png\" title=\"\" alt=\"\" loading=\"lazy\" \/>\t\t\t\t\t\t\t\t\t\t\t\t\t\t\t<\/div>\n\t\t\t\t<\/div>\n\t\t\t\t<div class=\"elementor-element elementor-element-4fd1d7e elementor-widget__width-initial elementor-widget-tablet__width-inherit color-scheme-inherit text-left elementor-widget elementor-widget-text-editor\" data-id=\"4fd1d7e\" data-element_type=\"widget\" data-widget_type=\"text-editor.default\">\n\t\t\t\t<div class=\"elementor-widget-container\">\n\t\t\t\t\t\t\t\t\t<h2><strong>Miks valida Inbanki makseviis?<\/strong><\/h2><ul><li>Lihtne ja <em>lisatasudeta<\/em> &#8211; pole intressi, lepingutasu ega igakuist haldustasu.<\/li><li>Nutikas viis soetada kohe k\u00f5ik, mida vajad, tegemata valikute\u00a0arvelt j\u00e4releandmisi.<\/li><li>Inbanki <em>maksa hiljem<\/em> makseviisi puhul ei ole tegu j\u00e4relmaksuga, vaid krediidivaba makseviisiga \u2013 see ei m\u00f5juta sinu krediidiskoori.<\/li><\/ul><p><strong><br \/>Inbanki makseviisiga tasumine on lihtne!<\/strong><\/p>\t\t\t\t\t\t\t\t<\/div>\n\t\t\t\t<\/div>\n\t\t\t\t\t<\/div>\n\t\t\t\t<\/div>\n\t\t\t\t<\/div>\n\t\t","protected":false},"excerpt":{"rendered":"<p>Inbank maksa j\u00e4rgmisel kuul Inbanki makseviis aitab ostude eest veelgi\u00a0mugavamalt tasuda. Tasu oma ostu eest\u00a0alles j\u00e4rgmisel kuul,\u00a0lihtsalt ja\u00a0ilma \u00fchegi lisatasuta.<\/p>\n","protected":false},"author":1,"featured_media":0,"parent":0,"menu_order":0,"comment_status":"closed","ping_status":"closed","template":"","meta":{"footnotes":""},"class_list":["post-401313","page","type-page","status-publish","hentry"],"yoast_head":"<!-- This site is optimized with the Yoast SEO plugin v26.2 - https:\/\/yoast.com\/wordpress\/plugins\/seo\/ -->\n<title>Inbank - Welle<\/title>\n<meta name=\"robots\" content=\"index, follow, max-snippet:-1, max-image-preview:large, max-video-preview:-1\" \/>\n<link rel=\"canonical\" href=\"https:\/\/welle.ee\/ee\/inbank\/\" \/>\n<meta property=\"og:locale\" content=\"en_US\" \/>\n<meta property=\"og:type\" content=\"article\" \/>\n<meta property=\"og:title\" content=\"Inbank - Welle\" \/>\n<meta property=\"og:description\" content=\"Inbank maksa j\u00e4rgmisel kuul Inbanki makseviis aitab ostude eest veelgi\u00a0mugavamalt tasuda. Tasu oma ostu eest\u00a0alles j\u00e4rgmisel kuul,\u00a0lihtsalt ja\u00a0ilma \u00fchegi lisatasuta.\" \/>\n<meta property=\"og:url\" content=\"https:\/\/welle.ee\/ee\/inbank\/\" \/>\n<meta property=\"og:site_name\" content=\"Welle\" \/>\n<meta property=\"og:image\" content=\"https:\/\/in24.ee\/wp-content\/uploads\/inbank-banner-1-1.png\" \/>\n<meta name=\"twitter:card\" content=\"summary_large_image\" \/>\n<script type=\"application\/ld+json\" class=\"yoast-schema-graph\">{\"@context\":\"https:\/\/schema.org\",\"@graph\":[{\"@type\":\"WebPage\",\"@id\":\"https:\/\/welle.ee\/ee\/inbank\/\",\"url\":\"https:\/\/welle.ee\/ee\/inbank\/\",\"name\":\"Inbank - Welle\",\"isPartOf\":{\"@id\":\"https:\/\/welle.ee\/ee\/#website\"},\"primaryImageOfPage\":{\"@id\":\"https:\/\/welle.ee\/ee\/inbank\/#primaryimage\"},\"image\":{\"@id\":\"https:\/\/welle.ee\/ee\/inbank\/#primaryimage\"},\"thumbnailUrl\":\"https:\/\/in24.ee\/wp-content\/uploads\/inbank-banner-1-1.png\",\"datePublished\":\"2025-02-26T09:14:33+00:00\",\"breadcrumb\":{\"@id\":\"https:\/\/welle.ee\/ee\/inbank\/#breadcrumb\"},\"inLanguage\":\"ee\",\"potentialAction\":[{\"@type\":\"ReadAction\",\"target\":[\"https:\/\/welle.ee\/ee\/inbank\/\"]}]},{\"@type\":\"ImageObject\",\"inLanguage\":\"ee\",\"@id\":\"https:\/\/welle.ee\/ee\/inbank\/#primaryimage\",\"url\":\"https:\/\/in24.ee\/wp-content\/uploads\/inbank-banner-1-1.png\",\"contentUrl\":\"https:\/\/in24.ee\/wp-content\/uploads\/inbank-banner-1-1.png\"},{\"@type\":\"BreadcrumbList\",\"@id\":\"https:\/\/welle.ee\/ee\/inbank\/#breadcrumb\",\"itemListElement\":[{\"@type\":\"ListItem\",\"position\":1,\"name\":\"\u0413\u043b\u0430\u0432\u043d\u0430\u044f \u0441\u0442\u0440\u0430\u043d\u0438\u0446\u0430\",\"item\":\"https:\/\/welle.ee\/ee\/\"},{\"@type\":\"ListItem\",\"position\":2,\"name\":\"Inbank\"}]},{\"@type\":\"WebSite\",\"@id\":\"https:\/\/welle.ee\/ee\/#website\",\"url\":\"https:\/\/welle.ee\/ee\/\",\"name\":\"Welle\",\"description\":\"\",\"potentialAction\":[{\"@type\":\"SearchAction\",\"target\":{\"@type\":\"EntryPoint\",\"urlTemplate\":\"https:\/\/welle.ee\/ee\/?s={search_term_string}\"},\"query-input\":{\"@type\":\"PropertyValueSpecification\",\"valueRequired\":true,\"valueName\":\"search_term_string\"}}],\"inLanguage\":\"ee\"}]}<\/script>\n<!-- \/ Yoast SEO plugin. -->","yoast_head_json":{"title":"Inbank - Welle","robots":{"index":"index","follow":"follow","max-snippet":"max-snippet:-1","max-image-preview":"max-image-preview:large","max-video-preview":"max-video-preview:-1"},"canonical":"https:\/\/welle.ee\/ee\/inbank\/","og_locale":"en_US","og_type":"article","og_title":"Inbank - Welle","og_description":"Inbank maksa j\u00e4rgmisel kuul Inbanki makseviis aitab ostude eest veelgi\u00a0mugavamalt tasuda. Tasu oma ostu eest\u00a0alles j\u00e4rgmisel kuul,\u00a0lihtsalt ja\u00a0ilma \u00fchegi lisatasuta.","og_url":"https:\/\/welle.ee\/ee\/inbank\/","og_site_name":"Welle","og_image":[{"url":"https:\/\/in24.ee\/wp-content\/uploads\/inbank-banner-1-1.png","type":"","width":"","height":""}],"twitter_card":"summary_large_image","schema":{"@context":"https:\/\/schema.org","@graph":[{"@type":"WebPage","@id":"https:\/\/welle.ee\/ee\/inbank\/","url":"https:\/\/welle.ee\/ee\/inbank\/","name":"Inbank - Welle","isPartOf":{"@id":"https:\/\/welle.ee\/ee\/#website"},"primaryImageOfPage":{"@id":"https:\/\/welle.ee\/ee\/inbank\/#primaryimage"},"image":{"@id":"https:\/\/welle.ee\/ee\/inbank\/#primaryimage"},"thumbnailUrl":"https:\/\/in24.ee\/wp-content\/uploads\/inbank-banner-1-1.png","datePublished":"2025-02-26T09:14:33+00:00","breadcrumb":{"@id":"https:\/\/welle.ee\/ee\/inbank\/#breadcrumb"},"inLanguage":"ee","potentialAction":[{"@type":"ReadAction","target":["https:\/\/welle.ee\/ee\/inbank\/"]}]},{"@type":"ImageObject","inLanguage":"ee","@id":"https:\/\/welle.ee\/ee\/inbank\/#primaryimage","url":"https:\/\/in24.ee\/wp-content\/uploads\/inbank-banner-1-1.png","contentUrl":"https:\/\/in24.ee\/wp-content\/uploads\/inbank-banner-1-1.png"},{"@type":"BreadcrumbList","@id":"https:\/\/welle.ee\/ee\/inbank\/#breadcrumb","itemListElement":[{"@type":"ListItem","position":1,"name":"\u0413\u043b\u0430\u0432\u043d\u0430\u044f \u0441\u0442\u0440\u0430\u043d\u0438\u0446\u0430","item":"https:\/\/welle.ee\/ee\/"},{"@type":"ListItem","position":2,"name":"Inbank"}]},{"@type":"WebSite","@id":"https:\/\/welle.ee\/ee\/#website","url":"https:\/\/welle.ee\/ee\/","name":"Welle","description":"","potentialAction":[{"@type":"SearchAction","target":{"@type":"EntryPoint","urlTemplate":"https:\/\/welle.ee\/ee\/?s={search_term_string}"},"query-input":{"@type":"PropertyValueSpecification","valueRequired":true,"valueName":"search_term_string"}}],"inLanguage":"ee"}]}},"_links":{"self":[{"href":"https:\/\/welle.ee\/ee\/wp-json\/wp\/v2\/pages\/401313","targetHints":{"allow":["GET"]}}],"collection":[{"href":"https:\/\/welle.ee\/ee\/wp-json\/wp\/v2\/pages"}],"about":[{"href":"https:\/\/welle.ee\/ee\/wp-json\/wp\/v2\/types\/page"}],"author":[{"embeddable":true,"href":"https:\/\/welle.ee\/ee\/wp-json\/wp\/v2\/users\/1"}],"replies":[{"embeddable":true,"href":"https:\/\/welle.ee\/ee\/wp-json\/wp\/v2\/comments?post=401313"}],"version-history":[{"count":0,"href":"https:\/\/welle.ee\/ee\/wp-json\/wp\/v2\/pages\/401313\/revisions"}],"wp:attachment":[{"href":"https:\/\/welle.ee\/ee\/wp-json\/wp\/v2\/media?parent=401313"}],"curies":[{"name":"wp","href":"https:\/\/api.w.org\/{rel}","templated":true}]}}