{"id":401317,"date":"2025-02-26T08:42:12","date_gmt":"2025-02-26T08:42:12","guid":{"rendered":"https:\/\/wellefurniture.eu\/esto-3\/"},"modified":"2025-02-26T08:42:12","modified_gmt":"2025-02-26T08:42:12","slug":"esto-3","status":"publish","type":"page","link":"https:\/\/welle.ee\/ee\/esto-3\/","title":{"rendered":"ESTO 3"},"content":{"rendered":"\t\t<div data-elementor-type=\"wp-page\" data-elementor-id=\"401317\" class=\"elementor elementor-401317\" data-elementor-post-type=\"page\">\n\t\t\t\t<div class=\"wd-negative-gap elementor-element elementor-element-503932f e-flex e-con-boxed e-con e-parent\" data-id=\"503932f\" data-element_type=\"container\">\n\t\t\t\t\t<div class=\"e-con-inner\">\n\t\t\t\t<div class=\"elementor-element elementor-element-ae5ed8b color-scheme-inherit text-left elementor-widget elementor-widget-text-editor\" data-id=\"ae5ed8b\" data-element_type=\"widget\" data-widget_type=\"text-editor.default\">\n\t\t\t\t<div class=\"elementor-widget-container\">\n\t\t\t\t\t\t\t\t\t<p>ESTO 3 on populaarseim uue p\u00f5lvkonna makseviis. Jaota ostusumma mugavalt 3-ks v\u00f5rdseks osaks. Saa t\u00e4pselt, mida vajad ilma intressi, lisatasu ja sissemakseta.<\/p><p>Kasuta ESTO 3-osalist makseviisi e-poodides ja f\u00fc\u00fcsilistes kauplustes.<\/p><p>K\u00f5ik ESTO partnerpoed leiad ESTO Marketist: <a href=\"https:\/\/esto.eu\/ee\/esto-market?lang=et\">https:\/\/esto.eu\/ee\/esto-market<\/a><\/p>\t\t\t\t\t\t\t\t<\/div>\n\t\t\t\t<\/div>\n\t\t\t\t\t<\/div>\n\t\t\t\t<\/div>\n\t\t<div class=\"wd-negative-gap elementor-element elementor-element-9ccae0b e-flex e-con-boxed e-con e-parent\" data-id=\"9ccae0b\" data-element_type=\"container\">\n\t\t\t\t\t<div class=\"e-con-inner\">\n\t\t\t\t<div class=\"elementor-element elementor-element-b93a459 color-scheme-inherit text-left elementor-widget elementor-widget-text-editor\" data-id=\"b93a459\" data-element_type=\"widget\" data-widget_type=\"text-editor.default\">\n\t\t\t\t<div class=\"elementor-widget-container\">\n\t\t\t\t\t\t\t\t\t<h2>Kuidas see toimib?<\/h2><p>Valides ESTO 3 makseviisiks saad jagada kogu makse 3-ks v\u00f5rdseks osaks 3 kuu peale ilma igasuguste tasudeta.<\/p>\t\t\t\t\t\t\t\t<\/div>\n\t\t\t\t<\/div>\n\t\t\t\t\t<\/div>\n\t\t\t\t<\/div>\n\t\t<div class=\"wd-negative-gap elementor-element elementor-element-6b30c09 e-flex e-con-boxed e-con e-parent\" data-id=\"6b30c09\" data-element_type=\"container\">\n\t\t\t\t\t<div class=\"e-con-inner\">\n\t\t\t\t<div class=\"elementor-element elementor-element-fd98620 color-scheme-inherit text-left elementor-widget elementor-widget-text-editor\" data-id=\"fd98620\" data-element_type=\"widget\" data-widget_type=\"text-editor.default\">\n\t\t\t\t<div class=\"elementor-widget-container\">\n\t\t\t\t\t\t\t\t\t<ol><li>Lisa vajalikud tooted ostukorvi.<\/li><li>Vali kassas ESTO 3 makseviisiks.<\/li><li>Otsuse saad reaalajas.<\/li><li>Positiivse otsuse korral kinnita ost.<\/li><li>ESTO saadab sulle sinu esimese arve j\u00e4rgmise kuu 15. kuup\u00e4eval.<\/li><\/ol>\t\t\t\t\t\t\t\t<\/div>\n\t\t\t\t<\/div>\n\t\t\t\t\t<\/div>\n\t\t\t\t<\/div>\n\t\t<div class=\"wd-negative-gap elementor-element elementor-element-6ccf212 e-flex e-con-boxed e-con e-parent\" data-id=\"6ccf212\" data-element_type=\"container\">\n\t\t\t\t\t<div class=\"e-con-inner\">\n\t\t\t\t<div class=\"elementor-element elementor-element-8d5cb30 elementor-widget elementor-widget-image\" data-id=\"8d5cb30\" data-element_type=\"widget\" data-widget_type=\"image.default\">\n\t\t\t\t<div class=\"elementor-widget-container\">\n\t\t\t\t\t\t\t\t\t\t\t\t\t\t\t<img fetchpriority=\"high\" decoding=\"async\" width=\"1920\" height=\"348\" src=\"https:\/\/welle.ee\/wp-content\/themes\/welle\/images\/lazy.svg\" data-src=\"https:\/\/welle.ee\/wp-content\/uploads\/ESTO-3-1.png\" class=\"attachment-full size-full wp-image-401318\" alt=\"\" srcset=\"\" data-srcset=\"https:\/\/welle.ee\/wp-content\/uploads\/ESTO-3-1.png 1920w, https:\/\/welle.ee\/wp-content\/uploads\/ESTO-3-1-150x27.png 150w, https:\/\/welle.ee\/wp-content\/uploads\/ESTO-3-1-1000x181.png 1000w, https:\/\/welle.ee\/wp-content\/uploads\/ESTO-3-1-768x139.png 768w\" sizes=\"(max-width: 1920px) 100vw, 1920px\" \/>\t\t\t\t\t\t\t\t\t\t\t\t\t\t\t<\/div>\n\t\t\t\t<\/div>\n\t\t\t\t\t<\/div>\n\t\t\t\t<\/div>\n\t\t<div class=\"wd-negative-gap elementor-element elementor-element-3f115e6 e-flex e-con-boxed e-con e-parent\" data-id=\"3f115e6\" data-element_type=\"container\">\n\t\t\t\t\t<div class=\"e-con-inner\">\n\t\t\t\t<div class=\"elementor-element elementor-element-fae4bcc color-scheme-inherit text-left elementor-widget elementor-widget-text-editor\" data-id=\"fae4bcc\" data-element_type=\"widget\" data-widget_type=\"text-editor.default\">\n\t\t\t\t<div class=\"elementor-widget-container\">\n\t\t\t\t\t\t\t\t\t<p>Finantsteenust pakub ESTO AS. Enne lepingu s\u00f5lmimist tutvu tingimustega ja vajaduse korral pea n\u00f5u asjatundjaga. Lisainfo www.esto.ee.<\/p>\t\t\t\t\t\t\t\t<\/div>\n\t\t\t\t<\/div>\n\t\t\t\t\t<\/div>\n\t\t\t\t<\/div>\n\t\t<div class=\"wd-negative-gap elementor-element elementor-element-fde052a e-flex e-con-boxed e-con e-parent\" data-id=\"fde052a\" data-element_type=\"container\">\n\t\t\t\t\t<div class=\"e-con-inner\">\n\t\t\t\t<div class=\"elementor-element elementor-element-6211306 color-scheme-inherit text-left elementor-widget elementor-widget-text-editor\" data-id=\"6211306\" data-element_type=\"widget\" data-widget_type=\"text-editor.default\">\n\t\t\t\t<div class=\"elementor-widget-container\">\n\t\t\t\t\t\t\t\t\t<h2>Mis on ESTO?<\/h2><p>ESTO on eelistatuim makselahenduste pakkuja Baltikumis, muutes kaupmeeste m\u00fc\u00fcgi- ja tarbijate ostukogemuse revolutsiooniliselt lihtsaks ning sujuvaks. ESTO&#8217;l on \u00fcle Baltikumi pea 500 000 aktiivset klienti ning \u00fcle 3000 partnerpoe. ESTO missioon on aidata partneritel m\u00fc\u00fca ja klientidel osta.<\/p><p>Kui vajad abi, v\u00f5ta \u00fchendust ESTO AS t\u00f6\u00f6tajaga info@esto.ee v\u00f5i k\u00fclasta <a href=\"https:\/\/esto.eu\/ee\/kliendile-klienditugi\">https:\/\/esto.eu\/ee\/kliendile-klienditugi<\/a>.<\/p>\t\t\t\t\t\t\t\t<\/div>\n\t\t\t\t<\/div>\n\t\t\t\t\t<\/div>\n\t\t\t\t<\/div>\n\t\t\t\t<\/div>\n\t\t","protected":false},"excerpt":{"rendered":"<p>ESTO 3 on populaarseim uue p\u00f5lvkonna makseviis. Jaota ostusumma mugavalt 3-ks v\u00f5rdseks osaks. Saa t\u00e4pselt, mida vajad ilma intressi, lisatasu<\/p>\n","protected":false},"author":1,"featured_media":0,"parent":0,"menu_order":0,"comment_status":"closed","ping_status":"closed","template":"","meta":{"footnotes":""},"class_list":["post-401317","page","type-page","status-publish","hentry"],"yoast_head":"<!-- This site is optimized with the Yoast SEO plugin v26.2 - https:\/\/yoast.com\/wordpress\/plugins\/seo\/ -->\n<title>ESTO 3 - Welle<\/title>\n<meta name=\"robots\" content=\"index, follow, max-snippet:-1, max-image-preview:large, max-video-preview:-1\" \/>\n<link rel=\"canonical\" href=\"https:\/\/welle.ee\/ee\/esto-3\/\" \/>\n<meta property=\"og:locale\" content=\"en_US\" \/>\n<meta property=\"og:type\" content=\"article\" \/>\n<meta property=\"og:title\" content=\"ESTO 3 - Welle\" \/>\n<meta property=\"og:description\" content=\"ESTO 3 on populaarseim uue p\u00f5lvkonna makseviis. Jaota ostusumma mugavalt 3-ks v\u00f5rdseks osaks. Saa t\u00e4pselt, mida vajad ilma intressi, lisatasu\" \/>\n<meta property=\"og:url\" content=\"https:\/\/welle.ee\/ee\/esto-3\/\" \/>\n<meta property=\"og:site_name\" content=\"Welle\" \/>\n<meta property=\"og:image\" content=\"https:\/\/in24.ee\/wp-content\/uploads\/ESTO-3-1.png\" \/>\n<meta name=\"twitter:card\" content=\"summary_large_image\" \/>\n<script type=\"application\/ld+json\" class=\"yoast-schema-graph\">{\"@context\":\"https:\/\/schema.org\",\"@graph\":[{\"@type\":\"WebPage\",\"@id\":\"https:\/\/welle.ee\/ee\/esto-3\/\",\"url\":\"https:\/\/welle.ee\/ee\/esto-3\/\",\"name\":\"ESTO 3 - Welle\",\"isPartOf\":{\"@id\":\"https:\/\/welle.ee\/ee\/#website\"},\"primaryImageOfPage\":{\"@id\":\"https:\/\/welle.ee\/ee\/esto-3\/#primaryimage\"},\"image\":{\"@id\":\"https:\/\/welle.ee\/ee\/esto-3\/#primaryimage\"},\"thumbnailUrl\":\"https:\/\/in24.ee\/wp-content\/uploads\/ESTO-3-1.png\",\"datePublished\":\"2025-02-26T08:42:12+00:00\",\"breadcrumb\":{\"@id\":\"https:\/\/welle.ee\/ee\/esto-3\/#breadcrumb\"},\"inLanguage\":\"ee\",\"potentialAction\":[{\"@type\":\"ReadAction\",\"target\":[\"https:\/\/welle.ee\/ee\/esto-3\/\"]}]},{\"@type\":\"ImageObject\",\"inLanguage\":\"ee\",\"@id\":\"https:\/\/welle.ee\/ee\/esto-3\/#primaryimage\",\"url\":\"https:\/\/in24.ee\/wp-content\/uploads\/ESTO-3-1.png\",\"contentUrl\":\"https:\/\/in24.ee\/wp-content\/uploads\/ESTO-3-1.png\"},{\"@type\":\"BreadcrumbList\",\"@id\":\"https:\/\/welle.ee\/ee\/esto-3\/#breadcrumb\",\"itemListElement\":[{\"@type\":\"ListItem\",\"position\":1,\"name\":\"\u0413\u043b\u0430\u0432\u043d\u0430\u044f \u0441\u0442\u0440\u0430\u043d\u0438\u0446\u0430\",\"item\":\"https:\/\/welle.ee\/ee\/\"},{\"@type\":\"ListItem\",\"position\":2,\"name\":\"ESTO 3\"}]},{\"@type\":\"WebSite\",\"@id\":\"https:\/\/welle.ee\/ee\/#website\",\"url\":\"https:\/\/welle.ee\/ee\/\",\"name\":\"Welle\",\"description\":\"\",\"potentialAction\":[{\"@type\":\"SearchAction\",\"target\":{\"@type\":\"EntryPoint\",\"urlTemplate\":\"https:\/\/welle.ee\/ee\/?s={search_term_string}\"},\"query-input\":{\"@type\":\"PropertyValueSpecification\",\"valueRequired\":true,\"valueName\":\"search_term_string\"}}],\"inLanguage\":\"ee\"}]}<\/script>\n<!-- \/ Yoast SEO plugin. -->","yoast_head_json":{"title":"ESTO 3 - Welle","robots":{"index":"index","follow":"follow","max-snippet":"max-snippet:-1","max-image-preview":"max-image-preview:large","max-video-preview":"max-video-preview:-1"},"canonical":"https:\/\/welle.ee\/ee\/esto-3\/","og_locale":"en_US","og_type":"article","og_title":"ESTO 3 - Welle","og_description":"ESTO 3 on populaarseim uue p\u00f5lvkonna makseviis. Jaota ostusumma mugavalt 3-ks v\u00f5rdseks osaks. Saa t\u00e4pselt, mida vajad ilma intressi, lisatasu","og_url":"https:\/\/welle.ee\/ee\/esto-3\/","og_site_name":"Welle","og_image":[{"url":"https:\/\/in24.ee\/wp-content\/uploads\/ESTO-3-1.png","type":"","width":"","height":""}],"twitter_card":"summary_large_image","schema":{"@context":"https:\/\/schema.org","@graph":[{"@type":"WebPage","@id":"https:\/\/welle.ee\/ee\/esto-3\/","url":"https:\/\/welle.ee\/ee\/esto-3\/","name":"ESTO 3 - Welle","isPartOf":{"@id":"https:\/\/welle.ee\/ee\/#website"},"primaryImageOfPage":{"@id":"https:\/\/welle.ee\/ee\/esto-3\/#primaryimage"},"image":{"@id":"https:\/\/welle.ee\/ee\/esto-3\/#primaryimage"},"thumbnailUrl":"https:\/\/in24.ee\/wp-content\/uploads\/ESTO-3-1.png","datePublished":"2025-02-26T08:42:12+00:00","breadcrumb":{"@id":"https:\/\/welle.ee\/ee\/esto-3\/#breadcrumb"},"inLanguage":"ee","potentialAction":[{"@type":"ReadAction","target":["https:\/\/welle.ee\/ee\/esto-3\/"]}]},{"@type":"ImageObject","inLanguage":"ee","@id":"https:\/\/welle.ee\/ee\/esto-3\/#primaryimage","url":"https:\/\/in24.ee\/wp-content\/uploads\/ESTO-3-1.png","contentUrl":"https:\/\/in24.ee\/wp-content\/uploads\/ESTO-3-1.png"},{"@type":"BreadcrumbList","@id":"https:\/\/welle.ee\/ee\/esto-3\/#breadcrumb","itemListElement":[{"@type":"ListItem","position":1,"name":"\u0413\u043b\u0430\u0432\u043d\u0430\u044f \u0441\u0442\u0440\u0430\u043d\u0438\u0446\u0430","item":"https:\/\/welle.ee\/ee\/"},{"@type":"ListItem","position":2,"name":"ESTO 3"}]},{"@type":"WebSite","@id":"https:\/\/welle.ee\/ee\/#website","url":"https:\/\/welle.ee\/ee\/","name":"Welle","description":"","potentialAction":[{"@type":"SearchAction","target":{"@type":"EntryPoint","urlTemplate":"https:\/\/welle.ee\/ee\/?s={search_term_string}"},"query-input":{"@type":"PropertyValueSpecification","valueRequired":true,"valueName":"search_term_string"}}],"inLanguage":"ee"}]}},"_links":{"self":[{"href":"https:\/\/welle.ee\/ee\/wp-json\/wp\/v2\/pages\/401317","targetHints":{"allow":["GET"]}}],"collection":[{"href":"https:\/\/welle.ee\/ee\/wp-json\/wp\/v2\/pages"}],"about":[{"href":"https:\/\/welle.ee\/ee\/wp-json\/wp\/v2\/types\/page"}],"author":[{"embeddable":true,"href":"https:\/\/welle.ee\/ee\/wp-json\/wp\/v2\/users\/1"}],"replies":[{"embeddable":true,"href":"https:\/\/welle.ee\/ee\/wp-json\/wp\/v2\/comments?post=401317"}],"version-history":[{"count":0,"href":"https:\/\/welle.ee\/ee\/wp-json\/wp\/v2\/pages\/401317\/revisions"}],"wp:attachment":[{"href":"https:\/\/welle.ee\/ee\/wp-json\/wp\/v2\/media?parent=401317"}],"curies":[{"name":"wp","href":"https:\/\/api.w.org\/{rel}","templated":true}]}}