{"id":401320,"date":"2024-12-30T15:04:17","date_gmt":"2024-12-30T15:04:17","guid":{"rendered":"https:\/\/wellefurniture.eu\/moobli-hooldamine\/"},"modified":"2024-12-30T15:04:17","modified_gmt":"2024-12-30T15:04:17","slug":"moobli-hooldamine","status":"publish","type":"page","link":"https:\/\/welle.ee\/ee\/moobli-hooldamine\/","title":{"rendered":"M\u00f6\u00f6bli hooldamine"},"content":{"rendered":"\t\t<div data-elementor-type=\"wp-page\" data-elementor-id=\"401320\" class=\"elementor elementor-401320\" data-elementor-post-type=\"page\">\n\t\t\t\t<div class=\"wd-negative-gap elementor-element elementor-element-2189c783 e-flex e-con-boxed e-con e-parent\" data-id=\"2189c783\" data-element_type=\"container\">\n\t\t\t\t\t<div class=\"e-con-inner\">\n\t\t<div class=\"elementor-element elementor-element-67852529 e-con-full e-flex e-con e-child\" data-id=\"67852529\" data-element_type=\"container\">\n\t\t\t\t<div class=\"elementor-element elementor-element-615e7d45 wd-width-100 elementor-widget elementor-widget-wd_title\" data-id=\"615e7d45\" data-element_type=\"widget\" data-widget_type=\"wd_title.default\">\n\t\t\t\t<div class=\"elementor-widget-container\">\n\t\t\t\t\t\t\t<div class=\"title-wrapper wd-set-mb reset-last-child wd-title-color-default wd-title-style-default wd-title-size-extra-large text-left\">\n\n\t\t\t\n\t\t\t<div class=\"liner-continer\">\n\t\t\t\t<h4 class=\"woodmart-title-container title wd-fontsize-xxxl\">T\u00f6\u00f6deldud nahk, mida kasutatakse meie m\u00f6\u00f6bli tootmiseks<\/h4> \n\t\t\t\t\t\t\t<\/div>\n\n\t\t\t\t\t\t\t<div class=\"title-after_title reset-last-child wd-fontsize-s\">\n\t\t\t\t\t<p>T\u00f6\u00f6deldud nahk on konserveeritud loomanahk ehk naturaalne tooraine. Nahat\u00fckid erinevad \u00fcks teisest samamoodi nagu inimeste n\u00e4ojooned. Iga nahat\u00fckk on omap\u00e4rane. M\u00f6\u00f6bliesemete tootmiseks kasutatud nahk valitakse alati individuaalselt. Just sellep\u00e4rast on olemas erinevused naha v\u00e4rvuses ning faktuuris. V\u00e4rvimata naha nimetus on Crust. Naha puhul tuleb eristada kaht olulist v\u00e4rvimisviisi: naha immutav v\u00e4rvimine v\u00f5i aniliinv\u00e4rvimine ning pindv\u00e4rvitud nahk. Pindv\u00e4rvimisel kasutatakse pigmente ja sideainet sisaldavat v\u00e4rvi. Pindv\u00e4rvimist nimetatakse vahel ka pigmenteerimiseks. Pindv\u00e4rvimine v\u00f5ib j\u00e4rgneda ka naha immutavale v\u00e4rvimisele. Naha iseloomulikud omadused ei m\u00f5ju m\u00f6\u00f6bliesemele\/komplektile negatiivselt, vaid kinnitavad naha naturaalsust. Meie firma kasutab ka antiiknahka - uuele nahale tuleb optiliselt vana v\u00e4limus anda. Selline vanaks tehtud nahk on tihtipeale mitmev\u00e4rviline ja sellise toote valmistamine t\u00e4hendab eriti suurt v\u00e4ljakutset. Sellest nahat\u00fc\u00fcbist toodetud m\u00f6\u00f6bliesemed omavad originaalse, kordumatu v\u00e4limuse; ekspluatatsiooni k\u00e4igus ilmnevad naha v\u00e4rvi uued toonid ning varjundid, naha v\u00e4rv muutub veel paremaks. Toodetud naturaalsest nahast m\u00f6\u00f6blieseme\/komplekti v\u00e4liskest\/kate on pehme ja vaba. M\u00e4\u00e4ratud naha kurtide olemasolu m\u00f6\u00f6bliesemel\/komplektil on ettekavatsetud n\u00e4htus ning pole toote kvaliteedi defekt. Selline effekt tehakse arvuti abil; selleks kasutatakse pehmet parknahk kortsustamisprotsessis. T\u00e4nu sellele m\u00f6\u00f6blieseme\/komplekti kate on pehme, kohev ning \u00f5rn. Tuleb m\u00e4letada, et naturaalnahaga kaetud m\u00f6\u00f6bliese\/komplekt saab oma iseloomuliku v\u00e4limuse ainult kasutamisprotsessi k\u00e4igus: nahk venib v\u00e4lja ja saab vabaks. K\u00f5rgekvaliteetsest nahast tehtud m\u00f6\u00f6bliesemete\/komplekti katel normaalse, reeglip\u00e4rase ekspluatatsiooni jooksul ilmnevad kurdid ja kortsud. Pehme m\u00f6\u00f6bli (kahekohalise v\u00f5i suurema) kasutades tuleb istuda mitte \u00fchel ja samal kohal, vaid alati erinevatel kohtadel istumispinna ulatuses. Sellel juhul j\u00e4\u00e4b m\u00f6\u00f6bliesemel\/komplektil esialgne v\u00e4limus. Spetsialistid kindlustavad, et niisugused n\u00e4htavad kasutamistunnused nagu kurdid, kortsud, intensiivne l\u00e4ige naha peal teevad m\u00f6\u00f6blieseme\/komplekti meeldivamaks ja isegi elavamaks. Teiseks naturaalse naha tunnuseks on faktuur. \u00dchtlane sile nahapind on tavaliselt kunstlikult tehtud ning selline faktuur v\u00e4hendab naha tarbimistunnusi. Nahk, mis omab homogeenset faktuuri, on kahekordne v\u00f5i tema v\u00e4lispind on lihvitatud (selline nahk on ilma loodusliku v\u00e4lispinnata, selle asemel omab see vaigust pealiskihti, mis annab naha sileduse). Sel viisil ettevalmistatud nahk on madala kvaliteediga. Meie m\u00f6\u00f6bli tootmiseks kasutatakse ainult k\u00f5rgkvaliteetset naturaalset nahka. Meie t\u00f6\u00f6tame naturaalse toorainega ja seoses sellega m\u00e4rgime selgitavalt \u00e4ra k\u00f5ik naha faktuuri ja v\u00e4rvi muutmisv\u00f5imalused.<\/p>\t\t\t\t<\/div>\n\t\t\t\t\t<\/div>\n\t\t\t\t\t\t<\/div>\n\t\t\t\t<\/div>\n\t\t\t\t<div class=\"elementor-element elementor-element-9ffec18 wd-width-100 elementor-widget elementor-widget-wd_title\" data-id=\"9ffec18\" data-element_type=\"widget\" data-widget_type=\"wd_title.default\">\n\t\t\t\t<div class=\"elementor-widget-container\">\n\t\t\t\t\t\t\t<div class=\"title-wrapper wd-set-mb reset-last-child wd-title-color-default wd-title-style-default wd-title-size-extra-large text-left\">\n\n\t\t\t\n\t\t\t<div class=\"liner-continer\">\n\t\t\t\t<h4 class=\"woodmart-title-container title wd-fontsize-xxxl\">Veluurkangast toode<\/h4> \n\t\t\t\t\t\t\t<\/div>\n\n\t\t\t\t\t\t\t<div class=\"title-after_title reset-last-child wd-fontsize-s\">\n\t\t\t\t\t<p>Materjalil on omadus transportimisel v\u00f5i istumisel kerget kortsuda, mida tavap\u00e4rase kasutamise ajal ei ole alati v\u00f5imalik v\u00e4ltida. Sellele vastu saab puhastades polstrit riideharjaga. Lisaks v\u00f5ib kortsumist v\u00e4hendada auru kasutamisega v\u00f5i destilleeritud vees leotatud niiske r\u00e4tik l\u00fchikeseks ajaks vajalikule pinnale asetamisega. Seej\u00e4rel saab niiske ala puuvillase r\u00e4tikuga kuivaks p\u00fchkida, kasutades kerget survet suurele pinnale. F\u00f6\u00f6ni v\u00f5ib kasutada, kuid seda tuleks kasutada eemalt. Kortsumine on veluurile t\u00fc\u00fcpiline ega m\u00f5juta m\u00f6\u00f6bli kvaliteeti ega vastupidavust.<\/p>\t\t\t\t<\/div>\n\t\t\t\t\t<\/div>\n\t\t\t\t\t\t<\/div>\n\t\t\t\t<\/div>\n\t\t\t\t<div class=\"elementor-element elementor-element-61f9e46 wd-width-100 elementor-widget elementor-widget-wd_title\" data-id=\"61f9e46\" data-element_type=\"widget\" data-widget_type=\"wd_title.default\">\n\t\t\t\t<div class=\"elementor-widget-container\">\n\t\t\t\t\t\t\t<div class=\"title-wrapper wd-set-mb reset-last-child wd-title-color-default wd-title-style-default wd-title-size-extra-large text-left\">\n\n\t\t\t\n\t\t\t<div class=\"liner-continer\">\n\t\t\t\t<h4 class=\"woodmart-title-container title wd-fontsize-xxxl\">Olulised reeglid nahast m\u00f6\u00f6bliesemete hooldamises:<\/h4> \n\t\t\t\t\t\t\t<\/div>\n\n\t\t\t\t\t\t\t<div class=\"title-after_title reset-last-child wd-fontsize-s\">\n\t\t\t\t\t<p><strong>PUIT:<\/strong>\u00a0Tammest toodetud m\u00f6\u00f6bel ei tohiks seista erinevate soojendusseadmete juures. M\u00f6\u00f6bliesemed tammest ei tohi panna k\u00f5rge \u00f5huniiskusega ruumi. M\u00f6\u00f6blieseme lakitud pind tuleb kaitsta mehhaanilistest kahjustustest, sest s\u00fcgavate kriimustuste ja s\u00fcvikute p\u00e4rast puudub kaitsmismehhanism v\u00e4lisfaktorite vastu (\u00f5huniiskus, \u00f5hutemperatuur, p\u00e4ikesekiirgus jne.). Mustuse\/toimu regulaarseks eemaldamiseks tuleb kasutada spetsiaalset pehmet puhastusharja v\u00f5i -lappi, mis v\u00f5ib olla nii kuiv kui ka niiske. M\u00e4letage, et puitm\u00f6\u00f6bli pikk iga s\u00f5ltub teie poolt organiseeritud hooldusest!<\/p><p><strong>NAHK:<\/strong>\u00a0Kvaliteetsest nahast produtseeritud m\u00f6\u00f6bliesemed\/komplektid ei vaja konserveerimisainet, pleegitit, m\u00e4\u00e4rdevahendit t\u00e4ienduseks. Tuleb regulaarselt p\u00fchkida tolmu\/mustuse naha pinnalt kuiva, pehme lapiga. Lapp peab olema puhas, varem mitte kordagi kasutatud. On rangelt keelatud rakendada lappi, mida kasutati varem koos keemiliste vahenditega nagu ACE jne. Iga nahk omab n\u00e4htamatut peenikest kaitsekihti, mida v\u00f5ib kergesti vigastada. Sel juhul kaotab nahk oma v\u00e4rvi. Seoses sellega on keelatud kasutada aerosooli, kingakreemi, keemilist vahendit, mis sisaldavad petrooli ning piiritust, lahustit. Me soovitame kasutada spetsiaalselt kvaliteetsele nahale valitud vahendeid, mida j\u00e4rgmine firma - LEATHER MASTER pakub nahast esemete hooldamiseks. V\u00e4rsked plekid tuleb kohe kuiva lapiga eemaldada. Kui plekk ei kadunud \u00e4ra, on vaja kasutada meie poolt pakutud keemilisi vahendeid. Esimest korda tuleb nahast m\u00f6\u00f6bliesemed kaitseainega t\u00f6\u00f6delda 3 kuu jooksul alates ekspluatatsiooni algusest. Hiljem iga 6 kuu m\u00f6\u00f6dudes.<\/p>\t\t\t\t<\/div>\n\t\t\t\t\t<\/div>\n\t\t\t\t\t\t<\/div>\n\t\t\t\t<\/div>\n\t\t\t\t<div class=\"elementor-element elementor-element-ec40dae wd-width-100 elementor-widget elementor-widget-wd_title\" data-id=\"ec40dae\" data-element_type=\"widget\" data-widget_type=\"wd_title.default\">\n\t\t\t\t<div class=\"elementor-widget-container\">\n\t\t\t\t\t\t\t<div class=\"title-wrapper wd-set-mb reset-last-child wd-title-color-default wd-title-style-default wd-title-size-extra-large text-left\">\n\n\t\t\t\n\t\t\t<div class=\"liner-continer\">\n\t\t\t\t<h4 class=\"woodmart-title-container title wd-fontsize-xxxl\">M\u00f6\u00f6blieseme\/komplekti ekspluatatsiooniga seotud reeglid:<\/h4> \n\t\t\t\t\t\t\t<\/div>\n\n\t\t\t\t\t\t\t<div class=\"title-after_title reset-last-child wd-fontsize-s\">\n\t\t\t\t\t<p>M\u00f6\u00f6bliese\/komplekt tuleb kasutada vastavalt sellele konstruktsioonile ja otstarvele.<\/p><p>M\u00f6\u00f6bliese\/komplekt peab olema kasutatud kuivas, varjatud ruumis; tuleb kaitsta v\u00e4lism\u00f5judest (\u00f5huniiskus, \u00f5hutemperatuur, p\u00e4ikesekiirgus jne.). Normaalsed kliimatingimused m\u00f6\u00f6bli ekspluatatsiooni jooksul: suhteline \u00f5huniiskus 40-70%, \u00f5hutemperatuur 15-30\u00b0 C.<\/p><p>M\u00f6\u00f6bliese\/komplekt peab olema eemaldatud soojendusseadmetest min. 1 meetri kaugusele.<\/p><p>M\u00f6\u00f6bliese\/komplekti lakitud pinnad tuleb kaitsta mehhaanilistest kahjustustest.<\/p><p>Tuleb v\u00e4ltida lakitud pinna pikaajalist kontakti k\u00f5rge temperatuuriga ning keemilise lahustiga. Need v\u00e4lism\u00f5jurid v\u00f5ivad esile kutsuda pleegitamist ning tuhmumist.<\/p>\t\t\t\t<\/div>\n\t\t\t\t\t<\/div>\n\t\t\t\t\t\t<\/div>\n\t\t\t\t<\/div>\n\t\t\t\t<\/div>\n\t\t<div class=\"elementor-element elementor-element-1b72d950 e-con-full e-flex e-con e-child\" data-id=\"1b72d950\" data-element_type=\"container\">\n\t\t\t\t<div class=\"elementor-element elementor-element-1c138180 wd-width-100 elementor-widget elementor-widget-wd_title\" data-id=\"1c138180\" data-element_type=\"widget\" data-widget_type=\"wd_title.default\">\n\t\t\t\t<div class=\"elementor-widget-container\">\n\t\t\t\t\t\t\t<div class=\"title-wrapper wd-set-mb reset-last-child wd-title-color-default wd-title-style-default wd-title-size-extra-large text-left\">\n\n\t\t\t\n\t\t\t<div class=\"liner-continer\">\n\t\t\t\t<h4 class=\"woodmart-title-container title wd-fontsize-xxxl\">S\u00d6\u00d6GILAUAD<\/h4> \n\t\t\t\t\t\t\t<\/div>\n\n\t\t\t\t\t\t\t<div class=\"title-after_title reset-last-child wd-fontsize-s\">\n\t\t\t\t\t<p>S\u00f6\u00f6gilaudade valik on lai \u2013 leiab statsionaarsemaid t\u00e4ispudust ning ka ruumis\u00e4\u00e4stlikke mitmekordselt pikendatavaid s\u00f6\u00f6gilaudu. M\u00f5ne puhul ei v\u00f5i esmapilgul aimatagi, et see v\u00f5ib olla lahtik\u00e4iv \u2013 s\u00fcsteemid on kenasti \u00e4ra peidetud ning laud n\u00e4eb \u00fchtviisi n\u00e4gus v\u00e4lja nii kinnises asendis kui lahtit\u00f5mmatuna.<\/p><p>P\u00f5him\u00f5tteliselt v\u00f5ib s\u00f6\u00f6gilauad materjalide osas jagada nelja suuremasse r\u00fchma: t\u00e4ispuidust, spooni ja k\u00f5rgl\u00e4ikega ning klaasist lauad. K\u00f5rgl\u00e4ikelise lauaga tuleb olla v\u00e4ga ettevaatlik \u2013 kindlasti ei tohi laual midagi l\u00f5igata ning alati tuleb kasutada taldrikualuseid, sest enamik s\u00f6\u00f6gin\u00f5usid on kareda p\u00f5hjaga. Laudlina pole j\u00e4llegi m\u00f5ttekas nii uhkele lauale panna, sest siis l\u00e4heks kogu ilu kaduma. K\u00f5rgl\u00e4ikelised s\u00f6\u00f6gilauad on m\u00f5eldud moodsasse koju ning v\u00e4ga h\u00e4sti l\u00e4hevad kaubaks need komplektid, mis on \u00fcleni k\u00f5rgl\u00e4ikega, ka lauajalad; metalljalgadega nii populaarsed pole. Eelistatakse v\u00e4iksemaid s\u00f6\u00f6gilaudu.<\/p><p>Praegu on k\u00f5rgl\u00e4ikega k\u00f6\u00f6gim\u00f6\u00f6bel v\u00e4ga moes ning sellest tingituna valitakse ka s\u00f6\u00f6gilaud samast sarjast. K\u00f5rgl\u00e4ikega s\u00f6\u00f6gilaud on kodus suisa omaette aksessuaar, mis p\u00fc\u00fcab pilku. Kindlasti ei j\u00e4\u00e4 k\u00fclalistel m\u00e4rkamata valge k\u00f5rgl\u00e4ikeline moodne laud tumedal p\u00f5randal. K\u00f5rgl\u00e4ike puhul on hea see, et valida saab v\u00e4rvi, mida hing iganes ihkab.<\/p><p>Spetsialistid manitsevad, et s\u00f6\u00f6gilaud on siiski s\u00f6\u00f6miseks, mitte s\u00f6\u00f6gitegemiseks ega tainarullimiseks.<\/p><p>Arvestada tuleb sellega, et musta v\u00e4rvi m\u00f6\u00f6bli peal tulevad kriipsud-kraapsud palju kergemini esile ja on n\u00e4htavamad kui heledal m\u00f6\u00f6blil. Valgel laual on kraapsud n\u00e4ha siis, kui sinna on kogunenud mustust. Kui kallis k\u00f5rgl\u00e4ikega s\u00f6\u00f6gilaud on aktiivsest kasutamisest v\u00e4sinud, siis turul leidub ka t\u00f6\u00f6mehi, kes k\u00f5rgl\u00e4ikelist m\u00f6\u00f6blit poleerivad ja uuendavad. Muidugi ei pruugis see olla odav t\u00f6\u00f6 ega pruugi vana laua puhul end \u00e4ra tasuda.<\/p><p><strong>Klaas kannatab kuumust ja niiskust.<\/strong><\/p><p>Tuleb ka klaasist s\u00f6\u00f6gilaual kasutada taldrikualuseid, muidu on pind kohe kraabitud.<\/p><p>Klaasi eelis on see, et materjal kannatab suurt kuumust. Mingit probleemi pole, kui toetada kuum kohvitass klaasist lauale. Samuti talub klaas niiskust ja seda on kerge puhastada \u2013 \u00fcksk\u00f5ik millise mahapudenenud toidu saab klaasilt h\u00f5lpsasti maha pesta.<\/p><p>Ei maksa kindlasti muretseda selle p\u00e4rast, et klaas on kuidagi \u00f5rn v\u00f5i l\u00e4heb katki. Katki v\u00f5ivad minna vaid tehase harvaesinevad praagid, kus materjalil on pinge sisse j\u00e4\u00e4nud.<\/p><p>V\u00e4ikeste lastega peredes tuleks alati valida \u00fcmaramate nurkadega lauad, see kehtib nii klaasi kui ka puidust m\u00f6\u00f6bli kohta.<\/p><p>Klaas sobib muidugi modernsemasse interj\u00f6\u00f6ri, seda tingivad juba metallist jalad.<\/p><p>Klaasi on peetud k\u00fclmaks ja igavaks materjaliks, kuid t\u00e4nap\u00e4eval leiab erineva tooniga kombineeritud klaaslaudu, nagu n\u00e4iteks mustast klaasist \u00e4\u00e4rtega ning keskelt l\u00e4bipaistvad v\u00f5i piimjad lauad.<\/p>\t\t\t\t<\/div>\n\t\t\t\t\t<\/div>\n\t\t\t\t\t\t<\/div>\n\t\t\t\t<\/div>\n\t\t\t\t<\/div>\n\t\t<div class=\"elementor-element elementor-element-ac0be83 e-con-full e-flex e-con e-child\" data-id=\"ac0be83\" data-element_type=\"container\">\n\t\t\t\t<div class=\"elementor-element elementor-element-58dc3a2f wd-width-100 elementor-widget elementor-widget-wd_title\" data-id=\"58dc3a2f\" data-element_type=\"widget\" data-widget_type=\"wd_title.default\">\n\t\t\t\t<div class=\"elementor-widget-container\">\n\t\t\t\t\t\t\t<div class=\"title-wrapper wd-set-mb reset-last-child wd-title-color-default wd-title-style-default wd-title-size-extra-large text-left\">\n\n\t\t\t\n\t\t\t<div class=\"liner-continer\">\n\t\t\t\t<h4 class=\"woodmart-title-container title wd-fontsize-xxxl\">M\u00d6\u00d6BLI PUHASTAMINE<\/h4> \n\t\t\t\t\t\t\t<\/div>\n\n\t\t\t\t\t\t\t<div class=\"title-after_title reset-last-child wd-fontsize-s\">\n\t\t\t\t\t<p>\u00c4rge kasutage m\u00f6\u00f6bli puhastamiseks abrasiivseid puhastusvahendeid ega lahusteid. Pidage meeles, et k\u00f5ik m\u00f6\u00f6bli lakiga kaetud pinnad v\u00f5ivad aja jooksul muuta v\u00e4rvi mitte ainult s\u00f5ltuvalt klimaatilistest tingimustest, hooldamise iseloomust, vaid k\u00f5ige t\u00e4htsam \u2013 s\u00f5ltuvalt valguse m\u00f5ju astmest. Soovitatakse puhastamiseks kasutada valdavalt kuiva pehmet riiet v\u00f5i seemisnahka koos spetsiaalselt selleks etten\u00e4htud puhastusvahenditega. V\u00f5ib kasutada poleerivaid vahendeid, millistel on reeglina ka puhastamisomadused. Seejuures m\u00f6\u00f6bli poleerimiseks ei tohi kasutada muid poleerimisvedelikke, mis on vastun\u00e4idustatud kontaktide osas toiduainetega.V\u00e4ltimaks j\u00e4\u00e4vate plekkide teket eemaldada laual sattunud mustus (kohv, vein jne) kohe. V\u00e4ldi m\u00f6\u00f6bli vigastamist teravate esemetega. Kategooriliselt on lubamatu k\u00f5vade puhastusseadiste kasutamine (kraabitsad, plastik-v\u00f5i metallkiud\u0161vammid)! Garantii ei laiene mehhaanilistele vigastustele, vee- ja kuumuskahjustustele!<\/p><p>M\u00f6\u00f6blilt on soovitav tolmu p\u00fchkida: - lakitud, v\u00e4rvitud v\u00f5i naturaalpuidust pindadelt kuiva pehme riidest lapiga; - dekoratiivplastiku, melamiin-, v\u00f5i laminaatkattega kaetud pindadelt niiske lapiga. M\u00f6\u00f6bli puhastamiseks ei lubata kasutada lahustavaid, pleegitavaid ja abrasiivseid aineid sisaldavaid pastasid ega vedelikke, millised ei ole ette n\u00e4htud m\u00f6\u00f6bli hooldamiseks. M\u00e4\u00e4rdunud pindade puhastamiseks ja v\u00e4rskendamiseks on soovitav kasutada m\u00fc\u00fcgilolevaid m\u00f6\u00f6blihooldusvahendeid, j\u00e4rgides nende pakendil toodud eriotstarvet ja kasutamisjuhist. M\u00f6\u00f6bli m\u00e4\u00e4rdunud pindu, samuti klaase ning manuseid v\u00f5ib spetsiaalsete vahendite puudumisel hooldada (puhastada) ka neutraalse pesuvahendi seebilahuse v\u00e4ikese kogusega (n\u00e4iteks, 2% pesuvahendit, 98% vett). Peale puhastamist peab hoolikalt kuivatama m\u00f6\u00f6bli k\u00f5ik osad, milliseid puhastati. T\u00e4helepanu! \u00c4rge kasutage puhastamisel lappe, \u0161vamme, kindaid, mis on immutatud produktidega, milliste kontakt puhastatavate materjalidega on lubamatu. K\u00f5ik plekid on \u00f5igem kohe eemaldada, et need ei j\u00f5uaks kuivada ega sisse imbuda.<\/p>\t\t\t\t<\/div>\n\t\t\t\t\t<\/div>\n\t\t\t\t\t\t<\/div>\n\t\t\t\t<\/div>\n\t\t\t\t<\/div>\n\t\t<div class=\"elementor-element elementor-element-23eacdfb e-con-full e-flex e-con e-child\" data-id=\"23eacdfb\" data-element_type=\"container\">\n\t\t\t\t<div class=\"elementor-element elementor-element-4b1458d0 wd-width-100 elementor-widget elementor-widget-wd_title\" data-id=\"4b1458d0\" data-element_type=\"widget\" data-widget_type=\"wd_title.default\">\n\t\t\t\t<div class=\"elementor-widget-container\">\n\t\t\t\t\t\t\t<div class=\"title-wrapper wd-set-mb reset-last-child wd-title-color-default wd-title-style-default wd-title-size-extra-large text-left\">\n\n\t\t\t\n\t\t\t<div class=\"liner-continer\">\n\t\t\t\t<h4 class=\"woodmart-title-container title wd-fontsize-xxxl\">Klaaspinnad<\/h4> \n\t\t\t\t\t\t\t<\/div>\n\n\t\t\t\t\t\t\t<div class=\"title-after_title reset-last-child wd-fontsize-s\">\n\t\t\t\t\t<p>Eelk\u00f5ige pidage meeles, et klaaspinnad on haprad ning v\u00f5ivad puruneda l\u00f6\u00f6gi tagaj\u00e4rjel. \u00c4rge vedage esemeid m\u00f6\u00f6da pindu ning \u00e4rge l\u00f6\u00f6ge tasapinda raskete k\u00f5vade esemetega. Kasutage puhastamiseks spetsiaalseid klaasivahendeid. Ei tasu kasutada abrasiivsete omadustega vahendeid, samuti metallkiududest v\u00f5i laastumaterjalist \u0161vamme.<\/p>\t\t\t\t<\/div>\n\t\t\t\t\t<\/div>\n\t\t\t\t\t\t<\/div>\n\t\t\t\t<\/div>\n\t\t\t\t<\/div>\n\t\t<div class=\"elementor-element elementor-element-129f15ac e-con-full e-flex e-con e-child\" data-id=\"129f15ac\" data-element_type=\"container\">\n\t\t\t\t<div class=\"elementor-element elementor-element-7f19088e wd-width-100 elementor-widget elementor-widget-wd_title\" data-id=\"7f19088e\" data-element_type=\"widget\" data-widget_type=\"wd_title.default\">\n\t\t\t\t<div class=\"elementor-widget-container\">\n\t\t\t\t\t\t\t<div class=\"title-wrapper wd-set-mb reset-last-child wd-title-color-default wd-title-style-default wd-title-size-extra-large text-left\">\n\n\t\t\t\n\t\t\t<div class=\"liner-continer\">\n\t\t\t\t<h4 class=\"woodmart-title-container title wd-fontsize-xxxl\">Garantii katkeb, kui<br \/>\n<\/h4> \n\t\t\t\t\t\t\t<\/div>\n\n\t\t\t\t\t\t\t<div class=\"title-after_title reset-last-child wd-fontsize-s\">\n\t\t\t\t\t<p>m\u00f6\u00f6blit pole kasutatud vastavalt otstarbele ning kasutusjuhendi n\u00f5udeid ja soovitusi on eiratud;<br \/>garantiiaja jooksul on m\u00f6\u00f6blit \u00fcmber paigutatud ning sellest tulenevalt on m\u00f6\u00f6blit l\u00f5hutud v\u00f5i on reguleeringud paigast l\u00e4inud;<br \/>m\u00f6\u00f6blit on garantiiaja jooksul ise remonditud v\u00f5i ostja poolt valesti hooldatud;<br \/>m\u00f6\u00f6blile on lisatud algselt mitte etten\u00e4htud detaile;<br \/>kui m\u00f6\u00f6bli vigastused on tekkinud selle oskamatu k\u00e4sitlemise, hoidmise v\u00f5i transportimise tagaj\u00e4rjel.<br \/>Garantii alla ei kuulu:<br \/>loomulik kulumine ja pleekimine;<br \/>hooldust\u00f6\u00f6d, mille vajalikkus ilmnes alles garantiiajal;<br \/>kergesti purunevad materjalid (klaas, tehismaterjalid vms).<\/p>\t\t\t\t<\/div>\n\t\t\t\t\t<\/div>\n\t\t\t\t\t\t<\/div>\n\t\t\t\t<\/div>\n\t\t\t\t<\/div>\n\t\t\t\t\t<\/div>\n\t\t\t\t<\/div>\n\t\t\t\t<\/div>\n\t\t","protected":false},"excerpt":{"rendered":"<p>T\u00f6\u00f6deldud nahk, mida kasutatakse meie m\u00f6\u00f6bli tootmiseks T\u00f6\u00f6deldud nahk on konserveeritud loomanahk ehk naturaalne tooraine. Nahat\u00fckid erinevad \u00fcks teisest samamoodi<\/p>\n","protected":false},"author":1,"featured_media":0,"parent":0,"menu_order":0,"comment_status":"closed","ping_status":"closed","template":"","meta":{"footnotes":""},"class_list":["post-401320","page","type-page","status-publish","hentry"],"yoast_head":"<!-- This site is optimized with the Yoast SEO plugin v26.2 - https:\/\/yoast.com\/wordpress\/plugins\/seo\/ -->\n<title>M\u00f6\u00f6bli hooldamine - Welle<\/title>\n<meta name=\"robots\" content=\"index, follow, max-snippet:-1, max-image-preview:large, max-video-preview:-1\" \/>\n<link rel=\"canonical\" href=\"https:\/\/welle.ee\/ee\/moobli-hooldamine\/\" \/>\n<meta property=\"og:locale\" content=\"en_US\" \/>\n<meta property=\"og:type\" content=\"article\" \/>\n<meta property=\"og:title\" content=\"M\u00f6\u00f6bli hooldamine - Welle\" \/>\n<meta property=\"og:description\" content=\"T\u00f6\u00f6deldud nahk, mida kasutatakse meie m\u00f6\u00f6bli tootmiseks T\u00f6\u00f6deldud nahk on konserveeritud loomanahk ehk naturaalne tooraine. Nahat\u00fckid erinevad \u00fcks teisest samamoodi\" \/>\n<meta property=\"og:url\" content=\"https:\/\/welle.ee\/ee\/moobli-hooldamine\/\" \/>\n<meta property=\"og:site_name\" content=\"Welle\" \/>\n<meta name=\"twitter:card\" content=\"summary_large_image\" \/>\n<script type=\"application\/ld+json\" class=\"yoast-schema-graph\">{\"@context\":\"https:\/\/schema.org\",\"@graph\":[{\"@type\":\"WebPage\",\"@id\":\"https:\/\/welle.ee\/ee\/moobli-hooldamine\/\",\"url\":\"https:\/\/welle.ee\/ee\/moobli-hooldamine\/\",\"name\":\"M\u00f6\u00f6bli hooldamine - Welle\",\"isPartOf\":{\"@id\":\"https:\/\/welle.ee\/ee\/#website\"},\"datePublished\":\"2024-12-30T15:04:17+00:00\",\"breadcrumb\":{\"@id\":\"https:\/\/welle.ee\/ee\/moobli-hooldamine\/#breadcrumb\"},\"inLanguage\":\"ee\",\"potentialAction\":[{\"@type\":\"ReadAction\",\"target\":[\"https:\/\/welle.ee\/ee\/moobli-hooldamine\/\"]}]},{\"@type\":\"BreadcrumbList\",\"@id\":\"https:\/\/welle.ee\/ee\/moobli-hooldamine\/#breadcrumb\",\"itemListElement\":[{\"@type\":\"ListItem\",\"position\":1,\"name\":\"\u0413\u043b\u0430\u0432\u043d\u0430\u044f \u0441\u0442\u0440\u0430\u043d\u0438\u0446\u0430\",\"item\":\"https:\/\/welle.ee\/ee\/\"},{\"@type\":\"ListItem\",\"position\":2,\"name\":\"M\u00f6\u00f6bli hooldamine\"}]},{\"@type\":\"WebSite\",\"@id\":\"https:\/\/welle.ee\/ee\/#website\",\"url\":\"https:\/\/welle.ee\/ee\/\",\"name\":\"Welle\",\"description\":\"\",\"potentialAction\":[{\"@type\":\"SearchAction\",\"target\":{\"@type\":\"EntryPoint\",\"urlTemplate\":\"https:\/\/welle.ee\/ee\/?s={search_term_string}\"},\"query-input\":{\"@type\":\"PropertyValueSpecification\",\"valueRequired\":true,\"valueName\":\"search_term_string\"}}],\"inLanguage\":\"ee\"}]}<\/script>\n<!-- \/ Yoast SEO plugin. -->","yoast_head_json":{"title":"M\u00f6\u00f6bli hooldamine - Welle","robots":{"index":"index","follow":"follow","max-snippet":"max-snippet:-1","max-image-preview":"max-image-preview:large","max-video-preview":"max-video-preview:-1"},"canonical":"https:\/\/welle.ee\/ee\/moobli-hooldamine\/","og_locale":"en_US","og_type":"article","og_title":"M\u00f6\u00f6bli hooldamine - Welle","og_description":"T\u00f6\u00f6deldud nahk, mida kasutatakse meie m\u00f6\u00f6bli tootmiseks T\u00f6\u00f6deldud nahk on konserveeritud loomanahk ehk naturaalne tooraine. Nahat\u00fckid erinevad \u00fcks teisest samamoodi","og_url":"https:\/\/welle.ee\/ee\/moobli-hooldamine\/","og_site_name":"Welle","twitter_card":"summary_large_image","schema":{"@context":"https:\/\/schema.org","@graph":[{"@type":"WebPage","@id":"https:\/\/welle.ee\/ee\/moobli-hooldamine\/","url":"https:\/\/welle.ee\/ee\/moobli-hooldamine\/","name":"M\u00f6\u00f6bli hooldamine - Welle","isPartOf":{"@id":"https:\/\/welle.ee\/ee\/#website"},"datePublished":"2024-12-30T15:04:17+00:00","breadcrumb":{"@id":"https:\/\/welle.ee\/ee\/moobli-hooldamine\/#breadcrumb"},"inLanguage":"ee","potentialAction":[{"@type":"ReadAction","target":["https:\/\/welle.ee\/ee\/moobli-hooldamine\/"]}]},{"@type":"BreadcrumbList","@id":"https:\/\/welle.ee\/ee\/moobli-hooldamine\/#breadcrumb","itemListElement":[{"@type":"ListItem","position":1,"name":"\u0413\u043b\u0430\u0432\u043d\u0430\u044f \u0441\u0442\u0440\u0430\u043d\u0438\u0446\u0430","item":"https:\/\/welle.ee\/ee\/"},{"@type":"ListItem","position":2,"name":"M\u00f6\u00f6bli hooldamine"}]},{"@type":"WebSite","@id":"https:\/\/welle.ee\/ee\/#website","url":"https:\/\/welle.ee\/ee\/","name":"Welle","description":"","potentialAction":[{"@type":"SearchAction","target":{"@type":"EntryPoint","urlTemplate":"https:\/\/welle.ee\/ee\/?s={search_term_string}"},"query-input":{"@type":"PropertyValueSpecification","valueRequired":true,"valueName":"search_term_string"}}],"inLanguage":"ee"}]}},"_links":{"self":[{"href":"https:\/\/welle.ee\/ee\/wp-json\/wp\/v2\/pages\/401320","targetHints":{"allow":["GET"]}}],"collection":[{"href":"https:\/\/welle.ee\/ee\/wp-json\/wp\/v2\/pages"}],"about":[{"href":"https:\/\/welle.ee\/ee\/wp-json\/wp\/v2\/types\/page"}],"author":[{"embeddable":true,"href":"https:\/\/welle.ee\/ee\/wp-json\/wp\/v2\/users\/1"}],"replies":[{"embeddable":true,"href":"https:\/\/welle.ee\/ee\/wp-json\/wp\/v2\/comments?post=401320"}],"version-history":[{"count":0,"href":"https:\/\/welle.ee\/ee\/wp-json\/wp\/v2\/pages\/401320\/revisions"}],"wp:attachment":[{"href":"https:\/\/welle.ee\/ee\/wp-json\/wp\/v2\/media?parent=401320"}],"curies":[{"name":"wp","href":"https:\/\/api.w.org\/{rel}","templated":true}]}}