{"id":401321,"date":"2024-12-30T14:53:17","date_gmt":"2024-12-30T14:53:17","guid":{"rendered":"https:\/\/wellefurniture.eu\/moobli-kokkupanek\/"},"modified":"2024-12-30T14:53:17","modified_gmt":"2024-12-30T14:53:17","slug":"moobli-kokkupanek","status":"publish","type":"page","link":"https:\/\/welle.ee\/ee\/moobli-kokkupanek\/","title":{"rendered":"M\u00f6\u00f6bli kokkupanek"},"content":{"rendered":"\t\t<div data-elementor-type=\"wp-page\" data-elementor-id=\"401321\" class=\"elementor elementor-401321\" data-elementor-post-type=\"page\">\n\t\t\t\t<div class=\"wd-negative-gap elementor-element elementor-element-3506c948 e-flex e-con-boxed e-con e-parent\" data-id=\"3506c948\" data-element_type=\"container\">\n\t\t\t\t\t<div class=\"e-con-inner\">\n\t\t<div class=\"elementor-element elementor-element-4f1d49b8 e-con-full e-flex e-con e-child\" data-id=\"4f1d49b8\" data-element_type=\"container\">\n\t\t\t\t<div class=\"elementor-element elementor-element-2e568ad6 wd-width-100 elementor-widget elementor-widget-wd_title\" data-id=\"2e568ad6\" data-element_type=\"widget\" data-widget_type=\"wd_title.default\">\n\t\t\t\t<div class=\"elementor-widget-container\">\n\t\t\t\t\t\t\t<div class=\"title-wrapper wd-set-mb reset-last-child wd-title-color-default wd-title-style-default wd-title-size-extra-large text-left\">\n\n\t\t\t\n\t\t\t<div class=\"liner-continer\">\n\t\t\t\t<h4 class=\"woodmart-title-container title wd-fontsize-xxxl\"><\/h4> \n\t\t\t\t\t\t\t<\/div>\n\n\t\t\t\t\t\t\t<div class=\"title-after_title reset-last-child wd-fontsize-s\">\n\t\t\t\t\t<h2>M\u00f6\u00f6bli kokkupanekuhind on 7-10% tellitud m\u00f6\u00f6bli maksumusest.<\/h2><p><strong>Selle hulka ei kuulu sektsioonid, riidekapid ning magamistoa m\u00f6\u00f6bel v\u00e4\u00e4rtusega v\u00e4hem kui 400 eur.-<\/strong><\/p><p>Meie t\u00f6\u00f6tajad teostavad m\u00f6\u00f6bli kokkupanekut ainult Tallinna piires (+10 km).<\/p>\t\t\t\t<\/div>\n\t\t\t\t\t<\/div>\n\t\t\t\t\t\t<\/div>\n\t\t\t\t<\/div>\n\t\t\t\t<\/div>\n\t\t<div class=\"elementor-element elementor-element-48d6cb3 e-con-full e-flex e-con e-child\" data-id=\"48d6cb3\" data-element_type=\"container\">\n\t\t\t\t<div class=\"elementor-element elementor-element-58bdc53 elementor-widget elementor-widget-image\" data-id=\"58bdc53\" data-element_type=\"widget\" data-widget_type=\"image.default\">\n\t\t\t\t<div class=\"elementor-widget-container\">\n\t\t\t\t\t\t\t\t\t\t\t\t\t\t\t<img fetchpriority=\"high\" decoding=\"async\" width=\"400\" height=\"267\" src=\"https:\/\/welle.ee\/wp-content\/themes\/welle\/images\/lazy.svg\" data-src=\"https:\/\/welle.ee\/wp-content\/uploads\/2023\/05\/welle-moobli-kokkupanekc.webp\" class=\"attachment-full size-full wp-image-53184\" alt=\"\" srcset=\"\" data-srcset=\"https:\/\/welle.ee\/wp-content\/uploads\/2023\/05\/welle-moobli-kokkupanekc.webp 400w, https:\/\/welle.ee\/wp-content\/uploads\/2023\/05\/welle-moobli-kokkupanekc-300x200.webp 300w, https:\/\/welle.ee\/wp-content\/uploads\/2023\/05\/welle-moobli-kokkupanekc-150x100.webp 150w\" sizes=\"(max-width: 400px) 100vw, 400px\" \/>\t\t\t\t\t\t\t\t\t\t\t\t\t\t\t<\/div>\n\t\t\t\t<\/div>\n\t\t\t\t<div class=\"elementor-element elementor-element-d2f2e86 elementor-widget elementor-widget-image\" data-id=\"d2f2e86\" data-element_type=\"widget\" data-widget_type=\"image.default\">\n\t\t\t\t<div class=\"elementor-widget-container\">\n\t\t\t\t\t\t\t\t\t\t\t\t\t\t\t<img decoding=\"async\" width=\"500\" height=\"333\" src=\"https:\/\/welle.ee\/wp-content\/themes\/welle\/images\/lazy.svg\" data-src=\"https:\/\/welle.ee\/wp-content\/uploads\/2023\/05\/welle-moobli-kokkupanekc-1.webp\" class=\"attachment-full size-full wp-image-53190\" alt=\"\" srcset=\"\" data-srcset=\"https:\/\/welle.ee\/wp-content\/uploads\/2023\/05\/welle-moobli-kokkupanekc-1.webp 500w, https:\/\/welle.ee\/wp-content\/uploads\/2023\/05\/welle-moobli-kokkupanekc-1-300x200.webp 300w, https:\/\/welle.ee\/wp-content\/uploads\/2023\/05\/welle-moobli-kokkupanekc-1-150x100.webp 150w\" sizes=\"(max-width: 500px) 100vw, 500px\" \/>\t\t\t\t\t\t\t\t\t\t\t\t\t\t\t<\/div>\n\t\t\t\t<\/div>\n\t\t\t\t<\/div>\n\t\t\t\t\t<\/div>\n\t\t\t\t<\/div>\n\t\t\t\t<\/div>\n\t\t","protected":false},"excerpt":{"rendered":"<p>M\u00f6\u00f6bli kokkupanekuhind on 7-10% tellitud m\u00f6\u00f6bli maksumusest. Selle hulka ei kuulu sektsioonid, riidekapid ning magamistoa m\u00f6\u00f6bel v\u00e4\u00e4rtusega v\u00e4hem kui 400<\/p>\n","protected":false},"author":1,"featured_media":0,"parent":0,"menu_order":0,"comment_status":"closed","ping_status":"closed","template":"","meta":{"footnotes":""},"class_list":["post-401321","page","type-page","status-publish","hentry"],"yoast_head":"<!-- This site is optimized with the Yoast SEO plugin v26.2 - https:\/\/yoast.com\/wordpress\/plugins\/seo\/ -->\n<title>M\u00f6\u00f6bli kokkupanek - Welle<\/title>\n<meta name=\"robots\" content=\"index, follow, max-snippet:-1, max-image-preview:large, max-video-preview:-1\" \/>\n<link rel=\"canonical\" href=\"https:\/\/welle.ee\/ee\/moobli-kokkupanek\/\" \/>\n<meta property=\"og:locale\" content=\"en_US\" \/>\n<meta property=\"og:type\" content=\"article\" \/>\n<meta property=\"og:title\" content=\"M\u00f6\u00f6bli kokkupanek - Welle\" \/>\n<meta property=\"og:description\" content=\"M\u00f6\u00f6bli kokkupanekuhind on 7-10% tellitud m\u00f6\u00f6bli maksumusest. Selle hulka ei kuulu sektsioonid, riidekapid ning magamistoa m\u00f6\u00f6bel v\u00e4\u00e4rtusega v\u00e4hem kui 400\" \/>\n<meta property=\"og:url\" content=\"https:\/\/welle.ee\/ee\/moobli-kokkupanek\/\" \/>\n<meta property=\"og:site_name\" content=\"Welle\" \/>\n<meta property=\"og:image\" content=\"https:\/\/in24.ee\/wp-content\/uploads\/2023\/05\/welle-moobli-kokkupanekc.webp\" \/>\n<meta name=\"twitter:card\" content=\"summary_large_image\" \/>\n<script type=\"application\/ld+json\" class=\"yoast-schema-graph\">{\"@context\":\"https:\/\/schema.org\",\"@graph\":[{\"@type\":\"WebPage\",\"@id\":\"https:\/\/welle.ee\/ee\/moobli-kokkupanek\/\",\"url\":\"https:\/\/welle.ee\/ee\/moobli-kokkupanek\/\",\"name\":\"M\u00f6\u00f6bli kokkupanek - Welle\",\"isPartOf\":{\"@id\":\"https:\/\/welle.ee\/ee\/#website\"},\"primaryImageOfPage\":{\"@id\":\"https:\/\/welle.ee\/ee\/moobli-kokkupanek\/#primaryimage\"},\"image\":{\"@id\":\"https:\/\/welle.ee\/ee\/moobli-kokkupanek\/#primaryimage\"},\"thumbnailUrl\":\"https:\/\/in24.ee\/wp-content\/uploads\/2023\/05\/welle-moobli-kokkupanekc.webp\",\"datePublished\":\"2024-12-30T14:53:17+00:00\",\"breadcrumb\":{\"@id\":\"https:\/\/welle.ee\/ee\/moobli-kokkupanek\/#breadcrumb\"},\"inLanguage\":\"ee\",\"potentialAction\":[{\"@type\":\"ReadAction\",\"target\":[\"https:\/\/welle.ee\/ee\/moobli-kokkupanek\/\"]}]},{\"@type\":\"ImageObject\",\"inLanguage\":\"ee\",\"@id\":\"https:\/\/welle.ee\/ee\/moobli-kokkupanek\/#primaryimage\",\"url\":\"https:\/\/in24.ee\/wp-content\/uploads\/2023\/05\/welle-moobli-kokkupanekc.webp\",\"contentUrl\":\"https:\/\/in24.ee\/wp-content\/uploads\/2023\/05\/welle-moobli-kokkupanekc.webp\"},{\"@type\":\"BreadcrumbList\",\"@id\":\"https:\/\/welle.ee\/ee\/moobli-kokkupanek\/#breadcrumb\",\"itemListElement\":[{\"@type\":\"ListItem\",\"position\":1,\"name\":\"\u0413\u043b\u0430\u0432\u043d\u0430\u044f \u0441\u0442\u0440\u0430\u043d\u0438\u0446\u0430\",\"item\":\"https:\/\/welle.ee\/ee\/\"},{\"@type\":\"ListItem\",\"position\":2,\"name\":\"M\u00f6\u00f6bli kokkupanek\"}]},{\"@type\":\"WebSite\",\"@id\":\"https:\/\/welle.ee\/ee\/#website\",\"url\":\"https:\/\/welle.ee\/ee\/\",\"name\":\"Welle\",\"description\":\"\",\"potentialAction\":[{\"@type\":\"SearchAction\",\"target\":{\"@type\":\"EntryPoint\",\"urlTemplate\":\"https:\/\/welle.ee\/ee\/?s={search_term_string}\"},\"query-input\":{\"@type\":\"PropertyValueSpecification\",\"valueRequired\":true,\"valueName\":\"search_term_string\"}}],\"inLanguage\":\"ee\"}]}<\/script>\n<!-- \/ Yoast SEO plugin. -->","yoast_head_json":{"title":"M\u00f6\u00f6bli kokkupanek - Welle","robots":{"index":"index","follow":"follow","max-snippet":"max-snippet:-1","max-image-preview":"max-image-preview:large","max-video-preview":"max-video-preview:-1"},"canonical":"https:\/\/welle.ee\/ee\/moobli-kokkupanek\/","og_locale":"en_US","og_type":"article","og_title":"M\u00f6\u00f6bli kokkupanek - Welle","og_description":"M\u00f6\u00f6bli kokkupanekuhind on 7-10% tellitud m\u00f6\u00f6bli maksumusest. Selle hulka ei kuulu sektsioonid, riidekapid ning magamistoa m\u00f6\u00f6bel v\u00e4\u00e4rtusega v\u00e4hem kui 400","og_url":"https:\/\/welle.ee\/ee\/moobli-kokkupanek\/","og_site_name":"Welle","og_image":[{"url":"https:\/\/in24.ee\/wp-content\/uploads\/2023\/05\/welle-moobli-kokkupanekc.webp","type":"","width":"","height":""}],"twitter_card":"summary_large_image","schema":{"@context":"https:\/\/schema.org","@graph":[{"@type":"WebPage","@id":"https:\/\/welle.ee\/ee\/moobli-kokkupanek\/","url":"https:\/\/welle.ee\/ee\/moobli-kokkupanek\/","name":"M\u00f6\u00f6bli kokkupanek - Welle","isPartOf":{"@id":"https:\/\/welle.ee\/ee\/#website"},"primaryImageOfPage":{"@id":"https:\/\/welle.ee\/ee\/moobli-kokkupanek\/#primaryimage"},"image":{"@id":"https:\/\/welle.ee\/ee\/moobli-kokkupanek\/#primaryimage"},"thumbnailUrl":"https:\/\/in24.ee\/wp-content\/uploads\/2023\/05\/welle-moobli-kokkupanekc.webp","datePublished":"2024-12-30T14:53:17+00:00","breadcrumb":{"@id":"https:\/\/welle.ee\/ee\/moobli-kokkupanek\/#breadcrumb"},"inLanguage":"ee","potentialAction":[{"@type":"ReadAction","target":["https:\/\/welle.ee\/ee\/moobli-kokkupanek\/"]}]},{"@type":"ImageObject","inLanguage":"ee","@id":"https:\/\/welle.ee\/ee\/moobli-kokkupanek\/#primaryimage","url":"https:\/\/in24.ee\/wp-content\/uploads\/2023\/05\/welle-moobli-kokkupanekc.webp","contentUrl":"https:\/\/in24.ee\/wp-content\/uploads\/2023\/05\/welle-moobli-kokkupanekc.webp"},{"@type":"BreadcrumbList","@id":"https:\/\/welle.ee\/ee\/moobli-kokkupanek\/#breadcrumb","itemListElement":[{"@type":"ListItem","position":1,"name":"\u0413\u043b\u0430\u0432\u043d\u0430\u044f \u0441\u0442\u0440\u0430\u043d\u0438\u0446\u0430","item":"https:\/\/welle.ee\/ee\/"},{"@type":"ListItem","position":2,"name":"M\u00f6\u00f6bli kokkupanek"}]},{"@type":"WebSite","@id":"https:\/\/welle.ee\/ee\/#website","url":"https:\/\/welle.ee\/ee\/","name":"Welle","description":"","potentialAction":[{"@type":"SearchAction","target":{"@type":"EntryPoint","urlTemplate":"https:\/\/welle.ee\/ee\/?s={search_term_string}"},"query-input":{"@type":"PropertyValueSpecification","valueRequired":true,"valueName":"search_term_string"}}],"inLanguage":"ee"}]}},"_links":{"self":[{"href":"https:\/\/welle.ee\/ee\/wp-json\/wp\/v2\/pages\/401321","targetHints":{"allow":["GET"]}}],"collection":[{"href":"https:\/\/welle.ee\/ee\/wp-json\/wp\/v2\/pages"}],"about":[{"href":"https:\/\/welle.ee\/ee\/wp-json\/wp\/v2\/types\/page"}],"author":[{"embeddable":true,"href":"https:\/\/welle.ee\/ee\/wp-json\/wp\/v2\/users\/1"}],"replies":[{"embeddable":true,"href":"https:\/\/welle.ee\/ee\/wp-json\/wp\/v2\/comments?post=401321"}],"version-history":[{"count":0,"href":"https:\/\/welle.ee\/ee\/wp-json\/wp\/v2\/pages\/401321\/revisions"}],"wp:attachment":[{"href":"https:\/\/welle.ee\/ee\/wp-json\/wp\/v2\/media?parent=401321"}],"curies":[{"name":"wp","href":"https:\/\/api.w.org\/{rel}","templated":true}]}}