{"id":401322,"date":"2024-12-30T14:43:33","date_gmt":"2024-12-30T14:43:33","guid":{"rendered":"https:\/\/wellefurniture.eu\/kohaletoomine\/"},"modified":"2025-10-16T13:21:41","modified_gmt":"2025-10-16T13:21:41","slug":"kohaletoomine","status":"publish","type":"page","link":"https:\/\/welle.ee\/ee\/kohaletoomine\/","title":{"rendered":"Kohaletoomine"},"content":{"rendered":"\t\t<div data-elementor-type=\"wp-page\" data-elementor-id=\"401322\" class=\"elementor elementor-401322\" data-elementor-post-type=\"page\">\n\t\t\t\t<div class=\"wd-negative-gap elementor-element elementor-element-df3d40e e-flex e-con-boxed e-con e-parent\" data-id=\"df3d40e\" data-element_type=\"container\">\n\t\t\t\t\t<div class=\"e-con-inner\">\n\t\t<div class=\"elementor-element elementor-element-77203db0 e-con-full e-flex e-con e-child\" data-id=\"77203db0\" data-element_type=\"container\">\n\t\t\t\t<div class=\"elementor-element elementor-element-67d4860f wd-width-100 elementor-widget elementor-widget-wd_title\" data-id=\"67d4860f\" data-element_type=\"widget\" data-widget_type=\"wd_title.default\">\n\t\t\t\t<div class=\"elementor-widget-container\">\n\t\t\t\t\t\t\t<div class=\"title-wrapper wd-set-mb reset-last-child wd-title-color-default wd-title-style-default wd-title-size-extra-large text-left\">\n\n\t\t\t\n\t\t\t<div class=\"liner-continer\">\n\t\t\t\t<h2 class=\"woodmart-title-container title wd-fontsize-xxxl\">\ud83c\uddea\ud83c\uddea Kampaania: tasuta transport<\/h2> \n\t\t\t\t\t\t\t<\/div>\n\n\t\t\t\t\t\t\t<div class=\"title-after_title reset-last-child wd-fontsize-s\">\n\t\t\t\t\t<p>Tellimustele alates 200 \u20ac pakume TASUTA transporti.<br \/>Tellimused alla 200 \u20ac \u2013 tarne 9,90 \u20ac.<\/p><p>T\u00e4helepanu! Pakkumine kehtib ainult mandri-Eestis (v.a saared).<br \/>Kuller toimetab kauba maja ukseni.<\/p><p>Transporditasu (kui kohaldub) lisatakse arvele.<br \/>Kuller v\u00f5tab teiega \u00fchendust tarneaja t\u00e4psustamiseks.<br \/>Kohaletoimetamine toimub tellimuses m\u00e4rgitud aadressile; p\u00e4rast tellimuse kinnitamist sihtaadressi muuta ei saa.<br \/>Lisatasu eest on v\u00f5imalik kuni korterini toomine ja m\u00f6\u00f6bli kokkupanek \u2014 palume sellest eelnevalt teada anda.<\/p><p>K\u00fcsimused?<br \/>E\u2013R 10:00\u201318:00 \u00b7 \u2709\ufe0f info@welle.ee<\/p>\t\t\t\t<\/div>\n\t\t\t\t\t<\/div>\n\t\t\t\t\t\t<\/div>\n\t\t\t\t<\/div>\n\t\t\t\t<div class=\"elementor-element elementor-element-5253183 elementor-widget elementor-widget-image\" data-id=\"5253183\" data-element_type=\"widget\" data-widget_type=\"image.default\">\n\t\t\t\t<div class=\"elementor-widget-container\">\n\t\t\t\t\t\t\t\t\t\t\t\t\t\t\t<img fetchpriority=\"high\" decoding=\"async\" width=\"1000\" height=\"667\" src=\"https:\/\/welle.ee\/wp-content\/themes\/welle\/images\/lazy.svg\" data-src=\"https:\/\/welle.ee\/wp-content\/uploads\/2025\/02\/in24-kohaletoominec.webp\" class=\"attachment-large size-large wp-image-401323\" alt=\"\" \/>\t\t\t\t\t\t\t\t\t\t\t\t\t\t\t<\/div>\n\t\t\t\t<\/div>\n\t\t\t\t<\/div>\n\t\t\t\t\t<\/div>\n\t\t\t\t<\/div>\n\t\t\t\t<\/div>\n\t\t","protected":false},"excerpt":{"rendered":"","protected":false},"author":1,"featured_media":0,"parent":0,"menu_order":0,"comment_status":"closed","ping_status":"closed","template":"","meta":{"footnotes":""},"class_list":["post-401322","page","type-page","status-publish","hentry"],"yoast_head":"<!-- This site is optimized with the Yoast SEO plugin v26.2 - https:\/\/yoast.com\/wordpress\/plugins\/seo\/ -->\n<title>Kohaletoomine - Welle<\/title>\n<meta name=\"robots\" content=\"index, follow, max-snippet:-1, max-image-preview:large, max-video-preview:-1\" \/>\n<link rel=\"canonical\" href=\"https:\/\/welle.ee\/ee\/kohaletoomine\/\" \/>\n<meta property=\"og:locale\" content=\"en_US\" \/>\n<meta property=\"og:type\" content=\"article\" \/>\n<meta property=\"og:title\" content=\"Kohaletoomine - Welle\" \/>\n<meta property=\"og:url\" content=\"https:\/\/welle.ee\/ee\/kohaletoomine\/\" \/>\n<meta property=\"og:site_name\" content=\"Welle\" \/>\n<meta property=\"article:modified_time\" content=\"2025-10-16T13:21:41+00:00\" \/>\n<meta name=\"twitter:card\" content=\"summary_large_image\" \/>\n<script type=\"application\/ld+json\" class=\"yoast-schema-graph\">{\"@context\":\"https:\/\/schema.org\",\"@graph\":[{\"@type\":\"WebPage\",\"@id\":\"https:\/\/welle.ee\/ee\/kohaletoomine\/\",\"url\":\"https:\/\/welle.ee\/ee\/kohaletoomine\/\",\"name\":\"Kohaletoomine - Welle\",\"isPartOf\":{\"@id\":\"https:\/\/welle.ee\/ee\/#website\"},\"datePublished\":\"2024-12-30T14:43:33+00:00\",\"dateModified\":\"2025-10-16T13:21:41+00:00\",\"breadcrumb\":{\"@id\":\"https:\/\/welle.ee\/ee\/kohaletoomine\/#breadcrumb\"},\"inLanguage\":\"ee\",\"potentialAction\":[{\"@type\":\"ReadAction\",\"target\":[\"https:\/\/welle.ee\/ee\/kohaletoomine\/\"]}]},{\"@type\":\"BreadcrumbList\",\"@id\":\"https:\/\/welle.ee\/ee\/kohaletoomine\/#breadcrumb\",\"itemListElement\":[{\"@type\":\"ListItem\",\"position\":1,\"name\":\"\u0413\u043b\u0430\u0432\u043d\u0430\u044f \u0441\u0442\u0440\u0430\u043d\u0438\u0446\u0430\",\"item\":\"https:\/\/welle.ee\/ee\/\"},{\"@type\":\"ListItem\",\"position\":2,\"name\":\"Kohaletoomine\"}]},{\"@type\":\"WebSite\",\"@id\":\"https:\/\/welle.ee\/ee\/#website\",\"url\":\"https:\/\/welle.ee\/ee\/\",\"name\":\"Welle\",\"description\":\"\",\"potentialAction\":[{\"@type\":\"SearchAction\",\"target\":{\"@type\":\"EntryPoint\",\"urlTemplate\":\"https:\/\/welle.ee\/ee\/?s={search_term_string}\"},\"query-input\":{\"@type\":\"PropertyValueSpecification\",\"valueRequired\":true,\"valueName\":\"search_term_string\"}}],\"inLanguage\":\"ee\"}]}<\/script>\n<!-- \/ Yoast SEO plugin. -->","yoast_head_json":{"title":"Kohaletoomine - Welle","robots":{"index":"index","follow":"follow","max-snippet":"max-snippet:-1","max-image-preview":"max-image-preview:large","max-video-preview":"max-video-preview:-1"},"canonical":"https:\/\/welle.ee\/ee\/kohaletoomine\/","og_locale":"en_US","og_type":"article","og_title":"Kohaletoomine - Welle","og_url":"https:\/\/welle.ee\/ee\/kohaletoomine\/","og_site_name":"Welle","article_modified_time":"2025-10-16T13:21:41+00:00","twitter_card":"summary_large_image","schema":{"@context":"https:\/\/schema.org","@graph":[{"@type":"WebPage","@id":"https:\/\/welle.ee\/ee\/kohaletoomine\/","url":"https:\/\/welle.ee\/ee\/kohaletoomine\/","name":"Kohaletoomine - Welle","isPartOf":{"@id":"https:\/\/welle.ee\/ee\/#website"},"datePublished":"2024-12-30T14:43:33+00:00","dateModified":"2025-10-16T13:21:41+00:00","breadcrumb":{"@id":"https:\/\/welle.ee\/ee\/kohaletoomine\/#breadcrumb"},"inLanguage":"ee","potentialAction":[{"@type":"ReadAction","target":["https:\/\/welle.ee\/ee\/kohaletoomine\/"]}]},{"@type":"BreadcrumbList","@id":"https:\/\/welle.ee\/ee\/kohaletoomine\/#breadcrumb","itemListElement":[{"@type":"ListItem","position":1,"name":"\u0413\u043b\u0430\u0432\u043d\u0430\u044f \u0441\u0442\u0440\u0430\u043d\u0438\u0446\u0430","item":"https:\/\/welle.ee\/ee\/"},{"@type":"ListItem","position":2,"name":"Kohaletoomine"}]},{"@type":"WebSite","@id":"https:\/\/welle.ee\/ee\/#website","url":"https:\/\/welle.ee\/ee\/","name":"Welle","description":"","potentialAction":[{"@type":"SearchAction","target":{"@type":"EntryPoint","urlTemplate":"https:\/\/welle.ee\/ee\/?s={search_term_string}"},"query-input":{"@type":"PropertyValueSpecification","valueRequired":true,"valueName":"search_term_string"}}],"inLanguage":"ee"}]}},"_links":{"self":[{"href":"https:\/\/welle.ee\/ee\/wp-json\/wp\/v2\/pages\/401322","targetHints":{"allow":["GET"]}}],"collection":[{"href":"https:\/\/welle.ee\/ee\/wp-json\/wp\/v2\/pages"}],"about":[{"href":"https:\/\/welle.ee\/ee\/wp-json\/wp\/v2\/types\/page"}],"author":[{"embeddable":true,"href":"https:\/\/welle.ee\/ee\/wp-json\/wp\/v2\/users\/1"}],"replies":[{"embeddable":true,"href":"https:\/\/welle.ee\/ee\/wp-json\/wp\/v2\/comments?post=401322"}],"version-history":[{"count":6,"href":"https:\/\/welle.ee\/ee\/wp-json\/wp\/v2\/pages\/401322\/revisions"}],"predecessor-version":[{"id":537765,"href":"https:\/\/welle.ee\/ee\/wp-json\/wp\/v2\/pages\/401322\/revisions\/537765"}],"wp:attachment":[{"href":"https:\/\/welle.ee\/ee\/wp-json\/wp\/v2\/media?parent=401322"}],"curies":[{"name":"wp","href":"https:\/\/api.w.org\/{rel}","templated":true}]}}