{"id":487039,"date":"2025-09-01T09:43:22","date_gmt":"2025-09-01T09:43:22","guid":{"rendered":"https:\/\/wellefurniture.eu\/?page_id=487039"},"modified":"2025-10-16T12:40:01","modified_gmt":"2025-10-16T12:40:01","slug":"firmast","status":"publish","type":"page","link":"https:\/\/welle.ee\/ee\/firmast\/","title":{"rendered":"Firmast"},"content":{"rendered":"\t\t<div data-elementor-type=\"wp-page\" data-elementor-id=\"487039\" class=\"elementor elementor-487039\" data-elementor-post-type=\"page\">\n\t\t\t\t<div class=\"wd-negative-gap elementor-element elementor-element-665c6c0 e-flex e-con-boxed e-con e-parent\" data-id=\"665c6c0\" data-element_type=\"container\">\n\t\t\t\t\t<div class=\"e-con-inner\">\n\t\t<div class=\"elementor-element elementor-element-6d87a12 e-con-full e-flex e-con e-child\" data-id=\"6d87a12\" data-element_type=\"container\">\n\t\t\t\t<div class=\"elementor-element elementor-element-f17849f wd-width-100 elementor-widget elementor-widget-wd_title\" data-id=\"f17849f\" data-element_type=\"widget\" data-widget_type=\"wd_title.default\">\n\t\t\t\t<div class=\"elementor-widget-container\">\n\t\t\t\t\t\t\t<div class=\"title-wrapper wd-set-mb reset-last-child wd-title-color-default wd-title-style-default wd-title-size-extra-large text-left\">\n\n\t\t\t\n\t\t\t<div class=\"liner-continer\">\n\t\t\t\t<h4 class=\"woodmart-title-container title wd-fontsize-xxxl\">Kes me oleme?<br \/>\n<\/h4> \n\t\t\t\t\t\t\t<\/div>\n\n\t\t\t\t\t\t\t<div class=\"title-after_title reset-last-child wd-fontsize-s\">\n\t\t\t\t\t<p>Welle M\u00f6\u00f6blisalong on juba \u00fcle 20 aasta m\u00f6\u00f6bli m\u00fc\u00fcmise ja ka k\u00f5ige keerukamate ruumide kujundamisega tegelev Eesti ettev\u00f5te, kes paneb oma tegevuses erilist r\u00f5hku disainile ning hinna ja kvaliteedi suhtele. Meil on Tallinnas m\u00f6\u00f6blisalong, kus Te saate meie kaubaga p\u00f5hjalikult tutvuda, asjatundjatelt tasuta n\u00f5uandeid ja soovitusi ning kohe kohapeal ka tulevase interj\u00f6\u00f6ri kujundusprojekti tellida.<\/p>\t\t\t\t<\/div>\n\t\t\t\t\t<\/div>\n\t\t\t\t\t\t<\/div>\n\t\t\t\t<\/div>\n\t\t\t\t<\/div>\n\t\t<div class=\"elementor-element elementor-element-77d451d e-con-full e-flex e-con e-child\" data-id=\"77d451d\" data-element_type=\"container\">\n\t\t\t\t<div class=\"elementor-element elementor-element-05737d0 wd-width-100 elementor-widget elementor-widget-wd_title\" data-id=\"05737d0\" data-element_type=\"widget\" data-widget_type=\"wd_title.default\">\n\t\t\t\t<div class=\"elementor-widget-container\">\n\t\t\t\t\t\t\t<div class=\"title-wrapper wd-set-mb reset-last-child wd-title-color-default wd-title-style-default wd-title-size-extra-large text-left\">\n\n\t\t\t\n\t\t\t<div class=\"liner-continer\">\n\t\t\t\t<h4 class=\"woodmart-title-container title wd-fontsize-xxxl\">Miks just meie?<\/h4> \n\t\t\t\t\t\t\t<\/div>\n\n\t\t\t\t\t\t\t<div class=\"title-after_title reset-last-child wd-fontsize-s\">\n\t\t\t\t\t<p>Kes ei pelgaks petta saada \u2013 soetatud kauba eest liialt maksta v\u00f5i kokkuhoiu nimel viletsa toote saamisega riskida? Kaubam\u00e4rk \u201eWelle m\u00f6\u00f6blisalong\u201c tegutseb Eesti turul juba \u00fcle 20 aasta ja on valmis pakkuma Teile T\u00d5EPOOLEST kvaliteetseid ja m\u00f5istliku hinnaga teenuseid. Meie pakutav m\u00f6\u00f6bel l\u00e4bib rangeima kvaliteedikontrolli ja mis tahes riigist me seda ka ei tarniks, v\u00f5ite alati kindel olla, et soetate endale T\u00d5EPOOLEST kvaliteetsed tooted, mis teenivad Teid kaua-kaua. See ei ole t\u00fchi s\u00f5nak\u00f5lks \u2013 v\u00f5imaldame k\u00f5igile toodetele sobiva garantii!<\/p>\t\t\t\t<\/div>\n\t\t\t\t\t<\/div>\n\t\t\t\t\t\t<\/div>\n\t\t\t\t<\/div>\n\t\t\t\t<\/div>\n\t\t<div class=\"elementor-element elementor-element-93b28bc e-con-full e-flex e-con e-child\" data-id=\"93b28bc\" data-element_type=\"container\">\n\t\t\t\t<div class=\"elementor-element elementor-element-c9e3b4b wd-width-100 elementor-widget elementor-widget-wd_title\" data-id=\"c9e3b4b\" data-element_type=\"widget\" data-widget_type=\"wd_title.default\">\n\t\t\t\t<div class=\"elementor-widget-container\">\n\t\t\t\t\t\t\t<div class=\"title-wrapper wd-set-mb reset-last-child wd-title-color-default wd-title-style-default wd-title-size-extra-large text-left\">\n\n\t\t\t\n\t\t\t<div class=\"liner-continer\">\n\t\t\t\t<h5 class=\"woodmart-title-container title wd-fontsize-xxxl\"><\/h5> \n\t\t\t\t\t\t\t<\/div>\n\n\t\t\t\t\t\t\t<div class=\"title-after_title reset-last-child wd-fontsize-s\">\n\t\t\t\t\t<p><strong><span style=\"color: #1b1919;font-size: 22px\">Loodame edaspidisele meeldivale koost\u00f6\u00f6le!<\/span><\/strong><\/p>\t\t\t\t<\/div>\n\t\t\t\t\t<\/div>\n\t\t\t\t\t\t<\/div>\n\t\t\t\t<\/div>\n\t\t\t\t<\/div>\n\t\t\t\t\t<\/div>\n\t\t\t\t<\/div>\n\t\t\t\t<\/div>\n\t\t","protected":false},"excerpt":{"rendered":"<p>Kes me oleme? Welle M\u00f6\u00f6blisalong on juba \u00fcle 20 aasta m\u00f6\u00f6bli m\u00fc\u00fcmise ja ka k\u00f5ige keerukamate ruumide kujundamisega tegelev Eesti<\/p>\n","protected":false},"author":1,"featured_media":0,"parent":0,"menu_order":0,"comment_status":"closed","ping_status":"closed","template":"","meta":{"footnotes":""},"class_list":["post-487039","page","type-page","status-publish","hentry"],"yoast_head":"<!-- This site is optimized with the Yoast SEO plugin v26.2 - https:\/\/yoast.com\/wordpress\/plugins\/seo\/ -->\n<title>Firmast - Welle<\/title>\n<meta name=\"robots\" content=\"index, follow, max-snippet:-1, max-image-preview:large, max-video-preview:-1\" \/>\n<link rel=\"canonical\" href=\"https:\/\/welle.ee\/ee\/firmast\/\" \/>\n<meta property=\"og:locale\" content=\"en_US\" \/>\n<meta property=\"og:type\" content=\"article\" \/>\n<meta property=\"og:title\" content=\"Firmast - Welle\" \/>\n<meta property=\"og:description\" content=\"Kes me oleme? Welle M\u00f6\u00f6blisalong on juba \u00fcle 20 aasta m\u00f6\u00f6bli m\u00fc\u00fcmise ja ka k\u00f5ige keerukamate ruumide kujundamisega tegelev Eesti\" \/>\n<meta property=\"og:url\" content=\"https:\/\/welle.ee\/ee\/firmast\/\" \/>\n<meta property=\"og:site_name\" content=\"Welle\" \/>\n<meta property=\"article:modified_time\" content=\"2025-10-16T12:40:01+00:00\" \/>\n<meta name=\"twitter:card\" content=\"summary_large_image\" \/>\n<script type=\"application\/ld+json\" class=\"yoast-schema-graph\">{\"@context\":\"https:\/\/schema.org\",\"@graph\":[{\"@type\":\"WebPage\",\"@id\":\"https:\/\/welle.ee\/ee\/firmast\/\",\"url\":\"https:\/\/welle.ee\/ee\/firmast\/\",\"name\":\"Firmast - Welle\",\"isPartOf\":{\"@id\":\"https:\/\/welle.ee\/ee\/#website\"},\"datePublished\":\"2025-09-01T09:43:22+00:00\",\"dateModified\":\"2025-10-16T12:40:01+00:00\",\"breadcrumb\":{\"@id\":\"https:\/\/welle.ee\/ee\/firmast\/#breadcrumb\"},\"inLanguage\":\"ee\",\"potentialAction\":[{\"@type\":\"ReadAction\",\"target\":[\"https:\/\/welle.ee\/ee\/firmast\/\"]}]},{\"@type\":\"BreadcrumbList\",\"@id\":\"https:\/\/welle.ee\/ee\/firmast\/#breadcrumb\",\"itemListElement\":[{\"@type\":\"ListItem\",\"position\":1,\"name\":\"\u0413\u043b\u0430\u0432\u043d\u0430\u044f \u0441\u0442\u0440\u0430\u043d\u0438\u0446\u0430\",\"item\":\"https:\/\/welle.ee\/ee\/\"},{\"@type\":\"ListItem\",\"position\":2,\"name\":\"Firmast\"}]},{\"@type\":\"WebSite\",\"@id\":\"https:\/\/welle.ee\/ee\/#website\",\"url\":\"https:\/\/welle.ee\/ee\/\",\"name\":\"Welle\",\"description\":\"\",\"potentialAction\":[{\"@type\":\"SearchAction\",\"target\":{\"@type\":\"EntryPoint\",\"urlTemplate\":\"https:\/\/welle.ee\/ee\/?s={search_term_string}\"},\"query-input\":{\"@type\":\"PropertyValueSpecification\",\"valueRequired\":true,\"valueName\":\"search_term_string\"}}],\"inLanguage\":\"ee\"}]}<\/script>\n<!-- \/ Yoast SEO plugin. -->","yoast_head_json":{"title":"Firmast - Welle","robots":{"index":"index","follow":"follow","max-snippet":"max-snippet:-1","max-image-preview":"max-image-preview:large","max-video-preview":"max-video-preview:-1"},"canonical":"https:\/\/welle.ee\/ee\/firmast\/","og_locale":"en_US","og_type":"article","og_title":"Firmast - Welle","og_description":"Kes me oleme? Welle M\u00f6\u00f6blisalong on juba \u00fcle 20 aasta m\u00f6\u00f6bli m\u00fc\u00fcmise ja ka k\u00f5ige keerukamate ruumide kujundamisega tegelev Eesti","og_url":"https:\/\/welle.ee\/ee\/firmast\/","og_site_name":"Welle","article_modified_time":"2025-10-16T12:40:01+00:00","twitter_card":"summary_large_image","schema":{"@context":"https:\/\/schema.org","@graph":[{"@type":"WebPage","@id":"https:\/\/welle.ee\/ee\/firmast\/","url":"https:\/\/welle.ee\/ee\/firmast\/","name":"Firmast - Welle","isPartOf":{"@id":"https:\/\/welle.ee\/ee\/#website"},"datePublished":"2025-09-01T09:43:22+00:00","dateModified":"2025-10-16T12:40:01+00:00","breadcrumb":{"@id":"https:\/\/welle.ee\/ee\/firmast\/#breadcrumb"},"inLanguage":"ee","potentialAction":[{"@type":"ReadAction","target":["https:\/\/welle.ee\/ee\/firmast\/"]}]},{"@type":"BreadcrumbList","@id":"https:\/\/welle.ee\/ee\/firmast\/#breadcrumb","itemListElement":[{"@type":"ListItem","position":1,"name":"\u0413\u043b\u0430\u0432\u043d\u0430\u044f \u0441\u0442\u0440\u0430\u043d\u0438\u0446\u0430","item":"https:\/\/welle.ee\/ee\/"},{"@type":"ListItem","position":2,"name":"Firmast"}]},{"@type":"WebSite","@id":"https:\/\/welle.ee\/ee\/#website","url":"https:\/\/welle.ee\/ee\/","name":"Welle","description":"","potentialAction":[{"@type":"SearchAction","target":{"@type":"EntryPoint","urlTemplate":"https:\/\/welle.ee\/ee\/?s={search_term_string}"},"query-input":{"@type":"PropertyValueSpecification","valueRequired":true,"valueName":"search_term_string"}}],"inLanguage":"ee"}]}},"_links":{"self":[{"href":"https:\/\/welle.ee\/ee\/wp-json\/wp\/v2\/pages\/487039","targetHints":{"allow":["GET"]}}],"collection":[{"href":"https:\/\/welle.ee\/ee\/wp-json\/wp\/v2\/pages"}],"about":[{"href":"https:\/\/welle.ee\/ee\/wp-json\/wp\/v2\/types\/page"}],"author":[{"embeddable":true,"href":"https:\/\/welle.ee\/ee\/wp-json\/wp\/v2\/users\/1"}],"replies":[{"embeddable":true,"href":"https:\/\/welle.ee\/ee\/wp-json\/wp\/v2\/comments?post=487039"}],"version-history":[{"count":13,"href":"https:\/\/welle.ee\/ee\/wp-json\/wp\/v2\/pages\/487039\/revisions"}],"predecessor-version":[{"id":537730,"href":"https:\/\/welle.ee\/ee\/wp-json\/wp\/v2\/pages\/487039\/revisions\/537730"}],"wp:attachment":[{"href":"https:\/\/welle.ee\/ee\/wp-json\/wp\/v2\/media?parent=487039"}],"curies":[{"name":"wp","href":"https:\/\/api.w.org\/{rel}","templated":true}]}}