{"id":537754,"date":"2025-10-16T13:23:03","date_gmt":"2025-10-16T13:23:03","guid":{"rendered":"https:\/\/wellefurniture.eu\/?page_id=537754"},"modified":"2025-10-16T13:30:35","modified_gmt":"2025-10-16T13:30:35","slug":"kliendi-info","status":"publish","type":"page","link":"https:\/\/welle.ee\/ee\/kliendi-info\/","title":{"rendered":"Kliendi info"},"content":{"rendered":"\t\t<div data-elementor-type=\"wp-page\" data-elementor-id=\"537754\" class=\"elementor elementor-537754\" data-elementor-post-type=\"page\">\n\t\t\t\t<div class=\"wd-negative-gap elementor-element elementor-element-c634b7f e-flex e-con-boxed e-con e-parent\" data-id=\"c634b7f\" data-element_type=\"container\">\n\t\t\t\t\t<div class=\"e-con-inner\">\n\t\t\t\t<div class=\"elementor-element elementor-element-9b8b66b color-scheme-inherit text-left elementor-widget elementor-widget-text-editor\" data-id=\"9b8b66b\" data-element_type=\"widget\" data-widget_type=\"text-editor.default\">\n\t\t\t\t<div class=\"elementor-widget-container\">\n\t\t\t\t\t\t\t\t\t<ul class=\"wd-sub-menu color-scheme-dark\"><li id=\"menu-item-486760\" class=\"menu-item menu-item-type-post_type menu-item-object-page menu-item-486760 item-level-1 wd-event-hover\"><h2><a class=\"woodmart-nav-link\" href=\"https:\/\/welle.ee\/ee\/tingimused\/\">Tingimused<\/a><\/h2><\/li><li id=\"menu-item-486763\" class=\"menu-item menu-item-type-post_type menu-item-object-page current-menu-item page_item page-item-401322 current_page_item menu-item-486763 item-level-1 wd-event-hover\"><h2><a class=\"woodmart-nav-link\" href=\"https:\/\/welle.ee\/ee\/kohaletoomine\/\">Kohaletoomine<\/a><\/h2><\/li><li id=\"menu-item-486762\" class=\"menu-item menu-item-type-post_type menu-item-object-page menu-item-486762 item-level-1 wd-event-hover\"><h2><a class=\"woodmart-nav-link\" href=\"https:\/\/welle.ee\/ee\/moobli-kokkupanek\/\">M\u00f6\u00f6bli kokkupanek<\/a><\/h2><\/li><li id=\"menu-item-487055\" class=\"menu-item menu-item-type-post_type menu-item-object-page menu-item-487055 item-level-1 wd-event-hover\"><h2><a class=\"woodmart-nav-link\" href=\"https:\/\/welle.ee\/ee\/firmast\/\">Firmast<\/a><\/h2><\/li><li id=\"menu-item-486761\" class=\"menu-item menu-item-type-post_type menu-item-object-page menu-item-486761 item-level-1 wd-event-hover\"><h2><a class=\"woodmart-nav-link\" href=\"https:\/\/welle.ee\/ee\/moobli-hooldamine\/\">M\u00f6\u00f6bli hooldamine<\/a><\/h2><\/li><\/ul>\t\t\t\t\t\t\t\t<\/div>\n\t\t\t\t<\/div>\n\t\t\t\t\t<\/div>\n\t\t\t\t<\/div>\n\t\t\t\t<\/div>\n\t\t","protected":false},"excerpt":{"rendered":"<p>Tingimused Kohaletoomine M\u00f6\u00f6bli kokkupanek Firmast M\u00f6\u00f6bli hooldamine<\/p>\n","protected":false},"author":1,"featured_media":0,"parent":0,"menu_order":0,"comment_status":"closed","ping_status":"closed","template":"","meta":{"footnotes":""},"class_list":["post-537754","page","type-page","status-publish","hentry"],"yoast_head":"<!-- This site is optimized with the Yoast SEO plugin v26.2 - https:\/\/yoast.com\/wordpress\/plugins\/seo\/ -->\n<title>Kliendi info - Welle<\/title>\n<meta name=\"robots\" content=\"index, follow, max-snippet:-1, max-image-preview:large, max-video-preview:-1\" \/>\n<link rel=\"canonical\" href=\"https:\/\/welle.ee\/ee\/kliendi-info\/\" \/>\n<meta property=\"og:locale\" content=\"en_US\" \/>\n<meta property=\"og:type\" content=\"article\" \/>\n<meta property=\"og:title\" content=\"Kliendi info - Welle\" \/>\n<meta property=\"og:description\" content=\"Tingimused Kohaletoomine M\u00f6\u00f6bli kokkupanek Firmast M\u00f6\u00f6bli hooldamine\" \/>\n<meta property=\"og:url\" content=\"https:\/\/welle.ee\/ee\/kliendi-info\/\" \/>\n<meta property=\"og:site_name\" content=\"Welle\" \/>\n<meta property=\"article:modified_time\" content=\"2025-10-16T13:30:35+00:00\" \/>\n<meta name=\"twitter:card\" content=\"summary_large_image\" \/>\n<script type=\"application\/ld+json\" class=\"yoast-schema-graph\">{\"@context\":\"https:\/\/schema.org\",\"@graph\":[{\"@type\":\"WebPage\",\"@id\":\"https:\/\/welle.ee\/ee\/kliendi-info\/\",\"url\":\"https:\/\/welle.ee\/ee\/kliendi-info\/\",\"name\":\"Kliendi info - Welle\",\"isPartOf\":{\"@id\":\"https:\/\/welle.ee\/ee\/#website\"},\"datePublished\":\"2025-10-16T13:23:03+00:00\",\"dateModified\":\"2025-10-16T13:30:35+00:00\",\"breadcrumb\":{\"@id\":\"https:\/\/welle.ee\/ee\/kliendi-info\/#breadcrumb\"},\"inLanguage\":\"ee\",\"potentialAction\":[{\"@type\":\"ReadAction\",\"target\":[\"https:\/\/welle.ee\/ee\/kliendi-info\/\"]}]},{\"@type\":\"BreadcrumbList\",\"@id\":\"https:\/\/welle.ee\/ee\/kliendi-info\/#breadcrumb\",\"itemListElement\":[{\"@type\":\"ListItem\",\"position\":1,\"name\":\"\u0413\u043b\u0430\u0432\u043d\u0430\u044f \u0441\u0442\u0440\u0430\u043d\u0438\u0446\u0430\",\"item\":\"https:\/\/welle.ee\/ee\/\"},{\"@type\":\"ListItem\",\"position\":2,\"name\":\"Kliendi info\"}]},{\"@type\":\"WebSite\",\"@id\":\"https:\/\/welle.ee\/ee\/#website\",\"url\":\"https:\/\/welle.ee\/ee\/\",\"name\":\"Welle\",\"description\":\"\",\"potentialAction\":[{\"@type\":\"SearchAction\",\"target\":{\"@type\":\"EntryPoint\",\"urlTemplate\":\"https:\/\/welle.ee\/ee\/?s={search_term_string}\"},\"query-input\":{\"@type\":\"PropertyValueSpecification\",\"valueRequired\":true,\"valueName\":\"search_term_string\"}}],\"inLanguage\":\"ee\"}]}<\/script>\n<!-- \/ Yoast SEO plugin. -->","yoast_head_json":{"title":"Kliendi info - Welle","robots":{"index":"index","follow":"follow","max-snippet":"max-snippet:-1","max-image-preview":"max-image-preview:large","max-video-preview":"max-video-preview:-1"},"canonical":"https:\/\/welle.ee\/ee\/kliendi-info\/","og_locale":"en_US","og_type":"article","og_title":"Kliendi info - Welle","og_description":"Tingimused Kohaletoomine M\u00f6\u00f6bli kokkupanek Firmast M\u00f6\u00f6bli hooldamine","og_url":"https:\/\/welle.ee\/ee\/kliendi-info\/","og_site_name":"Welle","article_modified_time":"2025-10-16T13:30:35+00:00","twitter_card":"summary_large_image","schema":{"@context":"https:\/\/schema.org","@graph":[{"@type":"WebPage","@id":"https:\/\/welle.ee\/ee\/kliendi-info\/","url":"https:\/\/welle.ee\/ee\/kliendi-info\/","name":"Kliendi info - Welle","isPartOf":{"@id":"https:\/\/welle.ee\/ee\/#website"},"datePublished":"2025-10-16T13:23:03+00:00","dateModified":"2025-10-16T13:30:35+00:00","breadcrumb":{"@id":"https:\/\/welle.ee\/ee\/kliendi-info\/#breadcrumb"},"inLanguage":"ee","potentialAction":[{"@type":"ReadAction","target":["https:\/\/welle.ee\/ee\/kliendi-info\/"]}]},{"@type":"BreadcrumbList","@id":"https:\/\/welle.ee\/ee\/kliendi-info\/#breadcrumb","itemListElement":[{"@type":"ListItem","position":1,"name":"\u0413\u043b\u0430\u0432\u043d\u0430\u044f \u0441\u0442\u0440\u0430\u043d\u0438\u0446\u0430","item":"https:\/\/welle.ee\/ee\/"},{"@type":"ListItem","position":2,"name":"Kliendi info"}]},{"@type":"WebSite","@id":"https:\/\/welle.ee\/ee\/#website","url":"https:\/\/welle.ee\/ee\/","name":"Welle","description":"","potentialAction":[{"@type":"SearchAction","target":{"@type":"EntryPoint","urlTemplate":"https:\/\/welle.ee\/ee\/?s={search_term_string}"},"query-input":{"@type":"PropertyValueSpecification","valueRequired":true,"valueName":"search_term_string"}}],"inLanguage":"ee"}]}},"_links":{"self":[{"href":"https:\/\/welle.ee\/ee\/wp-json\/wp\/v2\/pages\/537754","targetHints":{"allow":["GET"]}}],"collection":[{"href":"https:\/\/welle.ee\/ee\/wp-json\/wp\/v2\/pages"}],"about":[{"href":"https:\/\/welle.ee\/ee\/wp-json\/wp\/v2\/types\/page"}],"author":[{"embeddable":true,"href":"https:\/\/welle.ee\/ee\/wp-json\/wp\/v2\/users\/1"}],"replies":[{"embeddable":true,"href":"https:\/\/welle.ee\/ee\/wp-json\/wp\/v2\/comments?post=537754"}],"version-history":[{"count":4,"href":"https:\/\/welle.ee\/ee\/wp-json\/wp\/v2\/pages\/537754\/revisions"}],"predecessor-version":[{"id":537772,"href":"https:\/\/welle.ee\/ee\/wp-json\/wp\/v2\/pages\/537754\/revisions\/537772"}],"wp:attachment":[{"href":"https:\/\/welle.ee\/ee\/wp-json\/wp\/v2\/media?parent=537754"}],"curies":[{"name":"wp","href":"https:\/\/api.w.org\/{rel}","templated":true}]}}