{"id":401810,"date":"2025-08-21T12:12:48","date_gmt":"2025-08-21T12:12:48","guid":{"rendered":"https:\/\/wellefurniture.eu\/baros004\/"},"modified":"2025-10-06T08:15:54","modified_gmt":"2025-10-06T08:15:54","slug":"baros004","status":"publish","type":"product","link":"https:\/\/welle.ee\/ee\/baros004\/","title":{"rendered":"Kummut 132cm BAROS 24E0BM26"},"content":{"rendered":"<ul>\n<li>Kummut on valmistatud\u00a0k\u00f5rgkvaliteetsest m\u00f6\u00f6bliplaadist ja MDF-ist<\/li>\n<li>Viimistlus: tamm san remo hele<\/li>\n<li>Valgusti ei kuulu komplekti<\/li>\n<li>Tarnitakse detailidena<\/li>\n<\/ul>\n","protected":false},"excerpt":{"rendered":"<p>Kummut on valmistatud\u00a0k\u00f5rgkvaliteetsest m\u00f6\u00f6bliplaadist ja MDF-ist Viimistlus: tamm san remo hele Valgusti ei kuulu komplekti Tarnitakse detailidena<\/p>\n","protected":false},"featured_media":401811,"template":"","meta":[],"product_brand":[],"product_cat":[2349,2353,2359],"product_tag":[],"class_list":{"0":"post-401810","1":"product","2":"type-product","3":"status-publish","4":"has-post-thumbnail","6":"product_cat-livroom","7":"product_cat-shop","8":"product_cat-kummutid","9":"pa_height-2692","10":"pa_length-2594","11":"pa_manufacturer-helvetia-meble","12":"pa_material-moobliplaat","13":"pa_width-2536","14":"pa_width_range-w-50-100","16":"first","17":"instock","18":"taxable","19":"shipping-taxable","20":"purchasable","21":"product-type-simple"},"yoast_head":"<!-- This site is optimized with the Yoast SEO plugin v26.2 - https:\/\/yoast.com\/wordpress\/plugins\/seo\/ -->\n<title>Kummut 132cm BAROS 24E0BM26 - Welle<\/title>\n<meta name=\"robots\" content=\"index, follow, max-snippet:-1, max-image-preview:large, max-video-preview:-1\" \/>\n<link rel=\"canonical\" href=\"https:\/\/welle.ee\/ee\/baros004\/\" \/>\n<meta property=\"og:locale\" content=\"en_US\" \/>\n<meta property=\"og:type\" content=\"article\" \/>\n<meta property=\"og:title\" content=\"Kummut 132cm BAROS 24E0BM26 - Welle\" \/>\n<meta property=\"og:description\" content=\"Kummut on valmistatud\u00a0k\u00f5rgkvaliteetsest m\u00f6\u00f6bliplaadist ja MDF-ist Viimistlus: tamm san remo hele Valgusti ei kuulu komplekti Tarnitakse detailidena\" \/>\n<meta property=\"og:url\" content=\"https:\/\/welle.ee\/ee\/baros004\/\" \/>\n<meta property=\"og:site_name\" content=\"Welle\" \/>\n<meta property=\"article:modified_time\" content=\"2025-10-06T08:15:54+00:00\" \/>\n<meta property=\"og:image\" content=\"https:\/\/welle.ee\/wp-content\/uploads\/2025\/08\/baros004993.jpg\" \/>\n\t<meta property=\"og:image:width\" content=\"1000\" \/>\n\t<meta property=\"og:image:height\" content=\"688\" \/>\n\t<meta property=\"og:image:type\" content=\"image\/jpeg\" \/>\n<meta name=\"twitter:card\" content=\"summary_large_image\" \/>\n<script type=\"application\/ld+json\" class=\"yoast-schema-graph\">{\"@context\":\"https:\/\/schema.org\",\"@graph\":[{\"@type\":\"WebPage\",\"@id\":\"https:\/\/welle.ee\/ee\/baros004\/\",\"url\":\"https:\/\/welle.ee\/ee\/baros004\/\",\"name\":\"Kummut 132cm BAROS 24E0BM26 - Welle\",\"isPartOf\":{\"@id\":\"https:\/\/welle.ee\/ee\/#website\"},\"primaryImageOfPage\":{\"@id\":\"https:\/\/welle.ee\/ee\/baros004\/#primaryimage\"},\"image\":{\"@id\":\"https:\/\/welle.ee\/ee\/baros004\/#primaryimage\"},\"thumbnailUrl\":\"https:\/\/welle.ee\/wp-content\/uploads\/2025\/08\/baros004993.jpg\",\"datePublished\":\"2025-08-21T12:12:48+00:00\",\"dateModified\":\"2025-10-06T08:15:54+00:00\",\"breadcrumb\":{\"@id\":\"https:\/\/welle.ee\/ee\/baros004\/#breadcrumb\"},\"inLanguage\":\"ee\",\"potentialAction\":[{\"@type\":\"ReadAction\",\"target\":[\"https:\/\/welle.ee\/ee\/baros004\/\"]}]},{\"@type\":\"ImageObject\",\"inLanguage\":\"ee\",\"@id\":\"https:\/\/welle.ee\/ee\/baros004\/#primaryimage\",\"url\":\"https:\/\/welle.ee\/wp-content\/uploads\/2025\/08\/baros004993.jpg\",\"contentUrl\":\"https:\/\/welle.ee\/wp-content\/uploads\/2025\/08\/baros004993.jpg\",\"width\":1000,\"height\":688},{\"@type\":\"BreadcrumbList\",\"@id\":\"https:\/\/welle.ee\/ee\/baros004\/#breadcrumb\",\"itemListElement\":[{\"@type\":\"ListItem\",\"position\":1,\"name\":\"\u0413\u043b\u0430\u0432\u043d\u0430\u044f \u0441\u0442\u0440\u0430\u043d\u0438\u0446\u0430\",\"item\":\"https:\/\/welle.ee\/ee\/\"},{\"@type\":\"ListItem\",\"position\":2,\"name\":\"Tooted\",\"item\":\"https:\/\/welle.ee\/ee\/tooted\/\"},{\"@type\":\"ListItem\",\"position\":3,\"name\":\"Kummut 132cm BAROS 24E0BM26\"}]},{\"@type\":\"WebSite\",\"@id\":\"https:\/\/welle.ee\/ee\/#website\",\"url\":\"https:\/\/welle.ee\/ee\/\",\"name\":\"Welle\",\"description\":\"\",\"potentialAction\":[{\"@type\":\"SearchAction\",\"target\":{\"@type\":\"EntryPoint\",\"urlTemplate\":\"https:\/\/welle.ee\/ee\/?s={search_term_string}\"},\"query-input\":{\"@type\":\"PropertyValueSpecification\",\"valueRequired\":true,\"valueName\":\"search_term_string\"}}],\"inLanguage\":\"ee\"}]}<\/script>\n<!-- \/ Yoast SEO plugin. -->","yoast_head_json":{"title":"Kummut 132cm BAROS 24E0BM26 - Welle","robots":{"index":"index","follow":"follow","max-snippet":"max-snippet:-1","max-image-preview":"max-image-preview:large","max-video-preview":"max-video-preview:-1"},"canonical":"https:\/\/welle.ee\/ee\/baros004\/","og_locale":"en_US","og_type":"article","og_title":"Kummut 132cm BAROS 24E0BM26 - Welle","og_description":"Kummut on valmistatud\u00a0k\u00f5rgkvaliteetsest m\u00f6\u00f6bliplaadist ja MDF-ist Viimistlus: tamm san remo hele Valgusti ei kuulu komplekti Tarnitakse detailidena","og_url":"https:\/\/welle.ee\/ee\/baros004\/","og_site_name":"Welle","article_modified_time":"2025-10-06T08:15:54+00:00","og_image":[{"width":1000,"height":688,"url":"https:\/\/welle.ee\/wp-content\/uploads\/2025\/08\/baros004993.jpg","type":"image\/jpeg"}],"twitter_card":"summary_large_image","schema":{"@context":"https:\/\/schema.org","@graph":[{"@type":"WebPage","@id":"https:\/\/welle.ee\/ee\/baros004\/","url":"https:\/\/welle.ee\/ee\/baros004\/","name":"Kummut 132cm BAROS 24E0BM26 - Welle","isPartOf":{"@id":"https:\/\/welle.ee\/ee\/#website"},"primaryImageOfPage":{"@id":"https:\/\/welle.ee\/ee\/baros004\/#primaryimage"},"image":{"@id":"https:\/\/welle.ee\/ee\/baros004\/#primaryimage"},"thumbnailUrl":"https:\/\/welle.ee\/wp-content\/uploads\/2025\/08\/baros004993.jpg","datePublished":"2025-08-21T12:12:48+00:00","dateModified":"2025-10-06T08:15:54+00:00","breadcrumb":{"@id":"https:\/\/welle.ee\/ee\/baros004\/#breadcrumb"},"inLanguage":"ee","potentialAction":[{"@type":"ReadAction","target":["https:\/\/welle.ee\/ee\/baros004\/"]}]},{"@type":"ImageObject","inLanguage":"ee","@id":"https:\/\/welle.ee\/ee\/baros004\/#primaryimage","url":"https:\/\/welle.ee\/wp-content\/uploads\/2025\/08\/baros004993.jpg","contentUrl":"https:\/\/welle.ee\/wp-content\/uploads\/2025\/08\/baros004993.jpg","width":1000,"height":688},{"@type":"BreadcrumbList","@id":"https:\/\/welle.ee\/ee\/baros004\/#breadcrumb","itemListElement":[{"@type":"ListItem","position":1,"name":"\u0413\u043b\u0430\u0432\u043d\u0430\u044f \u0441\u0442\u0440\u0430\u043d\u0438\u0446\u0430","item":"https:\/\/welle.ee\/ee\/"},{"@type":"ListItem","position":2,"name":"Tooted","item":"https:\/\/welle.ee\/ee\/tooted\/"},{"@type":"ListItem","position":3,"name":"Kummut 132cm BAROS 24E0BM26"}]},{"@type":"WebSite","@id":"https:\/\/welle.ee\/ee\/#website","url":"https:\/\/welle.ee\/ee\/","name":"Welle","description":"","potentialAction":[{"@type":"SearchAction","target":{"@type":"EntryPoint","urlTemplate":"https:\/\/welle.ee\/ee\/?s={search_term_string}"},"query-input":{"@type":"PropertyValueSpecification","valueRequired":true,"valueName":"search_term_string"}}],"inLanguage":"ee"}]}},"_links":{"self":[{"href":"https:\/\/welle.ee\/ee\/wp-json\/wp\/v2\/product\/401810","targetHints":{"allow":["GET"]}}],"collection":[{"href":"https:\/\/welle.ee\/ee\/wp-json\/wp\/v2\/product"}],"about":[{"href":"https:\/\/welle.ee\/ee\/wp-json\/wp\/v2\/types\/product"}],"version-history":[{"count":1,"href":"https:\/\/welle.ee\/ee\/wp-json\/wp\/v2\/product\/401810\/revisions"}],"predecessor-version":[{"id":480270,"href":"https:\/\/welle.ee\/ee\/wp-json\/wp\/v2\/product\/401810\/revisions\/480270"}],"wp:featuredmedia":[{"embeddable":true,"href":"https:\/\/welle.ee\/ee\/wp-json\/wp\/v2\/media\/401811"}],"wp:attachment":[{"href":"https:\/\/welle.ee\/ee\/wp-json\/wp\/v2\/media?parent=401810"}],"wp:term":[{"taxonomy":"product_brand","embeddable":true,"href":"https:\/\/welle.ee\/ee\/wp-json\/wp\/v2\/product_brand?post=401810"},{"taxonomy":"product_cat","embeddable":true,"href":"https:\/\/welle.ee\/ee\/wp-json\/wp\/v2\/product_cat?post=401810"},{"taxonomy":"product_tag","embeddable":true,"href":"https:\/\/welle.ee\/ee\/wp-json\/wp\/v2\/product_tag?post=401810"}],"curies":[{"name":"wp","href":"https:\/\/api.w.org\/{rel}","templated":true}]}}