{"id":402434,"date":"2025-08-21T12:14:10","date_gmt":"2025-08-21T12:14:10","guid":{"rendered":"https:\/\/wellefurniture.eu\/riiul-tablo-r5\/"},"modified":"2026-02-04T23:00:40","modified_gmt":"2026-02-04T23:00:40","slug":"riiul-tablo-r5","status":"publish","type":"product","link":"https:\/\/welle.ee\/ee\/riiul-tablo-r5\/","title":{"rendered":"Riiul TABLO R5"},"content":{"rendered":"<ul>\n<li>Riiul on valmistatud tamme v\u00e4rvi MDF-ist<\/li>\n<li>Riiuliraam on tumepruuni v\u00e4rvi metallist<\/li>\n<li>M\u00f5\u00f5dud: L60xS40xK180 cm<\/li>\n<li>Tarnitakse detailidena<\/li>\n<\/ul>\n","protected":false},"excerpt":{"rendered":"<p>Riiul on valmistatud tamme v\u00e4rvi MDF-ist Riiuliraam on tumepruuni v\u00e4rvi metallist M\u00f5\u00f5dud: L60xS40xK180 cm Tarnitakse detailidena<\/p>\n","protected":false},"featured_media":402435,"template":"","meta":[],"product_brand":[],"product_cat":[2349,2353,2360],"product_tag":[],"class_list":{"0":"post-402434","1":"product","2":"type-product","3":"status-publish","4":"has-post-thumbnail","6":"product_cat-livroom","7":"product_cat-shop","8":"product_cat-shelf","9":"pa_color-brown","10":"pa_height-2960","11":"pa_height_range-h-151-200","12":"pa_length-2840","13":"pa_length_range-l-50-100","14":"pa_manufacturer-signal","15":"pa_material-mdf","16":"pa_width-2472","17":"pa_width_range-w-50","19":"first","20":"instock","21":"sale","22":"taxable","23":"shipping-taxable","24":"purchasable","25":"product-type-simple"},"yoast_head":"<!-- This site is optimized with the Yoast SEO plugin v26.2 - https:\/\/yoast.com\/wordpress\/plugins\/seo\/ -->\n<title>Riiul TABLO R5 - Welle<\/title>\n<meta name=\"robots\" content=\"index, follow, max-snippet:-1, max-image-preview:large, max-video-preview:-1\" \/>\n<link rel=\"canonical\" href=\"https:\/\/welle.ee\/ee\/riiul-tablo-r5\/\" \/>\n<meta property=\"og:locale\" content=\"en_US\" \/>\n<meta property=\"og:type\" content=\"article\" \/>\n<meta property=\"og:title\" content=\"Riiul TABLO R5 - Welle\" \/>\n<meta property=\"og:description\" content=\"Riiul on valmistatud tamme v\u00e4rvi MDF-ist Riiuliraam on tumepruuni v\u00e4rvi metallist M\u00f5\u00f5dud: L60xS40xK180 cm Tarnitakse detailidena\" \/>\n<meta property=\"og:url\" content=\"https:\/\/welle.ee\/ee\/riiul-tablo-r5\/\" \/>\n<meta property=\"og:site_name\" content=\"Welle\" \/>\n<meta property=\"article:modified_time\" content=\"2026-02-04T23:00:40+00:00\" \/>\n<meta property=\"og:image\" content=\"https:\/\/welle.ee\/wp-content\/uploads\/2025\/08\/tablo003489.jpg\" \/>\n\t<meta property=\"og:image:width\" content=\"465\" \/>\n\t<meta property=\"og:image:height\" content=\"1000\" \/>\n\t<meta property=\"og:image:type\" content=\"image\/jpeg\" \/>\n<meta name=\"twitter:card\" content=\"summary_large_image\" \/>\n<script type=\"application\/ld+json\" class=\"yoast-schema-graph\">{\"@context\":\"https:\/\/schema.org\",\"@graph\":[{\"@type\":\"WebPage\",\"@id\":\"https:\/\/welle.ee\/ee\/riiul-tablo-r5\/\",\"url\":\"https:\/\/welle.ee\/ee\/riiul-tablo-r5\/\",\"name\":\"Riiul TABLO R5 - Welle\",\"isPartOf\":{\"@id\":\"https:\/\/welle.ee\/ee\/#website\"},\"primaryImageOfPage\":{\"@id\":\"https:\/\/welle.ee\/ee\/riiul-tablo-r5\/#primaryimage\"},\"image\":{\"@id\":\"https:\/\/welle.ee\/ee\/riiul-tablo-r5\/#primaryimage\"},\"thumbnailUrl\":\"https:\/\/welle.ee\/wp-content\/uploads\/2025\/08\/tablo003489.jpg\",\"datePublished\":\"2025-08-21T12:14:10+00:00\",\"dateModified\":\"2026-02-04T23:00:40+00:00\",\"breadcrumb\":{\"@id\":\"https:\/\/welle.ee\/ee\/riiul-tablo-r5\/#breadcrumb\"},\"inLanguage\":\"ee\",\"potentialAction\":[{\"@type\":\"ReadAction\",\"target\":[\"https:\/\/welle.ee\/ee\/riiul-tablo-r5\/\"]}]},{\"@type\":\"ImageObject\",\"inLanguage\":\"ee\",\"@id\":\"https:\/\/welle.ee\/ee\/riiul-tablo-r5\/#primaryimage\",\"url\":\"https:\/\/welle.ee\/wp-content\/uploads\/2025\/08\/tablo003489.jpg\",\"contentUrl\":\"https:\/\/welle.ee\/wp-content\/uploads\/2025\/08\/tablo003489.jpg\",\"width\":465,\"height\":1000},{\"@type\":\"BreadcrumbList\",\"@id\":\"https:\/\/welle.ee\/ee\/riiul-tablo-r5\/#breadcrumb\",\"itemListElement\":[{\"@type\":\"ListItem\",\"position\":1,\"name\":\"\u0413\u043b\u0430\u0432\u043d\u0430\u044f \u0441\u0442\u0440\u0430\u043d\u0438\u0446\u0430\",\"item\":\"https:\/\/welle.ee\/ee\/\"},{\"@type\":\"ListItem\",\"position\":2,\"name\":\"Tooted\",\"item\":\"https:\/\/welle.ee\/ee\/tooted\/\"},{\"@type\":\"ListItem\",\"position\":3,\"name\":\"Riiul TABLO R5\"}]},{\"@type\":\"WebSite\",\"@id\":\"https:\/\/welle.ee\/ee\/#website\",\"url\":\"https:\/\/welle.ee\/ee\/\",\"name\":\"Welle\",\"description\":\"\",\"potentialAction\":[{\"@type\":\"SearchAction\",\"target\":{\"@type\":\"EntryPoint\",\"urlTemplate\":\"https:\/\/welle.ee\/ee\/?s={search_term_string}\"},\"query-input\":{\"@type\":\"PropertyValueSpecification\",\"valueRequired\":true,\"valueName\":\"search_term_string\"}}],\"inLanguage\":\"ee\"}]}<\/script>\n<!-- \/ Yoast SEO plugin. -->","yoast_head_json":{"title":"Riiul TABLO R5 - Welle","robots":{"index":"index","follow":"follow","max-snippet":"max-snippet:-1","max-image-preview":"max-image-preview:large","max-video-preview":"max-video-preview:-1"},"canonical":"https:\/\/welle.ee\/ee\/riiul-tablo-r5\/","og_locale":"en_US","og_type":"article","og_title":"Riiul TABLO R5 - Welle","og_description":"Riiul on valmistatud tamme v\u00e4rvi MDF-ist Riiuliraam on tumepruuni v\u00e4rvi metallist M\u00f5\u00f5dud: L60xS40xK180 cm Tarnitakse detailidena","og_url":"https:\/\/welle.ee\/ee\/riiul-tablo-r5\/","og_site_name":"Welle","article_modified_time":"2026-02-04T23:00:40+00:00","og_image":[{"width":465,"height":1000,"url":"https:\/\/welle.ee\/wp-content\/uploads\/2025\/08\/tablo003489.jpg","type":"image\/jpeg"}],"twitter_card":"summary_large_image","schema":{"@context":"https:\/\/schema.org","@graph":[{"@type":"WebPage","@id":"https:\/\/welle.ee\/ee\/riiul-tablo-r5\/","url":"https:\/\/welle.ee\/ee\/riiul-tablo-r5\/","name":"Riiul TABLO R5 - Welle","isPartOf":{"@id":"https:\/\/welle.ee\/ee\/#website"},"primaryImageOfPage":{"@id":"https:\/\/welle.ee\/ee\/riiul-tablo-r5\/#primaryimage"},"image":{"@id":"https:\/\/welle.ee\/ee\/riiul-tablo-r5\/#primaryimage"},"thumbnailUrl":"https:\/\/welle.ee\/wp-content\/uploads\/2025\/08\/tablo003489.jpg","datePublished":"2025-08-21T12:14:10+00:00","dateModified":"2026-02-04T23:00:40+00:00","breadcrumb":{"@id":"https:\/\/welle.ee\/ee\/riiul-tablo-r5\/#breadcrumb"},"inLanguage":"ee","potentialAction":[{"@type":"ReadAction","target":["https:\/\/welle.ee\/ee\/riiul-tablo-r5\/"]}]},{"@type":"ImageObject","inLanguage":"ee","@id":"https:\/\/welle.ee\/ee\/riiul-tablo-r5\/#primaryimage","url":"https:\/\/welle.ee\/wp-content\/uploads\/2025\/08\/tablo003489.jpg","contentUrl":"https:\/\/welle.ee\/wp-content\/uploads\/2025\/08\/tablo003489.jpg","width":465,"height":1000},{"@type":"BreadcrumbList","@id":"https:\/\/welle.ee\/ee\/riiul-tablo-r5\/#breadcrumb","itemListElement":[{"@type":"ListItem","position":1,"name":"\u0413\u043b\u0430\u0432\u043d\u0430\u044f \u0441\u0442\u0440\u0430\u043d\u0438\u0446\u0430","item":"https:\/\/welle.ee\/ee\/"},{"@type":"ListItem","position":2,"name":"Tooted","item":"https:\/\/welle.ee\/ee\/tooted\/"},{"@type":"ListItem","position":3,"name":"Riiul TABLO R5"}]},{"@type":"WebSite","@id":"https:\/\/welle.ee\/ee\/#website","url":"https:\/\/welle.ee\/ee\/","name":"Welle","description":"","potentialAction":[{"@type":"SearchAction","target":{"@type":"EntryPoint","urlTemplate":"https:\/\/welle.ee\/ee\/?s={search_term_string}"},"query-input":{"@type":"PropertyValueSpecification","valueRequired":true,"valueName":"search_term_string"}}],"inLanguage":"ee"}]}},"_links":{"self":[{"href":"https:\/\/welle.ee\/ee\/wp-json\/wp\/v2\/product\/402434","targetHints":{"allow":["GET"]}}],"collection":[{"href":"https:\/\/welle.ee\/ee\/wp-json\/wp\/v2\/product"}],"about":[{"href":"https:\/\/welle.ee\/ee\/wp-json\/wp\/v2\/types\/product"}],"version-history":[{"count":1,"href":"https:\/\/welle.ee\/ee\/wp-json\/wp\/v2\/product\/402434\/revisions"}],"predecessor-version":[{"id":480402,"href":"https:\/\/welle.ee\/ee\/wp-json\/wp\/v2\/product\/402434\/revisions\/480402"}],"wp:featuredmedia":[{"embeddable":true,"href":"https:\/\/welle.ee\/ee\/wp-json\/wp\/v2\/media\/402435"}],"wp:attachment":[{"href":"https:\/\/welle.ee\/ee\/wp-json\/wp\/v2\/media?parent=402434"}],"wp:term":[{"taxonomy":"product_brand","embeddable":true,"href":"https:\/\/welle.ee\/ee\/wp-json\/wp\/v2\/product_brand?post=402434"},{"taxonomy":"product_cat","embeddable":true,"href":"https:\/\/welle.ee\/ee\/wp-json\/wp\/v2\/product_cat?post=402434"},{"taxonomy":"product_tag","embeddable":true,"href":"https:\/\/welle.ee\/ee\/wp-json\/wp\/v2\/product_tag?post=402434"}],"curies":[{"name":"wp","href":"https:\/\/api.w.org\/{rel}","templated":true}]}}