{"id":406568,"date":"2025-10-06T09:22:11","date_gmt":"2025-10-06T09:22:11","guid":{"rendered":"https:\/\/wellefurniture.eu\/diivanilaud-balin-law2s-110\/"},"modified":"2025-10-06T09:22:11","modified_gmt":"2025-10-06T09:22:11","slug":"diivanilaud-balin-law2s-110","status":"publish","type":"product","link":"https:\/\/welle.ee\/ee\/diivanilaud-balin-law2s-110\/","title":{"rendered":"Diivanilaud BALIN LAW2S\/110"},"content":{"rendered":"<ul>\n<li>Progressiivse klassika stiilis<\/li>\n<li>Valmistatud lamineeritud m\u00f6\u00f6bliplaadist<\/li>\n<li>K\u00e4epidemed metallist<\/li>\n<li>Kaks sahtlit<\/li>\n<li>Viimistlus: tamm monastery\/must tamm<\/li>\n<li>Tarnitakse detailidena<\/li>\n<\/ul>\n","protected":false},"excerpt":{"rendered":"<p>Progressiivse klassika stiilis Valmistatud lamineeritud m\u00f6\u00f6bliplaadist K\u00e4epidemed metallist Kaks sahtlit Viimistlus: tamm monastery\/must tamm Tarnitakse detailidena<\/p>\n","protected":false},"featured_media":406569,"template":"","meta":[],"product_brand":[],"product_cat":[2393,2353,2388],"product_tag":[],"class_list":{"0":"post-406568","1":"product","2":"type-product","3":"status-publish","4":"has-post-thumbnail","6":"product_cat-servtable","7":"product_cat-shop","8":"product_cat-chairs","9":"pa_color-monastery","10":"pa_height-3344","11":"pa_height_range-h-50","12":"pa_length-2582","13":"pa_length_range-l-101-150","14":"pa_manufacturer-brw","15":"pa_material-moobliplaat","16":"pa_width-2583","17":"pa_width_range-w-50-100","19":"first","20":"instock","21":"taxable","22":"shipping-taxable","23":"purchasable","24":"product-type-simple"},"yoast_head":"<!-- This site is optimized with the Yoast SEO plugin v26.2 - https:\/\/yoast.com\/wordpress\/plugins\/seo\/ -->\n<title>Diivanilaud BALIN LAW2S\/110 - Welle<\/title>\n<meta name=\"robots\" content=\"index, follow, max-snippet:-1, max-image-preview:large, max-video-preview:-1\" \/>\n<link rel=\"canonical\" href=\"https:\/\/welle.ee\/ee\/diivanilaud-balin-law2s-110\/\" \/>\n<meta property=\"og:locale\" content=\"en_US\" \/>\n<meta property=\"og:type\" content=\"article\" \/>\n<meta property=\"og:title\" content=\"Diivanilaud BALIN LAW2S\/110 - Welle\" \/>\n<meta property=\"og:description\" content=\"Progressiivse klassika stiilis Valmistatud lamineeritud m\u00f6\u00f6bliplaadist K\u00e4epidemed metallist Kaks sahtlit Viimistlus: tamm monastery\/must tamm Tarnitakse detailidena\" \/>\n<meta property=\"og:url\" content=\"https:\/\/welle.ee\/ee\/diivanilaud-balin-law2s-110\/\" \/>\n<meta property=\"og:site_name\" content=\"Welle\" \/>\n<meta property=\"og:image\" content=\"https:\/\/welle.ee\/wp-content\/uploads\/2025\/08\/25565-xlarge.jpg\" \/>\n\t<meta property=\"og:image:width\" content=\"1438\" \/>\n\t<meta property=\"og:image:height\" content=\"1080\" \/>\n\t<meta property=\"og:image:type\" content=\"image\/jpeg\" \/>\n<meta name=\"twitter:card\" content=\"summary_large_image\" \/>\n<script type=\"application\/ld+json\" class=\"yoast-schema-graph\">{\"@context\":\"https:\/\/schema.org\",\"@graph\":[{\"@type\":\"WebPage\",\"@id\":\"https:\/\/welle.ee\/ee\/diivanilaud-balin-law2s-110\/\",\"url\":\"https:\/\/welle.ee\/ee\/diivanilaud-balin-law2s-110\/\",\"name\":\"Diivanilaud BALIN LAW2S\/110 - Welle\",\"isPartOf\":{\"@id\":\"https:\/\/welle.ee\/ee\/#website\"},\"primaryImageOfPage\":{\"@id\":\"https:\/\/welle.ee\/ee\/diivanilaud-balin-law2s-110\/#primaryimage\"},\"image\":{\"@id\":\"https:\/\/welle.ee\/ee\/diivanilaud-balin-law2s-110\/#primaryimage\"},\"thumbnailUrl\":\"https:\/\/welle.ee\/wp-content\/uploads\/2025\/08\/25565-xlarge.jpg\",\"datePublished\":\"2025-10-06T09:22:11+00:00\",\"breadcrumb\":{\"@id\":\"https:\/\/welle.ee\/ee\/diivanilaud-balin-law2s-110\/#breadcrumb\"},\"inLanguage\":\"ee\",\"potentialAction\":[{\"@type\":\"ReadAction\",\"target\":[\"https:\/\/welle.ee\/ee\/diivanilaud-balin-law2s-110\/\"]}]},{\"@type\":\"ImageObject\",\"inLanguage\":\"ee\",\"@id\":\"https:\/\/welle.ee\/ee\/diivanilaud-balin-law2s-110\/#primaryimage\",\"url\":\"https:\/\/welle.ee\/wp-content\/uploads\/2025\/08\/25565-xlarge.jpg\",\"contentUrl\":\"https:\/\/welle.ee\/wp-content\/uploads\/2025\/08\/25565-xlarge.jpg\",\"width\":1438,\"height\":1080},{\"@type\":\"BreadcrumbList\",\"@id\":\"https:\/\/welle.ee\/ee\/diivanilaud-balin-law2s-110\/#breadcrumb\",\"itemListElement\":[{\"@type\":\"ListItem\",\"position\":1,\"name\":\"\u0413\u043b\u0430\u0432\u043d\u0430\u044f \u0441\u0442\u0440\u0430\u043d\u0438\u0446\u0430\",\"item\":\"https:\/\/welle.ee\/ee\/\"},{\"@type\":\"ListItem\",\"position\":2,\"name\":\"Tooted\",\"item\":\"https:\/\/welle.ee\/ee\/tooted\/\"},{\"@type\":\"ListItem\",\"position\":3,\"name\":\"Diivanilaud BALIN LAW2S\/110\"}]},{\"@type\":\"WebSite\",\"@id\":\"https:\/\/welle.ee\/ee\/#website\",\"url\":\"https:\/\/welle.ee\/ee\/\",\"name\":\"Welle\",\"description\":\"\",\"potentialAction\":[{\"@type\":\"SearchAction\",\"target\":{\"@type\":\"EntryPoint\",\"urlTemplate\":\"https:\/\/welle.ee\/ee\/?s={search_term_string}\"},\"query-input\":{\"@type\":\"PropertyValueSpecification\",\"valueRequired\":true,\"valueName\":\"search_term_string\"}}],\"inLanguage\":\"ee\"}]}<\/script>\n<!-- \/ Yoast SEO plugin. -->","yoast_head_json":{"title":"Diivanilaud BALIN LAW2S\/110 - Welle","robots":{"index":"index","follow":"follow","max-snippet":"max-snippet:-1","max-image-preview":"max-image-preview:large","max-video-preview":"max-video-preview:-1"},"canonical":"https:\/\/welle.ee\/ee\/diivanilaud-balin-law2s-110\/","og_locale":"en_US","og_type":"article","og_title":"Diivanilaud BALIN LAW2S\/110 - Welle","og_description":"Progressiivse klassika stiilis Valmistatud lamineeritud m\u00f6\u00f6bliplaadist K\u00e4epidemed metallist Kaks sahtlit Viimistlus: tamm monastery\/must tamm Tarnitakse detailidena","og_url":"https:\/\/welle.ee\/ee\/diivanilaud-balin-law2s-110\/","og_site_name":"Welle","og_image":[{"width":1438,"height":1080,"url":"https:\/\/welle.ee\/wp-content\/uploads\/2025\/08\/25565-xlarge.jpg","type":"image\/jpeg"}],"twitter_card":"summary_large_image","schema":{"@context":"https:\/\/schema.org","@graph":[{"@type":"WebPage","@id":"https:\/\/welle.ee\/ee\/diivanilaud-balin-law2s-110\/","url":"https:\/\/welle.ee\/ee\/diivanilaud-balin-law2s-110\/","name":"Diivanilaud BALIN LAW2S\/110 - Welle","isPartOf":{"@id":"https:\/\/welle.ee\/ee\/#website"},"primaryImageOfPage":{"@id":"https:\/\/welle.ee\/ee\/diivanilaud-balin-law2s-110\/#primaryimage"},"image":{"@id":"https:\/\/welle.ee\/ee\/diivanilaud-balin-law2s-110\/#primaryimage"},"thumbnailUrl":"https:\/\/welle.ee\/wp-content\/uploads\/2025\/08\/25565-xlarge.jpg","datePublished":"2025-10-06T09:22:11+00:00","breadcrumb":{"@id":"https:\/\/welle.ee\/ee\/diivanilaud-balin-law2s-110\/#breadcrumb"},"inLanguage":"ee","potentialAction":[{"@type":"ReadAction","target":["https:\/\/welle.ee\/ee\/diivanilaud-balin-law2s-110\/"]}]},{"@type":"ImageObject","inLanguage":"ee","@id":"https:\/\/welle.ee\/ee\/diivanilaud-balin-law2s-110\/#primaryimage","url":"https:\/\/welle.ee\/wp-content\/uploads\/2025\/08\/25565-xlarge.jpg","contentUrl":"https:\/\/welle.ee\/wp-content\/uploads\/2025\/08\/25565-xlarge.jpg","width":1438,"height":1080},{"@type":"BreadcrumbList","@id":"https:\/\/welle.ee\/ee\/diivanilaud-balin-law2s-110\/#breadcrumb","itemListElement":[{"@type":"ListItem","position":1,"name":"\u0413\u043b\u0430\u0432\u043d\u0430\u044f \u0441\u0442\u0440\u0430\u043d\u0438\u0446\u0430","item":"https:\/\/welle.ee\/ee\/"},{"@type":"ListItem","position":2,"name":"Tooted","item":"https:\/\/welle.ee\/ee\/tooted\/"},{"@type":"ListItem","position":3,"name":"Diivanilaud BALIN LAW2S\/110"}]},{"@type":"WebSite","@id":"https:\/\/welle.ee\/ee\/#website","url":"https:\/\/welle.ee\/ee\/","name":"Welle","description":"","potentialAction":[{"@type":"SearchAction","target":{"@type":"EntryPoint","urlTemplate":"https:\/\/welle.ee\/ee\/?s={search_term_string}"},"query-input":{"@type":"PropertyValueSpecification","valueRequired":true,"valueName":"search_term_string"}}],"inLanguage":"ee"}]}},"_links":{"self":[{"href":"https:\/\/welle.ee\/ee\/wp-json\/wp\/v2\/product\/406568","targetHints":{"allow":["GET"]}}],"collection":[{"href":"https:\/\/welle.ee\/ee\/wp-json\/wp\/v2\/product"}],"about":[{"href":"https:\/\/welle.ee\/ee\/wp-json\/wp\/v2\/types\/product"}],"version-history":[{"count":1,"href":"https:\/\/welle.ee\/ee\/wp-json\/wp\/v2\/product\/406568\/revisions"}],"predecessor-version":[{"id":480861,"href":"https:\/\/welle.ee\/ee\/wp-json\/wp\/v2\/product\/406568\/revisions\/480861"}],"wp:featuredmedia":[{"embeddable":true,"href":"https:\/\/welle.ee\/ee\/wp-json\/wp\/v2\/media\/406569"}],"wp:attachment":[{"href":"https:\/\/welle.ee\/ee\/wp-json\/wp\/v2\/media?parent=406568"}],"wp:term":[{"taxonomy":"product_brand","embeddable":true,"href":"https:\/\/welle.ee\/ee\/wp-json\/wp\/v2\/product_brand?post=406568"},{"taxonomy":"product_cat","embeddable":true,"href":"https:\/\/welle.ee\/ee\/wp-json\/wp\/v2\/product_cat?post=406568"},{"taxonomy":"product_tag","embeddable":true,"href":"https:\/\/welle.ee\/ee\/wp-json\/wp\/v2\/product_tag?post=406568"}],"curies":[{"name":"wp","href":"https:\/\/api.w.org\/{rel}","templated":true}]}}