{"id":408220,"date":"2025-08-21T12:24:55","date_gmt":"2025-08-21T12:24:55","guid":{"rendered":"https:\/\/wellefurniture.eu\/nurgadiivanvoodi-merano-os-r-2fb\/"},"modified":"2025-10-06T08:20:15","modified_gmt":"2025-10-06T08:20:15","slug":"nurgadiivanvoodi-merano-os-r-2fb","status":"publish","type":"product","link":"https:\/\/welle.ee\/ee\/nurgadiivanvoodi-merano-os-r-2fb\/","title":{"rendered":"NURGADIIVANVOODI MERANO OS + R + 2FB"},"content":{"rendered":"<ul>\n<li>Karkass on valmistatud vastupidavast m\u00f6\u00f6bliplaadist ja puidust<\/li>\n<li>Nurgaosas on pesukast<\/li>\n<li>Vedrustus: zik-zak<\/li>\n<li>Reguleeritavad peatoed ja k\u00e4etugi<\/li>\n<li>Magamiskoht: 120&#215;170 cm<\/li>\n<li>Tellimuse esitamisel palume t\u00e4psustada, kas\u00a0soovite diivani nurka eest vaadates vasakule (pildil) v\u00f5i paremale poole<\/li>\n<li>Diivani hind s\u00f5ltub kanga kategooriast<\/li>\n<li>Tarneaeg on 6-8 n\u00e4dalat<\/li>\n<li><strong>Soovi korral saadame Teile\u00a0kangan\u00e4idiste pildid, kirjutage palun meile e-pood@welle.ee<\/strong><\/li>\n<\/ul>\n","protected":false},"excerpt":{"rendered":"<p>Karkass on valmistatud vastupidavast m\u00f6\u00f6bliplaadist ja puidust Nurgaosas on pesukast Vedrustus: zik-zak Reguleeritavad peatoed ja k\u00e4etugi Magamiskoht: 120&#215;170 cm Tellimuse<\/p>\n","protected":false},"featured_media":408221,"template":"","meta":[],"product_brand":[],"product_cat":[2353,2415,2409],"product_tag":[],"class_list":{"0":"post-408220","1":"product","2":"type-product","3":"status-publish","4":"has-post-thumbnail","6":"product_cat-shop","7":"product_cat-cornerbed","8":"product_cat-soft","9":"pa_color-grey","10":"pa_height-80-94","11":"pa_height_range-h-50-100","12":"pa_length-3792","13":"pa_length_range-l-200","14":"pa_manufacturer-stagra","15":"pa_material-moobliplaat","16":"pa_width-3793","17":"pa_width_range-w-200","19":"first","20":"instock","21":"taxable","22":"shipping-taxable","23":"purchasable","24":"product-type-simple"},"yoast_head":"<!-- This site is optimized with the Yoast SEO plugin v26.2 - https:\/\/yoast.com\/wordpress\/plugins\/seo\/ -->\n<title>NURGADIIVANVOODI MERANO OS + R + 2FB - Welle<\/title>\n<meta name=\"robots\" content=\"index, follow, max-snippet:-1, max-image-preview:large, max-video-preview:-1\" \/>\n<link rel=\"canonical\" href=\"https:\/\/welle.ee\/ee\/nurgadiivanvoodi-merano-os-r-2fb\/\" \/>\n<meta property=\"og:locale\" content=\"en_US\" \/>\n<meta property=\"og:type\" content=\"article\" \/>\n<meta property=\"og:title\" content=\"NURGADIIVANVOODI MERANO OS + R + 2FB - Welle\" \/>\n<meta property=\"og:description\" content=\"Karkass on valmistatud vastupidavast m\u00f6\u00f6bliplaadist ja puidust Nurgaosas on pesukast Vedrustus: zik-zak Reguleeritavad peatoed ja k\u00e4etugi Magamiskoht: 120&#215;170 cm Tellimuse\" \/>\n<meta property=\"og:url\" content=\"https:\/\/welle.ee\/ee\/nurgadiivanvoodi-merano-os-r-2fb\/\" \/>\n<meta property=\"og:site_name\" content=\"Welle\" \/>\n<meta property=\"article:modified_time\" content=\"2025-10-06T08:20:15+00:00\" \/>\n<meta property=\"og:image\" content=\"https:\/\/welle.ee\/wp-content\/uploads\/2025\/08\/merano_15453_maly-rgb.jpg\" \/>\n\t<meta property=\"og:image:width\" content=\"1600\" \/>\n\t<meta property=\"og:image:height\" content=\"1060\" \/>\n\t<meta property=\"og:image:type\" content=\"image\/jpeg\" \/>\n<meta name=\"twitter:card\" content=\"summary_large_image\" \/>\n<script type=\"application\/ld+json\" class=\"yoast-schema-graph\">{\"@context\":\"https:\/\/schema.org\",\"@graph\":[{\"@type\":\"WebPage\",\"@id\":\"https:\/\/welle.ee\/ee\/nurgadiivanvoodi-merano-os-r-2fb\/\",\"url\":\"https:\/\/welle.ee\/ee\/nurgadiivanvoodi-merano-os-r-2fb\/\",\"name\":\"NURGADIIVANVOODI MERANO OS + R + 2FB - Welle\",\"isPartOf\":{\"@id\":\"https:\/\/welle.ee\/ee\/#website\"},\"primaryImageOfPage\":{\"@id\":\"https:\/\/welle.ee\/ee\/nurgadiivanvoodi-merano-os-r-2fb\/#primaryimage\"},\"image\":{\"@id\":\"https:\/\/welle.ee\/ee\/nurgadiivanvoodi-merano-os-r-2fb\/#primaryimage\"},\"thumbnailUrl\":\"https:\/\/welle.ee\/wp-content\/uploads\/2025\/08\/merano_15453_maly-rgb.jpg\",\"datePublished\":\"2025-08-21T12:24:55+00:00\",\"dateModified\":\"2025-10-06T08:20:15+00:00\",\"breadcrumb\":{\"@id\":\"https:\/\/welle.ee\/ee\/nurgadiivanvoodi-merano-os-r-2fb\/#breadcrumb\"},\"inLanguage\":\"ee\",\"potentialAction\":[{\"@type\":\"ReadAction\",\"target\":[\"https:\/\/welle.ee\/ee\/nurgadiivanvoodi-merano-os-r-2fb\/\"]}]},{\"@type\":\"ImageObject\",\"inLanguage\":\"ee\",\"@id\":\"https:\/\/welle.ee\/ee\/nurgadiivanvoodi-merano-os-r-2fb\/#primaryimage\",\"url\":\"https:\/\/welle.ee\/wp-content\/uploads\/2025\/08\/merano_15453_maly-rgb.jpg\",\"contentUrl\":\"https:\/\/welle.ee\/wp-content\/uploads\/2025\/08\/merano_15453_maly-rgb.jpg\",\"width\":1600,\"height\":1060},{\"@type\":\"BreadcrumbList\",\"@id\":\"https:\/\/welle.ee\/ee\/nurgadiivanvoodi-merano-os-r-2fb\/#breadcrumb\",\"itemListElement\":[{\"@type\":\"ListItem\",\"position\":1,\"name\":\"\u0413\u043b\u0430\u0432\u043d\u0430\u044f \u0441\u0442\u0440\u0430\u043d\u0438\u0446\u0430\",\"item\":\"https:\/\/welle.ee\/ee\/\"},{\"@type\":\"ListItem\",\"position\":2,\"name\":\"Tooted\",\"item\":\"https:\/\/welle.ee\/ee\/tooted\/\"},{\"@type\":\"ListItem\",\"position\":3,\"name\":\"NURGADIIVANVOODI MERANO OS + R + 2FB\"}]},{\"@type\":\"WebSite\",\"@id\":\"https:\/\/welle.ee\/ee\/#website\",\"url\":\"https:\/\/welle.ee\/ee\/\",\"name\":\"Welle\",\"description\":\"\",\"potentialAction\":[{\"@type\":\"SearchAction\",\"target\":{\"@type\":\"EntryPoint\",\"urlTemplate\":\"https:\/\/welle.ee\/ee\/?s={search_term_string}\"},\"query-input\":{\"@type\":\"PropertyValueSpecification\",\"valueRequired\":true,\"valueName\":\"search_term_string\"}}],\"inLanguage\":\"ee\"}]}<\/script>\n<!-- \/ Yoast SEO plugin. -->","yoast_head_json":{"title":"NURGADIIVANVOODI MERANO OS + R + 2FB - Welle","robots":{"index":"index","follow":"follow","max-snippet":"max-snippet:-1","max-image-preview":"max-image-preview:large","max-video-preview":"max-video-preview:-1"},"canonical":"https:\/\/welle.ee\/ee\/nurgadiivanvoodi-merano-os-r-2fb\/","og_locale":"en_US","og_type":"article","og_title":"NURGADIIVANVOODI MERANO OS + R + 2FB - Welle","og_description":"Karkass on valmistatud vastupidavast m\u00f6\u00f6bliplaadist ja puidust Nurgaosas on pesukast Vedrustus: zik-zak Reguleeritavad peatoed ja k\u00e4etugi Magamiskoht: 120&#215;170 cm Tellimuse","og_url":"https:\/\/welle.ee\/ee\/nurgadiivanvoodi-merano-os-r-2fb\/","og_site_name":"Welle","article_modified_time":"2025-10-06T08:20:15+00:00","og_image":[{"width":1600,"height":1060,"url":"https:\/\/welle.ee\/wp-content\/uploads\/2025\/08\/merano_15453_maly-rgb.jpg","type":"image\/jpeg"}],"twitter_card":"summary_large_image","schema":{"@context":"https:\/\/schema.org","@graph":[{"@type":"WebPage","@id":"https:\/\/welle.ee\/ee\/nurgadiivanvoodi-merano-os-r-2fb\/","url":"https:\/\/welle.ee\/ee\/nurgadiivanvoodi-merano-os-r-2fb\/","name":"NURGADIIVANVOODI MERANO OS + R + 2FB - Welle","isPartOf":{"@id":"https:\/\/welle.ee\/ee\/#website"},"primaryImageOfPage":{"@id":"https:\/\/welle.ee\/ee\/nurgadiivanvoodi-merano-os-r-2fb\/#primaryimage"},"image":{"@id":"https:\/\/welle.ee\/ee\/nurgadiivanvoodi-merano-os-r-2fb\/#primaryimage"},"thumbnailUrl":"https:\/\/welle.ee\/wp-content\/uploads\/2025\/08\/merano_15453_maly-rgb.jpg","datePublished":"2025-08-21T12:24:55+00:00","dateModified":"2025-10-06T08:20:15+00:00","breadcrumb":{"@id":"https:\/\/welle.ee\/ee\/nurgadiivanvoodi-merano-os-r-2fb\/#breadcrumb"},"inLanguage":"ee","potentialAction":[{"@type":"ReadAction","target":["https:\/\/welle.ee\/ee\/nurgadiivanvoodi-merano-os-r-2fb\/"]}]},{"@type":"ImageObject","inLanguage":"ee","@id":"https:\/\/welle.ee\/ee\/nurgadiivanvoodi-merano-os-r-2fb\/#primaryimage","url":"https:\/\/welle.ee\/wp-content\/uploads\/2025\/08\/merano_15453_maly-rgb.jpg","contentUrl":"https:\/\/welle.ee\/wp-content\/uploads\/2025\/08\/merano_15453_maly-rgb.jpg","width":1600,"height":1060},{"@type":"BreadcrumbList","@id":"https:\/\/welle.ee\/ee\/nurgadiivanvoodi-merano-os-r-2fb\/#breadcrumb","itemListElement":[{"@type":"ListItem","position":1,"name":"\u0413\u043b\u0430\u0432\u043d\u0430\u044f \u0441\u0442\u0440\u0430\u043d\u0438\u0446\u0430","item":"https:\/\/welle.ee\/ee\/"},{"@type":"ListItem","position":2,"name":"Tooted","item":"https:\/\/welle.ee\/ee\/tooted\/"},{"@type":"ListItem","position":3,"name":"NURGADIIVANVOODI MERANO OS + R + 2FB"}]},{"@type":"WebSite","@id":"https:\/\/welle.ee\/ee\/#website","url":"https:\/\/welle.ee\/ee\/","name":"Welle","description":"","potentialAction":[{"@type":"SearchAction","target":{"@type":"EntryPoint","urlTemplate":"https:\/\/welle.ee\/ee\/?s={search_term_string}"},"query-input":{"@type":"PropertyValueSpecification","valueRequired":true,"valueName":"search_term_string"}}],"inLanguage":"ee"}]}},"_links":{"self":[{"href":"https:\/\/welle.ee\/ee\/wp-json\/wp\/v2\/product\/408220","targetHints":{"allow":["GET"]}}],"collection":[{"href":"https:\/\/welle.ee\/ee\/wp-json\/wp\/v2\/product"}],"about":[{"href":"https:\/\/welle.ee\/ee\/wp-json\/wp\/v2\/types\/product"}],"version-history":[{"count":1,"href":"https:\/\/welle.ee\/ee\/wp-json\/wp\/v2\/product\/408220\/revisions"}],"predecessor-version":[{"id":481042,"href":"https:\/\/welle.ee\/ee\/wp-json\/wp\/v2\/product\/408220\/revisions\/481042"}],"wp:featuredmedia":[{"embeddable":true,"href":"https:\/\/welle.ee\/ee\/wp-json\/wp\/v2\/media\/408221"}],"wp:attachment":[{"href":"https:\/\/welle.ee\/ee\/wp-json\/wp\/v2\/media?parent=408220"}],"wp:term":[{"taxonomy":"product_brand","embeddable":true,"href":"https:\/\/welle.ee\/ee\/wp-json\/wp\/v2\/product_brand?post=408220"},{"taxonomy":"product_cat","embeddable":true,"href":"https:\/\/welle.ee\/ee\/wp-json\/wp\/v2\/product_cat?post=408220"},{"taxonomy":"product_tag","embeddable":true,"href":"https:\/\/welle.ee\/ee\/wp-json\/wp\/v2\/product_tag?post=408220"}],"curies":[{"name":"wp","href":"https:\/\/api.w.org\/{rel}","templated":true}]}}