{"id":408563,"date":"2025-08-21T12:25:20","date_gmt":"2025-08-21T12:25:20","guid":{"rendered":"https:\/\/wellefurniture.eu\/soogilaud-manchester-180-cm\/"},"modified":"2026-03-11T17:43:25","modified_gmt":"2026-03-11T17:43:25","slug":"soogilaud-manchester-180-cm","status":"publish","type":"product","link":"https:\/\/welle.ee\/ee\/soogilaud-manchester-180-cm\/","title":{"rendered":"S\u00f6\u00f6gilaud MANCHESTER 180 cm"},"content":{"rendered":"<ul>\n<li>Lauaplaat on spooniga kaetud MDF-st<\/li>\n<li>Karkass metallist<\/li>\n<li>Viimistlus: p\u00e4hkel\/must\/kuldne<\/li>\n<li>Tarnitakse detailidena<\/li>\n<\/ul>\n","protected":false},"excerpt":{"rendered":"<p>Lauaplaat on spooniga kaetud MDF-st Karkass metallist Viimistlus: p\u00e4hkel\/must\/kuldne Tarnitakse detailidena<\/p>\n","protected":false},"featured_media":408564,"template":"","meta":[],"product_brand":[],"product_cat":[2353,2388,3593,3592,2397],"product_tag":[],"class_list":{"0":"post-408563","1":"product","2":"type-product","3":"status-publish","4":"has-post-thumbnail","6":"product_cat-shop","7":"product_cat-chairs","8":"product_cat-lauad-ja-toolid","9":"product_cat-leiunurk","10":"product_cat-dinchiar","11":"pa_color-pahkel","12":"pa_height-2557","13":"pa_height_range-h-50-100","14":"pa_length-3156","15":"pa_length_range-l-151-200","16":"pa_manufacturer-halmar","17":"pa_material-mdf","18":"pa_width-2546","19":"pa_width_range-w-50-100","21":"first","22":"instock","23":"sale","24":"taxable","25":"shipping-taxable","26":"purchasable","27":"product-type-simple"},"yoast_head":"<!-- This site is optimized with the Yoast SEO plugin v26.2 - https:\/\/yoast.com\/wordpress\/plugins\/seo\/ -->\n<title>S\u00f6\u00f6gilaud MANCHESTER 180 cm - Welle<\/title>\n<meta name=\"robots\" content=\"index, follow, max-snippet:-1, max-image-preview:large, max-video-preview:-1\" \/>\n<link rel=\"canonical\" href=\"https:\/\/welle.ee\/ee\/soogilaud-manchester-180-cm\/\" \/>\n<meta property=\"og:locale\" content=\"en_US\" \/>\n<meta property=\"og:type\" content=\"article\" \/>\n<meta property=\"og:title\" content=\"S\u00f6\u00f6gilaud MANCHESTER 180 cm - Welle\" \/>\n<meta property=\"og:description\" content=\"Lauaplaat on spooniga kaetud MDF-st Karkass metallist Viimistlus: p\u00e4hkel\/must\/kuldne Tarnitakse detailidena\" \/>\n<meta property=\"og:url\" content=\"https:\/\/welle.ee\/ee\/soogilaud-manchester-180-cm\/\" \/>\n<meta property=\"og:site_name\" content=\"Welle\" \/>\n<meta property=\"article:modified_time\" content=\"2026-03-11T17:43:25+00:00\" \/>\n<meta property=\"og:image\" content=\"https:\/\/welle.ee\/wp-content\/uploads\/2025\/08\/aec05c6ef9b544b51a51c673ffdc65ad.jpeg\" \/>\n\t<meta property=\"og:image:width\" content=\"800\" \/>\n\t<meta property=\"og:image:height\" content=\"534\" \/>\n\t<meta property=\"og:image:type\" content=\"image\/jpeg\" \/>\n<meta name=\"twitter:card\" content=\"summary_large_image\" \/>\n<script type=\"application\/ld+json\" class=\"yoast-schema-graph\">{\"@context\":\"https:\/\/schema.org\",\"@graph\":[{\"@type\":\"WebPage\",\"@id\":\"https:\/\/welle.ee\/ee\/soogilaud-manchester-180-cm\/\",\"url\":\"https:\/\/welle.ee\/ee\/soogilaud-manchester-180-cm\/\",\"name\":\"S\u00f6\u00f6gilaud MANCHESTER 180 cm - Welle\",\"isPartOf\":{\"@id\":\"https:\/\/welle.ee\/ee\/#website\"},\"primaryImageOfPage\":{\"@id\":\"https:\/\/welle.ee\/ee\/soogilaud-manchester-180-cm\/#primaryimage\"},\"image\":{\"@id\":\"https:\/\/welle.ee\/ee\/soogilaud-manchester-180-cm\/#primaryimage\"},\"thumbnailUrl\":\"https:\/\/welle.ee\/wp-content\/uploads\/2025\/08\/aec05c6ef9b544b51a51c673ffdc65ad.jpeg\",\"datePublished\":\"2025-08-21T12:25:20+00:00\",\"dateModified\":\"2026-03-11T17:43:25+00:00\",\"breadcrumb\":{\"@id\":\"https:\/\/welle.ee\/ee\/soogilaud-manchester-180-cm\/#breadcrumb\"},\"inLanguage\":\"ee\",\"potentialAction\":[{\"@type\":\"ReadAction\",\"target\":[\"https:\/\/welle.ee\/ee\/soogilaud-manchester-180-cm\/\"]}]},{\"@type\":\"ImageObject\",\"inLanguage\":\"ee\",\"@id\":\"https:\/\/welle.ee\/ee\/soogilaud-manchester-180-cm\/#primaryimage\",\"url\":\"https:\/\/welle.ee\/wp-content\/uploads\/2025\/08\/aec05c6ef9b544b51a51c673ffdc65ad.jpeg\",\"contentUrl\":\"https:\/\/welle.ee\/wp-content\/uploads\/2025\/08\/aec05c6ef9b544b51a51c673ffdc65ad.jpeg\",\"width\":800,\"height\":534},{\"@type\":\"BreadcrumbList\",\"@id\":\"https:\/\/welle.ee\/ee\/soogilaud-manchester-180-cm\/#breadcrumb\",\"itemListElement\":[{\"@type\":\"ListItem\",\"position\":1,\"name\":\"\u0413\u043b\u0430\u0432\u043d\u0430\u044f \u0441\u0442\u0440\u0430\u043d\u0438\u0446\u0430\",\"item\":\"https:\/\/welle.ee\/ee\/\"},{\"@type\":\"ListItem\",\"position\":2,\"name\":\"Tooted\",\"item\":\"https:\/\/welle.ee\/ee\/tooted\/\"},{\"@type\":\"ListItem\",\"position\":3,\"name\":\"S\u00f6\u00f6gilaud MANCHESTER 180 cm\"}]},{\"@type\":\"WebSite\",\"@id\":\"https:\/\/welle.ee\/ee\/#website\",\"url\":\"https:\/\/welle.ee\/ee\/\",\"name\":\"Welle\",\"description\":\"\",\"potentialAction\":[{\"@type\":\"SearchAction\",\"target\":{\"@type\":\"EntryPoint\",\"urlTemplate\":\"https:\/\/welle.ee\/ee\/?s={search_term_string}\"},\"query-input\":{\"@type\":\"PropertyValueSpecification\",\"valueRequired\":true,\"valueName\":\"search_term_string\"}}],\"inLanguage\":\"ee\"}]}<\/script>\n<!-- \/ Yoast SEO plugin. -->","yoast_head_json":{"title":"S\u00f6\u00f6gilaud MANCHESTER 180 cm - Welle","robots":{"index":"index","follow":"follow","max-snippet":"max-snippet:-1","max-image-preview":"max-image-preview:large","max-video-preview":"max-video-preview:-1"},"canonical":"https:\/\/welle.ee\/ee\/soogilaud-manchester-180-cm\/","og_locale":"en_US","og_type":"article","og_title":"S\u00f6\u00f6gilaud MANCHESTER 180 cm - Welle","og_description":"Lauaplaat on spooniga kaetud MDF-st Karkass metallist Viimistlus: p\u00e4hkel\/must\/kuldne Tarnitakse detailidena","og_url":"https:\/\/welle.ee\/ee\/soogilaud-manchester-180-cm\/","og_site_name":"Welle","article_modified_time":"2026-03-11T17:43:25+00:00","og_image":[{"width":800,"height":534,"url":"https:\/\/welle.ee\/wp-content\/uploads\/2025\/08\/aec05c6ef9b544b51a51c673ffdc65ad.jpeg","type":"image\/jpeg"}],"twitter_card":"summary_large_image","schema":{"@context":"https:\/\/schema.org","@graph":[{"@type":"WebPage","@id":"https:\/\/welle.ee\/ee\/soogilaud-manchester-180-cm\/","url":"https:\/\/welle.ee\/ee\/soogilaud-manchester-180-cm\/","name":"S\u00f6\u00f6gilaud MANCHESTER 180 cm - Welle","isPartOf":{"@id":"https:\/\/welle.ee\/ee\/#website"},"primaryImageOfPage":{"@id":"https:\/\/welle.ee\/ee\/soogilaud-manchester-180-cm\/#primaryimage"},"image":{"@id":"https:\/\/welle.ee\/ee\/soogilaud-manchester-180-cm\/#primaryimage"},"thumbnailUrl":"https:\/\/welle.ee\/wp-content\/uploads\/2025\/08\/aec05c6ef9b544b51a51c673ffdc65ad.jpeg","datePublished":"2025-08-21T12:25:20+00:00","dateModified":"2026-03-11T17:43:25+00:00","breadcrumb":{"@id":"https:\/\/welle.ee\/ee\/soogilaud-manchester-180-cm\/#breadcrumb"},"inLanguage":"ee","potentialAction":[{"@type":"ReadAction","target":["https:\/\/welle.ee\/ee\/soogilaud-manchester-180-cm\/"]}]},{"@type":"ImageObject","inLanguage":"ee","@id":"https:\/\/welle.ee\/ee\/soogilaud-manchester-180-cm\/#primaryimage","url":"https:\/\/welle.ee\/wp-content\/uploads\/2025\/08\/aec05c6ef9b544b51a51c673ffdc65ad.jpeg","contentUrl":"https:\/\/welle.ee\/wp-content\/uploads\/2025\/08\/aec05c6ef9b544b51a51c673ffdc65ad.jpeg","width":800,"height":534},{"@type":"BreadcrumbList","@id":"https:\/\/welle.ee\/ee\/soogilaud-manchester-180-cm\/#breadcrumb","itemListElement":[{"@type":"ListItem","position":1,"name":"\u0413\u043b\u0430\u0432\u043d\u0430\u044f \u0441\u0442\u0440\u0430\u043d\u0438\u0446\u0430","item":"https:\/\/welle.ee\/ee\/"},{"@type":"ListItem","position":2,"name":"Tooted","item":"https:\/\/welle.ee\/ee\/tooted\/"},{"@type":"ListItem","position":3,"name":"S\u00f6\u00f6gilaud MANCHESTER 180 cm"}]},{"@type":"WebSite","@id":"https:\/\/welle.ee\/ee\/#website","url":"https:\/\/welle.ee\/ee\/","name":"Welle","description":"","potentialAction":[{"@type":"SearchAction","target":{"@type":"EntryPoint","urlTemplate":"https:\/\/welle.ee\/ee\/?s={search_term_string}"},"query-input":{"@type":"PropertyValueSpecification","valueRequired":true,"valueName":"search_term_string"}}],"inLanguage":"ee"}]}},"_links":{"self":[{"href":"https:\/\/welle.ee\/ee\/wp-json\/wp\/v2\/product\/408563","targetHints":{"allow":["GET"]}}],"collection":[{"href":"https:\/\/welle.ee\/ee\/wp-json\/wp\/v2\/product"}],"about":[{"href":"https:\/\/welle.ee\/ee\/wp-json\/wp\/v2\/types\/product"}],"version-history":[{"count":1,"href":"https:\/\/welle.ee\/ee\/wp-json\/wp\/v2\/product\/408563\/revisions"}],"predecessor-version":[{"id":481067,"href":"https:\/\/welle.ee\/ee\/wp-json\/wp\/v2\/product\/408563\/revisions\/481067"}],"wp:featuredmedia":[{"embeddable":true,"href":"https:\/\/welle.ee\/ee\/wp-json\/wp\/v2\/media\/408564"}],"wp:attachment":[{"href":"https:\/\/welle.ee\/ee\/wp-json\/wp\/v2\/media?parent=408563"}],"wp:term":[{"taxonomy":"product_brand","embeddable":true,"href":"https:\/\/welle.ee\/ee\/wp-json\/wp\/v2\/product_brand?post=408563"},{"taxonomy":"product_cat","embeddable":true,"href":"https:\/\/welle.ee\/ee\/wp-json\/wp\/v2\/product_cat?post=408563"},{"taxonomy":"product_tag","embeddable":true,"href":"https:\/\/welle.ee\/ee\/wp-json\/wp\/v2\/product_tag?post=408563"}],"curies":[{"name":"wp","href":"https:\/\/api.w.org\/{rel}","templated":true}]}}