{"id":408901,"date":"2025-08-21T12:25:41","date_gmt":"2025-08-21T12:25:41","guid":{"rendered":"https:\/\/wellefurniture.eu\/pesukastiga-voodi-modena-180\/"},"modified":"2025-12-29T11:50:47","modified_gmt":"2025-12-29T11:50:47","slug":"pesukastiga-voodi-modena-180","status":"publish","type":"product","link":"https:\/\/welle.ee\/ee\/pesukastiga-voodi-modena-180\/","title":{"rendered":"Pesukastiga voodi MODENA 180"},"content":{"rendered":"<ul>\n<li>Voodi madratsile 180&#215;200 cm<\/li>\n<li>Voodikarkass on valmistatud m\u00f6\u00f6bliplaadist ja puidust<\/li>\n<li>Kaetud halli kangaga<\/li>\n<li>4 sahtlit<\/li>\n<li>Madrats ei kuulu komplekti<\/li>\n<li>Voodip\u00f5hi on hinna sees<\/li>\n<li>Tarnitakse detailidena<\/li>\n<\/ul>\n","protected":false},"excerpt":{"rendered":"<p>Voodi madratsile 180&#215;200 cm Voodikarkass on valmistatud m\u00f6\u00f6bliplaadist ja puidust Kaetud halli kangaga 4 sahtlit Madrats ei kuulu komplekti Voodip\u00f5hi<\/p>\n","protected":false},"featured_media":408902,"template":"","meta":[],"product_brand":[],"product_cat":[2353,2346,2348],"product_tag":[],"class_list":{"0":"post-408901","1":"product","2":"type-product","3":"status-publish","4":"has-post-thumbnail","6":"product_cat-shop","7":"product_cat-bad","8":"product_cat-beds","9":"pa_bed_size-bed-size-180x200","10":"pa_color-grey","11":"pa_height-2727","12":"pa_height_range-h-101-150","13":"pa_length-2659","14":"pa_length_range-l-200","15":"pa_manufacturer-halmar","16":"pa_material-moobliplaat","17":"pa_width-3863","18":"pa_width_range-w-151-200","20":"first","21":"instock","22":"sale","23":"taxable","24":"shipping-taxable","25":"purchasable","26":"product-type-simple"},"yoast_head":"<!-- This site is optimized with the Yoast SEO plugin v26.2 - https:\/\/yoast.com\/wordpress\/plugins\/seo\/ -->\n<title>Pesukastiga voodi MODENA 180 - Welle<\/title>\n<meta name=\"robots\" content=\"index, follow, max-snippet:-1, max-image-preview:large, max-video-preview:-1\" \/>\n<link rel=\"canonical\" href=\"https:\/\/welle.ee\/ee\/pesukastiga-voodi-modena-180\/\" \/>\n<meta property=\"og:locale\" content=\"en_US\" \/>\n<meta property=\"og:type\" content=\"article\" \/>\n<meta property=\"og:title\" content=\"Pesukastiga voodi MODENA 180 - Welle\" \/>\n<meta property=\"og:description\" content=\"Voodi madratsile 180&#215;200 cm Voodikarkass on valmistatud m\u00f6\u00f6bliplaadist ja puidust Kaetud halli kangaga 4 sahtlit Madrats ei kuulu komplekti Voodip\u00f5hi\" \/>\n<meta property=\"og:url\" content=\"https:\/\/welle.ee\/ee\/pesukastiga-voodi-modena-180\/\" \/>\n<meta property=\"og:site_name\" content=\"Welle\" \/>\n<meta property=\"article:modified_time\" content=\"2025-12-29T11:50:47+00:00\" \/>\n<meta property=\"og:image\" content=\"https:\/\/welle.ee\/wp-content\/uploads\/2025\/08\/b6971e952a51e7b8b4f7ee7f6e377491.jpeg\" \/>\n\t<meta property=\"og:image:width\" content=\"800\" \/>\n\t<meta property=\"og:image:height\" content=\"736\" \/>\n\t<meta property=\"og:image:type\" content=\"image\/jpeg\" \/>\n<meta name=\"twitter:card\" content=\"summary_large_image\" \/>\n<script type=\"application\/ld+json\" class=\"yoast-schema-graph\">{\"@context\":\"https:\/\/schema.org\",\"@graph\":[{\"@type\":\"WebPage\",\"@id\":\"https:\/\/welle.ee\/ee\/pesukastiga-voodi-modena-180\/\",\"url\":\"https:\/\/welle.ee\/ee\/pesukastiga-voodi-modena-180\/\",\"name\":\"Pesukastiga voodi MODENA 180 - Welle\",\"isPartOf\":{\"@id\":\"https:\/\/welle.ee\/ee\/#website\"},\"primaryImageOfPage\":{\"@id\":\"https:\/\/welle.ee\/ee\/pesukastiga-voodi-modena-180\/#primaryimage\"},\"image\":{\"@id\":\"https:\/\/welle.ee\/ee\/pesukastiga-voodi-modena-180\/#primaryimage\"},\"thumbnailUrl\":\"https:\/\/welle.ee\/wp-content\/uploads\/2025\/08\/b6971e952a51e7b8b4f7ee7f6e377491.jpeg\",\"datePublished\":\"2025-08-21T12:25:41+00:00\",\"dateModified\":\"2025-12-29T11:50:47+00:00\",\"breadcrumb\":{\"@id\":\"https:\/\/welle.ee\/ee\/pesukastiga-voodi-modena-180\/#breadcrumb\"},\"inLanguage\":\"ee\",\"potentialAction\":[{\"@type\":\"ReadAction\",\"target\":[\"https:\/\/welle.ee\/ee\/pesukastiga-voodi-modena-180\/\"]}]},{\"@type\":\"ImageObject\",\"inLanguage\":\"ee\",\"@id\":\"https:\/\/welle.ee\/ee\/pesukastiga-voodi-modena-180\/#primaryimage\",\"url\":\"https:\/\/welle.ee\/wp-content\/uploads\/2025\/08\/b6971e952a51e7b8b4f7ee7f6e377491.jpeg\",\"contentUrl\":\"https:\/\/welle.ee\/wp-content\/uploads\/2025\/08\/b6971e952a51e7b8b4f7ee7f6e377491.jpeg\",\"width\":800,\"height\":736},{\"@type\":\"BreadcrumbList\",\"@id\":\"https:\/\/welle.ee\/ee\/pesukastiga-voodi-modena-180\/#breadcrumb\",\"itemListElement\":[{\"@type\":\"ListItem\",\"position\":1,\"name\":\"\u0413\u043b\u0430\u0432\u043d\u0430\u044f \u0441\u0442\u0440\u0430\u043d\u0438\u0446\u0430\",\"item\":\"https:\/\/welle.ee\/ee\/\"},{\"@type\":\"ListItem\",\"position\":2,\"name\":\"Tooted\",\"item\":\"https:\/\/welle.ee\/ee\/tooted\/\"},{\"@type\":\"ListItem\",\"position\":3,\"name\":\"Pesukastiga voodi MODENA 180\"}]},{\"@type\":\"WebSite\",\"@id\":\"https:\/\/welle.ee\/ee\/#website\",\"url\":\"https:\/\/welle.ee\/ee\/\",\"name\":\"Welle\",\"description\":\"\",\"potentialAction\":[{\"@type\":\"SearchAction\",\"target\":{\"@type\":\"EntryPoint\",\"urlTemplate\":\"https:\/\/welle.ee\/ee\/?s={search_term_string}\"},\"query-input\":{\"@type\":\"PropertyValueSpecification\",\"valueRequired\":true,\"valueName\":\"search_term_string\"}}],\"inLanguage\":\"ee\"}]}<\/script>\n<!-- \/ Yoast SEO plugin. -->","yoast_head_json":{"title":"Pesukastiga voodi MODENA 180 - Welle","robots":{"index":"index","follow":"follow","max-snippet":"max-snippet:-1","max-image-preview":"max-image-preview:large","max-video-preview":"max-video-preview:-1"},"canonical":"https:\/\/welle.ee\/ee\/pesukastiga-voodi-modena-180\/","og_locale":"en_US","og_type":"article","og_title":"Pesukastiga voodi MODENA 180 - Welle","og_description":"Voodi madratsile 180&#215;200 cm Voodikarkass on valmistatud m\u00f6\u00f6bliplaadist ja puidust Kaetud halli kangaga 4 sahtlit Madrats ei kuulu komplekti Voodip\u00f5hi","og_url":"https:\/\/welle.ee\/ee\/pesukastiga-voodi-modena-180\/","og_site_name":"Welle","article_modified_time":"2025-12-29T11:50:47+00:00","og_image":[{"width":800,"height":736,"url":"https:\/\/welle.ee\/wp-content\/uploads\/2025\/08\/b6971e952a51e7b8b4f7ee7f6e377491.jpeg","type":"image\/jpeg"}],"twitter_card":"summary_large_image","schema":{"@context":"https:\/\/schema.org","@graph":[{"@type":"WebPage","@id":"https:\/\/welle.ee\/ee\/pesukastiga-voodi-modena-180\/","url":"https:\/\/welle.ee\/ee\/pesukastiga-voodi-modena-180\/","name":"Pesukastiga voodi MODENA 180 - Welle","isPartOf":{"@id":"https:\/\/welle.ee\/ee\/#website"},"primaryImageOfPage":{"@id":"https:\/\/welle.ee\/ee\/pesukastiga-voodi-modena-180\/#primaryimage"},"image":{"@id":"https:\/\/welle.ee\/ee\/pesukastiga-voodi-modena-180\/#primaryimage"},"thumbnailUrl":"https:\/\/welle.ee\/wp-content\/uploads\/2025\/08\/b6971e952a51e7b8b4f7ee7f6e377491.jpeg","datePublished":"2025-08-21T12:25:41+00:00","dateModified":"2025-12-29T11:50:47+00:00","breadcrumb":{"@id":"https:\/\/welle.ee\/ee\/pesukastiga-voodi-modena-180\/#breadcrumb"},"inLanguage":"ee","potentialAction":[{"@type":"ReadAction","target":["https:\/\/welle.ee\/ee\/pesukastiga-voodi-modena-180\/"]}]},{"@type":"ImageObject","inLanguage":"ee","@id":"https:\/\/welle.ee\/ee\/pesukastiga-voodi-modena-180\/#primaryimage","url":"https:\/\/welle.ee\/wp-content\/uploads\/2025\/08\/b6971e952a51e7b8b4f7ee7f6e377491.jpeg","contentUrl":"https:\/\/welle.ee\/wp-content\/uploads\/2025\/08\/b6971e952a51e7b8b4f7ee7f6e377491.jpeg","width":800,"height":736},{"@type":"BreadcrumbList","@id":"https:\/\/welle.ee\/ee\/pesukastiga-voodi-modena-180\/#breadcrumb","itemListElement":[{"@type":"ListItem","position":1,"name":"\u0413\u043b\u0430\u0432\u043d\u0430\u044f \u0441\u0442\u0440\u0430\u043d\u0438\u0446\u0430","item":"https:\/\/welle.ee\/ee\/"},{"@type":"ListItem","position":2,"name":"Tooted","item":"https:\/\/welle.ee\/ee\/tooted\/"},{"@type":"ListItem","position":3,"name":"Pesukastiga voodi MODENA 180"}]},{"@type":"WebSite","@id":"https:\/\/welle.ee\/ee\/#website","url":"https:\/\/welle.ee\/ee\/","name":"Welle","description":"","potentialAction":[{"@type":"SearchAction","target":{"@type":"EntryPoint","urlTemplate":"https:\/\/welle.ee\/ee\/?s={search_term_string}"},"query-input":{"@type":"PropertyValueSpecification","valueRequired":true,"valueName":"search_term_string"}}],"inLanguage":"ee"}]}},"_links":{"self":[{"href":"https:\/\/welle.ee\/ee\/wp-json\/wp\/v2\/product\/408901","targetHints":{"allow":["GET"]}}],"collection":[{"href":"https:\/\/welle.ee\/ee\/wp-json\/wp\/v2\/product"}],"about":[{"href":"https:\/\/welle.ee\/ee\/wp-json\/wp\/v2\/types\/product"}],"version-history":[{"count":2,"href":"https:\/\/welle.ee\/ee\/wp-json\/wp\/v2\/product\/408901\/revisions"}],"predecessor-version":[{"id":487254,"href":"https:\/\/welle.ee\/ee\/wp-json\/wp\/v2\/product\/408901\/revisions\/487254"}],"wp:featuredmedia":[{"embeddable":true,"href":"https:\/\/welle.ee\/ee\/wp-json\/wp\/v2\/media\/408902"}],"wp:attachment":[{"href":"https:\/\/welle.ee\/ee\/wp-json\/wp\/v2\/media?parent=408901"}],"wp:term":[{"taxonomy":"product_brand","embeddable":true,"href":"https:\/\/welle.ee\/ee\/wp-json\/wp\/v2\/product_brand?post=408901"},{"taxonomy":"product_cat","embeddable":true,"href":"https:\/\/welle.ee\/ee\/wp-json\/wp\/v2\/product_cat?post=408901"},{"taxonomy":"product_tag","embeddable":true,"href":"https:\/\/welle.ee\/ee\/wp-json\/wp\/v2\/product_tag?post=408901"}],"curies":[{"name":"wp","href":"https:\/\/api.w.org\/{rel}","templated":true}]}}