{"id":409975,"date":"2025-08-21T12:27:03","date_gmt":"2025-08-21T12:27:03","guid":{"rendered":"https:\/\/wellefurniture.eu\/pikendatav-soogilaud-beata-kastan-wenge\/"},"modified":"2025-12-01T17:50:53","modified_gmt":"2025-12-01T17:50:53","slug":"pikendatav-soogilaud-beata-kastan-wenge","status":"publish","type":"product","link":"https:\/\/welle.ee\/ee\/pikendatav-soogilaud-beata-kastan-wenge\/","title":{"rendered":"PIKENDATAV S\u00d6\u00d6GILAUD BEATA KASTAN wenge"},"content":{"rendered":"<ul>\n<li>Lauaplaat on valmistatud lamineeritud\u00a0m\u00f6\u00f6bliplaadist<\/li>\n<li>Jalad t\u00e4ispuidust<\/li>\n<li>Laua k\u00f5rgust saab reguleerida<\/li>\n<li>Lisaplaat kuulub komplekti<\/li>\n<li>Viimistlus: wenge<\/li>\n<li>Tarnitakse detailidena<\/li>\n<\/ul>\n","protected":false},"excerpt":{"rendered":"<p>Lauaplaat on valmistatud lamineeritud\u00a0m\u00f6\u00f6bliplaadist Jalad t\u00e4ispuidust Laua k\u00f5rgust saab reguleerida Lisaplaat kuulub komplekti Viimistlus: wenge Tarnitakse detailidena<\/p>\n","protected":false},"featured_media":409976,"template":"","meta":[],"product_brand":[],"product_cat":[2393,2353,2388,2395,2400,2401,2397],"product_tag":[],"class_list":{"0":"post-409975","1":"product","2":"type-product","3":"status-publish","4":"has-post-thumbnail","6":"product_cat-servtable","7":"product_cat-shop","8":"product_cat-chairs","9":"product_cat-laudtransform002","10":"product_cat-pikendatavad-soogilauad","11":"product_cat-puidust-soogilauad","12":"product_cat-dinchiar","13":"pa_color-brown","14":"pa_height-60-77","15":"pa_height_range-h-50-100","16":"pa_length-130-170","17":"pa_length_range-l-101-150","18":"pa_manufacturer-signal","19":"pa_material-moobliplaat","20":"pa_width-2720","21":"pa_width_range-w-50-100","23":"first","24":"instock","25":"sale","26":"taxable","27":"shipping-taxable","28":"purchasable","29":"product-type-simple"},"yoast_head":"<!-- This site is optimized with the Yoast SEO plugin v26.2 - https:\/\/yoast.com\/wordpress\/plugins\/seo\/ -->\n<title>PIKENDATAV S\u00d6\u00d6GILAUD BEATA KASTAN wenge - Welle<\/title>\n<meta name=\"robots\" content=\"index, follow, max-snippet:-1, max-image-preview:large, max-video-preview:-1\" \/>\n<link rel=\"canonical\" href=\"https:\/\/welle.ee\/ee\/pikendatav-soogilaud-beata-kastan-wenge\/\" \/>\n<meta property=\"og:locale\" content=\"en_US\" \/>\n<meta property=\"og:type\" content=\"article\" \/>\n<meta property=\"og:title\" content=\"PIKENDATAV S\u00d6\u00d6GILAUD BEATA KASTAN wenge - Welle\" \/>\n<meta property=\"og:description\" content=\"Lauaplaat on valmistatud lamineeritud\u00a0m\u00f6\u00f6bliplaadist Jalad t\u00e4ispuidust Laua k\u00f5rgust saab reguleerida Lisaplaat kuulub komplekti Viimistlus: wenge Tarnitakse detailidena\" \/>\n<meta property=\"og:url\" content=\"https:\/\/welle.ee\/ee\/pikendatav-soogilaud-beata-kastan-wenge\/\" \/>\n<meta property=\"og:site_name\" content=\"Welle\" \/>\n<meta property=\"article:modified_time\" content=\"2025-12-01T17:50:53+00:00\" \/>\n<meta property=\"og:image\" content=\"https:\/\/welle.ee\/wp-content\/uploads\/2025\/08\/beata_00491-lawostol-beata-kolor-venge-130_170_x67x60_77_.jpg\" \/>\n\t<meta property=\"og:image:width\" content=\"1920\" \/>\n\t<meta property=\"og:image:height\" content=\"1174\" \/>\n\t<meta property=\"og:image:type\" content=\"image\/jpeg\" \/>\n<meta name=\"twitter:card\" content=\"summary_large_image\" \/>\n<script type=\"application\/ld+json\" class=\"yoast-schema-graph\">{\"@context\":\"https:\/\/schema.org\",\"@graph\":[{\"@type\":\"WebPage\",\"@id\":\"https:\/\/welle.ee\/ee\/pikendatav-soogilaud-beata-kastan-wenge\/\",\"url\":\"https:\/\/welle.ee\/ee\/pikendatav-soogilaud-beata-kastan-wenge\/\",\"name\":\"PIKENDATAV S\u00d6\u00d6GILAUD BEATA KASTAN wenge - Welle\",\"isPartOf\":{\"@id\":\"https:\/\/welle.ee\/ee\/#website\"},\"primaryImageOfPage\":{\"@id\":\"https:\/\/welle.ee\/ee\/pikendatav-soogilaud-beata-kastan-wenge\/#primaryimage\"},\"image\":{\"@id\":\"https:\/\/welle.ee\/ee\/pikendatav-soogilaud-beata-kastan-wenge\/#primaryimage\"},\"thumbnailUrl\":\"https:\/\/welle.ee\/wp-content\/uploads\/2025\/08\/beata_00491-lawostol-beata-kolor-venge-130_170_x67x60_77_.jpg\",\"datePublished\":\"2025-08-21T12:27:03+00:00\",\"dateModified\":\"2025-12-01T17:50:53+00:00\",\"breadcrumb\":{\"@id\":\"https:\/\/welle.ee\/ee\/pikendatav-soogilaud-beata-kastan-wenge\/#breadcrumb\"},\"inLanguage\":\"ee\",\"potentialAction\":[{\"@type\":\"ReadAction\",\"target\":[\"https:\/\/welle.ee\/ee\/pikendatav-soogilaud-beata-kastan-wenge\/\"]}]},{\"@type\":\"ImageObject\",\"inLanguage\":\"ee\",\"@id\":\"https:\/\/welle.ee\/ee\/pikendatav-soogilaud-beata-kastan-wenge\/#primaryimage\",\"url\":\"https:\/\/welle.ee\/wp-content\/uploads\/2025\/08\/beata_00491-lawostol-beata-kolor-venge-130_170_x67x60_77_.jpg\",\"contentUrl\":\"https:\/\/welle.ee\/wp-content\/uploads\/2025\/08\/beata_00491-lawostol-beata-kolor-venge-130_170_x67x60_77_.jpg\",\"width\":1920,\"height\":1174},{\"@type\":\"BreadcrumbList\",\"@id\":\"https:\/\/welle.ee\/ee\/pikendatav-soogilaud-beata-kastan-wenge\/#breadcrumb\",\"itemListElement\":[{\"@type\":\"ListItem\",\"position\":1,\"name\":\"\u0413\u043b\u0430\u0432\u043d\u0430\u044f \u0441\u0442\u0440\u0430\u043d\u0438\u0446\u0430\",\"item\":\"https:\/\/welle.ee\/ee\/\"},{\"@type\":\"ListItem\",\"position\":2,\"name\":\"Tooted\",\"item\":\"https:\/\/welle.ee\/ee\/tooted\/\"},{\"@type\":\"ListItem\",\"position\":3,\"name\":\"PIKENDATAV S\u00d6\u00d6GILAUD BEATA KASTAN wenge\"}]},{\"@type\":\"WebSite\",\"@id\":\"https:\/\/welle.ee\/ee\/#website\",\"url\":\"https:\/\/welle.ee\/ee\/\",\"name\":\"Welle\",\"description\":\"\",\"potentialAction\":[{\"@type\":\"SearchAction\",\"target\":{\"@type\":\"EntryPoint\",\"urlTemplate\":\"https:\/\/welle.ee\/ee\/?s={search_term_string}\"},\"query-input\":{\"@type\":\"PropertyValueSpecification\",\"valueRequired\":true,\"valueName\":\"search_term_string\"}}],\"inLanguage\":\"ee\"}]}<\/script>\n<!-- \/ Yoast SEO plugin. -->","yoast_head_json":{"title":"PIKENDATAV S\u00d6\u00d6GILAUD BEATA KASTAN wenge - Welle","robots":{"index":"index","follow":"follow","max-snippet":"max-snippet:-1","max-image-preview":"max-image-preview:large","max-video-preview":"max-video-preview:-1"},"canonical":"https:\/\/welle.ee\/ee\/pikendatav-soogilaud-beata-kastan-wenge\/","og_locale":"en_US","og_type":"article","og_title":"PIKENDATAV S\u00d6\u00d6GILAUD BEATA KASTAN wenge - Welle","og_description":"Lauaplaat on valmistatud lamineeritud\u00a0m\u00f6\u00f6bliplaadist Jalad t\u00e4ispuidust Laua k\u00f5rgust saab reguleerida Lisaplaat kuulub komplekti Viimistlus: wenge Tarnitakse detailidena","og_url":"https:\/\/welle.ee\/ee\/pikendatav-soogilaud-beata-kastan-wenge\/","og_site_name":"Welle","article_modified_time":"2025-12-01T17:50:53+00:00","og_image":[{"width":1920,"height":1174,"url":"https:\/\/welle.ee\/wp-content\/uploads\/2025\/08\/beata_00491-lawostol-beata-kolor-venge-130_170_x67x60_77_.jpg","type":"image\/jpeg"}],"twitter_card":"summary_large_image","schema":{"@context":"https:\/\/schema.org","@graph":[{"@type":"WebPage","@id":"https:\/\/welle.ee\/ee\/pikendatav-soogilaud-beata-kastan-wenge\/","url":"https:\/\/welle.ee\/ee\/pikendatav-soogilaud-beata-kastan-wenge\/","name":"PIKENDATAV S\u00d6\u00d6GILAUD BEATA KASTAN wenge - Welle","isPartOf":{"@id":"https:\/\/welle.ee\/ee\/#website"},"primaryImageOfPage":{"@id":"https:\/\/welle.ee\/ee\/pikendatav-soogilaud-beata-kastan-wenge\/#primaryimage"},"image":{"@id":"https:\/\/welle.ee\/ee\/pikendatav-soogilaud-beata-kastan-wenge\/#primaryimage"},"thumbnailUrl":"https:\/\/welle.ee\/wp-content\/uploads\/2025\/08\/beata_00491-lawostol-beata-kolor-venge-130_170_x67x60_77_.jpg","datePublished":"2025-08-21T12:27:03+00:00","dateModified":"2025-12-01T17:50:53+00:00","breadcrumb":{"@id":"https:\/\/welle.ee\/ee\/pikendatav-soogilaud-beata-kastan-wenge\/#breadcrumb"},"inLanguage":"ee","potentialAction":[{"@type":"ReadAction","target":["https:\/\/welle.ee\/ee\/pikendatav-soogilaud-beata-kastan-wenge\/"]}]},{"@type":"ImageObject","inLanguage":"ee","@id":"https:\/\/welle.ee\/ee\/pikendatav-soogilaud-beata-kastan-wenge\/#primaryimage","url":"https:\/\/welle.ee\/wp-content\/uploads\/2025\/08\/beata_00491-lawostol-beata-kolor-venge-130_170_x67x60_77_.jpg","contentUrl":"https:\/\/welle.ee\/wp-content\/uploads\/2025\/08\/beata_00491-lawostol-beata-kolor-venge-130_170_x67x60_77_.jpg","width":1920,"height":1174},{"@type":"BreadcrumbList","@id":"https:\/\/welle.ee\/ee\/pikendatav-soogilaud-beata-kastan-wenge\/#breadcrumb","itemListElement":[{"@type":"ListItem","position":1,"name":"\u0413\u043b\u0430\u0432\u043d\u0430\u044f \u0441\u0442\u0440\u0430\u043d\u0438\u0446\u0430","item":"https:\/\/welle.ee\/ee\/"},{"@type":"ListItem","position":2,"name":"Tooted","item":"https:\/\/welle.ee\/ee\/tooted\/"},{"@type":"ListItem","position":3,"name":"PIKENDATAV S\u00d6\u00d6GILAUD BEATA KASTAN wenge"}]},{"@type":"WebSite","@id":"https:\/\/welle.ee\/ee\/#website","url":"https:\/\/welle.ee\/ee\/","name":"Welle","description":"","potentialAction":[{"@type":"SearchAction","target":{"@type":"EntryPoint","urlTemplate":"https:\/\/welle.ee\/ee\/?s={search_term_string}"},"query-input":{"@type":"PropertyValueSpecification","valueRequired":true,"valueName":"search_term_string"}}],"inLanguage":"ee"}]}},"_links":{"self":[{"href":"https:\/\/welle.ee\/ee\/wp-json\/wp\/v2\/product\/409975","targetHints":{"allow":["GET"]}}],"collection":[{"href":"https:\/\/welle.ee\/ee\/wp-json\/wp\/v2\/product"}],"about":[{"href":"https:\/\/welle.ee\/ee\/wp-json\/wp\/v2\/types\/product"}],"version-history":[{"count":1,"href":"https:\/\/welle.ee\/ee\/wp-json\/wp\/v2\/product\/409975\/revisions"}],"predecessor-version":[{"id":481213,"href":"https:\/\/welle.ee\/ee\/wp-json\/wp\/v2\/product\/409975\/revisions\/481213"}],"wp:featuredmedia":[{"embeddable":true,"href":"https:\/\/welle.ee\/ee\/wp-json\/wp\/v2\/media\/409976"}],"wp:attachment":[{"href":"https:\/\/welle.ee\/ee\/wp-json\/wp\/v2\/media?parent=409975"}],"wp:term":[{"taxonomy":"product_brand","embeddable":true,"href":"https:\/\/welle.ee\/ee\/wp-json\/wp\/v2\/product_brand?post=409975"},{"taxonomy":"product_cat","embeddable":true,"href":"https:\/\/welle.ee\/ee\/wp-json\/wp\/v2\/product_cat?post=409975"},{"taxonomy":"product_tag","embeddable":true,"href":"https:\/\/welle.ee\/ee\/wp-json\/wp\/v2\/product_tag?post=409975"}],"curies":[{"name":"wp","href":"https:\/\/api.w.org\/{rel}","templated":true}]}}