{"id":411318,"date":"2025-08-21T12:29:13","date_gmt":"2025-08-21T12:29:13","guid":{"rendered":"https:\/\/wellefurniture.eu\/tootool-darian-bis-hall\/"},"modified":"2026-03-11T17:43:07","modified_gmt":"2026-03-11T17:43:07","slug":"tootool-darian-bis-hall","status":"publish","type":"product","link":"https:\/\/welle.ee\/ee\/tootool-darian-bis-hall\/","title":{"rendered":"T\u00d6\u00d6TOOL DARIAN BIS hall"},"content":{"rendered":"<ul>\n<li>Valmistatud plastikust ja kangast<\/li>\n<li>Reguleeritav istme k\u00f5rgus<\/li>\n<li>Viimistlus: hall<\/li>\n<li>Tarnitakse detailidena<\/li>\n<\/ul>\n","protected":false},"excerpt":{"rendered":"<p>Valmistatud plastikust ja kangast Reguleeritav istme k\u00f5rgus Viimistlus: hall Tarnitakse detailidena<\/p>\n","protected":false},"featured_media":411319,"template":"","meta":[],"product_brand":[],"product_cat":[2353,2394,2382,2387,2388],"product_tag":[],"class_list":{"0":"post-411318","1":"product","2":"type-product","3":"status-publish","4":"has-post-thumbnail","6":"product_cat-shop","7":"product_cat-workchiar","8":"product_cat-childroom","9":"product_cat-childchair","10":"product_cat-chairs","11":"pa_color-grey","12":"pa_height-84-96","13":"pa_height_range-h-50-100","14":"pa_length-2713","15":"pa_length_range-l-50-100","16":"pa_manufacturer-halmar","17":"pa_material-fabric","18":"pa_width-3284","19":"pa_width_range-w-50-100","21":"first","22":"instock","23":"sale","24":"taxable","25":"shipping-taxable","26":"purchasable","27":"product-type-simple"},"yoast_head":"<!-- This site is optimized with the Yoast SEO plugin v26.2 - https:\/\/yoast.com\/wordpress\/plugins\/seo\/ -->\n<title>T\u00d6\u00d6TOOL DARIAN BIS hall - Welle<\/title>\n<meta name=\"robots\" content=\"index, follow, max-snippet:-1, max-image-preview:large, max-video-preview:-1\" \/>\n<link rel=\"canonical\" href=\"https:\/\/welle.ee\/ee\/tootool-darian-bis-hall\/\" \/>\n<meta property=\"og:locale\" content=\"en_US\" \/>\n<meta property=\"og:type\" content=\"article\" \/>\n<meta property=\"og:title\" content=\"T\u00d6\u00d6TOOL DARIAN BIS hall - Welle\" \/>\n<meta property=\"og:description\" content=\"Valmistatud plastikust ja kangast Reguleeritav istme k\u00f5rgus Viimistlus: hall Tarnitakse detailidena\" \/>\n<meta property=\"og:url\" content=\"https:\/\/welle.ee\/ee\/tootool-darian-bis-hall\/\" \/>\n<meta property=\"og:site_name\" content=\"Welle\" \/>\n<meta property=\"article:modified_time\" content=\"2026-03-11T17:43:07+00:00\" \/>\n<meta property=\"og:image\" content=\"https:\/\/welle.ee\/wp-content\/uploads\/2025\/08\/ec9c9e63f99fb0c65ef9df1edb61c821.jpeg\" \/>\n\t<meta property=\"og:image:width\" content=\"600\" \/>\n\t<meta property=\"og:image:height\" content=\"800\" \/>\n\t<meta property=\"og:image:type\" content=\"image\/jpeg\" \/>\n<meta name=\"twitter:card\" content=\"summary_large_image\" \/>\n<script type=\"application\/ld+json\" class=\"yoast-schema-graph\">{\"@context\":\"https:\/\/schema.org\",\"@graph\":[{\"@type\":\"WebPage\",\"@id\":\"https:\/\/welle.ee\/ee\/tootool-darian-bis-hall\/\",\"url\":\"https:\/\/welle.ee\/ee\/tootool-darian-bis-hall\/\",\"name\":\"T\u00d6\u00d6TOOL DARIAN BIS hall - Welle\",\"isPartOf\":{\"@id\":\"https:\/\/welle.ee\/ee\/#website\"},\"primaryImageOfPage\":{\"@id\":\"https:\/\/welle.ee\/ee\/tootool-darian-bis-hall\/#primaryimage\"},\"image\":{\"@id\":\"https:\/\/welle.ee\/ee\/tootool-darian-bis-hall\/#primaryimage\"},\"thumbnailUrl\":\"https:\/\/welle.ee\/wp-content\/uploads\/2025\/08\/ec9c9e63f99fb0c65ef9df1edb61c821.jpeg\",\"datePublished\":\"2025-08-21T12:29:13+00:00\",\"dateModified\":\"2026-03-11T17:43:07+00:00\",\"breadcrumb\":{\"@id\":\"https:\/\/welle.ee\/ee\/tootool-darian-bis-hall\/#breadcrumb\"},\"inLanguage\":\"ee\",\"potentialAction\":[{\"@type\":\"ReadAction\",\"target\":[\"https:\/\/welle.ee\/ee\/tootool-darian-bis-hall\/\"]}]},{\"@type\":\"ImageObject\",\"inLanguage\":\"ee\",\"@id\":\"https:\/\/welle.ee\/ee\/tootool-darian-bis-hall\/#primaryimage\",\"url\":\"https:\/\/welle.ee\/wp-content\/uploads\/2025\/08\/ec9c9e63f99fb0c65ef9df1edb61c821.jpeg\",\"contentUrl\":\"https:\/\/welle.ee\/wp-content\/uploads\/2025\/08\/ec9c9e63f99fb0c65ef9df1edb61c821.jpeg\",\"width\":600,\"height\":800},{\"@type\":\"BreadcrumbList\",\"@id\":\"https:\/\/welle.ee\/ee\/tootool-darian-bis-hall\/#breadcrumb\",\"itemListElement\":[{\"@type\":\"ListItem\",\"position\":1,\"name\":\"\u0413\u043b\u0430\u0432\u043d\u0430\u044f \u0441\u0442\u0440\u0430\u043d\u0438\u0446\u0430\",\"item\":\"https:\/\/welle.ee\/ee\/\"},{\"@type\":\"ListItem\",\"position\":2,\"name\":\"Tooted\",\"item\":\"https:\/\/welle.ee\/ee\/tooted\/\"},{\"@type\":\"ListItem\",\"position\":3,\"name\":\"T\u00d6\u00d6TOOL DARIAN BIS hall\"}]},{\"@type\":\"WebSite\",\"@id\":\"https:\/\/welle.ee\/ee\/#website\",\"url\":\"https:\/\/welle.ee\/ee\/\",\"name\":\"Welle\",\"description\":\"\",\"potentialAction\":[{\"@type\":\"SearchAction\",\"target\":{\"@type\":\"EntryPoint\",\"urlTemplate\":\"https:\/\/welle.ee\/ee\/?s={search_term_string}\"},\"query-input\":{\"@type\":\"PropertyValueSpecification\",\"valueRequired\":true,\"valueName\":\"search_term_string\"}}],\"inLanguage\":\"ee\"}]}<\/script>\n<!-- \/ Yoast SEO plugin. -->","yoast_head_json":{"title":"T\u00d6\u00d6TOOL DARIAN BIS hall - Welle","robots":{"index":"index","follow":"follow","max-snippet":"max-snippet:-1","max-image-preview":"max-image-preview:large","max-video-preview":"max-video-preview:-1"},"canonical":"https:\/\/welle.ee\/ee\/tootool-darian-bis-hall\/","og_locale":"en_US","og_type":"article","og_title":"T\u00d6\u00d6TOOL DARIAN BIS hall - Welle","og_description":"Valmistatud plastikust ja kangast Reguleeritav istme k\u00f5rgus Viimistlus: hall Tarnitakse detailidena","og_url":"https:\/\/welle.ee\/ee\/tootool-darian-bis-hall\/","og_site_name":"Welle","article_modified_time":"2026-03-11T17:43:07+00:00","og_image":[{"width":600,"height":800,"url":"https:\/\/welle.ee\/wp-content\/uploads\/2025\/08\/ec9c9e63f99fb0c65ef9df1edb61c821.jpeg","type":"image\/jpeg"}],"twitter_card":"summary_large_image","schema":{"@context":"https:\/\/schema.org","@graph":[{"@type":"WebPage","@id":"https:\/\/welle.ee\/ee\/tootool-darian-bis-hall\/","url":"https:\/\/welle.ee\/ee\/tootool-darian-bis-hall\/","name":"T\u00d6\u00d6TOOL DARIAN BIS hall - Welle","isPartOf":{"@id":"https:\/\/welle.ee\/ee\/#website"},"primaryImageOfPage":{"@id":"https:\/\/welle.ee\/ee\/tootool-darian-bis-hall\/#primaryimage"},"image":{"@id":"https:\/\/welle.ee\/ee\/tootool-darian-bis-hall\/#primaryimage"},"thumbnailUrl":"https:\/\/welle.ee\/wp-content\/uploads\/2025\/08\/ec9c9e63f99fb0c65ef9df1edb61c821.jpeg","datePublished":"2025-08-21T12:29:13+00:00","dateModified":"2026-03-11T17:43:07+00:00","breadcrumb":{"@id":"https:\/\/welle.ee\/ee\/tootool-darian-bis-hall\/#breadcrumb"},"inLanguage":"ee","potentialAction":[{"@type":"ReadAction","target":["https:\/\/welle.ee\/ee\/tootool-darian-bis-hall\/"]}]},{"@type":"ImageObject","inLanguage":"ee","@id":"https:\/\/welle.ee\/ee\/tootool-darian-bis-hall\/#primaryimage","url":"https:\/\/welle.ee\/wp-content\/uploads\/2025\/08\/ec9c9e63f99fb0c65ef9df1edb61c821.jpeg","contentUrl":"https:\/\/welle.ee\/wp-content\/uploads\/2025\/08\/ec9c9e63f99fb0c65ef9df1edb61c821.jpeg","width":600,"height":800},{"@type":"BreadcrumbList","@id":"https:\/\/welle.ee\/ee\/tootool-darian-bis-hall\/#breadcrumb","itemListElement":[{"@type":"ListItem","position":1,"name":"\u0413\u043b\u0430\u0432\u043d\u0430\u044f \u0441\u0442\u0440\u0430\u043d\u0438\u0446\u0430","item":"https:\/\/welle.ee\/ee\/"},{"@type":"ListItem","position":2,"name":"Tooted","item":"https:\/\/welle.ee\/ee\/tooted\/"},{"@type":"ListItem","position":3,"name":"T\u00d6\u00d6TOOL DARIAN BIS hall"}]},{"@type":"WebSite","@id":"https:\/\/welle.ee\/ee\/#website","url":"https:\/\/welle.ee\/ee\/","name":"Welle","description":"","potentialAction":[{"@type":"SearchAction","target":{"@type":"EntryPoint","urlTemplate":"https:\/\/welle.ee\/ee\/?s={search_term_string}"},"query-input":{"@type":"PropertyValueSpecification","valueRequired":true,"valueName":"search_term_string"}}],"inLanguage":"ee"}]}},"_links":{"self":[{"href":"https:\/\/welle.ee\/ee\/wp-json\/wp\/v2\/product\/411318","targetHints":{"allow":["GET"]}}],"collection":[{"href":"https:\/\/welle.ee\/ee\/wp-json\/wp\/v2\/product"}],"about":[{"href":"https:\/\/welle.ee\/ee\/wp-json\/wp\/v2\/types\/product"}],"version-history":[{"count":1,"href":"https:\/\/welle.ee\/ee\/wp-json\/wp\/v2\/product\/411318\/revisions"}],"predecessor-version":[{"id":481425,"href":"https:\/\/welle.ee\/ee\/wp-json\/wp\/v2\/product\/411318\/revisions\/481425"}],"wp:featuredmedia":[{"embeddable":true,"href":"https:\/\/welle.ee\/ee\/wp-json\/wp\/v2\/media\/411319"}],"wp:attachment":[{"href":"https:\/\/welle.ee\/ee\/wp-json\/wp\/v2\/media?parent=411318"}],"wp:term":[{"taxonomy":"product_brand","embeddable":true,"href":"https:\/\/welle.ee\/ee\/wp-json\/wp\/v2\/product_brand?post=411318"},{"taxonomy":"product_cat","embeddable":true,"href":"https:\/\/welle.ee\/ee\/wp-json\/wp\/v2\/product_cat?post=411318"},{"taxonomy":"product_tag","embeddable":true,"href":"https:\/\/welle.ee\/ee\/wp-json\/wp\/v2\/product_tag?post=411318"}],"curies":[{"name":"wp","href":"https:\/\/api.w.org\/{rel}","templated":true}]}}