{"id":412238,"date":"2025-08-21T12:30:20","date_gmt":"2025-08-21T12:30:20","guid":{"rendered":"https:\/\/wellefurniture.eu\/kummut-toledo-antratsiit-24jkdw76\/"},"modified":"2025-10-06T08:23:01","modified_gmt":"2025-10-06T08:23:01","slug":"kummut-toledo-antratsiit-24jkdw76","status":"publish","type":"product","link":"https:\/\/welle.ee\/ee\/kummut-toledo-antratsiit-24jkdw76\/","title":{"rendered":"Kummut TOLEDO ANTRATSIIT 24JKDW76"},"content":{"rendered":"<ul>\n<li>Kummut on valmistatud k\u00f5rgkvaliteetsest lamineeritud m\u00f6\u00f6bliplaadist ning MDF-ist<\/li>\n<li>3 ust, 1 sahtel<\/li>\n<li>Sees riiulid<\/li>\n<li>Esipinnad k\u00f5rgl\u00e4ikega<\/li>\n<li>Viimistlus: antratsiit\/antratsiit k\u00f5rgl\u00e4ige\/tamm grandson<\/li>\n<li>Tarnitakse detailidena<\/li>\n<\/ul>\n","protected":false},"excerpt":{"rendered":"<p>Kummut on valmistatud k\u00f5rgkvaliteetsest lamineeritud m\u00f6\u00f6bliplaadist ning MDF-ist 3 ust, 1 sahtel Sees riiulid Esipinnad k\u00f5rgl\u00e4ikega Viimistlus: antratsiit\/antratsiit k\u00f5rgl\u00e4ige\/tamm grandson<\/p>\n","protected":false},"featured_media":412239,"template":"","meta":[],"product_brand":[],"product_cat":[2349,2353,2359],"product_tag":[],"class_list":{"0":"post-412238","1":"product","2":"type-product","3":"status-publish","4":"has-post-thumbnail","6":"product_cat-livroom","7":"product_cat-shop","8":"product_cat-kummutid","9":"pa_bed_size-bed-size-200x200","10":"pa_color-grandson","11":"pa_height-4472","12":"pa_height_range-h-101-150","13":"pa_length-2602","14":"pa_length_range-l-101-150","15":"pa_manufacturer-helvetia-meble","16":"pa_material-moobliplaat","17":"pa_width-2536","18":"pa_width_range-w-50","20":"first","21":"instock","22":"taxable","23":"shipping-taxable","24":"purchasable","25":"product-type-simple"},"yoast_head":"<!-- This site is optimized with the Yoast SEO plugin v26.2 - https:\/\/yoast.com\/wordpress\/plugins\/seo\/ -->\n<title>Kummut TOLEDO ANTRATSIIT 24JKDW76 - Welle<\/title>\n<meta name=\"robots\" content=\"index, follow, max-snippet:-1, max-image-preview:large, max-video-preview:-1\" \/>\n<link rel=\"canonical\" href=\"https:\/\/welle.ee\/ee\/kummut-toledo-antratsiit-24jkdw76\/\" \/>\n<meta property=\"og:locale\" content=\"en_US\" \/>\n<meta property=\"og:type\" content=\"article\" \/>\n<meta property=\"og:title\" content=\"Kummut TOLEDO ANTRATSIIT 24JKDW76 - Welle\" \/>\n<meta property=\"og:description\" content=\"Kummut on valmistatud k\u00f5rgkvaliteetsest lamineeritud m\u00f6\u00f6bliplaadist ning MDF-ist 3 ust, 1 sahtel Sees riiulid Esipinnad k\u00f5rgl\u00e4ikega Viimistlus: antratsiit\/antratsiit k\u00f5rgl\u00e4ige\/tamm grandson\" \/>\n<meta property=\"og:url\" content=\"https:\/\/welle.ee\/ee\/kummut-toledo-antratsiit-24jkdw76\/\" \/>\n<meta property=\"og:site_name\" content=\"Welle\" \/>\n<meta property=\"article:modified_time\" content=\"2025-10-06T08:23:01+00:00\" \/>\n<meta property=\"og:image\" content=\"https:\/\/welle.ee\/wp-content\/uploads\/2025\/08\/76.jpg\" \/>\n\t<meta property=\"og:image:width\" content=\"1157\" \/>\n\t<meta property=\"og:image:height\" content=\"1200\" \/>\n\t<meta property=\"og:image:type\" content=\"image\/jpeg\" \/>\n<meta name=\"twitter:card\" content=\"summary_large_image\" \/>\n<script type=\"application\/ld+json\" class=\"yoast-schema-graph\">{\"@context\":\"https:\/\/schema.org\",\"@graph\":[{\"@type\":\"WebPage\",\"@id\":\"https:\/\/welle.ee\/ee\/kummut-toledo-antratsiit-24jkdw76\/\",\"url\":\"https:\/\/welle.ee\/ee\/kummut-toledo-antratsiit-24jkdw76\/\",\"name\":\"Kummut TOLEDO ANTRATSIIT 24JKDW76 - Welle\",\"isPartOf\":{\"@id\":\"https:\/\/welle.ee\/ee\/#website\"},\"primaryImageOfPage\":{\"@id\":\"https:\/\/welle.ee\/ee\/kummut-toledo-antratsiit-24jkdw76\/#primaryimage\"},\"image\":{\"@id\":\"https:\/\/welle.ee\/ee\/kummut-toledo-antratsiit-24jkdw76\/#primaryimage\"},\"thumbnailUrl\":\"https:\/\/welle.ee\/wp-content\/uploads\/2025\/08\/76.jpg\",\"datePublished\":\"2025-08-21T12:30:20+00:00\",\"dateModified\":\"2025-10-06T08:23:01+00:00\",\"breadcrumb\":{\"@id\":\"https:\/\/welle.ee\/ee\/kummut-toledo-antratsiit-24jkdw76\/#breadcrumb\"},\"inLanguage\":\"ee\",\"potentialAction\":[{\"@type\":\"ReadAction\",\"target\":[\"https:\/\/welle.ee\/ee\/kummut-toledo-antratsiit-24jkdw76\/\"]}]},{\"@type\":\"ImageObject\",\"inLanguage\":\"ee\",\"@id\":\"https:\/\/welle.ee\/ee\/kummut-toledo-antratsiit-24jkdw76\/#primaryimage\",\"url\":\"https:\/\/welle.ee\/wp-content\/uploads\/2025\/08\/76.jpg\",\"contentUrl\":\"https:\/\/welle.ee\/wp-content\/uploads\/2025\/08\/76.jpg\",\"width\":1157,\"height\":1200},{\"@type\":\"BreadcrumbList\",\"@id\":\"https:\/\/welle.ee\/ee\/kummut-toledo-antratsiit-24jkdw76\/#breadcrumb\",\"itemListElement\":[{\"@type\":\"ListItem\",\"position\":1,\"name\":\"\u0413\u043b\u0430\u0432\u043d\u0430\u044f \u0441\u0442\u0440\u0430\u043d\u0438\u0446\u0430\",\"item\":\"https:\/\/welle.ee\/ee\/\"},{\"@type\":\"ListItem\",\"position\":2,\"name\":\"Tooted\",\"item\":\"https:\/\/welle.ee\/ee\/tooted\/\"},{\"@type\":\"ListItem\",\"position\":3,\"name\":\"Kummut TOLEDO ANTRATSIIT 24JKDW76\"}]},{\"@type\":\"WebSite\",\"@id\":\"https:\/\/welle.ee\/ee\/#website\",\"url\":\"https:\/\/welle.ee\/ee\/\",\"name\":\"Welle\",\"description\":\"\",\"potentialAction\":[{\"@type\":\"SearchAction\",\"target\":{\"@type\":\"EntryPoint\",\"urlTemplate\":\"https:\/\/welle.ee\/ee\/?s={search_term_string}\"},\"query-input\":{\"@type\":\"PropertyValueSpecification\",\"valueRequired\":true,\"valueName\":\"search_term_string\"}}],\"inLanguage\":\"ee\"}]}<\/script>\n<!-- \/ Yoast SEO plugin. -->","yoast_head_json":{"title":"Kummut TOLEDO ANTRATSIIT 24JKDW76 - Welle","robots":{"index":"index","follow":"follow","max-snippet":"max-snippet:-1","max-image-preview":"max-image-preview:large","max-video-preview":"max-video-preview:-1"},"canonical":"https:\/\/welle.ee\/ee\/kummut-toledo-antratsiit-24jkdw76\/","og_locale":"en_US","og_type":"article","og_title":"Kummut TOLEDO ANTRATSIIT 24JKDW76 - Welle","og_description":"Kummut on valmistatud k\u00f5rgkvaliteetsest lamineeritud m\u00f6\u00f6bliplaadist ning MDF-ist 3 ust, 1 sahtel Sees riiulid Esipinnad k\u00f5rgl\u00e4ikega Viimistlus: antratsiit\/antratsiit k\u00f5rgl\u00e4ige\/tamm grandson","og_url":"https:\/\/welle.ee\/ee\/kummut-toledo-antratsiit-24jkdw76\/","og_site_name":"Welle","article_modified_time":"2025-10-06T08:23:01+00:00","og_image":[{"width":1157,"height":1200,"url":"https:\/\/welle.ee\/wp-content\/uploads\/2025\/08\/76.jpg","type":"image\/jpeg"}],"twitter_card":"summary_large_image","schema":{"@context":"https:\/\/schema.org","@graph":[{"@type":"WebPage","@id":"https:\/\/welle.ee\/ee\/kummut-toledo-antratsiit-24jkdw76\/","url":"https:\/\/welle.ee\/ee\/kummut-toledo-antratsiit-24jkdw76\/","name":"Kummut TOLEDO ANTRATSIIT 24JKDW76 - Welle","isPartOf":{"@id":"https:\/\/welle.ee\/ee\/#website"},"primaryImageOfPage":{"@id":"https:\/\/welle.ee\/ee\/kummut-toledo-antratsiit-24jkdw76\/#primaryimage"},"image":{"@id":"https:\/\/welle.ee\/ee\/kummut-toledo-antratsiit-24jkdw76\/#primaryimage"},"thumbnailUrl":"https:\/\/welle.ee\/wp-content\/uploads\/2025\/08\/76.jpg","datePublished":"2025-08-21T12:30:20+00:00","dateModified":"2025-10-06T08:23:01+00:00","breadcrumb":{"@id":"https:\/\/welle.ee\/ee\/kummut-toledo-antratsiit-24jkdw76\/#breadcrumb"},"inLanguage":"ee","potentialAction":[{"@type":"ReadAction","target":["https:\/\/welle.ee\/ee\/kummut-toledo-antratsiit-24jkdw76\/"]}]},{"@type":"ImageObject","inLanguage":"ee","@id":"https:\/\/welle.ee\/ee\/kummut-toledo-antratsiit-24jkdw76\/#primaryimage","url":"https:\/\/welle.ee\/wp-content\/uploads\/2025\/08\/76.jpg","contentUrl":"https:\/\/welle.ee\/wp-content\/uploads\/2025\/08\/76.jpg","width":1157,"height":1200},{"@type":"BreadcrumbList","@id":"https:\/\/welle.ee\/ee\/kummut-toledo-antratsiit-24jkdw76\/#breadcrumb","itemListElement":[{"@type":"ListItem","position":1,"name":"\u0413\u043b\u0430\u0432\u043d\u0430\u044f \u0441\u0442\u0440\u0430\u043d\u0438\u0446\u0430","item":"https:\/\/welle.ee\/ee\/"},{"@type":"ListItem","position":2,"name":"Tooted","item":"https:\/\/welle.ee\/ee\/tooted\/"},{"@type":"ListItem","position":3,"name":"Kummut TOLEDO ANTRATSIIT 24JKDW76"}]},{"@type":"WebSite","@id":"https:\/\/welle.ee\/ee\/#website","url":"https:\/\/welle.ee\/ee\/","name":"Welle","description":"","potentialAction":[{"@type":"SearchAction","target":{"@type":"EntryPoint","urlTemplate":"https:\/\/welle.ee\/ee\/?s={search_term_string}"},"query-input":{"@type":"PropertyValueSpecification","valueRequired":true,"valueName":"search_term_string"}}],"inLanguage":"ee"}]}},"_links":{"self":[{"href":"https:\/\/welle.ee\/ee\/wp-json\/wp\/v2\/product\/412238","targetHints":{"allow":["GET"]}}],"collection":[{"href":"https:\/\/welle.ee\/ee\/wp-json\/wp\/v2\/product"}],"about":[{"href":"https:\/\/welle.ee\/ee\/wp-json\/wp\/v2\/types\/product"}],"version-history":[{"count":1,"href":"https:\/\/welle.ee\/ee\/wp-json\/wp\/v2\/product\/412238\/revisions"}],"predecessor-version":[{"id":481526,"href":"https:\/\/welle.ee\/ee\/wp-json\/wp\/v2\/product\/412238\/revisions\/481526"}],"wp:featuredmedia":[{"embeddable":true,"href":"https:\/\/welle.ee\/ee\/wp-json\/wp\/v2\/media\/412239"}],"wp:attachment":[{"href":"https:\/\/welle.ee\/ee\/wp-json\/wp\/v2\/media?parent=412238"}],"wp:term":[{"taxonomy":"product_brand","embeddable":true,"href":"https:\/\/welle.ee\/ee\/wp-json\/wp\/v2\/product_brand?post=412238"},{"taxonomy":"product_cat","embeddable":true,"href":"https:\/\/welle.ee\/ee\/wp-json\/wp\/v2\/product_cat?post=412238"},{"taxonomy":"product_tag","embeddable":true,"href":"https:\/\/welle.ee\/ee\/wp-json\/wp\/v2\/product_tag?post=412238"}],"curies":[{"name":"wp","href":"https:\/\/api.w.org\/{rel}","templated":true}]}}