{"id":413767,"date":"2025-08-21T12:32:23","date_gmt":"2025-08-21T12:32:23","guid":{"rendered":"https:\/\/wellefurniture.eu\/tool-hals-ii-velvet-roheline-bluvel78\/"},"modified":"2025-12-01T17:33:48","modified_gmt":"2025-12-01T17:33:48","slug":"tool-hals-ii-velvet-roheline-bluvel78","status":"publish","type":"product","link":"https:\/\/welle.ee\/ee\/tool-hals-ii-velvet-roheline-bluvel78\/","title":{"rendered":"Tool HALS II velvet roheline BLUVEL78"},"content":{"rendered":"<ul>\n<li>Tooli iste ja seljatugi on kaetud rohelist v\u00e4rvi sametkangaga<\/li>\n<li>Tooli raam on musta v\u00e4rvi metallist<\/li>\n<li>Istme k\u00f5rgus 46 cm<\/li>\n<li>Tarnitakse detailidena<\/li>\n<\/ul>\n","protected":false},"excerpt":{"rendered":"<p>Tooli iste ja seljatugi on kaetud rohelist v\u00e4rvi sametkangaga Tooli raam on musta v\u00e4rvi metallist Istme k\u00f5rgus 46 cm Tarnitakse<\/p>\n","protected":false},"featured_media":413768,"template":"","meta":[],"product_brand":[],"product_cat":[2353,3593,2388,3592,2405],"product_tag":[],"class_list":{"0":"post-413767","1":"product","2":"type-product","3":"status-publish","4":"has-post-thumbnail","6":"product_cat-shop","7":"product_cat-lauad-ja-toolid","8":"product_cat-chairs","9":"product_cat-leiunurk","10":"product_cat-toolid","11":"pa_color-green","12":"pa_height-3055","13":"pa_length-2787","14":"pa_manufacturer-signal","15":"pa_material-fabric","16":"pa_width-2591","17":"pa_width_range-w-50-100","19":"first","20":"instock","21":"sale","22":"taxable","23":"shipping-taxable","24":"purchasable","25":"product-type-simple"},"yoast_head":"<!-- This site is optimized with the Yoast SEO plugin v26.2 - https:\/\/yoast.com\/wordpress\/plugins\/seo\/ -->\n<title>Tool HALS II velvet roheline BLUVEL78 - Welle<\/title>\n<meta name=\"robots\" content=\"index, follow, max-snippet:-1, max-image-preview:large, max-video-preview:-1\" \/>\n<link rel=\"canonical\" href=\"https:\/\/welle.ee\/ee\/tool-hals-ii-velvet-roheline-bluvel78\/\" \/>\n<meta property=\"og:locale\" content=\"en_US\" \/>\n<meta property=\"og:type\" content=\"article\" \/>\n<meta property=\"og:title\" content=\"Tool HALS II velvet roheline BLUVEL78 - Welle\" \/>\n<meta property=\"og:description\" content=\"Tooli iste ja seljatugi on kaetud rohelist v\u00e4rvi sametkangaga Tooli raam on musta v\u00e4rvi metallist Istme k\u00f5rgus 46 cm Tarnitakse\" \/>\n<meta property=\"og:url\" content=\"https:\/\/welle.ee\/ee\/tool-hals-ii-velvet-roheline-bluvel78\/\" \/>\n<meta property=\"og:site_name\" content=\"Welle\" \/>\n<meta property=\"article:modified_time\" content=\"2025-12-01T17:33:48+00:00\" \/>\n<meta property=\"og:image\" content=\"https:\/\/welle.ee\/wp-content\/uploads\/2025\/08\/halsiivcz_krzeslo-hals-ii-velvet-czarny-stelaz-zielony-bluvel78.jpg\" \/>\n\t<meta property=\"og:image:width\" content=\"800\" \/>\n\t<meta property=\"og:image:height\" content=\"600\" \/>\n\t<meta property=\"og:image:type\" content=\"image\/jpeg\" \/>\n<meta name=\"twitter:card\" content=\"summary_large_image\" \/>\n<script type=\"application\/ld+json\" class=\"yoast-schema-graph\">{\"@context\":\"https:\/\/schema.org\",\"@graph\":[{\"@type\":\"WebPage\",\"@id\":\"https:\/\/welle.ee\/ee\/tool-hals-ii-velvet-roheline-bluvel78\/\",\"url\":\"https:\/\/welle.ee\/ee\/tool-hals-ii-velvet-roheline-bluvel78\/\",\"name\":\"Tool HALS II velvet roheline BLUVEL78 - Welle\",\"isPartOf\":{\"@id\":\"https:\/\/welle.ee\/ee\/#website\"},\"primaryImageOfPage\":{\"@id\":\"https:\/\/welle.ee\/ee\/tool-hals-ii-velvet-roheline-bluvel78\/#primaryimage\"},\"image\":{\"@id\":\"https:\/\/welle.ee\/ee\/tool-hals-ii-velvet-roheline-bluvel78\/#primaryimage\"},\"thumbnailUrl\":\"https:\/\/welle.ee\/wp-content\/uploads\/2025\/08\/halsiivcz_krzeslo-hals-ii-velvet-czarny-stelaz-zielony-bluvel78.jpg\",\"datePublished\":\"2025-08-21T12:32:23+00:00\",\"dateModified\":\"2025-12-01T17:33:48+00:00\",\"breadcrumb\":{\"@id\":\"https:\/\/welle.ee\/ee\/tool-hals-ii-velvet-roheline-bluvel78\/#breadcrumb\"},\"inLanguage\":\"ee\",\"potentialAction\":[{\"@type\":\"ReadAction\",\"target\":[\"https:\/\/welle.ee\/ee\/tool-hals-ii-velvet-roheline-bluvel78\/\"]}]},{\"@type\":\"ImageObject\",\"inLanguage\":\"ee\",\"@id\":\"https:\/\/welle.ee\/ee\/tool-hals-ii-velvet-roheline-bluvel78\/#primaryimage\",\"url\":\"https:\/\/welle.ee\/wp-content\/uploads\/2025\/08\/halsiivcz_krzeslo-hals-ii-velvet-czarny-stelaz-zielony-bluvel78.jpg\",\"contentUrl\":\"https:\/\/welle.ee\/wp-content\/uploads\/2025\/08\/halsiivcz_krzeslo-hals-ii-velvet-czarny-stelaz-zielony-bluvel78.jpg\",\"width\":800,\"height\":600},{\"@type\":\"BreadcrumbList\",\"@id\":\"https:\/\/welle.ee\/ee\/tool-hals-ii-velvet-roheline-bluvel78\/#breadcrumb\",\"itemListElement\":[{\"@type\":\"ListItem\",\"position\":1,\"name\":\"\u0413\u043b\u0430\u0432\u043d\u0430\u044f \u0441\u0442\u0440\u0430\u043d\u0438\u0446\u0430\",\"item\":\"https:\/\/welle.ee\/ee\/\"},{\"@type\":\"ListItem\",\"position\":2,\"name\":\"Tooted\",\"item\":\"https:\/\/welle.ee\/ee\/tooted\/\"},{\"@type\":\"ListItem\",\"position\":3,\"name\":\"Tool HALS II velvet roheline BLUVEL78\"}]},{\"@type\":\"WebSite\",\"@id\":\"https:\/\/welle.ee\/ee\/#website\",\"url\":\"https:\/\/welle.ee\/ee\/\",\"name\":\"Welle\",\"description\":\"\",\"potentialAction\":[{\"@type\":\"SearchAction\",\"target\":{\"@type\":\"EntryPoint\",\"urlTemplate\":\"https:\/\/welle.ee\/ee\/?s={search_term_string}\"},\"query-input\":{\"@type\":\"PropertyValueSpecification\",\"valueRequired\":true,\"valueName\":\"search_term_string\"}}],\"inLanguage\":\"ee\"}]}<\/script>\n<!-- \/ Yoast SEO plugin. -->","yoast_head_json":{"title":"Tool HALS II velvet roheline BLUVEL78 - Welle","robots":{"index":"index","follow":"follow","max-snippet":"max-snippet:-1","max-image-preview":"max-image-preview:large","max-video-preview":"max-video-preview:-1"},"canonical":"https:\/\/welle.ee\/ee\/tool-hals-ii-velvet-roheline-bluvel78\/","og_locale":"en_US","og_type":"article","og_title":"Tool HALS II velvet roheline BLUVEL78 - Welle","og_description":"Tooli iste ja seljatugi on kaetud rohelist v\u00e4rvi sametkangaga Tooli raam on musta v\u00e4rvi metallist Istme k\u00f5rgus 46 cm Tarnitakse","og_url":"https:\/\/welle.ee\/ee\/tool-hals-ii-velvet-roheline-bluvel78\/","og_site_name":"Welle","article_modified_time":"2025-12-01T17:33:48+00:00","og_image":[{"width":800,"height":600,"url":"https:\/\/welle.ee\/wp-content\/uploads\/2025\/08\/halsiivcz_krzeslo-hals-ii-velvet-czarny-stelaz-zielony-bluvel78.jpg","type":"image\/jpeg"}],"twitter_card":"summary_large_image","schema":{"@context":"https:\/\/schema.org","@graph":[{"@type":"WebPage","@id":"https:\/\/welle.ee\/ee\/tool-hals-ii-velvet-roheline-bluvel78\/","url":"https:\/\/welle.ee\/ee\/tool-hals-ii-velvet-roheline-bluvel78\/","name":"Tool HALS II velvet roheline BLUVEL78 - Welle","isPartOf":{"@id":"https:\/\/welle.ee\/ee\/#website"},"primaryImageOfPage":{"@id":"https:\/\/welle.ee\/ee\/tool-hals-ii-velvet-roheline-bluvel78\/#primaryimage"},"image":{"@id":"https:\/\/welle.ee\/ee\/tool-hals-ii-velvet-roheline-bluvel78\/#primaryimage"},"thumbnailUrl":"https:\/\/welle.ee\/wp-content\/uploads\/2025\/08\/halsiivcz_krzeslo-hals-ii-velvet-czarny-stelaz-zielony-bluvel78.jpg","datePublished":"2025-08-21T12:32:23+00:00","dateModified":"2025-12-01T17:33:48+00:00","breadcrumb":{"@id":"https:\/\/welle.ee\/ee\/tool-hals-ii-velvet-roheline-bluvel78\/#breadcrumb"},"inLanguage":"ee","potentialAction":[{"@type":"ReadAction","target":["https:\/\/welle.ee\/ee\/tool-hals-ii-velvet-roheline-bluvel78\/"]}]},{"@type":"ImageObject","inLanguage":"ee","@id":"https:\/\/welle.ee\/ee\/tool-hals-ii-velvet-roheline-bluvel78\/#primaryimage","url":"https:\/\/welle.ee\/wp-content\/uploads\/2025\/08\/halsiivcz_krzeslo-hals-ii-velvet-czarny-stelaz-zielony-bluvel78.jpg","contentUrl":"https:\/\/welle.ee\/wp-content\/uploads\/2025\/08\/halsiivcz_krzeslo-hals-ii-velvet-czarny-stelaz-zielony-bluvel78.jpg","width":800,"height":600},{"@type":"BreadcrumbList","@id":"https:\/\/welle.ee\/ee\/tool-hals-ii-velvet-roheline-bluvel78\/#breadcrumb","itemListElement":[{"@type":"ListItem","position":1,"name":"\u0413\u043b\u0430\u0432\u043d\u0430\u044f \u0441\u0442\u0440\u0430\u043d\u0438\u0446\u0430","item":"https:\/\/welle.ee\/ee\/"},{"@type":"ListItem","position":2,"name":"Tooted","item":"https:\/\/welle.ee\/ee\/tooted\/"},{"@type":"ListItem","position":3,"name":"Tool HALS II velvet roheline BLUVEL78"}]},{"@type":"WebSite","@id":"https:\/\/welle.ee\/ee\/#website","url":"https:\/\/welle.ee\/ee\/","name":"Welle","description":"","potentialAction":[{"@type":"SearchAction","target":{"@type":"EntryPoint","urlTemplate":"https:\/\/welle.ee\/ee\/?s={search_term_string}"},"query-input":{"@type":"PropertyValueSpecification","valueRequired":true,"valueName":"search_term_string"}}],"inLanguage":"ee"}]}},"_links":{"self":[{"href":"https:\/\/welle.ee\/ee\/wp-json\/wp\/v2\/product\/413767","targetHints":{"allow":["GET"]}}],"collection":[{"href":"https:\/\/welle.ee\/ee\/wp-json\/wp\/v2\/product"}],"about":[{"href":"https:\/\/welle.ee\/ee\/wp-json\/wp\/v2\/types\/product"}],"version-history":[{"count":1,"href":"https:\/\/welle.ee\/ee\/wp-json\/wp\/v2\/product\/413767\/revisions"}],"predecessor-version":[{"id":481690,"href":"https:\/\/welle.ee\/ee\/wp-json\/wp\/v2\/product\/413767\/revisions\/481690"}],"wp:featuredmedia":[{"embeddable":true,"href":"https:\/\/welle.ee\/ee\/wp-json\/wp\/v2\/media\/413768"}],"wp:attachment":[{"href":"https:\/\/welle.ee\/ee\/wp-json\/wp\/v2\/media?parent=413767"}],"wp:term":[{"taxonomy":"product_brand","embeddable":true,"href":"https:\/\/welle.ee\/ee\/wp-json\/wp\/v2\/product_brand?post=413767"},{"taxonomy":"product_cat","embeddable":true,"href":"https:\/\/welle.ee\/ee\/wp-json\/wp\/v2\/product_cat?post=413767"},{"taxonomy":"product_tag","embeddable":true,"href":"https:\/\/welle.ee\/ee\/wp-json\/wp\/v2\/product_tag?post=413767"}],"curies":[{"name":"wp","href":"https:\/\/api.w.org\/{rel}","templated":true}]}}