{"id":413801,"date":"2025-08-21T12:32:23","date_gmt":"2025-08-21T12:32:23","guid":{"rendered":"https:\/\/wellefurniture.eu\/tool-chic-velvet-beez-bluvel-28\/"},"modified":"2025-12-01T17:45:44","modified_gmt":"2025-12-01T17:45:44","slug":"tool-chic-velvet-beez-bluvel-28","status":"publish","type":"product","link":"https:\/\/welle.ee\/ee\/tool-chic-velvet-beez-bluvel-28\/","title":{"rendered":"TOOL CHIC VELVET bee\u017e BLUVEL 28"},"content":{"rendered":"<ul>\n<li>Tooli raam on musta v\u00e4rvi metallist<\/li>\n<li>Iste ja seljatugi on kaetud sametise kangaga<\/li>\n<li>Istme k\u00f5rgus 49 cm<\/li>\n<li>Viimistlus:\u00a0bee\u017e<\/li>\n<li>Tarnitakse detailidena<\/li>\n<\/ul>\n","protected":false},"excerpt":{"rendered":"<p>Tooli raam on musta v\u00e4rvi metallist Iste ja seljatugi on kaetud sametise kangaga Istme k\u00f5rgus 49 cm Viimistlus:\u00a0bee\u017e Tarnitakse detailidena<\/p>\n","protected":false},"featured_media":413802,"template":"","meta":[],"product_brand":[],"product_cat":[2353,3593,2388,3592,2405],"product_tag":[],"class_list":{"0":"post-413801","1":"product","2":"type-product","3":"status-publish","4":"has-post-thumbnail","6":"product_cat-shop","7":"product_cat-lauad-ja-toolid","8":"product_cat-chairs","9":"product_cat-leiunurk","10":"product_cat-toolid","11":"pa_color-beige","12":"pa_height-3333","13":"pa_length-2787","14":"pa_manufacturer-signal","15":"pa_material-samet","16":"pa_width-2714","17":"pa_width_range-w-50-100","19":"first","20":"instock","21":"sale","22":"taxable","23":"shipping-taxable","24":"purchasable","25":"product-type-simple"},"yoast_head":"<!-- This site is optimized with the Yoast SEO plugin v26.2 - https:\/\/yoast.com\/wordpress\/plugins\/seo\/ -->\n<title>TOOL CHIC VELVET bee\u017e BLUVEL 28 - Welle<\/title>\n<meta name=\"robots\" content=\"index, follow, max-snippet:-1, max-image-preview:large, max-video-preview:-1\" \/>\n<link rel=\"canonical\" href=\"https:\/\/welle.ee\/ee\/tool-chic-velvet-beez-bluvel-28\/\" \/>\n<meta property=\"og:locale\" content=\"en_US\" \/>\n<meta property=\"og:type\" content=\"article\" \/>\n<meta property=\"og:title\" content=\"TOOL CHIC VELVET bee\u017e BLUVEL 28 - Welle\" \/>\n<meta property=\"og:description\" content=\"Tooli raam on musta v\u00e4rvi metallist Iste ja seljatugi on kaetud sametise kangaga Istme k\u00f5rgus 49 cm Viimistlus:\u00a0bee\u017e Tarnitakse detailidena\" \/>\n<meta property=\"og:url\" content=\"https:\/\/welle.ee\/ee\/tool-chic-velvet-beez-bluvel-28\/\" \/>\n<meta property=\"og:site_name\" content=\"Welle\" \/>\n<meta property=\"article:modified_time\" content=\"2025-12-01T17:45:44+00:00\" \/>\n<meta property=\"og:image\" content=\"https:\/\/welle.ee\/wp-content\/uploads\/2025\/08\/chicvcbe_krzeslo-chic-velvet-czarny-stelaz-bez-bluvel-28.jpg\" \/>\n\t<meta property=\"og:image:width\" content=\"800\" \/>\n\t<meta property=\"og:image:height\" content=\"600\" \/>\n\t<meta property=\"og:image:type\" content=\"image\/jpeg\" \/>\n<meta name=\"twitter:card\" content=\"summary_large_image\" \/>\n<script type=\"application\/ld+json\" class=\"yoast-schema-graph\">{\"@context\":\"https:\/\/schema.org\",\"@graph\":[{\"@type\":\"WebPage\",\"@id\":\"https:\/\/welle.ee\/ee\/tool-chic-velvet-beez-bluvel-28\/\",\"url\":\"https:\/\/welle.ee\/ee\/tool-chic-velvet-beez-bluvel-28\/\",\"name\":\"TOOL CHIC VELVET bee\u017e BLUVEL 28 - Welle\",\"isPartOf\":{\"@id\":\"https:\/\/welle.ee\/ee\/#website\"},\"primaryImageOfPage\":{\"@id\":\"https:\/\/welle.ee\/ee\/tool-chic-velvet-beez-bluvel-28\/#primaryimage\"},\"image\":{\"@id\":\"https:\/\/welle.ee\/ee\/tool-chic-velvet-beez-bluvel-28\/#primaryimage\"},\"thumbnailUrl\":\"https:\/\/welle.ee\/wp-content\/uploads\/2025\/08\/chicvcbe_krzeslo-chic-velvet-czarny-stelaz-bez-bluvel-28.jpg\",\"datePublished\":\"2025-08-21T12:32:23+00:00\",\"dateModified\":\"2025-12-01T17:45:44+00:00\",\"breadcrumb\":{\"@id\":\"https:\/\/welle.ee\/ee\/tool-chic-velvet-beez-bluvel-28\/#breadcrumb\"},\"inLanguage\":\"ee\",\"potentialAction\":[{\"@type\":\"ReadAction\",\"target\":[\"https:\/\/welle.ee\/ee\/tool-chic-velvet-beez-bluvel-28\/\"]}]},{\"@type\":\"ImageObject\",\"inLanguage\":\"ee\",\"@id\":\"https:\/\/welle.ee\/ee\/tool-chic-velvet-beez-bluvel-28\/#primaryimage\",\"url\":\"https:\/\/welle.ee\/wp-content\/uploads\/2025\/08\/chicvcbe_krzeslo-chic-velvet-czarny-stelaz-bez-bluvel-28.jpg\",\"contentUrl\":\"https:\/\/welle.ee\/wp-content\/uploads\/2025\/08\/chicvcbe_krzeslo-chic-velvet-czarny-stelaz-bez-bluvel-28.jpg\",\"width\":800,\"height\":600},{\"@type\":\"BreadcrumbList\",\"@id\":\"https:\/\/welle.ee\/ee\/tool-chic-velvet-beez-bluvel-28\/#breadcrumb\",\"itemListElement\":[{\"@type\":\"ListItem\",\"position\":1,\"name\":\"\u0413\u043b\u0430\u0432\u043d\u0430\u044f \u0441\u0442\u0440\u0430\u043d\u0438\u0446\u0430\",\"item\":\"https:\/\/welle.ee\/ee\/\"},{\"@type\":\"ListItem\",\"position\":2,\"name\":\"Tooted\",\"item\":\"https:\/\/welle.ee\/ee\/tooted\/\"},{\"@type\":\"ListItem\",\"position\":3,\"name\":\"TOOL CHIC VELVET bee\u017e BLUVEL 28\"}]},{\"@type\":\"WebSite\",\"@id\":\"https:\/\/welle.ee\/ee\/#website\",\"url\":\"https:\/\/welle.ee\/ee\/\",\"name\":\"Welle\",\"description\":\"\",\"potentialAction\":[{\"@type\":\"SearchAction\",\"target\":{\"@type\":\"EntryPoint\",\"urlTemplate\":\"https:\/\/welle.ee\/ee\/?s={search_term_string}\"},\"query-input\":{\"@type\":\"PropertyValueSpecification\",\"valueRequired\":true,\"valueName\":\"search_term_string\"}}],\"inLanguage\":\"ee\"}]}<\/script>\n<!-- \/ Yoast SEO plugin. -->","yoast_head_json":{"title":"TOOL CHIC VELVET bee\u017e BLUVEL 28 - Welle","robots":{"index":"index","follow":"follow","max-snippet":"max-snippet:-1","max-image-preview":"max-image-preview:large","max-video-preview":"max-video-preview:-1"},"canonical":"https:\/\/welle.ee\/ee\/tool-chic-velvet-beez-bluvel-28\/","og_locale":"en_US","og_type":"article","og_title":"TOOL CHIC VELVET bee\u017e BLUVEL 28 - Welle","og_description":"Tooli raam on musta v\u00e4rvi metallist Iste ja seljatugi on kaetud sametise kangaga Istme k\u00f5rgus 49 cm Viimistlus:\u00a0bee\u017e Tarnitakse detailidena","og_url":"https:\/\/welle.ee\/ee\/tool-chic-velvet-beez-bluvel-28\/","og_site_name":"Welle","article_modified_time":"2025-12-01T17:45:44+00:00","og_image":[{"width":800,"height":600,"url":"https:\/\/welle.ee\/wp-content\/uploads\/2025\/08\/chicvcbe_krzeslo-chic-velvet-czarny-stelaz-bez-bluvel-28.jpg","type":"image\/jpeg"}],"twitter_card":"summary_large_image","schema":{"@context":"https:\/\/schema.org","@graph":[{"@type":"WebPage","@id":"https:\/\/welle.ee\/ee\/tool-chic-velvet-beez-bluvel-28\/","url":"https:\/\/welle.ee\/ee\/tool-chic-velvet-beez-bluvel-28\/","name":"TOOL CHIC VELVET bee\u017e BLUVEL 28 - Welle","isPartOf":{"@id":"https:\/\/welle.ee\/ee\/#website"},"primaryImageOfPage":{"@id":"https:\/\/welle.ee\/ee\/tool-chic-velvet-beez-bluvel-28\/#primaryimage"},"image":{"@id":"https:\/\/welle.ee\/ee\/tool-chic-velvet-beez-bluvel-28\/#primaryimage"},"thumbnailUrl":"https:\/\/welle.ee\/wp-content\/uploads\/2025\/08\/chicvcbe_krzeslo-chic-velvet-czarny-stelaz-bez-bluvel-28.jpg","datePublished":"2025-08-21T12:32:23+00:00","dateModified":"2025-12-01T17:45:44+00:00","breadcrumb":{"@id":"https:\/\/welle.ee\/ee\/tool-chic-velvet-beez-bluvel-28\/#breadcrumb"},"inLanguage":"ee","potentialAction":[{"@type":"ReadAction","target":["https:\/\/welle.ee\/ee\/tool-chic-velvet-beez-bluvel-28\/"]}]},{"@type":"ImageObject","inLanguage":"ee","@id":"https:\/\/welle.ee\/ee\/tool-chic-velvet-beez-bluvel-28\/#primaryimage","url":"https:\/\/welle.ee\/wp-content\/uploads\/2025\/08\/chicvcbe_krzeslo-chic-velvet-czarny-stelaz-bez-bluvel-28.jpg","contentUrl":"https:\/\/welle.ee\/wp-content\/uploads\/2025\/08\/chicvcbe_krzeslo-chic-velvet-czarny-stelaz-bez-bluvel-28.jpg","width":800,"height":600},{"@type":"BreadcrumbList","@id":"https:\/\/welle.ee\/ee\/tool-chic-velvet-beez-bluvel-28\/#breadcrumb","itemListElement":[{"@type":"ListItem","position":1,"name":"\u0413\u043b\u0430\u0432\u043d\u0430\u044f \u0441\u0442\u0440\u0430\u043d\u0438\u0446\u0430","item":"https:\/\/welle.ee\/ee\/"},{"@type":"ListItem","position":2,"name":"Tooted","item":"https:\/\/welle.ee\/ee\/tooted\/"},{"@type":"ListItem","position":3,"name":"TOOL CHIC VELVET bee\u017e BLUVEL 28"}]},{"@type":"WebSite","@id":"https:\/\/welle.ee\/ee\/#website","url":"https:\/\/welle.ee\/ee\/","name":"Welle","description":"","potentialAction":[{"@type":"SearchAction","target":{"@type":"EntryPoint","urlTemplate":"https:\/\/welle.ee\/ee\/?s={search_term_string}"},"query-input":{"@type":"PropertyValueSpecification","valueRequired":true,"valueName":"search_term_string"}}],"inLanguage":"ee"}]}},"_links":{"self":[{"href":"https:\/\/welle.ee\/ee\/wp-json\/wp\/v2\/product\/413801","targetHints":{"allow":["GET"]}}],"collection":[{"href":"https:\/\/welle.ee\/ee\/wp-json\/wp\/v2\/product"}],"about":[{"href":"https:\/\/welle.ee\/ee\/wp-json\/wp\/v2\/types\/product"}],"version-history":[{"count":1,"href":"https:\/\/welle.ee\/ee\/wp-json\/wp\/v2\/product\/413801\/revisions"}],"predecessor-version":[{"id":481697,"href":"https:\/\/welle.ee\/ee\/wp-json\/wp\/v2\/product\/413801\/revisions\/481697"}],"wp:featuredmedia":[{"embeddable":true,"href":"https:\/\/welle.ee\/ee\/wp-json\/wp\/v2\/media\/413802"}],"wp:attachment":[{"href":"https:\/\/welle.ee\/ee\/wp-json\/wp\/v2\/media?parent=413801"}],"wp:term":[{"taxonomy":"product_brand","embeddable":true,"href":"https:\/\/welle.ee\/ee\/wp-json\/wp\/v2\/product_brand?post=413801"},{"taxonomy":"product_cat","embeddable":true,"href":"https:\/\/welle.ee\/ee\/wp-json\/wp\/v2\/product_cat?post=413801"},{"taxonomy":"product_tag","embeddable":true,"href":"https:\/\/welle.ee\/ee\/wp-json\/wp\/v2\/product_tag?post=413801"}],"curies":[{"name":"wp","href":"https:\/\/api.w.org\/{rel}","templated":true}]}}