{"id":414478,"date":"2025-08-21T12:33:33","date_gmt":"2025-08-21T12:33:33","guid":{"rendered":"https:\/\/wellefurniture.eu\/pikendatav-soogilaud-domingo-100-250cm\/"},"modified":"2025-12-01T17:41:50","modified_gmt":"2025-12-01T17:41:50","slug":"pikendatav-soogilaud-domingo-100-250cm","status":"publish","type":"product","link":"https:\/\/welle.ee\/ee\/pikendatav-soogilaud-domingo-100-250cm\/","title":{"rendered":"Pikendatav s\u00f6\u00f6gilaud DOMINGO 100-250cm"},"content":{"rendered":"<ul>\n<li>Lauaraam on musta v\u00e4rvi metallist<\/li>\n<li>Lauaplaat on kaetud naturaalse tammespooniga<\/li>\n<li>Komplektis on 3 pikendusplaati<\/li>\n<li>Reguleeritav pikkus &#8211; 100\/150\/200\/250 cm<\/li>\n<li>Tarnitakse detailidena<\/li>\n<\/ul>\n","protected":false},"excerpt":{"rendered":"<p>Lauaraam on musta v\u00e4rvi metallist Lauaplaat on kaetud naturaalse tammespooniga Komplektis on 3 pikendusplaati Reguleeritav pikkus &#8211; 100\/150\/200\/250 cm Tarnitakse<\/p>\n","protected":false},"featured_media":414479,"template":"","meta":[],"product_brand":[],"product_cat":[2353,3593,2388,3592,2400,2401,2397],"product_tag":[],"class_list":{"0":"post-414478","1":"product","2":"type-product","3":"status-publish","4":"has-post-thumbnail","6":"product_cat-shop","7":"product_cat-lauad-ja-toolid","8":"product_cat-chairs","9":"product_cat-leiunurk","10":"product_cat-pikendatavad-soogilauad","11":"product_cat-puidust-soogilauad","12":"product_cat-dinchiar","13":"pa_height-2557","14":"pa_length-100-150-200-250","15":"pa_manufacturer-signal","16":"pa_material-spoon","17":"pa_width-2946","18":"pa_width_range-w-50-100","20":"first","21":"instock","22":"sale","23":"taxable","24":"shipping-taxable","25":"purchasable","26":"product-type-simple"},"yoast_head":"<!-- This site is optimized with the Yoast SEO plugin v26.2 - https:\/\/yoast.com\/wordpress\/plugins\/seo\/ -->\n<title>Pikendatav s\u00f6\u00f6gilaud DOMINGO 100-250cm - Welle<\/title>\n<meta name=\"robots\" content=\"index, follow, max-snippet:-1, max-image-preview:large, max-video-preview:-1\" \/>\n<link rel=\"canonical\" href=\"https:\/\/welle.ee\/ee\/pikendatav-soogilaud-domingo-100-250cm\/\" \/>\n<meta property=\"og:locale\" content=\"en_US\" \/>\n<meta property=\"og:type\" content=\"article\" \/>\n<meta property=\"og:title\" content=\"Pikendatav s\u00f6\u00f6gilaud DOMINGO 100-250cm - Welle\" \/>\n<meta property=\"og:description\" content=\"Lauaraam on musta v\u00e4rvi metallist Lauaplaat on kaetud naturaalse tammespooniga Komplektis on 3 pikendusplaati Reguleeritav pikkus &#8211; 100\/150\/200\/250 cm Tarnitakse\" \/>\n<meta property=\"og:url\" content=\"https:\/\/welle.ee\/ee\/pikendatav-soogilaud-domingo-100-250cm\/\" \/>\n<meta property=\"og:site_name\" content=\"Welle\" \/>\n<meta property=\"article:modified_time\" content=\"2025-12-01T17:41:50+00:00\" \/>\n<meta property=\"og:image\" content=\"https:\/\/welle.ee\/wp-content\/uploads\/2025\/08\/screenshot_2021-07-04_222404.jpg\" \/>\n\t<meta property=\"og:image:width\" content=\"778\" \/>\n\t<meta property=\"og:image:height\" content=\"579\" \/>\n\t<meta property=\"og:image:type\" content=\"image\/jpeg\" \/>\n<meta name=\"twitter:card\" content=\"summary_large_image\" \/>\n<script type=\"application\/ld+json\" class=\"yoast-schema-graph\">{\"@context\":\"https:\/\/schema.org\",\"@graph\":[{\"@type\":\"WebPage\",\"@id\":\"https:\/\/welle.ee\/ee\/pikendatav-soogilaud-domingo-100-250cm\/\",\"url\":\"https:\/\/welle.ee\/ee\/pikendatav-soogilaud-domingo-100-250cm\/\",\"name\":\"Pikendatav s\u00f6\u00f6gilaud DOMINGO 100-250cm - Welle\",\"isPartOf\":{\"@id\":\"https:\/\/welle.ee\/ee\/#website\"},\"primaryImageOfPage\":{\"@id\":\"https:\/\/welle.ee\/ee\/pikendatav-soogilaud-domingo-100-250cm\/#primaryimage\"},\"image\":{\"@id\":\"https:\/\/welle.ee\/ee\/pikendatav-soogilaud-domingo-100-250cm\/#primaryimage\"},\"thumbnailUrl\":\"https:\/\/welle.ee\/wp-content\/uploads\/2025\/08\/screenshot_2021-07-04_222404.jpg\",\"datePublished\":\"2025-08-21T12:33:33+00:00\",\"dateModified\":\"2025-12-01T17:41:50+00:00\",\"breadcrumb\":{\"@id\":\"https:\/\/welle.ee\/ee\/pikendatav-soogilaud-domingo-100-250cm\/#breadcrumb\"},\"inLanguage\":\"ee\",\"potentialAction\":[{\"@type\":\"ReadAction\",\"target\":[\"https:\/\/welle.ee\/ee\/pikendatav-soogilaud-domingo-100-250cm\/\"]}]},{\"@type\":\"ImageObject\",\"inLanguage\":\"ee\",\"@id\":\"https:\/\/welle.ee\/ee\/pikendatav-soogilaud-domingo-100-250cm\/#primaryimage\",\"url\":\"https:\/\/welle.ee\/wp-content\/uploads\/2025\/08\/screenshot_2021-07-04_222404.jpg\",\"contentUrl\":\"https:\/\/welle.ee\/wp-content\/uploads\/2025\/08\/screenshot_2021-07-04_222404.jpg\",\"width\":778,\"height\":579},{\"@type\":\"BreadcrumbList\",\"@id\":\"https:\/\/welle.ee\/ee\/pikendatav-soogilaud-domingo-100-250cm\/#breadcrumb\",\"itemListElement\":[{\"@type\":\"ListItem\",\"position\":1,\"name\":\"\u0413\u043b\u0430\u0432\u043d\u0430\u044f \u0441\u0442\u0440\u0430\u043d\u0438\u0446\u0430\",\"item\":\"https:\/\/welle.ee\/ee\/\"},{\"@type\":\"ListItem\",\"position\":2,\"name\":\"Tooted\",\"item\":\"https:\/\/welle.ee\/ee\/tooted\/\"},{\"@type\":\"ListItem\",\"position\":3,\"name\":\"Pikendatav s\u00f6\u00f6gilaud DOMINGO 100-250cm\"}]},{\"@type\":\"WebSite\",\"@id\":\"https:\/\/welle.ee\/ee\/#website\",\"url\":\"https:\/\/welle.ee\/ee\/\",\"name\":\"Welle\",\"description\":\"\",\"potentialAction\":[{\"@type\":\"SearchAction\",\"target\":{\"@type\":\"EntryPoint\",\"urlTemplate\":\"https:\/\/welle.ee\/ee\/?s={search_term_string}\"},\"query-input\":{\"@type\":\"PropertyValueSpecification\",\"valueRequired\":true,\"valueName\":\"search_term_string\"}}],\"inLanguage\":\"ee\"}]}<\/script>\n<!-- \/ Yoast SEO plugin. -->","yoast_head_json":{"title":"Pikendatav s\u00f6\u00f6gilaud DOMINGO 100-250cm - Welle","robots":{"index":"index","follow":"follow","max-snippet":"max-snippet:-1","max-image-preview":"max-image-preview:large","max-video-preview":"max-video-preview:-1"},"canonical":"https:\/\/welle.ee\/ee\/pikendatav-soogilaud-domingo-100-250cm\/","og_locale":"en_US","og_type":"article","og_title":"Pikendatav s\u00f6\u00f6gilaud DOMINGO 100-250cm - Welle","og_description":"Lauaraam on musta v\u00e4rvi metallist Lauaplaat on kaetud naturaalse tammespooniga Komplektis on 3 pikendusplaati Reguleeritav pikkus &#8211; 100\/150\/200\/250 cm Tarnitakse","og_url":"https:\/\/welle.ee\/ee\/pikendatav-soogilaud-domingo-100-250cm\/","og_site_name":"Welle","article_modified_time":"2025-12-01T17:41:50+00:00","og_image":[{"width":778,"height":579,"url":"https:\/\/welle.ee\/wp-content\/uploads\/2025\/08\/screenshot_2021-07-04_222404.jpg","type":"image\/jpeg"}],"twitter_card":"summary_large_image","schema":{"@context":"https:\/\/schema.org","@graph":[{"@type":"WebPage","@id":"https:\/\/welle.ee\/ee\/pikendatav-soogilaud-domingo-100-250cm\/","url":"https:\/\/welle.ee\/ee\/pikendatav-soogilaud-domingo-100-250cm\/","name":"Pikendatav s\u00f6\u00f6gilaud DOMINGO 100-250cm - Welle","isPartOf":{"@id":"https:\/\/welle.ee\/ee\/#website"},"primaryImageOfPage":{"@id":"https:\/\/welle.ee\/ee\/pikendatav-soogilaud-domingo-100-250cm\/#primaryimage"},"image":{"@id":"https:\/\/welle.ee\/ee\/pikendatav-soogilaud-domingo-100-250cm\/#primaryimage"},"thumbnailUrl":"https:\/\/welle.ee\/wp-content\/uploads\/2025\/08\/screenshot_2021-07-04_222404.jpg","datePublished":"2025-08-21T12:33:33+00:00","dateModified":"2025-12-01T17:41:50+00:00","breadcrumb":{"@id":"https:\/\/welle.ee\/ee\/pikendatav-soogilaud-domingo-100-250cm\/#breadcrumb"},"inLanguage":"ee","potentialAction":[{"@type":"ReadAction","target":["https:\/\/welle.ee\/ee\/pikendatav-soogilaud-domingo-100-250cm\/"]}]},{"@type":"ImageObject","inLanguage":"ee","@id":"https:\/\/welle.ee\/ee\/pikendatav-soogilaud-domingo-100-250cm\/#primaryimage","url":"https:\/\/welle.ee\/wp-content\/uploads\/2025\/08\/screenshot_2021-07-04_222404.jpg","contentUrl":"https:\/\/welle.ee\/wp-content\/uploads\/2025\/08\/screenshot_2021-07-04_222404.jpg","width":778,"height":579},{"@type":"BreadcrumbList","@id":"https:\/\/welle.ee\/ee\/pikendatav-soogilaud-domingo-100-250cm\/#breadcrumb","itemListElement":[{"@type":"ListItem","position":1,"name":"\u0413\u043b\u0430\u0432\u043d\u0430\u044f \u0441\u0442\u0440\u0430\u043d\u0438\u0446\u0430","item":"https:\/\/welle.ee\/ee\/"},{"@type":"ListItem","position":2,"name":"Tooted","item":"https:\/\/welle.ee\/ee\/tooted\/"},{"@type":"ListItem","position":3,"name":"Pikendatav s\u00f6\u00f6gilaud DOMINGO 100-250cm"}]},{"@type":"WebSite","@id":"https:\/\/welle.ee\/ee\/#website","url":"https:\/\/welle.ee\/ee\/","name":"Welle","description":"","potentialAction":[{"@type":"SearchAction","target":{"@type":"EntryPoint","urlTemplate":"https:\/\/welle.ee\/ee\/?s={search_term_string}"},"query-input":{"@type":"PropertyValueSpecification","valueRequired":true,"valueName":"search_term_string"}}],"inLanguage":"ee"}]}},"_links":{"self":[{"href":"https:\/\/welle.ee\/ee\/wp-json\/wp\/v2\/product\/414478","targetHints":{"allow":["GET"]}}],"collection":[{"href":"https:\/\/welle.ee\/ee\/wp-json\/wp\/v2\/product"}],"about":[{"href":"https:\/\/welle.ee\/ee\/wp-json\/wp\/v2\/types\/product"}],"version-history":[{"count":1,"href":"https:\/\/welle.ee\/ee\/wp-json\/wp\/v2\/product\/414478\/revisions"}],"predecessor-version":[{"id":481810,"href":"https:\/\/welle.ee\/ee\/wp-json\/wp\/v2\/product\/414478\/revisions\/481810"}],"wp:featuredmedia":[{"embeddable":true,"href":"https:\/\/welle.ee\/ee\/wp-json\/wp\/v2\/media\/414479"}],"wp:attachment":[{"href":"https:\/\/welle.ee\/ee\/wp-json\/wp\/v2\/media?parent=414478"}],"wp:term":[{"taxonomy":"product_brand","embeddable":true,"href":"https:\/\/welle.ee\/ee\/wp-json\/wp\/v2\/product_brand?post=414478"},{"taxonomy":"product_cat","embeddable":true,"href":"https:\/\/welle.ee\/ee\/wp-json\/wp\/v2\/product_cat?post=414478"},{"taxonomy":"product_tag","embeddable":true,"href":"https:\/\/welle.ee\/ee\/wp-json\/wp\/v2\/product_tag?post=414478"}],"curies":[{"name":"wp","href":"https:\/\/api.w.org\/{rel}","templated":true}]}}