{"id":414648,"date":"2025-08-21T12:33:49","date_gmt":"2025-08-21T12:33:49","guid":{"rendered":"https:\/\/wellefurniture.eu\/diivan-tm-3-velvet-beez-bluvel-28-wenge-160cm\/"},"modified":"2026-02-14T23:00:54","modified_gmt":"2026-02-14T23:00:54","slug":"diivan-tm-3-velvet-beez-bluvel-28-wenge-160cm","status":"publish","type":"product","link":"https:\/\/welle.ee\/ee\/diivan-tm-3-velvet-beez-bluvel-28-wenge-160cm\/","title":{"rendered":"Diivan TM-3 velvet bee\u017e BLUVEL 28 \/ WENGE 160cm"},"content":{"rendered":"<ul>\n<li>Diivan on kaetud sametise kangaga<\/li>\n<li>Viimistlus: bee\u017e<\/li>\n<li>Istme k\u00f5rgus 46 cm, s\u00fcgavus 47 cm<\/li>\n<\/ul>\n","protected":false},"excerpt":{"rendered":"<p>Diivan on kaetud sametise kangaga Viimistlus: bee\u017e Istme k\u00f5rgus 46 cm, s\u00fcgavus 47 cm<\/p>\n","protected":false},"featured_media":414649,"template":"","meta":[],"product_brand":[],"product_cat":[2410,2353,2409],"product_tag":[],"class_list":{"0":"post-414648","1":"product","2":"type-product","3":"status-publish","4":"has-post-thumbnail","6":"product_cat-sofa","7":"product_cat-shop","8":"product_cat-soft","9":"pa_color-beige","10":"pa_height-2557","11":"pa_length-2553","12":"pa_length_range-l-151-200","13":"pa_manufacturer-signal","14":"pa_material-samet","15":"pa_width-2583","16":"pa_width_range-w-50-100","18":"first","19":"instock","20":"sale","21":"taxable","22":"shipping-taxable","23":"purchasable","24":"product-type-simple"},"yoast_head":"<!-- This site is optimized with the Yoast SEO plugin v26.2 - https:\/\/yoast.com\/wordpress\/plugins\/seo\/ -->\n<title>Diivan TM-3 velvet bee\u017e BLUVEL 28 \/ WENGE 160cm - Welle<\/title>\n<meta name=\"robots\" content=\"index, follow, max-snippet:-1, max-image-preview:large, max-video-preview:-1\" \/>\n<link rel=\"canonical\" href=\"https:\/\/welle.ee\/ee\/diivan-tm-3-velvet-beez-bluvel-28-wenge-160cm\/\" \/>\n<meta property=\"og:locale\" content=\"en_US\" \/>\n<meta property=\"og:type\" content=\"article\" \/>\n<meta property=\"og:title\" content=\"Diivan TM-3 velvet bee\u017e BLUVEL 28 \/ WENGE 160cm - Welle\" \/>\n<meta property=\"og:description\" content=\"Diivan on kaetud sametise kangaga Viimistlus: bee\u017e Istme k\u00f5rgus 46 cm, s\u00fcgavus 47 cm\" \/>\n<meta property=\"og:url\" content=\"https:\/\/welle.ee\/ee\/diivan-tm-3-velvet-beez-bluvel-28-wenge-160cm\/\" \/>\n<meta property=\"og:site_name\" content=\"Welle\" \/>\n<meta property=\"article:modified_time\" content=\"2026-02-14T23:00:54+00:00\" \/>\n<meta property=\"og:image\" content=\"https:\/\/welle.ee\/wp-content\/uploads\/2025\/08\/tm3v28_sofa-tm-3-velvet-bezowy-bluvel-28-wenge.jpg\" \/>\n\t<meta property=\"og:image:width\" content=\"800\" \/>\n\t<meta property=\"og:image:height\" content=\"600\" \/>\n\t<meta property=\"og:image:type\" content=\"image\/jpeg\" \/>\n<meta name=\"twitter:card\" content=\"summary_large_image\" \/>\n<script type=\"application\/ld+json\" class=\"yoast-schema-graph\">{\"@context\":\"https:\/\/schema.org\",\"@graph\":[{\"@type\":\"WebPage\",\"@id\":\"https:\/\/welle.ee\/ee\/diivan-tm-3-velvet-beez-bluvel-28-wenge-160cm\/\",\"url\":\"https:\/\/welle.ee\/ee\/diivan-tm-3-velvet-beez-bluvel-28-wenge-160cm\/\",\"name\":\"Diivan TM-3 velvet bee\u017e BLUVEL 28 \/ WENGE 160cm - Welle\",\"isPartOf\":{\"@id\":\"https:\/\/welle.ee\/ee\/#website\"},\"primaryImageOfPage\":{\"@id\":\"https:\/\/welle.ee\/ee\/diivan-tm-3-velvet-beez-bluvel-28-wenge-160cm\/#primaryimage\"},\"image\":{\"@id\":\"https:\/\/welle.ee\/ee\/diivan-tm-3-velvet-beez-bluvel-28-wenge-160cm\/#primaryimage\"},\"thumbnailUrl\":\"https:\/\/welle.ee\/wp-content\/uploads\/2025\/08\/tm3v28_sofa-tm-3-velvet-bezowy-bluvel-28-wenge.jpg\",\"datePublished\":\"2025-08-21T12:33:49+00:00\",\"dateModified\":\"2026-02-14T23:00:54+00:00\",\"breadcrumb\":{\"@id\":\"https:\/\/welle.ee\/ee\/diivan-tm-3-velvet-beez-bluvel-28-wenge-160cm\/#breadcrumb\"},\"inLanguage\":\"ee\",\"potentialAction\":[{\"@type\":\"ReadAction\",\"target\":[\"https:\/\/welle.ee\/ee\/diivan-tm-3-velvet-beez-bluvel-28-wenge-160cm\/\"]}]},{\"@type\":\"ImageObject\",\"inLanguage\":\"ee\",\"@id\":\"https:\/\/welle.ee\/ee\/diivan-tm-3-velvet-beez-bluvel-28-wenge-160cm\/#primaryimage\",\"url\":\"https:\/\/welle.ee\/wp-content\/uploads\/2025\/08\/tm3v28_sofa-tm-3-velvet-bezowy-bluvel-28-wenge.jpg\",\"contentUrl\":\"https:\/\/welle.ee\/wp-content\/uploads\/2025\/08\/tm3v28_sofa-tm-3-velvet-bezowy-bluvel-28-wenge.jpg\",\"width\":800,\"height\":600},{\"@type\":\"BreadcrumbList\",\"@id\":\"https:\/\/welle.ee\/ee\/diivan-tm-3-velvet-beez-bluvel-28-wenge-160cm\/#breadcrumb\",\"itemListElement\":[{\"@type\":\"ListItem\",\"position\":1,\"name\":\"\u0413\u043b\u0430\u0432\u043d\u0430\u044f \u0441\u0442\u0440\u0430\u043d\u0438\u0446\u0430\",\"item\":\"https:\/\/welle.ee\/ee\/\"},{\"@type\":\"ListItem\",\"position\":2,\"name\":\"Tooted\",\"item\":\"https:\/\/welle.ee\/ee\/tooted\/\"},{\"@type\":\"ListItem\",\"position\":3,\"name\":\"Diivan TM-3 velvet bee\u017e BLUVEL 28 \/ WENGE 160cm\"}]},{\"@type\":\"WebSite\",\"@id\":\"https:\/\/welle.ee\/ee\/#website\",\"url\":\"https:\/\/welle.ee\/ee\/\",\"name\":\"Welle\",\"description\":\"\",\"potentialAction\":[{\"@type\":\"SearchAction\",\"target\":{\"@type\":\"EntryPoint\",\"urlTemplate\":\"https:\/\/welle.ee\/ee\/?s={search_term_string}\"},\"query-input\":{\"@type\":\"PropertyValueSpecification\",\"valueRequired\":true,\"valueName\":\"search_term_string\"}}],\"inLanguage\":\"ee\"}]}<\/script>\n<!-- \/ Yoast SEO plugin. -->","yoast_head_json":{"title":"Diivan TM-3 velvet bee\u017e BLUVEL 28 \/ WENGE 160cm - Welle","robots":{"index":"index","follow":"follow","max-snippet":"max-snippet:-1","max-image-preview":"max-image-preview:large","max-video-preview":"max-video-preview:-1"},"canonical":"https:\/\/welle.ee\/ee\/diivan-tm-3-velvet-beez-bluvel-28-wenge-160cm\/","og_locale":"en_US","og_type":"article","og_title":"Diivan TM-3 velvet bee\u017e BLUVEL 28 \/ WENGE 160cm - Welle","og_description":"Diivan on kaetud sametise kangaga Viimistlus: bee\u017e Istme k\u00f5rgus 46 cm, s\u00fcgavus 47 cm","og_url":"https:\/\/welle.ee\/ee\/diivan-tm-3-velvet-beez-bluvel-28-wenge-160cm\/","og_site_name":"Welle","article_modified_time":"2026-02-14T23:00:54+00:00","og_image":[{"width":800,"height":600,"url":"https:\/\/welle.ee\/wp-content\/uploads\/2025\/08\/tm3v28_sofa-tm-3-velvet-bezowy-bluvel-28-wenge.jpg","type":"image\/jpeg"}],"twitter_card":"summary_large_image","schema":{"@context":"https:\/\/schema.org","@graph":[{"@type":"WebPage","@id":"https:\/\/welle.ee\/ee\/diivan-tm-3-velvet-beez-bluvel-28-wenge-160cm\/","url":"https:\/\/welle.ee\/ee\/diivan-tm-3-velvet-beez-bluvel-28-wenge-160cm\/","name":"Diivan TM-3 velvet bee\u017e BLUVEL 28 \/ WENGE 160cm - Welle","isPartOf":{"@id":"https:\/\/welle.ee\/ee\/#website"},"primaryImageOfPage":{"@id":"https:\/\/welle.ee\/ee\/diivan-tm-3-velvet-beez-bluvel-28-wenge-160cm\/#primaryimage"},"image":{"@id":"https:\/\/welle.ee\/ee\/diivan-tm-3-velvet-beez-bluvel-28-wenge-160cm\/#primaryimage"},"thumbnailUrl":"https:\/\/welle.ee\/wp-content\/uploads\/2025\/08\/tm3v28_sofa-tm-3-velvet-bezowy-bluvel-28-wenge.jpg","datePublished":"2025-08-21T12:33:49+00:00","dateModified":"2026-02-14T23:00:54+00:00","breadcrumb":{"@id":"https:\/\/welle.ee\/ee\/diivan-tm-3-velvet-beez-bluvel-28-wenge-160cm\/#breadcrumb"},"inLanguage":"ee","potentialAction":[{"@type":"ReadAction","target":["https:\/\/welle.ee\/ee\/diivan-tm-3-velvet-beez-bluvel-28-wenge-160cm\/"]}]},{"@type":"ImageObject","inLanguage":"ee","@id":"https:\/\/welle.ee\/ee\/diivan-tm-3-velvet-beez-bluvel-28-wenge-160cm\/#primaryimage","url":"https:\/\/welle.ee\/wp-content\/uploads\/2025\/08\/tm3v28_sofa-tm-3-velvet-bezowy-bluvel-28-wenge.jpg","contentUrl":"https:\/\/welle.ee\/wp-content\/uploads\/2025\/08\/tm3v28_sofa-tm-3-velvet-bezowy-bluvel-28-wenge.jpg","width":800,"height":600},{"@type":"BreadcrumbList","@id":"https:\/\/welle.ee\/ee\/diivan-tm-3-velvet-beez-bluvel-28-wenge-160cm\/#breadcrumb","itemListElement":[{"@type":"ListItem","position":1,"name":"\u0413\u043b\u0430\u0432\u043d\u0430\u044f \u0441\u0442\u0440\u0430\u043d\u0438\u0446\u0430","item":"https:\/\/welle.ee\/ee\/"},{"@type":"ListItem","position":2,"name":"Tooted","item":"https:\/\/welle.ee\/ee\/tooted\/"},{"@type":"ListItem","position":3,"name":"Diivan TM-3 velvet bee\u017e BLUVEL 28 \/ WENGE 160cm"}]},{"@type":"WebSite","@id":"https:\/\/welle.ee\/ee\/#website","url":"https:\/\/welle.ee\/ee\/","name":"Welle","description":"","potentialAction":[{"@type":"SearchAction","target":{"@type":"EntryPoint","urlTemplate":"https:\/\/welle.ee\/ee\/?s={search_term_string}"},"query-input":{"@type":"PropertyValueSpecification","valueRequired":true,"valueName":"search_term_string"}}],"inLanguage":"ee"}]}},"_links":{"self":[{"href":"https:\/\/welle.ee\/ee\/wp-json\/wp\/v2\/product\/414648","targetHints":{"allow":["GET"]}}],"collection":[{"href":"https:\/\/welle.ee\/ee\/wp-json\/wp\/v2\/product"}],"about":[{"href":"https:\/\/welle.ee\/ee\/wp-json\/wp\/v2\/types\/product"}],"version-history":[{"count":1,"href":"https:\/\/welle.ee\/ee\/wp-json\/wp\/v2\/product\/414648\/revisions"}],"predecessor-version":[{"id":481833,"href":"https:\/\/welle.ee\/ee\/wp-json\/wp\/v2\/product\/414648\/revisions\/481833"}],"wp:featuredmedia":[{"embeddable":true,"href":"https:\/\/welle.ee\/ee\/wp-json\/wp\/v2\/media\/414649"}],"wp:attachment":[{"href":"https:\/\/welle.ee\/ee\/wp-json\/wp\/v2\/media?parent=414648"}],"wp:term":[{"taxonomy":"product_brand","embeddable":true,"href":"https:\/\/welle.ee\/ee\/wp-json\/wp\/v2\/product_brand?post=414648"},{"taxonomy":"product_cat","embeddable":true,"href":"https:\/\/welle.ee\/ee\/wp-json\/wp\/v2\/product_cat?post=414648"},{"taxonomy":"product_tag","embeddable":true,"href":"https:\/\/welle.ee\/ee\/wp-json\/wp\/v2\/product_tag?post=414648"}],"curies":[{"name":"wp","href":"https:\/\/api.w.org\/{rel}","templated":true}]}}