{"id":415014,"date":"2025-08-21T12:34:24","date_gmt":"2025-08-21T12:34:24","guid":{"rendered":"https:\/\/wellefurniture.eu\/riiul-mezo-reg-1-60-29-180-cm\/"},"modified":"2025-12-29T11:49:57","modified_gmt":"2025-12-29T11:49:57","slug":"riiul-mezo-reg-1-60-29-180-cm","status":"publish","type":"product","link":"https:\/\/welle.ee\/ee\/riiul-mezo-reg-1-60-29-180-cm\/","title":{"rendered":"Riiul MEZO REG-1 60\/29\/180 cm"},"content":{"rendered":"<ul>\n<li>Valmistatud lamineeritud m\u00f6\u00f6bliplaadist ja v\u00e4rvitud terasest<\/li>\n<li>Sahtlid ja riiulid<\/li>\n<li>Viimistlus: mitmev\u00e4rviline<\/li>\n<li>Tarnitakse detailidena<\/li>\n<\/ul>\n","protected":false},"excerpt":{"rendered":"<p>Valmistatud lamineeritud m\u00f6\u00f6bliplaadist ja v\u00e4rvitud terasest Sahtlid ja riiulid Viimistlus: mitmev\u00e4rviline Tarnitakse detailidena<\/p>\n","protected":false},"featured_media":415015,"template":"","meta":[],"product_brand":[],"product_cat":[2349,9186,2353,3592,2360],"product_tag":[],"class_list":{"0":"post-415014","1":"product","2":"type-product","3":"status-publish","4":"has-post-thumbnail","6":"product_cat-livroom","7":"product_cat-kapid-riiulid-hoiukastid","8":"product_cat-shop","9":"product_cat-leiunurk","10":"product_cat-shelf","11":"pa_color-multicolor","12":"pa_height-2960","13":"pa_length-2840","14":"pa_manufacturer-halmar","15":"pa_material-moobliplaat","16":"pa_width-2821","17":"pa_width_range-w-50-100","19":"first","20":"instock","21":"sale","22":"taxable","23":"shipping-taxable","24":"purchasable","25":"product-type-simple"},"yoast_head":"<!-- This site is optimized with the Yoast SEO plugin v26.2 - https:\/\/yoast.com\/wordpress\/plugins\/seo\/ -->\n<title>Riiul MEZO REG-1 60\/29\/180 cm - Welle<\/title>\n<meta name=\"robots\" content=\"index, follow, max-snippet:-1, max-image-preview:large, max-video-preview:-1\" \/>\n<link rel=\"canonical\" href=\"https:\/\/welle.ee\/ee\/riiul-mezo-reg-1-60-29-180-cm\/\" \/>\n<meta property=\"og:locale\" content=\"en_US\" \/>\n<meta property=\"og:type\" content=\"article\" \/>\n<meta property=\"og:title\" content=\"Riiul MEZO REG-1 60\/29\/180 cm - Welle\" \/>\n<meta property=\"og:description\" content=\"Valmistatud lamineeritud m\u00f6\u00f6bliplaadist ja v\u00e4rvitud terasest Sahtlid ja riiulid Viimistlus: mitmev\u00e4rviline Tarnitakse detailidena\" \/>\n<meta property=\"og:url\" content=\"https:\/\/welle.ee\/ee\/riiul-mezo-reg-1-60-29-180-cm\/\" \/>\n<meta property=\"og:site_name\" content=\"Welle\" \/>\n<meta property=\"article:modified_time\" content=\"2025-12-29T11:49:57+00:00\" \/>\n<meta property=\"og:image\" content=\"https:\/\/welle.ee\/wp-content\/uploads\/2025\/08\/2010001155485_1.jpg\" \/>\n\t<meta property=\"og:image:width\" content=\"674\" \/>\n\t<meta property=\"og:image:height\" content=\"1200\" \/>\n\t<meta property=\"og:image:type\" content=\"image\/jpeg\" \/>\n<meta name=\"twitter:card\" content=\"summary_large_image\" \/>\n<script type=\"application\/ld+json\" class=\"yoast-schema-graph\">{\"@context\":\"https:\/\/schema.org\",\"@graph\":[{\"@type\":\"WebPage\",\"@id\":\"https:\/\/welle.ee\/ee\/riiul-mezo-reg-1-60-29-180-cm\/\",\"url\":\"https:\/\/welle.ee\/ee\/riiul-mezo-reg-1-60-29-180-cm\/\",\"name\":\"Riiul MEZO REG-1 60\/29\/180 cm - Welle\",\"isPartOf\":{\"@id\":\"https:\/\/welle.ee\/ee\/#website\"},\"primaryImageOfPage\":{\"@id\":\"https:\/\/welle.ee\/ee\/riiul-mezo-reg-1-60-29-180-cm\/#primaryimage\"},\"image\":{\"@id\":\"https:\/\/welle.ee\/ee\/riiul-mezo-reg-1-60-29-180-cm\/#primaryimage\"},\"thumbnailUrl\":\"https:\/\/welle.ee\/wp-content\/uploads\/2025\/08\/2010001155485_1.jpg\",\"datePublished\":\"2025-08-21T12:34:24+00:00\",\"dateModified\":\"2025-12-29T11:49:57+00:00\",\"breadcrumb\":{\"@id\":\"https:\/\/welle.ee\/ee\/riiul-mezo-reg-1-60-29-180-cm\/#breadcrumb\"},\"inLanguage\":\"ee\",\"potentialAction\":[{\"@type\":\"ReadAction\",\"target\":[\"https:\/\/welle.ee\/ee\/riiul-mezo-reg-1-60-29-180-cm\/\"]}]},{\"@type\":\"ImageObject\",\"inLanguage\":\"ee\",\"@id\":\"https:\/\/welle.ee\/ee\/riiul-mezo-reg-1-60-29-180-cm\/#primaryimage\",\"url\":\"https:\/\/welle.ee\/wp-content\/uploads\/2025\/08\/2010001155485_1.jpg\",\"contentUrl\":\"https:\/\/welle.ee\/wp-content\/uploads\/2025\/08\/2010001155485_1.jpg\",\"width\":674,\"height\":1200},{\"@type\":\"BreadcrumbList\",\"@id\":\"https:\/\/welle.ee\/ee\/riiul-mezo-reg-1-60-29-180-cm\/#breadcrumb\",\"itemListElement\":[{\"@type\":\"ListItem\",\"position\":1,\"name\":\"\u0413\u043b\u0430\u0432\u043d\u0430\u044f \u0441\u0442\u0440\u0430\u043d\u0438\u0446\u0430\",\"item\":\"https:\/\/welle.ee\/ee\/\"},{\"@type\":\"ListItem\",\"position\":2,\"name\":\"Tooted\",\"item\":\"https:\/\/welle.ee\/ee\/tooted\/\"},{\"@type\":\"ListItem\",\"position\":3,\"name\":\"Riiul MEZO REG-1 60\/29\/180 cm\"}]},{\"@type\":\"WebSite\",\"@id\":\"https:\/\/welle.ee\/ee\/#website\",\"url\":\"https:\/\/welle.ee\/ee\/\",\"name\":\"Welle\",\"description\":\"\",\"potentialAction\":[{\"@type\":\"SearchAction\",\"target\":{\"@type\":\"EntryPoint\",\"urlTemplate\":\"https:\/\/welle.ee\/ee\/?s={search_term_string}\"},\"query-input\":{\"@type\":\"PropertyValueSpecification\",\"valueRequired\":true,\"valueName\":\"search_term_string\"}}],\"inLanguage\":\"ee\"}]}<\/script>\n<!-- \/ Yoast SEO plugin. -->","yoast_head_json":{"title":"Riiul MEZO REG-1 60\/29\/180 cm - Welle","robots":{"index":"index","follow":"follow","max-snippet":"max-snippet:-1","max-image-preview":"max-image-preview:large","max-video-preview":"max-video-preview:-1"},"canonical":"https:\/\/welle.ee\/ee\/riiul-mezo-reg-1-60-29-180-cm\/","og_locale":"en_US","og_type":"article","og_title":"Riiul MEZO REG-1 60\/29\/180 cm - Welle","og_description":"Valmistatud lamineeritud m\u00f6\u00f6bliplaadist ja v\u00e4rvitud terasest Sahtlid ja riiulid Viimistlus: mitmev\u00e4rviline Tarnitakse detailidena","og_url":"https:\/\/welle.ee\/ee\/riiul-mezo-reg-1-60-29-180-cm\/","og_site_name":"Welle","article_modified_time":"2025-12-29T11:49:57+00:00","og_image":[{"width":674,"height":1200,"url":"https:\/\/welle.ee\/wp-content\/uploads\/2025\/08\/2010001155485_1.jpg","type":"image\/jpeg"}],"twitter_card":"summary_large_image","schema":{"@context":"https:\/\/schema.org","@graph":[{"@type":"WebPage","@id":"https:\/\/welle.ee\/ee\/riiul-mezo-reg-1-60-29-180-cm\/","url":"https:\/\/welle.ee\/ee\/riiul-mezo-reg-1-60-29-180-cm\/","name":"Riiul MEZO REG-1 60\/29\/180 cm - Welle","isPartOf":{"@id":"https:\/\/welle.ee\/ee\/#website"},"primaryImageOfPage":{"@id":"https:\/\/welle.ee\/ee\/riiul-mezo-reg-1-60-29-180-cm\/#primaryimage"},"image":{"@id":"https:\/\/welle.ee\/ee\/riiul-mezo-reg-1-60-29-180-cm\/#primaryimage"},"thumbnailUrl":"https:\/\/welle.ee\/wp-content\/uploads\/2025\/08\/2010001155485_1.jpg","datePublished":"2025-08-21T12:34:24+00:00","dateModified":"2025-12-29T11:49:57+00:00","breadcrumb":{"@id":"https:\/\/welle.ee\/ee\/riiul-mezo-reg-1-60-29-180-cm\/#breadcrumb"},"inLanguage":"ee","potentialAction":[{"@type":"ReadAction","target":["https:\/\/welle.ee\/ee\/riiul-mezo-reg-1-60-29-180-cm\/"]}]},{"@type":"ImageObject","inLanguage":"ee","@id":"https:\/\/welle.ee\/ee\/riiul-mezo-reg-1-60-29-180-cm\/#primaryimage","url":"https:\/\/welle.ee\/wp-content\/uploads\/2025\/08\/2010001155485_1.jpg","contentUrl":"https:\/\/welle.ee\/wp-content\/uploads\/2025\/08\/2010001155485_1.jpg","width":674,"height":1200},{"@type":"BreadcrumbList","@id":"https:\/\/welle.ee\/ee\/riiul-mezo-reg-1-60-29-180-cm\/#breadcrumb","itemListElement":[{"@type":"ListItem","position":1,"name":"\u0413\u043b\u0430\u0432\u043d\u0430\u044f \u0441\u0442\u0440\u0430\u043d\u0438\u0446\u0430","item":"https:\/\/welle.ee\/ee\/"},{"@type":"ListItem","position":2,"name":"Tooted","item":"https:\/\/welle.ee\/ee\/tooted\/"},{"@type":"ListItem","position":3,"name":"Riiul MEZO REG-1 60\/29\/180 cm"}]},{"@type":"WebSite","@id":"https:\/\/welle.ee\/ee\/#website","url":"https:\/\/welle.ee\/ee\/","name":"Welle","description":"","potentialAction":[{"@type":"SearchAction","target":{"@type":"EntryPoint","urlTemplate":"https:\/\/welle.ee\/ee\/?s={search_term_string}"},"query-input":{"@type":"PropertyValueSpecification","valueRequired":true,"valueName":"search_term_string"}}],"inLanguage":"ee"}]}},"_links":{"self":[{"href":"https:\/\/welle.ee\/ee\/wp-json\/wp\/v2\/product\/415014","targetHints":{"allow":["GET"]}}],"collection":[{"href":"https:\/\/welle.ee\/ee\/wp-json\/wp\/v2\/product"}],"about":[{"href":"https:\/\/welle.ee\/ee\/wp-json\/wp\/v2\/types\/product"}],"version-history":[{"count":1,"href":"https:\/\/welle.ee\/ee\/wp-json\/wp\/v2\/product\/415014\/revisions"}],"predecessor-version":[{"id":481860,"href":"https:\/\/welle.ee\/ee\/wp-json\/wp\/v2\/product\/415014\/revisions\/481860"}],"wp:featuredmedia":[{"embeddable":true,"href":"https:\/\/welle.ee\/ee\/wp-json\/wp\/v2\/media\/415015"}],"wp:attachment":[{"href":"https:\/\/welle.ee\/ee\/wp-json\/wp\/v2\/media?parent=415014"}],"wp:term":[{"taxonomy":"product_brand","embeddable":true,"href":"https:\/\/welle.ee\/ee\/wp-json\/wp\/v2\/product_brand?post=415014"},{"taxonomy":"product_cat","embeddable":true,"href":"https:\/\/welle.ee\/ee\/wp-json\/wp\/v2\/product_cat?post=415014"},{"taxonomy":"product_tag","embeddable":true,"href":"https:\/\/welle.ee\/ee\/wp-json\/wp\/v2\/product_tag?post=415014"}],"curies":[{"name":"wp","href":"https:\/\/api.w.org\/{rel}","templated":true}]}}