{"id":415018,"date":"2025-08-21T12:34:24","date_gmt":"2025-08-21T12:34:24","guid":{"rendered":"https:\/\/wellefurniture.eu\/koogikomplekt-alina-240-tamm-artisan-must-matt\/"},"modified":"2026-04-27T07:01:11","modified_gmt":"2026-04-27T07:01:11","slug":"koogikomplekt-alina-240-tamm-artisan-must-matt","status":"publish","type":"product","link":"https:\/\/welle.ee\/ee\/koogikomplekt-alina-240-tamm-artisan-must-matt\/","title":{"rendered":"K\u00f6\u00f6gikomplekt ALINA 240 tamm artisan\/must matt"},"content":{"rendered":"<ul>\n<li>Valmistatud lamineeritud m\u00f6\u00f6bliplaadist\u00a0<\/li>\n<li>Esipaneelide viimistlus:\u00a0tamm artisan\/must matt\u00a0<\/li>\n<li>T\u00f6\u00f6pind on tumehalli v\u00e4rvi, vastupidav, 28 mm<\/li>\n<li>Kapiuste gaasit\u00f5stuk<\/li>\n<li>Sahtlid on metallsiinidel Metabox<\/li>\n<li>Valamu ja tehnika ei kuulu komplekti<\/li>\n<li>Furnituur, k\u00e4epidemed ja t\u00f6\u00f6pind kuuluvad komplekti<\/li>\n<li>Kappide j\u00e4rjestust saab ise muuta paigalduse k\u00e4igus<\/li>\n<li>Tarnitakse detailidena<\/li>\n<\/ul>\n","protected":false},"excerpt":{"rendered":"<p>Valmistatud lamineeritud m\u00f6\u00f6bliplaadist\u00a0 Esipaneelide viimistlus:\u00a0tamm artisan\/must matt\u00a0 T\u00f6\u00f6pind on tumehalli v\u00e4rvi, vastupidav, 28 mm Kapiuste gaasit\u00f5stuk Sahtlid on metallsiinidel Metabox<\/p>\n","protected":false},"featured_media":415019,"template":"","meta":[],"product_brand":[],"product_cat":[2353,2379,4501,3592,2381],"product_tag":[],"class_list":{"0":"post-415018","1":"product","2":"type-product","3":"status-publish","4":"has-post-thumbnail","6":"product_cat-shop","7":"product_cat-brwkook","8":"product_cat-koogid","9":"product_cat-leiunurk","10":"product_cat-valmiskook","11":"pa_length-2637","12":"pa_manufacturer-halmar","13":"pa_material-moobliplaat","14":"pa_width_range-w-50-100","16":"first","17":"instock","18":"sale","19":"taxable","20":"shipping-taxable","21":"purchasable","22":"product-type-simple"},"yoast_head":"<!-- This site is optimized with the Yoast SEO plugin v26.2 - https:\/\/yoast.com\/wordpress\/plugins\/seo\/ -->\n<title>K\u00f6\u00f6gikomplekt ALINA 240 tamm artisan\/must matt - Welle<\/title>\n<meta name=\"robots\" content=\"index, follow, max-snippet:-1, max-image-preview:large, max-video-preview:-1\" \/>\n<link rel=\"canonical\" href=\"https:\/\/welle.ee\/ee\/koogikomplekt-alina-240-tamm-artisan-must-matt\/\" \/>\n<meta property=\"og:locale\" content=\"en_US\" \/>\n<meta property=\"og:type\" content=\"article\" \/>\n<meta property=\"og:title\" content=\"K\u00f6\u00f6gikomplekt ALINA 240 tamm artisan\/must matt - Welle\" \/>\n<meta property=\"og:description\" content=\"Valmistatud lamineeritud m\u00f6\u00f6bliplaadist\u00a0 Esipaneelide viimistlus:\u00a0tamm artisan\/must matt\u00a0 T\u00f6\u00f6pind on tumehalli v\u00e4rvi, vastupidav, 28 mm Kapiuste gaasit\u00f5stuk Sahtlid on metallsiinidel Metabox\" \/>\n<meta property=\"og:url\" content=\"https:\/\/welle.ee\/ee\/koogikomplekt-alina-240-tamm-artisan-must-matt\/\" \/>\n<meta property=\"og:site_name\" content=\"Welle\" \/>\n<meta property=\"article:modified_time\" content=\"2026-04-27T07:01:11+00:00\" \/>\n<meta property=\"og:image\" content=\"https:\/\/welle.ee\/wp-content\/uploads\/2025\/08\/3c7a13cabf88a6d67cdb46a99271d169.jpeg\" \/>\n\t<meta property=\"og:image:width\" content=\"800\" \/>\n\t<meta property=\"og:image:height\" content=\"533\" \/>\n\t<meta property=\"og:image:type\" content=\"image\/jpeg\" \/>\n<meta name=\"twitter:card\" content=\"summary_large_image\" \/>\n<script type=\"application\/ld+json\" class=\"yoast-schema-graph\">{\"@context\":\"https:\/\/schema.org\",\"@graph\":[{\"@type\":\"WebPage\",\"@id\":\"https:\/\/welle.ee\/ee\/koogikomplekt-alina-240-tamm-artisan-must-matt\/\",\"url\":\"https:\/\/welle.ee\/ee\/koogikomplekt-alina-240-tamm-artisan-must-matt\/\",\"name\":\"K\u00f6\u00f6gikomplekt ALINA 240 tamm artisan\/must matt - Welle\",\"isPartOf\":{\"@id\":\"https:\/\/welle.ee\/ee\/#website\"},\"primaryImageOfPage\":{\"@id\":\"https:\/\/welle.ee\/ee\/koogikomplekt-alina-240-tamm-artisan-must-matt\/#primaryimage\"},\"image\":{\"@id\":\"https:\/\/welle.ee\/ee\/koogikomplekt-alina-240-tamm-artisan-must-matt\/#primaryimage\"},\"thumbnailUrl\":\"https:\/\/welle.ee\/wp-content\/uploads\/2025\/08\/3c7a13cabf88a6d67cdb46a99271d169.jpeg\",\"datePublished\":\"2025-08-21T12:34:24+00:00\",\"dateModified\":\"2026-04-27T07:01:11+00:00\",\"breadcrumb\":{\"@id\":\"https:\/\/welle.ee\/ee\/koogikomplekt-alina-240-tamm-artisan-must-matt\/#breadcrumb\"},\"inLanguage\":\"ee\",\"potentialAction\":[{\"@type\":\"ReadAction\",\"target\":[\"https:\/\/welle.ee\/ee\/koogikomplekt-alina-240-tamm-artisan-must-matt\/\"]}]},{\"@type\":\"ImageObject\",\"inLanguage\":\"ee\",\"@id\":\"https:\/\/welle.ee\/ee\/koogikomplekt-alina-240-tamm-artisan-must-matt\/#primaryimage\",\"url\":\"https:\/\/welle.ee\/wp-content\/uploads\/2025\/08\/3c7a13cabf88a6d67cdb46a99271d169.jpeg\",\"contentUrl\":\"https:\/\/welle.ee\/wp-content\/uploads\/2025\/08\/3c7a13cabf88a6d67cdb46a99271d169.jpeg\",\"width\":800,\"height\":533},{\"@type\":\"BreadcrumbList\",\"@id\":\"https:\/\/welle.ee\/ee\/koogikomplekt-alina-240-tamm-artisan-must-matt\/#breadcrumb\",\"itemListElement\":[{\"@type\":\"ListItem\",\"position\":1,\"name\":\"\u0413\u043b\u0430\u0432\u043d\u0430\u044f \u0441\u0442\u0440\u0430\u043d\u0438\u0446\u0430\",\"item\":\"https:\/\/welle.ee\/ee\/\"},{\"@type\":\"ListItem\",\"position\":2,\"name\":\"Tooted\",\"item\":\"https:\/\/welle.ee\/ee\/tooted\/\"},{\"@type\":\"ListItem\",\"position\":3,\"name\":\"K\u00f6\u00f6gikomplekt ALINA 240 tamm artisan\/must matt\"}]},{\"@type\":\"WebSite\",\"@id\":\"https:\/\/welle.ee\/ee\/#website\",\"url\":\"https:\/\/welle.ee\/ee\/\",\"name\":\"Welle\",\"description\":\"\",\"potentialAction\":[{\"@type\":\"SearchAction\",\"target\":{\"@type\":\"EntryPoint\",\"urlTemplate\":\"https:\/\/welle.ee\/ee\/?s={search_term_string}\"},\"query-input\":{\"@type\":\"PropertyValueSpecification\",\"valueRequired\":true,\"valueName\":\"search_term_string\"}}],\"inLanguage\":\"ee\"}]}<\/script>\n<!-- \/ Yoast SEO plugin. -->","yoast_head_json":{"title":"K\u00f6\u00f6gikomplekt ALINA 240 tamm artisan\/must matt - Welle","robots":{"index":"index","follow":"follow","max-snippet":"max-snippet:-1","max-image-preview":"max-image-preview:large","max-video-preview":"max-video-preview:-1"},"canonical":"https:\/\/welle.ee\/ee\/koogikomplekt-alina-240-tamm-artisan-must-matt\/","og_locale":"en_US","og_type":"article","og_title":"K\u00f6\u00f6gikomplekt ALINA 240 tamm artisan\/must matt - Welle","og_description":"Valmistatud lamineeritud m\u00f6\u00f6bliplaadist\u00a0 Esipaneelide viimistlus:\u00a0tamm artisan\/must matt\u00a0 T\u00f6\u00f6pind on tumehalli v\u00e4rvi, vastupidav, 28 mm Kapiuste gaasit\u00f5stuk Sahtlid on metallsiinidel Metabox","og_url":"https:\/\/welle.ee\/ee\/koogikomplekt-alina-240-tamm-artisan-must-matt\/","og_site_name":"Welle","article_modified_time":"2026-04-27T07:01:11+00:00","og_image":[{"width":800,"height":533,"url":"https:\/\/welle.ee\/wp-content\/uploads\/2025\/08\/3c7a13cabf88a6d67cdb46a99271d169.jpeg","type":"image\/jpeg"}],"twitter_card":"summary_large_image","schema":{"@context":"https:\/\/schema.org","@graph":[{"@type":"WebPage","@id":"https:\/\/welle.ee\/ee\/koogikomplekt-alina-240-tamm-artisan-must-matt\/","url":"https:\/\/welle.ee\/ee\/koogikomplekt-alina-240-tamm-artisan-must-matt\/","name":"K\u00f6\u00f6gikomplekt ALINA 240 tamm artisan\/must matt - Welle","isPartOf":{"@id":"https:\/\/welle.ee\/ee\/#website"},"primaryImageOfPage":{"@id":"https:\/\/welle.ee\/ee\/koogikomplekt-alina-240-tamm-artisan-must-matt\/#primaryimage"},"image":{"@id":"https:\/\/welle.ee\/ee\/koogikomplekt-alina-240-tamm-artisan-must-matt\/#primaryimage"},"thumbnailUrl":"https:\/\/welle.ee\/wp-content\/uploads\/2025\/08\/3c7a13cabf88a6d67cdb46a99271d169.jpeg","datePublished":"2025-08-21T12:34:24+00:00","dateModified":"2026-04-27T07:01:11+00:00","breadcrumb":{"@id":"https:\/\/welle.ee\/ee\/koogikomplekt-alina-240-tamm-artisan-must-matt\/#breadcrumb"},"inLanguage":"ee","potentialAction":[{"@type":"ReadAction","target":["https:\/\/welle.ee\/ee\/koogikomplekt-alina-240-tamm-artisan-must-matt\/"]}]},{"@type":"ImageObject","inLanguage":"ee","@id":"https:\/\/welle.ee\/ee\/koogikomplekt-alina-240-tamm-artisan-must-matt\/#primaryimage","url":"https:\/\/welle.ee\/wp-content\/uploads\/2025\/08\/3c7a13cabf88a6d67cdb46a99271d169.jpeg","contentUrl":"https:\/\/welle.ee\/wp-content\/uploads\/2025\/08\/3c7a13cabf88a6d67cdb46a99271d169.jpeg","width":800,"height":533},{"@type":"BreadcrumbList","@id":"https:\/\/welle.ee\/ee\/koogikomplekt-alina-240-tamm-artisan-must-matt\/#breadcrumb","itemListElement":[{"@type":"ListItem","position":1,"name":"\u0413\u043b\u0430\u0432\u043d\u0430\u044f \u0441\u0442\u0440\u0430\u043d\u0438\u0446\u0430","item":"https:\/\/welle.ee\/ee\/"},{"@type":"ListItem","position":2,"name":"Tooted","item":"https:\/\/welle.ee\/ee\/tooted\/"},{"@type":"ListItem","position":3,"name":"K\u00f6\u00f6gikomplekt ALINA 240 tamm artisan\/must matt"}]},{"@type":"WebSite","@id":"https:\/\/welle.ee\/ee\/#website","url":"https:\/\/welle.ee\/ee\/","name":"Welle","description":"","potentialAction":[{"@type":"SearchAction","target":{"@type":"EntryPoint","urlTemplate":"https:\/\/welle.ee\/ee\/?s={search_term_string}"},"query-input":{"@type":"PropertyValueSpecification","valueRequired":true,"valueName":"search_term_string"}}],"inLanguage":"ee"}]}},"_links":{"self":[{"href":"https:\/\/welle.ee\/ee\/wp-json\/wp\/v2\/product\/415018","targetHints":{"allow":["GET"]}}],"collection":[{"href":"https:\/\/welle.ee\/ee\/wp-json\/wp\/v2\/product"}],"about":[{"href":"https:\/\/welle.ee\/ee\/wp-json\/wp\/v2\/types\/product"}],"version-history":[{"count":1,"href":"https:\/\/welle.ee\/ee\/wp-json\/wp\/v2\/product\/415018\/revisions"}],"predecessor-version":[{"id":481861,"href":"https:\/\/welle.ee\/ee\/wp-json\/wp\/v2\/product\/415018\/revisions\/481861"}],"wp:featuredmedia":[{"embeddable":true,"href":"https:\/\/welle.ee\/ee\/wp-json\/wp\/v2\/media\/415019"}],"wp:attachment":[{"href":"https:\/\/welle.ee\/ee\/wp-json\/wp\/v2\/media?parent=415018"}],"wp:term":[{"taxonomy":"product_brand","embeddable":true,"href":"https:\/\/welle.ee\/ee\/wp-json\/wp\/v2\/product_brand?post=415018"},{"taxonomy":"product_cat","embeddable":true,"href":"https:\/\/welle.ee\/ee\/wp-json\/wp\/v2\/product_cat?post=415018"},{"taxonomy":"product_tag","embeddable":true,"href":"https:\/\/welle.ee\/ee\/wp-json\/wp\/v2\/product_tag?post=415018"}],"curies":[{"name":"wp","href":"https:\/\/api.w.org\/{rel}","templated":true}]}}