{"id":415039,"date":"2025-08-21T12:34:24","date_gmt":"2025-08-21T12:34:24","guid":{"rendered":"https:\/\/wellefurniture.eu\/koogikomplekt-marija-200-valge-korglaige-tamm-sonoma\/"},"modified":"2025-12-29T11:49:57","modified_gmt":"2025-12-29T11:49:57","slug":"koogikomplekt-marija-200-valge-korglaige-tamm-sonoma","status":"publish","type":"product","link":"https:\/\/welle.ee\/ee\/koogikomplekt-marija-200-valge-korglaige-tamm-sonoma\/","title":{"rendered":"K\u00f6\u00f6gikomplekt MARIJA 200 valge k\u00f5rgl\u00e4ige\/tamm sonoma"},"content":{"rendered":"<ul>\n<li>Valmistatud lamineeritud m\u00f6\u00f6bliplaadist,\u00a0<\/li>\n<li>Viimistlus: valge k\u00f5rgl\u00e4ige\/tamm sonoma<\/li>\n<li>T\u00f6\u00f6pind valge, vastupidav, 28 mm<\/li>\n<li>Kapiukse gaasit\u00f5stuk<\/li>\n<li>Valamukapp ilma t\u00f6\u00f6pinnata<\/li>\n<li>Valamu ja tehnika ei kuulu komplekti<\/li>\n<li>Furnituur, k\u00e4epidemed ja t\u00f6\u00f6pind kuuluvad komplekti<\/li>\n<li>Kappide j\u00e4rjestust saab ise muuta paigalduse k\u00e4igus<\/li>\n<li>Tarnitakse detailidena<\/li>\n<\/ul>\n","protected":false},"excerpt":{"rendered":"<p>Valmistatud lamineeritud m\u00f6\u00f6bliplaadist,\u00a0 Viimistlus: valge k\u00f5rgl\u00e4ige\/tamm sonoma T\u00f6\u00f6pind valge, vastupidav, 28 mm Kapiukse gaasit\u00f5stuk Valamukapp ilma t\u00f6\u00f6pinnata Valamu ja tehnika<\/p>\n","protected":false},"featured_media":415040,"template":"","meta":[],"product_brand":[],"product_cat":[2353,2379,4501,3592,2381],"product_tag":[],"class_list":{"0":"post-415039","1":"product","2":"type-product","3":"status-publish","4":"has-post-thumbnail","6":"product_cat-shop","7":"product_cat-brwkook","8":"product_cat-koogid","9":"product_cat-leiunurk","10":"product_cat-valmiskook","11":"pa_color-sonoma","12":"pa_length-2501","13":"pa_length_range-l-151-200","14":"pa_manufacturer-halmar","15":"pa_material-moobliplaat","16":"pa_width_range-w-50-100","18":"first","19":"instock","20":"sale","21":"taxable","22":"shipping-taxable","23":"purchasable","24":"product-type-simple"},"yoast_head":"<!-- This site is optimized with the Yoast SEO plugin v26.2 - https:\/\/yoast.com\/wordpress\/plugins\/seo\/ -->\n<title>K\u00f6\u00f6gikomplekt MARIJA 200 valge k\u00f5rgl\u00e4ige\/tamm sonoma - Welle<\/title>\n<meta name=\"robots\" content=\"index, follow, max-snippet:-1, max-image-preview:large, max-video-preview:-1\" \/>\n<link rel=\"canonical\" href=\"https:\/\/welle.ee\/ee\/koogikomplekt-marija-200-valge-korglaige-tamm-sonoma\/\" \/>\n<meta property=\"og:locale\" content=\"en_US\" \/>\n<meta property=\"og:type\" content=\"article\" \/>\n<meta property=\"og:title\" content=\"K\u00f6\u00f6gikomplekt MARIJA 200 valge k\u00f5rgl\u00e4ige\/tamm sonoma - Welle\" \/>\n<meta property=\"og:description\" content=\"Valmistatud lamineeritud m\u00f6\u00f6bliplaadist,\u00a0 Viimistlus: valge k\u00f5rgl\u00e4ige\/tamm sonoma T\u00f6\u00f6pind valge, vastupidav, 28 mm Kapiukse gaasit\u00f5stuk Valamukapp ilma t\u00f6\u00f6pinnata Valamu ja tehnika\" \/>\n<meta property=\"og:url\" content=\"https:\/\/welle.ee\/ee\/koogikomplekt-marija-200-valge-korglaige-tamm-sonoma\/\" \/>\n<meta property=\"og:site_name\" content=\"Welle\" \/>\n<meta property=\"article:modified_time\" content=\"2025-12-29T11:49:57+00:00\" \/>\n<meta property=\"og:image\" content=\"https:\/\/welle.ee\/wp-content\/uploads\/2025\/08\/9a8b7076a6d445677ff25097641f2850.jpeg\" \/>\n\t<meta property=\"og:image:width\" content=\"800\" \/>\n\t<meta property=\"og:image:height\" content=\"450\" \/>\n\t<meta property=\"og:image:type\" content=\"image\/jpeg\" \/>\n<meta name=\"twitter:card\" content=\"summary_large_image\" \/>\n<script type=\"application\/ld+json\" class=\"yoast-schema-graph\">{\"@context\":\"https:\/\/schema.org\",\"@graph\":[{\"@type\":\"WebPage\",\"@id\":\"https:\/\/welle.ee\/ee\/koogikomplekt-marija-200-valge-korglaige-tamm-sonoma\/\",\"url\":\"https:\/\/welle.ee\/ee\/koogikomplekt-marija-200-valge-korglaige-tamm-sonoma\/\",\"name\":\"K\u00f6\u00f6gikomplekt MARIJA 200 valge k\u00f5rgl\u00e4ige\/tamm sonoma - Welle\",\"isPartOf\":{\"@id\":\"https:\/\/welle.ee\/ee\/#website\"},\"primaryImageOfPage\":{\"@id\":\"https:\/\/welle.ee\/ee\/koogikomplekt-marija-200-valge-korglaige-tamm-sonoma\/#primaryimage\"},\"image\":{\"@id\":\"https:\/\/welle.ee\/ee\/koogikomplekt-marija-200-valge-korglaige-tamm-sonoma\/#primaryimage\"},\"thumbnailUrl\":\"https:\/\/welle.ee\/wp-content\/uploads\/2025\/08\/9a8b7076a6d445677ff25097641f2850.jpeg\",\"datePublished\":\"2025-08-21T12:34:24+00:00\",\"dateModified\":\"2025-12-29T11:49:57+00:00\",\"breadcrumb\":{\"@id\":\"https:\/\/welle.ee\/ee\/koogikomplekt-marija-200-valge-korglaige-tamm-sonoma\/#breadcrumb\"},\"inLanguage\":\"ee\",\"potentialAction\":[{\"@type\":\"ReadAction\",\"target\":[\"https:\/\/welle.ee\/ee\/koogikomplekt-marija-200-valge-korglaige-tamm-sonoma\/\"]}]},{\"@type\":\"ImageObject\",\"inLanguage\":\"ee\",\"@id\":\"https:\/\/welle.ee\/ee\/koogikomplekt-marija-200-valge-korglaige-tamm-sonoma\/#primaryimage\",\"url\":\"https:\/\/welle.ee\/wp-content\/uploads\/2025\/08\/9a8b7076a6d445677ff25097641f2850.jpeg\",\"contentUrl\":\"https:\/\/welle.ee\/wp-content\/uploads\/2025\/08\/9a8b7076a6d445677ff25097641f2850.jpeg\",\"width\":800,\"height\":450},{\"@type\":\"BreadcrumbList\",\"@id\":\"https:\/\/welle.ee\/ee\/koogikomplekt-marija-200-valge-korglaige-tamm-sonoma\/#breadcrumb\",\"itemListElement\":[{\"@type\":\"ListItem\",\"position\":1,\"name\":\"\u0413\u043b\u0430\u0432\u043d\u0430\u044f \u0441\u0442\u0440\u0430\u043d\u0438\u0446\u0430\",\"item\":\"https:\/\/welle.ee\/ee\/\"},{\"@type\":\"ListItem\",\"position\":2,\"name\":\"Tooted\",\"item\":\"https:\/\/welle.ee\/ee\/tooted\/\"},{\"@type\":\"ListItem\",\"position\":3,\"name\":\"K\u00f6\u00f6gikomplekt MARIJA 200 valge k\u00f5rgl\u00e4ige\/tamm sonoma\"}]},{\"@type\":\"WebSite\",\"@id\":\"https:\/\/welle.ee\/ee\/#website\",\"url\":\"https:\/\/welle.ee\/ee\/\",\"name\":\"Welle\",\"description\":\"\",\"potentialAction\":[{\"@type\":\"SearchAction\",\"target\":{\"@type\":\"EntryPoint\",\"urlTemplate\":\"https:\/\/welle.ee\/ee\/?s={search_term_string}\"},\"query-input\":{\"@type\":\"PropertyValueSpecification\",\"valueRequired\":true,\"valueName\":\"search_term_string\"}}],\"inLanguage\":\"ee\"}]}<\/script>\n<!-- \/ Yoast SEO plugin. -->","yoast_head_json":{"title":"K\u00f6\u00f6gikomplekt MARIJA 200 valge k\u00f5rgl\u00e4ige\/tamm sonoma - Welle","robots":{"index":"index","follow":"follow","max-snippet":"max-snippet:-1","max-image-preview":"max-image-preview:large","max-video-preview":"max-video-preview:-1"},"canonical":"https:\/\/welle.ee\/ee\/koogikomplekt-marija-200-valge-korglaige-tamm-sonoma\/","og_locale":"en_US","og_type":"article","og_title":"K\u00f6\u00f6gikomplekt MARIJA 200 valge k\u00f5rgl\u00e4ige\/tamm sonoma - Welle","og_description":"Valmistatud lamineeritud m\u00f6\u00f6bliplaadist,\u00a0 Viimistlus: valge k\u00f5rgl\u00e4ige\/tamm sonoma T\u00f6\u00f6pind valge, vastupidav, 28 mm Kapiukse gaasit\u00f5stuk Valamukapp ilma t\u00f6\u00f6pinnata Valamu ja tehnika","og_url":"https:\/\/welle.ee\/ee\/koogikomplekt-marija-200-valge-korglaige-tamm-sonoma\/","og_site_name":"Welle","article_modified_time":"2025-12-29T11:49:57+00:00","og_image":[{"width":800,"height":450,"url":"https:\/\/welle.ee\/wp-content\/uploads\/2025\/08\/9a8b7076a6d445677ff25097641f2850.jpeg","type":"image\/jpeg"}],"twitter_card":"summary_large_image","schema":{"@context":"https:\/\/schema.org","@graph":[{"@type":"WebPage","@id":"https:\/\/welle.ee\/ee\/koogikomplekt-marija-200-valge-korglaige-tamm-sonoma\/","url":"https:\/\/welle.ee\/ee\/koogikomplekt-marija-200-valge-korglaige-tamm-sonoma\/","name":"K\u00f6\u00f6gikomplekt MARIJA 200 valge k\u00f5rgl\u00e4ige\/tamm sonoma - Welle","isPartOf":{"@id":"https:\/\/welle.ee\/ee\/#website"},"primaryImageOfPage":{"@id":"https:\/\/welle.ee\/ee\/koogikomplekt-marija-200-valge-korglaige-tamm-sonoma\/#primaryimage"},"image":{"@id":"https:\/\/welle.ee\/ee\/koogikomplekt-marija-200-valge-korglaige-tamm-sonoma\/#primaryimage"},"thumbnailUrl":"https:\/\/welle.ee\/wp-content\/uploads\/2025\/08\/9a8b7076a6d445677ff25097641f2850.jpeg","datePublished":"2025-08-21T12:34:24+00:00","dateModified":"2025-12-29T11:49:57+00:00","breadcrumb":{"@id":"https:\/\/welle.ee\/ee\/koogikomplekt-marija-200-valge-korglaige-tamm-sonoma\/#breadcrumb"},"inLanguage":"ee","potentialAction":[{"@type":"ReadAction","target":["https:\/\/welle.ee\/ee\/koogikomplekt-marija-200-valge-korglaige-tamm-sonoma\/"]}]},{"@type":"ImageObject","inLanguage":"ee","@id":"https:\/\/welle.ee\/ee\/koogikomplekt-marija-200-valge-korglaige-tamm-sonoma\/#primaryimage","url":"https:\/\/welle.ee\/wp-content\/uploads\/2025\/08\/9a8b7076a6d445677ff25097641f2850.jpeg","contentUrl":"https:\/\/welle.ee\/wp-content\/uploads\/2025\/08\/9a8b7076a6d445677ff25097641f2850.jpeg","width":800,"height":450},{"@type":"BreadcrumbList","@id":"https:\/\/welle.ee\/ee\/koogikomplekt-marija-200-valge-korglaige-tamm-sonoma\/#breadcrumb","itemListElement":[{"@type":"ListItem","position":1,"name":"\u0413\u043b\u0430\u0432\u043d\u0430\u044f \u0441\u0442\u0440\u0430\u043d\u0438\u0446\u0430","item":"https:\/\/welle.ee\/ee\/"},{"@type":"ListItem","position":2,"name":"Tooted","item":"https:\/\/welle.ee\/ee\/tooted\/"},{"@type":"ListItem","position":3,"name":"K\u00f6\u00f6gikomplekt MARIJA 200 valge k\u00f5rgl\u00e4ige\/tamm sonoma"}]},{"@type":"WebSite","@id":"https:\/\/welle.ee\/ee\/#website","url":"https:\/\/welle.ee\/ee\/","name":"Welle","description":"","potentialAction":[{"@type":"SearchAction","target":{"@type":"EntryPoint","urlTemplate":"https:\/\/welle.ee\/ee\/?s={search_term_string}"},"query-input":{"@type":"PropertyValueSpecification","valueRequired":true,"valueName":"search_term_string"}}],"inLanguage":"ee"}]}},"_links":{"self":[{"href":"https:\/\/welle.ee\/ee\/wp-json\/wp\/v2\/product\/415039","targetHints":{"allow":["GET"]}}],"collection":[{"href":"https:\/\/welle.ee\/ee\/wp-json\/wp\/v2\/product"}],"about":[{"href":"https:\/\/welle.ee\/ee\/wp-json\/wp\/v2\/types\/product"}],"version-history":[{"count":1,"href":"https:\/\/welle.ee\/ee\/wp-json\/wp\/v2\/product\/415039\/revisions"}],"predecessor-version":[{"id":481864,"href":"https:\/\/welle.ee\/ee\/wp-json\/wp\/v2\/product\/415039\/revisions\/481864"}],"wp:featuredmedia":[{"embeddable":true,"href":"https:\/\/welle.ee\/ee\/wp-json\/wp\/v2\/media\/415040"}],"wp:attachment":[{"href":"https:\/\/welle.ee\/ee\/wp-json\/wp\/v2\/media?parent=415039"}],"wp:term":[{"taxonomy":"product_brand","embeddable":true,"href":"https:\/\/welle.ee\/ee\/wp-json\/wp\/v2\/product_brand?post=415039"},{"taxonomy":"product_cat","embeddable":true,"href":"https:\/\/welle.ee\/ee\/wp-json\/wp\/v2\/product_cat?post=415039"},{"taxonomy":"product_tag","embeddable":true,"href":"https:\/\/welle.ee\/ee\/wp-json\/wp\/v2\/product_tag?post=415039"}],"curies":[{"name":"wp","href":"https:\/\/api.w.org\/{rel}","templated":true}]}}