{"id":417485,"date":"2025-08-21T12:37:02","date_gmt":"2025-08-21T12:37:02","guid":{"rendered":"https:\/\/wellefurniture.eu\/seinariiul-larona-24xcdz02-tamm-riviera-hele-180cm\/"},"modified":"2025-10-06T08:25:53","modified_gmt":"2025-10-06T08:25:53","slug":"seinariiul-larona-24xcdz02-tamm-riviera-hele-180cm","status":"publish","type":"product","link":"https:\/\/welle.ee\/ee\/seinariiul-larona-24xcdz02-tamm-riviera-hele-180cm\/","title":{"rendered":"Seinariiul Larona 24XCDZ02 tamm riviera hele 180cm"},"content":{"rendered":"<ul class=\"list-disc ml-2 mr-3\" data-v-3cbabf1b=\"\">\n<li data-v-3cbabf1b=\"\">Valmistatud kvaliteetsest lamineeritud kattega m\u00f6\u00f6bliplaadist<\/li>\n<li data-v-3cbabf1b=\"\">Viimistlus: tamm riviera hele<\/li>\n<li data-v-3cbabf1b=\"\">Tarnitakse detailidena<\/li>\n<li data-v-3cbabf1b=\"\">Tarneaeg 4-8 n\u00e4dalat<\/li>\n<\/ul>\n","protected":false},"excerpt":{"rendered":"<p>Valmistatud kvaliteetsest lamineeritud kattega m\u00f6\u00f6bliplaadist Viimistlus: tamm riviera hele Tarnitakse detailidena Tarneaeg 4-8 n\u00e4dalat<\/p>\n","protected":false},"featured_media":417486,"template":"","meta":[],"product_brand":[],"product_cat":[2349,2353,2350],"product_tag":[],"class_list":{"0":"post-417485","1":"product","2":"type-product","3":"status-publish","4":"has-post-thumbnail","6":"product_cat-livroom","7":"product_cat-shop","8":"product_cat-seinariiul","9":"pa_height-3313","10":"pa_length-3156","11":"pa_length_range-l-151-200","12":"pa_manufacturer-helvetia-meble","13":"pa_material-moobliplaat","14":"pa_width-3532","15":"pa_width_range-w-50-100","17":"first","18":"instock","19":"taxable","20":"shipping-taxable","21":"purchasable","22":"product-type-simple"},"yoast_head":"<!-- This site is optimized with the Yoast SEO plugin v26.2 - https:\/\/yoast.com\/wordpress\/plugins\/seo\/ -->\n<title>Seinariiul Larona 24XCDZ02 tamm riviera hele 180cm - Welle<\/title>\n<meta name=\"robots\" content=\"index, follow, max-snippet:-1, max-image-preview:large, max-video-preview:-1\" \/>\n<link rel=\"canonical\" href=\"https:\/\/welle.ee\/ee\/seinariiul-larona-24xcdz02-tamm-riviera-hele-180cm\/\" \/>\n<meta property=\"og:locale\" content=\"en_US\" \/>\n<meta property=\"og:type\" content=\"article\" \/>\n<meta property=\"og:title\" content=\"Seinariiul Larona 24XCDZ02 tamm riviera hele 180cm - Welle\" \/>\n<meta property=\"og:description\" content=\"Valmistatud kvaliteetsest lamineeritud kattega m\u00f6\u00f6bliplaadist Viimistlus: tamm riviera hele Tarnitakse detailidena Tarneaeg 4-8 n\u00e4dalat\" \/>\n<meta property=\"og:url\" content=\"https:\/\/welle.ee\/ee\/seinariiul-larona-24xcdz02-tamm-riviera-hele-180cm\/\" \/>\n<meta property=\"og:site_name\" content=\"Welle\" \/>\n<meta property=\"article:modified_time\" content=\"2025-10-06T08:25:53+00:00\" \/>\n<meta property=\"og:image\" content=\"https:\/\/welle.ee\/wp-content\/uploads\/2025\/08\/larona_riviera_02.jpg\" \/>\n\t<meta property=\"og:image:width\" content=\"1920\" \/>\n\t<meta property=\"og:image:height\" content=\"731\" \/>\n\t<meta property=\"og:image:type\" content=\"image\/jpeg\" \/>\n<meta name=\"twitter:card\" content=\"summary_large_image\" \/>\n<script type=\"application\/ld+json\" class=\"yoast-schema-graph\">{\"@context\":\"https:\/\/schema.org\",\"@graph\":[{\"@type\":\"WebPage\",\"@id\":\"https:\/\/welle.ee\/ee\/seinariiul-larona-24xcdz02-tamm-riviera-hele-180cm\/\",\"url\":\"https:\/\/welle.ee\/ee\/seinariiul-larona-24xcdz02-tamm-riviera-hele-180cm\/\",\"name\":\"Seinariiul Larona 24XCDZ02 tamm riviera hele 180cm - Welle\",\"isPartOf\":{\"@id\":\"https:\/\/welle.ee\/ee\/#website\"},\"primaryImageOfPage\":{\"@id\":\"https:\/\/welle.ee\/ee\/seinariiul-larona-24xcdz02-tamm-riviera-hele-180cm\/#primaryimage\"},\"image\":{\"@id\":\"https:\/\/welle.ee\/ee\/seinariiul-larona-24xcdz02-tamm-riviera-hele-180cm\/#primaryimage\"},\"thumbnailUrl\":\"https:\/\/welle.ee\/wp-content\/uploads\/2025\/08\/larona_riviera_02.jpg\",\"datePublished\":\"2025-08-21T12:37:02+00:00\",\"dateModified\":\"2025-10-06T08:25:53+00:00\",\"breadcrumb\":{\"@id\":\"https:\/\/welle.ee\/ee\/seinariiul-larona-24xcdz02-tamm-riviera-hele-180cm\/#breadcrumb\"},\"inLanguage\":\"ee\",\"potentialAction\":[{\"@type\":\"ReadAction\",\"target\":[\"https:\/\/welle.ee\/ee\/seinariiul-larona-24xcdz02-tamm-riviera-hele-180cm\/\"]}]},{\"@type\":\"ImageObject\",\"inLanguage\":\"ee\",\"@id\":\"https:\/\/welle.ee\/ee\/seinariiul-larona-24xcdz02-tamm-riviera-hele-180cm\/#primaryimage\",\"url\":\"https:\/\/welle.ee\/wp-content\/uploads\/2025\/08\/larona_riviera_02.jpg\",\"contentUrl\":\"https:\/\/welle.ee\/wp-content\/uploads\/2025\/08\/larona_riviera_02.jpg\",\"width\":1920,\"height\":731},{\"@type\":\"BreadcrumbList\",\"@id\":\"https:\/\/welle.ee\/ee\/seinariiul-larona-24xcdz02-tamm-riviera-hele-180cm\/#breadcrumb\",\"itemListElement\":[{\"@type\":\"ListItem\",\"position\":1,\"name\":\"\u0413\u043b\u0430\u0432\u043d\u0430\u044f \u0441\u0442\u0440\u0430\u043d\u0438\u0446\u0430\",\"item\":\"https:\/\/welle.ee\/ee\/\"},{\"@type\":\"ListItem\",\"position\":2,\"name\":\"Tooted\",\"item\":\"https:\/\/welle.ee\/ee\/tooted\/\"},{\"@type\":\"ListItem\",\"position\":3,\"name\":\"Seinariiul Larona 24XCDZ02 tamm riviera hele 180cm\"}]},{\"@type\":\"WebSite\",\"@id\":\"https:\/\/welle.ee\/ee\/#website\",\"url\":\"https:\/\/welle.ee\/ee\/\",\"name\":\"Welle\",\"description\":\"\",\"potentialAction\":[{\"@type\":\"SearchAction\",\"target\":{\"@type\":\"EntryPoint\",\"urlTemplate\":\"https:\/\/welle.ee\/ee\/?s={search_term_string}\"},\"query-input\":{\"@type\":\"PropertyValueSpecification\",\"valueRequired\":true,\"valueName\":\"search_term_string\"}}],\"inLanguage\":\"ee\"}]}<\/script>\n<!-- \/ Yoast SEO plugin. -->","yoast_head_json":{"title":"Seinariiul Larona 24XCDZ02 tamm riviera hele 180cm - Welle","robots":{"index":"index","follow":"follow","max-snippet":"max-snippet:-1","max-image-preview":"max-image-preview:large","max-video-preview":"max-video-preview:-1"},"canonical":"https:\/\/welle.ee\/ee\/seinariiul-larona-24xcdz02-tamm-riviera-hele-180cm\/","og_locale":"en_US","og_type":"article","og_title":"Seinariiul Larona 24XCDZ02 tamm riviera hele 180cm - Welle","og_description":"Valmistatud kvaliteetsest lamineeritud kattega m\u00f6\u00f6bliplaadist Viimistlus: tamm riviera hele Tarnitakse detailidena Tarneaeg 4-8 n\u00e4dalat","og_url":"https:\/\/welle.ee\/ee\/seinariiul-larona-24xcdz02-tamm-riviera-hele-180cm\/","og_site_name":"Welle","article_modified_time":"2025-10-06T08:25:53+00:00","og_image":[{"width":1920,"height":731,"url":"https:\/\/welle.ee\/wp-content\/uploads\/2025\/08\/larona_riviera_02.jpg","type":"image\/jpeg"}],"twitter_card":"summary_large_image","schema":{"@context":"https:\/\/schema.org","@graph":[{"@type":"WebPage","@id":"https:\/\/welle.ee\/ee\/seinariiul-larona-24xcdz02-tamm-riviera-hele-180cm\/","url":"https:\/\/welle.ee\/ee\/seinariiul-larona-24xcdz02-tamm-riviera-hele-180cm\/","name":"Seinariiul Larona 24XCDZ02 tamm riviera hele 180cm - Welle","isPartOf":{"@id":"https:\/\/welle.ee\/ee\/#website"},"primaryImageOfPage":{"@id":"https:\/\/welle.ee\/ee\/seinariiul-larona-24xcdz02-tamm-riviera-hele-180cm\/#primaryimage"},"image":{"@id":"https:\/\/welle.ee\/ee\/seinariiul-larona-24xcdz02-tamm-riviera-hele-180cm\/#primaryimage"},"thumbnailUrl":"https:\/\/welle.ee\/wp-content\/uploads\/2025\/08\/larona_riviera_02.jpg","datePublished":"2025-08-21T12:37:02+00:00","dateModified":"2025-10-06T08:25:53+00:00","breadcrumb":{"@id":"https:\/\/welle.ee\/ee\/seinariiul-larona-24xcdz02-tamm-riviera-hele-180cm\/#breadcrumb"},"inLanguage":"ee","potentialAction":[{"@type":"ReadAction","target":["https:\/\/welle.ee\/ee\/seinariiul-larona-24xcdz02-tamm-riviera-hele-180cm\/"]}]},{"@type":"ImageObject","inLanguage":"ee","@id":"https:\/\/welle.ee\/ee\/seinariiul-larona-24xcdz02-tamm-riviera-hele-180cm\/#primaryimage","url":"https:\/\/welle.ee\/wp-content\/uploads\/2025\/08\/larona_riviera_02.jpg","contentUrl":"https:\/\/welle.ee\/wp-content\/uploads\/2025\/08\/larona_riviera_02.jpg","width":1920,"height":731},{"@type":"BreadcrumbList","@id":"https:\/\/welle.ee\/ee\/seinariiul-larona-24xcdz02-tamm-riviera-hele-180cm\/#breadcrumb","itemListElement":[{"@type":"ListItem","position":1,"name":"\u0413\u043b\u0430\u0432\u043d\u0430\u044f \u0441\u0442\u0440\u0430\u043d\u0438\u0446\u0430","item":"https:\/\/welle.ee\/ee\/"},{"@type":"ListItem","position":2,"name":"Tooted","item":"https:\/\/welle.ee\/ee\/tooted\/"},{"@type":"ListItem","position":3,"name":"Seinariiul Larona 24XCDZ02 tamm riviera hele 180cm"}]},{"@type":"WebSite","@id":"https:\/\/welle.ee\/ee\/#website","url":"https:\/\/welle.ee\/ee\/","name":"Welle","description":"","potentialAction":[{"@type":"SearchAction","target":{"@type":"EntryPoint","urlTemplate":"https:\/\/welle.ee\/ee\/?s={search_term_string}"},"query-input":{"@type":"PropertyValueSpecification","valueRequired":true,"valueName":"search_term_string"}}],"inLanguage":"ee"}]}},"_links":{"self":[{"href":"https:\/\/welle.ee\/ee\/wp-json\/wp\/v2\/product\/417485","targetHints":{"allow":["GET"]}}],"collection":[{"href":"https:\/\/welle.ee\/ee\/wp-json\/wp\/v2\/product"}],"about":[{"href":"https:\/\/welle.ee\/ee\/wp-json\/wp\/v2\/types\/product"}],"version-history":[{"count":1,"href":"https:\/\/welle.ee\/ee\/wp-json\/wp\/v2\/product\/417485\/revisions"}],"predecessor-version":[{"id":482048,"href":"https:\/\/welle.ee\/ee\/wp-json\/wp\/v2\/product\/417485\/revisions\/482048"}],"wp:featuredmedia":[{"embeddable":true,"href":"https:\/\/welle.ee\/ee\/wp-json\/wp\/v2\/media\/417486"}],"wp:attachment":[{"href":"https:\/\/welle.ee\/ee\/wp-json\/wp\/v2\/media?parent=417485"}],"wp:term":[{"taxonomy":"product_brand","embeddable":true,"href":"https:\/\/welle.ee\/ee\/wp-json\/wp\/v2\/product_brand?post=417485"},{"taxonomy":"product_cat","embeddable":true,"href":"https:\/\/welle.ee\/ee\/wp-json\/wp\/v2\/product_cat?post=417485"},{"taxonomy":"product_tag","embeddable":true,"href":"https:\/\/welle.ee\/ee\/wp-json\/wp\/v2\/product_tag?post=417485"}],"curies":[{"name":"wp","href":"https:\/\/api.w.org\/{rel}","templated":true}]}}