{"id":418514,"date":"2025-10-06T09:21:20","date_gmt":"2025-10-06T09:21:20","guid":{"rendered":"https:\/\/wellefurniture.eu\/kummut-forn-kom1d3s-valge-korglaige-156cm\/"},"modified":"2025-10-06T09:21:20","modified_gmt":"2025-10-06T09:21:20","slug":"kummut-forn-kom1d3s-valge-korglaige-156cm","status":"publish","type":"product","link":"https:\/\/welle.ee\/ee\/kummut-forn-kom1d3s-valge-korglaige-156cm\/","title":{"rendered":"Kummut Forn KOM1D3S valge k\u00f5rgl\u00e4ige 156cm"},"content":{"rendered":"<ul>\n<li>Valmistatud k\u00f5rgkvaliteetsest lamineeritud m\u00f6\u00f6bliplaadist\u00a0<\/li>\n<li>1 uks, 3 sahtlit<\/li>\n<li>Sulgub vaikselt<\/li>\n<li>Metallist k\u00e4epidemed<\/li>\n<li>Viimistlus:\u00a0valge k\u00f5rgl\u00e4ige<\/li>\n<li>Tarnitakse detailidena<\/li>\n<li>Tarneaeg 4-8 n\u00e4dalat<\/li>\n<\/ul>\n","protected":false},"excerpt":{"rendered":"<p>Valmistatud k\u00f5rgkvaliteetsest lamineeritud m\u00f6\u00f6bliplaadist\u00a0 1 uks, 3 sahtlit Sulgub vaikselt Metallist k\u00e4epidemed Viimistlus:\u00a0valge k\u00f5rgl\u00e4ige Tarnitakse detailidena Tarneaeg 4-8 n\u00e4dalat<\/p>\n","protected":false},"featured_media":418515,"template":"","meta":[],"product_brand":[],"product_cat":[2349,2353,2359],"product_tag":[],"class_list":{"0":"post-418514","1":"product","2":"type-product","3":"status-publish","4":"has-post-thumbnail","6":"product_cat-livroom","7":"product_cat-shop","8":"product_cat-kummutid","9":"pa_color-white","10":"pa_height-2469","11":"pa_length-3320","12":"pa_manufacturer-brw","13":"pa_material-moobliplaat","14":"pa_width-2714","15":"pa_width_range-w-50-100","17":"first","18":"instock","19":"taxable","20":"shipping-taxable","21":"purchasable","22":"product-type-simple"},"yoast_head":"<!-- This site is optimized with the Yoast SEO plugin v26.2 - https:\/\/yoast.com\/wordpress\/plugins\/seo\/ -->\n<title>Kummut Forn KOM1D3S valge k\u00f5rgl\u00e4ige 156cm - Welle<\/title>\n<meta name=\"robots\" content=\"index, follow, max-snippet:-1, max-image-preview:large, max-video-preview:-1\" \/>\n<link rel=\"canonical\" href=\"https:\/\/welle.ee\/ee\/kummut-forn-kom1d3s-valge-korglaige-156cm\/\" \/>\n<meta property=\"og:locale\" content=\"en_US\" \/>\n<meta property=\"og:type\" content=\"article\" \/>\n<meta property=\"og:title\" content=\"Kummut Forn KOM1D3S valge k\u00f5rgl\u00e4ige 156cm - Welle\" \/>\n<meta property=\"og:description\" content=\"Valmistatud k\u00f5rgkvaliteetsest lamineeritud m\u00f6\u00f6bliplaadist\u00a0 1 uks, 3 sahtlit Sulgub vaikselt Metallist k\u00e4epidemed Viimistlus:\u00a0valge k\u00f5rgl\u00e4ige Tarnitakse detailidena Tarneaeg 4-8 n\u00e4dalat\" \/>\n<meta property=\"og:url\" content=\"https:\/\/welle.ee\/ee\/kummut-forn-kom1d3s-valge-korglaige-156cm\/\" \/>\n<meta property=\"og:site_name\" content=\"Welle\" \/>\n<meta property=\"og:image\" content=\"https:\/\/welle.ee\/wp-content\/uploads\/2025\/08\/mediuma_33_.jpg\" \/>\n\t<meta property=\"og:image:width\" content=\"593\" \/>\n\t<meta property=\"og:image:height\" content=\"445\" \/>\n\t<meta property=\"og:image:type\" content=\"image\/jpeg\" \/>\n<meta name=\"twitter:card\" content=\"summary_large_image\" \/>\n<script type=\"application\/ld+json\" class=\"yoast-schema-graph\">{\"@context\":\"https:\/\/schema.org\",\"@graph\":[{\"@type\":\"WebPage\",\"@id\":\"https:\/\/welle.ee\/ee\/kummut-forn-kom1d3s-valge-korglaige-156cm\/\",\"url\":\"https:\/\/welle.ee\/ee\/kummut-forn-kom1d3s-valge-korglaige-156cm\/\",\"name\":\"Kummut Forn KOM1D3S valge k\u00f5rgl\u00e4ige 156cm - Welle\",\"isPartOf\":{\"@id\":\"https:\/\/welle.ee\/ee\/#website\"},\"primaryImageOfPage\":{\"@id\":\"https:\/\/welle.ee\/ee\/kummut-forn-kom1d3s-valge-korglaige-156cm\/#primaryimage\"},\"image\":{\"@id\":\"https:\/\/welle.ee\/ee\/kummut-forn-kom1d3s-valge-korglaige-156cm\/#primaryimage\"},\"thumbnailUrl\":\"https:\/\/welle.ee\/wp-content\/uploads\/2025\/08\/mediuma_33_.jpg\",\"datePublished\":\"2025-10-06T09:21:20+00:00\",\"breadcrumb\":{\"@id\":\"https:\/\/welle.ee\/ee\/kummut-forn-kom1d3s-valge-korglaige-156cm\/#breadcrumb\"},\"inLanguage\":\"ee\",\"potentialAction\":[{\"@type\":\"ReadAction\",\"target\":[\"https:\/\/welle.ee\/ee\/kummut-forn-kom1d3s-valge-korglaige-156cm\/\"]}]},{\"@type\":\"ImageObject\",\"inLanguage\":\"ee\",\"@id\":\"https:\/\/welle.ee\/ee\/kummut-forn-kom1d3s-valge-korglaige-156cm\/#primaryimage\",\"url\":\"https:\/\/welle.ee\/wp-content\/uploads\/2025\/08\/mediuma_33_.jpg\",\"contentUrl\":\"https:\/\/welle.ee\/wp-content\/uploads\/2025\/08\/mediuma_33_.jpg\",\"width\":593,\"height\":445},{\"@type\":\"BreadcrumbList\",\"@id\":\"https:\/\/welle.ee\/ee\/kummut-forn-kom1d3s-valge-korglaige-156cm\/#breadcrumb\",\"itemListElement\":[{\"@type\":\"ListItem\",\"position\":1,\"name\":\"\u0413\u043b\u0430\u0432\u043d\u0430\u044f \u0441\u0442\u0440\u0430\u043d\u0438\u0446\u0430\",\"item\":\"https:\/\/welle.ee\/ee\/\"},{\"@type\":\"ListItem\",\"position\":2,\"name\":\"Tooted\",\"item\":\"https:\/\/welle.ee\/ee\/tooted\/\"},{\"@type\":\"ListItem\",\"position\":3,\"name\":\"Kummut Forn KOM1D3S valge k\u00f5rgl\u00e4ige 156cm\"}]},{\"@type\":\"WebSite\",\"@id\":\"https:\/\/welle.ee\/ee\/#website\",\"url\":\"https:\/\/welle.ee\/ee\/\",\"name\":\"Welle\",\"description\":\"\",\"potentialAction\":[{\"@type\":\"SearchAction\",\"target\":{\"@type\":\"EntryPoint\",\"urlTemplate\":\"https:\/\/welle.ee\/ee\/?s={search_term_string}\"},\"query-input\":{\"@type\":\"PropertyValueSpecification\",\"valueRequired\":true,\"valueName\":\"search_term_string\"}}],\"inLanguage\":\"ee\"}]}<\/script>\n<!-- \/ Yoast SEO plugin. -->","yoast_head_json":{"title":"Kummut Forn KOM1D3S valge k\u00f5rgl\u00e4ige 156cm - Welle","robots":{"index":"index","follow":"follow","max-snippet":"max-snippet:-1","max-image-preview":"max-image-preview:large","max-video-preview":"max-video-preview:-1"},"canonical":"https:\/\/welle.ee\/ee\/kummut-forn-kom1d3s-valge-korglaige-156cm\/","og_locale":"en_US","og_type":"article","og_title":"Kummut Forn KOM1D3S valge k\u00f5rgl\u00e4ige 156cm - Welle","og_description":"Valmistatud k\u00f5rgkvaliteetsest lamineeritud m\u00f6\u00f6bliplaadist\u00a0 1 uks, 3 sahtlit Sulgub vaikselt Metallist k\u00e4epidemed Viimistlus:\u00a0valge k\u00f5rgl\u00e4ige Tarnitakse detailidena Tarneaeg 4-8 n\u00e4dalat","og_url":"https:\/\/welle.ee\/ee\/kummut-forn-kom1d3s-valge-korglaige-156cm\/","og_site_name":"Welle","og_image":[{"width":593,"height":445,"url":"https:\/\/welle.ee\/wp-content\/uploads\/2025\/08\/mediuma_33_.jpg","type":"image\/jpeg"}],"twitter_card":"summary_large_image","schema":{"@context":"https:\/\/schema.org","@graph":[{"@type":"WebPage","@id":"https:\/\/welle.ee\/ee\/kummut-forn-kom1d3s-valge-korglaige-156cm\/","url":"https:\/\/welle.ee\/ee\/kummut-forn-kom1d3s-valge-korglaige-156cm\/","name":"Kummut Forn KOM1D3S valge k\u00f5rgl\u00e4ige 156cm - Welle","isPartOf":{"@id":"https:\/\/welle.ee\/ee\/#website"},"primaryImageOfPage":{"@id":"https:\/\/welle.ee\/ee\/kummut-forn-kom1d3s-valge-korglaige-156cm\/#primaryimage"},"image":{"@id":"https:\/\/welle.ee\/ee\/kummut-forn-kom1d3s-valge-korglaige-156cm\/#primaryimage"},"thumbnailUrl":"https:\/\/welle.ee\/wp-content\/uploads\/2025\/08\/mediuma_33_.jpg","datePublished":"2025-10-06T09:21:20+00:00","breadcrumb":{"@id":"https:\/\/welle.ee\/ee\/kummut-forn-kom1d3s-valge-korglaige-156cm\/#breadcrumb"},"inLanguage":"ee","potentialAction":[{"@type":"ReadAction","target":["https:\/\/welle.ee\/ee\/kummut-forn-kom1d3s-valge-korglaige-156cm\/"]}]},{"@type":"ImageObject","inLanguage":"ee","@id":"https:\/\/welle.ee\/ee\/kummut-forn-kom1d3s-valge-korglaige-156cm\/#primaryimage","url":"https:\/\/welle.ee\/wp-content\/uploads\/2025\/08\/mediuma_33_.jpg","contentUrl":"https:\/\/welle.ee\/wp-content\/uploads\/2025\/08\/mediuma_33_.jpg","width":593,"height":445},{"@type":"BreadcrumbList","@id":"https:\/\/welle.ee\/ee\/kummut-forn-kom1d3s-valge-korglaige-156cm\/#breadcrumb","itemListElement":[{"@type":"ListItem","position":1,"name":"\u0413\u043b\u0430\u0432\u043d\u0430\u044f \u0441\u0442\u0440\u0430\u043d\u0438\u0446\u0430","item":"https:\/\/welle.ee\/ee\/"},{"@type":"ListItem","position":2,"name":"Tooted","item":"https:\/\/welle.ee\/ee\/tooted\/"},{"@type":"ListItem","position":3,"name":"Kummut Forn KOM1D3S valge k\u00f5rgl\u00e4ige 156cm"}]},{"@type":"WebSite","@id":"https:\/\/welle.ee\/ee\/#website","url":"https:\/\/welle.ee\/ee\/","name":"Welle","description":"","potentialAction":[{"@type":"SearchAction","target":{"@type":"EntryPoint","urlTemplate":"https:\/\/welle.ee\/ee\/?s={search_term_string}"},"query-input":{"@type":"PropertyValueSpecification","valueRequired":true,"valueName":"search_term_string"}}],"inLanguage":"ee"}]}},"_links":{"self":[{"href":"https:\/\/welle.ee\/ee\/wp-json\/wp\/v2\/product\/418514","targetHints":{"allow":["GET"]}}],"collection":[{"href":"https:\/\/welle.ee\/ee\/wp-json\/wp\/v2\/product"}],"about":[{"href":"https:\/\/welle.ee\/ee\/wp-json\/wp\/v2\/types\/product"}],"version-history":[{"count":1,"href":"https:\/\/welle.ee\/ee\/wp-json\/wp\/v2\/product\/418514\/revisions"}],"predecessor-version":[{"id":482147,"href":"https:\/\/welle.ee\/ee\/wp-json\/wp\/v2\/product\/418514\/revisions\/482147"}],"wp:featuredmedia":[{"embeddable":true,"href":"https:\/\/welle.ee\/ee\/wp-json\/wp\/v2\/media\/418515"}],"wp:attachment":[{"href":"https:\/\/welle.ee\/ee\/wp-json\/wp\/v2\/media?parent=418514"}],"wp:term":[{"taxonomy":"product_brand","embeddable":true,"href":"https:\/\/welle.ee\/ee\/wp-json\/wp\/v2\/product_brand?post=418514"},{"taxonomy":"product_cat","embeddable":true,"href":"https:\/\/welle.ee\/ee\/wp-json\/wp\/v2\/product_cat?post=418514"},{"taxonomy":"product_tag","embeddable":true,"href":"https:\/\/welle.ee\/ee\/wp-json\/wp\/v2\/product_tag?post=418514"}],"curies":[{"name":"wp","href":"https:\/\/api.w.org\/{rel}","templated":true}]}}