{"id":419218,"date":"2025-10-06T09:21:02","date_gmt":"2025-10-06T09:21:02","guid":{"rendered":"https:\/\/wellefurniture.eu\/ulestostetava-pohjaga-voodi-ostia-oz-160-b-160x200\/"},"modified":"2025-10-06T09:21:02","modified_gmt":"2025-10-06T09:21:02","slug":"ulestostetava-pohjaga-voodi-ostia-oz-160-b-160x200","status":"publish","type":"product","link":"https:\/\/welle.ee\/ee\/ulestostetava-pohjaga-voodi-ostia-oz-160-b-160x200\/","title":{"rendered":"\u00dclest\u00f5stetava p\u00f5hjaga voodi Ostia OZ\/160\/B 160&#215;200"},"content":{"rendered":"<ul>\n<li>Valmistatud lamineeritud k\u00f5rgkvaliteetsest m\u00f6\u00f6bliplaadist ja kangast<\/li>\n<li>Gaasit\u00f5stuk<\/li>\n<li>Voodip\u00f5hi sulgub sujuvalt, all on\u00a0ruumi asjade hoidmiseks<\/li>\n<li>Voodipeats ja iste on kaetud kangaga Solar 99 Black<\/li>\n<li>Madrats (160&#215;200) ei ole hinna sees<\/li>\n<li>Viimistlus: tamm artisan<\/li>\n<li>Tarnitakse detailidena<\/li>\n<\/ul>\n","protected":false},"excerpt":{"rendered":"<p>Valmistatud lamineeritud k\u00f5rgkvaliteetsest m\u00f6\u00f6bliplaadist ja kangast Gaasit\u00f5stuk Voodip\u00f5hi sulgub sujuvalt, all on\u00a0ruumi asjade hoidmiseks Voodipeats ja iste on kaetud kangaga<\/p>\n","protected":false},"featured_media":419219,"template":"","meta":[],"product_brand":[],"product_cat":[2353,2432,2346,2348],"product_tag":[],"class_list":{"0":"post-419218","1":"product","2":"type-product","3":"status-publish","4":"has-post-thumbnail","6":"product_cat-shop","7":"product_cat-ulestostetava-pohjaga-voodid","8":"product_cat-bad","9":"product_cat-beds","10":"pa_bed_size-bed-size-160x200","11":"pa_color-artisan","12":"pa_height-49-101","13":"pa_length-5278","14":"pa_manufacturer-brw","15":"pa_material-moobliplaat","16":"pa_width-2639","17":"pa_width_range-w-50-100","19":"first","20":"instock","21":"taxable","22":"shipping-taxable","23":"purchasable","24":"product-type-simple"},"yoast_head":"<!-- This site is optimized with the Yoast SEO plugin v26.2 - https:\/\/yoast.com\/wordpress\/plugins\/seo\/ -->\n<title>\u00dclest\u00f5stetava p\u00f5hjaga voodi Ostia OZ\/160\/B 160x200 - Welle<\/title>\n<meta name=\"robots\" content=\"index, follow, max-snippet:-1, max-image-preview:large, max-video-preview:-1\" \/>\n<link rel=\"canonical\" href=\"https:\/\/welle.ee\/ee\/ulestostetava-pohjaga-voodi-ostia-oz-160-b-160x200\/\" \/>\n<meta property=\"og:locale\" content=\"en_US\" \/>\n<meta property=\"og:type\" content=\"article\" \/>\n<meta property=\"og:title\" content=\"\u00dclest\u00f5stetava p\u00f5hjaga voodi Ostia OZ\/160\/B 160x200 - Welle\" \/>\n<meta property=\"og:description\" content=\"Valmistatud lamineeritud k\u00f5rgkvaliteetsest m\u00f6\u00f6bliplaadist ja kangast Gaasit\u00f5stuk Voodip\u00f5hi sulgub sujuvalt, all on\u00a0ruumi asjade hoidmiseks Voodipeats ja iste on kaetud kangaga\" \/>\n<meta property=\"og:url\" content=\"https:\/\/welle.ee\/ee\/ulestostetava-pohjaga-voodi-ostia-oz-160-b-160x200\/\" \/>\n<meta property=\"og:site_name\" content=\"Welle\" \/>\n<meta property=\"og:image\" content=\"https:\/\/welle.ee\/wp-content\/uploads\/2025\/08\/mediuma_19__2_2.jpg\" \/>\n\t<meta property=\"og:image:width\" content=\"593\" \/>\n\t<meta property=\"og:image:height\" content=\"445\" \/>\n\t<meta property=\"og:image:type\" content=\"image\/jpeg\" \/>\n<meta name=\"twitter:card\" content=\"summary_large_image\" \/>\n<script type=\"application\/ld+json\" class=\"yoast-schema-graph\">{\"@context\":\"https:\/\/schema.org\",\"@graph\":[{\"@type\":\"WebPage\",\"@id\":\"https:\/\/welle.ee\/ee\/ulestostetava-pohjaga-voodi-ostia-oz-160-b-160x200\/\",\"url\":\"https:\/\/welle.ee\/ee\/ulestostetava-pohjaga-voodi-ostia-oz-160-b-160x200\/\",\"name\":\"\u00dclest\u00f5stetava p\u00f5hjaga voodi Ostia OZ\/160\/B 160x200 - Welle\",\"isPartOf\":{\"@id\":\"https:\/\/welle.ee\/ee\/#website\"},\"primaryImageOfPage\":{\"@id\":\"https:\/\/welle.ee\/ee\/ulestostetava-pohjaga-voodi-ostia-oz-160-b-160x200\/#primaryimage\"},\"image\":{\"@id\":\"https:\/\/welle.ee\/ee\/ulestostetava-pohjaga-voodi-ostia-oz-160-b-160x200\/#primaryimage\"},\"thumbnailUrl\":\"https:\/\/welle.ee\/wp-content\/uploads\/2025\/08\/mediuma_19__2_2.jpg\",\"datePublished\":\"2025-10-06T09:21:02+00:00\",\"breadcrumb\":{\"@id\":\"https:\/\/welle.ee\/ee\/ulestostetava-pohjaga-voodi-ostia-oz-160-b-160x200\/#breadcrumb\"},\"inLanguage\":\"ee\",\"potentialAction\":[{\"@type\":\"ReadAction\",\"target\":[\"https:\/\/welle.ee\/ee\/ulestostetava-pohjaga-voodi-ostia-oz-160-b-160x200\/\"]}]},{\"@type\":\"ImageObject\",\"inLanguage\":\"ee\",\"@id\":\"https:\/\/welle.ee\/ee\/ulestostetava-pohjaga-voodi-ostia-oz-160-b-160x200\/#primaryimage\",\"url\":\"https:\/\/welle.ee\/wp-content\/uploads\/2025\/08\/mediuma_19__2_2.jpg\",\"contentUrl\":\"https:\/\/welle.ee\/wp-content\/uploads\/2025\/08\/mediuma_19__2_2.jpg\",\"width\":593,\"height\":445},{\"@type\":\"BreadcrumbList\",\"@id\":\"https:\/\/welle.ee\/ee\/ulestostetava-pohjaga-voodi-ostia-oz-160-b-160x200\/#breadcrumb\",\"itemListElement\":[{\"@type\":\"ListItem\",\"position\":1,\"name\":\"\u0413\u043b\u0430\u0432\u043d\u0430\u044f \u0441\u0442\u0440\u0430\u043d\u0438\u0446\u0430\",\"item\":\"https:\/\/welle.ee\/ee\/\"},{\"@type\":\"ListItem\",\"position\":2,\"name\":\"Tooted\",\"item\":\"https:\/\/welle.ee\/ee\/tooted\/\"},{\"@type\":\"ListItem\",\"position\":3,\"name\":\"\u00dclest\u00f5stetava p\u00f5hjaga voodi Ostia OZ\/160\/B 160&#215;200\"}]},{\"@type\":\"WebSite\",\"@id\":\"https:\/\/welle.ee\/ee\/#website\",\"url\":\"https:\/\/welle.ee\/ee\/\",\"name\":\"Welle\",\"description\":\"\",\"potentialAction\":[{\"@type\":\"SearchAction\",\"target\":{\"@type\":\"EntryPoint\",\"urlTemplate\":\"https:\/\/welle.ee\/ee\/?s={search_term_string}\"},\"query-input\":{\"@type\":\"PropertyValueSpecification\",\"valueRequired\":true,\"valueName\":\"search_term_string\"}}],\"inLanguage\":\"ee\"}]}<\/script>\n<!-- \/ Yoast SEO plugin. -->","yoast_head_json":{"title":"\u00dclest\u00f5stetava p\u00f5hjaga voodi Ostia OZ\/160\/B 160x200 - Welle","robots":{"index":"index","follow":"follow","max-snippet":"max-snippet:-1","max-image-preview":"max-image-preview:large","max-video-preview":"max-video-preview:-1"},"canonical":"https:\/\/welle.ee\/ee\/ulestostetava-pohjaga-voodi-ostia-oz-160-b-160x200\/","og_locale":"en_US","og_type":"article","og_title":"\u00dclest\u00f5stetava p\u00f5hjaga voodi Ostia OZ\/160\/B 160x200 - Welle","og_description":"Valmistatud lamineeritud k\u00f5rgkvaliteetsest m\u00f6\u00f6bliplaadist ja kangast Gaasit\u00f5stuk Voodip\u00f5hi sulgub sujuvalt, all on\u00a0ruumi asjade hoidmiseks Voodipeats ja iste on kaetud kangaga","og_url":"https:\/\/welle.ee\/ee\/ulestostetava-pohjaga-voodi-ostia-oz-160-b-160x200\/","og_site_name":"Welle","og_image":[{"width":593,"height":445,"url":"https:\/\/welle.ee\/wp-content\/uploads\/2025\/08\/mediuma_19__2_2.jpg","type":"image\/jpeg"}],"twitter_card":"summary_large_image","schema":{"@context":"https:\/\/schema.org","@graph":[{"@type":"WebPage","@id":"https:\/\/welle.ee\/ee\/ulestostetava-pohjaga-voodi-ostia-oz-160-b-160x200\/","url":"https:\/\/welle.ee\/ee\/ulestostetava-pohjaga-voodi-ostia-oz-160-b-160x200\/","name":"\u00dclest\u00f5stetava p\u00f5hjaga voodi Ostia OZ\/160\/B 160x200 - Welle","isPartOf":{"@id":"https:\/\/welle.ee\/ee\/#website"},"primaryImageOfPage":{"@id":"https:\/\/welle.ee\/ee\/ulestostetava-pohjaga-voodi-ostia-oz-160-b-160x200\/#primaryimage"},"image":{"@id":"https:\/\/welle.ee\/ee\/ulestostetava-pohjaga-voodi-ostia-oz-160-b-160x200\/#primaryimage"},"thumbnailUrl":"https:\/\/welle.ee\/wp-content\/uploads\/2025\/08\/mediuma_19__2_2.jpg","datePublished":"2025-10-06T09:21:02+00:00","breadcrumb":{"@id":"https:\/\/welle.ee\/ee\/ulestostetava-pohjaga-voodi-ostia-oz-160-b-160x200\/#breadcrumb"},"inLanguage":"ee","potentialAction":[{"@type":"ReadAction","target":["https:\/\/welle.ee\/ee\/ulestostetava-pohjaga-voodi-ostia-oz-160-b-160x200\/"]}]},{"@type":"ImageObject","inLanguage":"ee","@id":"https:\/\/welle.ee\/ee\/ulestostetava-pohjaga-voodi-ostia-oz-160-b-160x200\/#primaryimage","url":"https:\/\/welle.ee\/wp-content\/uploads\/2025\/08\/mediuma_19__2_2.jpg","contentUrl":"https:\/\/welle.ee\/wp-content\/uploads\/2025\/08\/mediuma_19__2_2.jpg","width":593,"height":445},{"@type":"BreadcrumbList","@id":"https:\/\/welle.ee\/ee\/ulestostetava-pohjaga-voodi-ostia-oz-160-b-160x200\/#breadcrumb","itemListElement":[{"@type":"ListItem","position":1,"name":"\u0413\u043b\u0430\u0432\u043d\u0430\u044f \u0441\u0442\u0440\u0430\u043d\u0438\u0446\u0430","item":"https:\/\/welle.ee\/ee\/"},{"@type":"ListItem","position":2,"name":"Tooted","item":"https:\/\/welle.ee\/ee\/tooted\/"},{"@type":"ListItem","position":3,"name":"\u00dclest\u00f5stetava p\u00f5hjaga voodi Ostia OZ\/160\/B 160&#215;200"}]},{"@type":"WebSite","@id":"https:\/\/welle.ee\/ee\/#website","url":"https:\/\/welle.ee\/ee\/","name":"Welle","description":"","potentialAction":[{"@type":"SearchAction","target":{"@type":"EntryPoint","urlTemplate":"https:\/\/welle.ee\/ee\/?s={search_term_string}"},"query-input":{"@type":"PropertyValueSpecification","valueRequired":true,"valueName":"search_term_string"}}],"inLanguage":"ee"}]}},"_links":{"self":[{"href":"https:\/\/welle.ee\/ee\/wp-json\/wp\/v2\/product\/419218","targetHints":{"allow":["GET"]}}],"collection":[{"href":"https:\/\/welle.ee\/ee\/wp-json\/wp\/v2\/product"}],"about":[{"href":"https:\/\/welle.ee\/ee\/wp-json\/wp\/v2\/types\/product"}],"version-history":[{"count":1,"href":"https:\/\/welle.ee\/ee\/wp-json\/wp\/v2\/product\/419218\/revisions"}],"predecessor-version":[{"id":482203,"href":"https:\/\/welle.ee\/ee\/wp-json\/wp\/v2\/product\/419218\/revisions\/482203"}],"wp:featuredmedia":[{"embeddable":true,"href":"https:\/\/welle.ee\/ee\/wp-json\/wp\/v2\/media\/419219"}],"wp:attachment":[{"href":"https:\/\/welle.ee\/ee\/wp-json\/wp\/v2\/media?parent=419218"}],"wp:term":[{"taxonomy":"product_brand","embeddable":true,"href":"https:\/\/welle.ee\/ee\/wp-json\/wp\/v2\/product_brand?post=419218"},{"taxonomy":"product_cat","embeddable":true,"href":"https:\/\/welle.ee\/ee\/wp-json\/wp\/v2\/product_cat?post=419218"},{"taxonomy":"product_tag","embeddable":true,"href":"https:\/\/welle.ee\/ee\/wp-json\/wp\/v2\/product_tag?post=419218"}],"curies":[{"name":"wp","href":"https:\/\/api.w.org\/{rel}","templated":true}]}}