{"id":421146,"date":"2025-08-21T12:41:08","date_gmt":"2025-08-21T12:41:08","guid":{"rendered":"https:\/\/wellefurniture.eu\/kontoritool-q-406-must\/"},"modified":"2026-03-24T04:00:53","modified_gmt":"2026-03-24T04:00:53","slug":"kontoritool-q-406-must","status":"publish","type":"product","link":"https:\/\/welle.ee\/ee\/kontoritool-q-406-must\/","title":{"rendered":"Kontoritool Q-406 must"},"content":{"rendered":"<ul>\n<li>Iste ja seljatugi on valmistatud v\u00f5rkkangat ja eco-nahast<\/li>\n<li>Reguleeritav istme k\u00f5rgus: 46-54 cm<\/li>\n<li>Kiikemehhanism TILT<\/li>\n<li>Reguleeritavad k\u00e4etoed<\/li>\n<li>K\u00f5rge seljatugi<\/li>\n<li>Max kandev\u00f5ime 140 kg<\/li>\n<li>Tarnitakse detailidena<\/li>\n<\/ul>\n","protected":false},"excerpt":{"rendered":"<p>Iste ja seljatugi on valmistatud v\u00f5rkkangat ja eco-nahast Reguleeritav istme k\u00f5rgus: 46-54 cm Kiikemehhanism TILT Reguleeritavad k\u00e4etoed K\u00f5rge seljatugi Max<\/p>\n","protected":false},"featured_media":421147,"template":"","meta":[],"product_brand":[],"product_cat":[2353,2394,2388],"product_tag":[],"class_list":{"0":"post-421146","1":"product","2":"type-product","3":"status-publish","4":"has-post-thumbnail","6":"product_cat-shop","7":"product_cat-workchiar","8":"product_cat-chairs","9":"pa_color-black","10":"pa_height-3753","11":"pa_height_range-h-101-150","12":"pa_length-2719","13":"pa_manufacturer-signal","14":"pa_material-fabric","15":"pa_width-2791","16":"pa_width_range-w-50-100","18":"first","19":"instock","20":"sale","21":"taxable","22":"shipping-taxable","23":"purchasable","24":"product-type-simple"},"yoast_head":"<!-- This site is optimized with the Yoast SEO plugin v26.2 - https:\/\/yoast.com\/wordpress\/plugins\/seo\/ -->\n<title>Kontoritool Q-406 must - Welle<\/title>\n<meta name=\"robots\" content=\"index, follow, max-snippet:-1, max-image-preview:large, max-video-preview:-1\" \/>\n<link rel=\"canonical\" href=\"https:\/\/welle.ee\/ee\/kontoritool-q-406-must\/\" \/>\n<meta property=\"og:locale\" content=\"en_US\" \/>\n<meta property=\"og:type\" content=\"article\" \/>\n<meta property=\"og:title\" content=\"Kontoritool Q-406 must - Welle\" \/>\n<meta property=\"og:description\" content=\"Iste ja seljatugi on valmistatud v\u00f5rkkangat ja eco-nahast Reguleeritav istme k\u00f5rgus: 46-54 cm Kiikemehhanism TILT Reguleeritavad k\u00e4etoed K\u00f5rge seljatugi Max\" \/>\n<meta property=\"og:url\" content=\"https:\/\/welle.ee\/ee\/kontoritool-q-406-must\/\" \/>\n<meta property=\"og:site_name\" content=\"Welle\" \/>\n<meta property=\"article:modified_time\" content=\"2026-03-24T04:00:53+00:00\" \/>\n<meta property=\"og:image\" content=\"https:\/\/welle.ee\/wp-content\/uploads\/2025\/08\/obrq406c_fotel-obrotowy-q-406-czarny.jpg\" \/>\n\t<meta property=\"og:image:width\" content=\"800\" \/>\n\t<meta property=\"og:image:height\" content=\"600\" \/>\n\t<meta property=\"og:image:type\" content=\"image\/jpeg\" \/>\n<meta name=\"twitter:card\" content=\"summary_large_image\" \/>\n<script type=\"application\/ld+json\" class=\"yoast-schema-graph\">{\"@context\":\"https:\/\/schema.org\",\"@graph\":[{\"@type\":\"WebPage\",\"@id\":\"https:\/\/welle.ee\/ee\/kontoritool-q-406-must\/\",\"url\":\"https:\/\/welle.ee\/ee\/kontoritool-q-406-must\/\",\"name\":\"Kontoritool Q-406 must - Welle\",\"isPartOf\":{\"@id\":\"https:\/\/welle.ee\/ee\/#website\"},\"primaryImageOfPage\":{\"@id\":\"https:\/\/welle.ee\/ee\/kontoritool-q-406-must\/#primaryimage\"},\"image\":{\"@id\":\"https:\/\/welle.ee\/ee\/kontoritool-q-406-must\/#primaryimage\"},\"thumbnailUrl\":\"https:\/\/welle.ee\/wp-content\/uploads\/2025\/08\/obrq406c_fotel-obrotowy-q-406-czarny.jpg\",\"datePublished\":\"2025-08-21T12:41:08+00:00\",\"dateModified\":\"2026-03-24T04:00:53+00:00\",\"breadcrumb\":{\"@id\":\"https:\/\/welle.ee\/ee\/kontoritool-q-406-must\/#breadcrumb\"},\"inLanguage\":\"ee\",\"potentialAction\":[{\"@type\":\"ReadAction\",\"target\":[\"https:\/\/welle.ee\/ee\/kontoritool-q-406-must\/\"]}]},{\"@type\":\"ImageObject\",\"inLanguage\":\"ee\",\"@id\":\"https:\/\/welle.ee\/ee\/kontoritool-q-406-must\/#primaryimage\",\"url\":\"https:\/\/welle.ee\/wp-content\/uploads\/2025\/08\/obrq406c_fotel-obrotowy-q-406-czarny.jpg\",\"contentUrl\":\"https:\/\/welle.ee\/wp-content\/uploads\/2025\/08\/obrq406c_fotel-obrotowy-q-406-czarny.jpg\",\"width\":800,\"height\":600},{\"@type\":\"BreadcrumbList\",\"@id\":\"https:\/\/welle.ee\/ee\/kontoritool-q-406-must\/#breadcrumb\",\"itemListElement\":[{\"@type\":\"ListItem\",\"position\":1,\"name\":\"\u0413\u043b\u0430\u0432\u043d\u0430\u044f \u0441\u0442\u0440\u0430\u043d\u0438\u0446\u0430\",\"item\":\"https:\/\/welle.ee\/ee\/\"},{\"@type\":\"ListItem\",\"position\":2,\"name\":\"Tooted\",\"item\":\"https:\/\/welle.ee\/ee\/tooted\/\"},{\"@type\":\"ListItem\",\"position\":3,\"name\":\"Kontoritool Q-406 must\"}]},{\"@type\":\"WebSite\",\"@id\":\"https:\/\/welle.ee\/ee\/#website\",\"url\":\"https:\/\/welle.ee\/ee\/\",\"name\":\"Welle\",\"description\":\"\",\"potentialAction\":[{\"@type\":\"SearchAction\",\"target\":{\"@type\":\"EntryPoint\",\"urlTemplate\":\"https:\/\/welle.ee\/ee\/?s={search_term_string}\"},\"query-input\":{\"@type\":\"PropertyValueSpecification\",\"valueRequired\":true,\"valueName\":\"search_term_string\"}}],\"inLanguage\":\"ee\"}]}<\/script>\n<!-- \/ Yoast SEO plugin. -->","yoast_head_json":{"title":"Kontoritool Q-406 must - Welle","robots":{"index":"index","follow":"follow","max-snippet":"max-snippet:-1","max-image-preview":"max-image-preview:large","max-video-preview":"max-video-preview:-1"},"canonical":"https:\/\/welle.ee\/ee\/kontoritool-q-406-must\/","og_locale":"en_US","og_type":"article","og_title":"Kontoritool Q-406 must - Welle","og_description":"Iste ja seljatugi on valmistatud v\u00f5rkkangat ja eco-nahast Reguleeritav istme k\u00f5rgus: 46-54 cm Kiikemehhanism TILT Reguleeritavad k\u00e4etoed K\u00f5rge seljatugi Max","og_url":"https:\/\/welle.ee\/ee\/kontoritool-q-406-must\/","og_site_name":"Welle","article_modified_time":"2026-03-24T04:00:53+00:00","og_image":[{"width":800,"height":600,"url":"https:\/\/welle.ee\/wp-content\/uploads\/2025\/08\/obrq406c_fotel-obrotowy-q-406-czarny.jpg","type":"image\/jpeg"}],"twitter_card":"summary_large_image","schema":{"@context":"https:\/\/schema.org","@graph":[{"@type":"WebPage","@id":"https:\/\/welle.ee\/ee\/kontoritool-q-406-must\/","url":"https:\/\/welle.ee\/ee\/kontoritool-q-406-must\/","name":"Kontoritool Q-406 must - Welle","isPartOf":{"@id":"https:\/\/welle.ee\/ee\/#website"},"primaryImageOfPage":{"@id":"https:\/\/welle.ee\/ee\/kontoritool-q-406-must\/#primaryimage"},"image":{"@id":"https:\/\/welle.ee\/ee\/kontoritool-q-406-must\/#primaryimage"},"thumbnailUrl":"https:\/\/welle.ee\/wp-content\/uploads\/2025\/08\/obrq406c_fotel-obrotowy-q-406-czarny.jpg","datePublished":"2025-08-21T12:41:08+00:00","dateModified":"2026-03-24T04:00:53+00:00","breadcrumb":{"@id":"https:\/\/welle.ee\/ee\/kontoritool-q-406-must\/#breadcrumb"},"inLanguage":"ee","potentialAction":[{"@type":"ReadAction","target":["https:\/\/welle.ee\/ee\/kontoritool-q-406-must\/"]}]},{"@type":"ImageObject","inLanguage":"ee","@id":"https:\/\/welle.ee\/ee\/kontoritool-q-406-must\/#primaryimage","url":"https:\/\/welle.ee\/wp-content\/uploads\/2025\/08\/obrq406c_fotel-obrotowy-q-406-czarny.jpg","contentUrl":"https:\/\/welle.ee\/wp-content\/uploads\/2025\/08\/obrq406c_fotel-obrotowy-q-406-czarny.jpg","width":800,"height":600},{"@type":"BreadcrumbList","@id":"https:\/\/welle.ee\/ee\/kontoritool-q-406-must\/#breadcrumb","itemListElement":[{"@type":"ListItem","position":1,"name":"\u0413\u043b\u0430\u0432\u043d\u0430\u044f \u0441\u0442\u0440\u0430\u043d\u0438\u0446\u0430","item":"https:\/\/welle.ee\/ee\/"},{"@type":"ListItem","position":2,"name":"Tooted","item":"https:\/\/welle.ee\/ee\/tooted\/"},{"@type":"ListItem","position":3,"name":"Kontoritool Q-406 must"}]},{"@type":"WebSite","@id":"https:\/\/welle.ee\/ee\/#website","url":"https:\/\/welle.ee\/ee\/","name":"Welle","description":"","potentialAction":[{"@type":"SearchAction","target":{"@type":"EntryPoint","urlTemplate":"https:\/\/welle.ee\/ee\/?s={search_term_string}"},"query-input":{"@type":"PropertyValueSpecification","valueRequired":true,"valueName":"search_term_string"}}],"inLanguage":"ee"}]}},"_links":{"self":[{"href":"https:\/\/welle.ee\/ee\/wp-json\/wp\/v2\/product\/421146","targetHints":{"allow":["GET"]}}],"collection":[{"href":"https:\/\/welle.ee\/ee\/wp-json\/wp\/v2\/product"}],"about":[{"href":"https:\/\/welle.ee\/ee\/wp-json\/wp\/v2\/types\/product"}],"version-history":[{"count":1,"href":"https:\/\/welle.ee\/ee\/wp-json\/wp\/v2\/product\/421146\/revisions"}],"predecessor-version":[{"id":482352,"href":"https:\/\/welle.ee\/ee\/wp-json\/wp\/v2\/product\/421146\/revisions\/482352"}],"wp:featuredmedia":[{"embeddable":true,"href":"https:\/\/welle.ee\/ee\/wp-json\/wp\/v2\/media\/421147"}],"wp:attachment":[{"href":"https:\/\/welle.ee\/ee\/wp-json\/wp\/v2\/media?parent=421146"}],"wp:term":[{"taxonomy":"product_brand","embeddable":true,"href":"https:\/\/welle.ee\/ee\/wp-json\/wp\/v2\/product_brand?post=421146"},{"taxonomy":"product_cat","embeddable":true,"href":"https:\/\/welle.ee\/ee\/wp-json\/wp\/v2\/product_cat?post=421146"},{"taxonomy":"product_tag","embeddable":true,"href":"https:\/\/welle.ee\/ee\/wp-json\/wp\/v2\/product_tag?post=421146"}],"curies":[{"name":"wp","href":"https:\/\/api.w.org\/{rel}","templated":true}]}}