{"id":422128,"date":"2025-08-21T12:42:15","date_gmt":"2025-08-21T12:42:15","guid":{"rendered":"https:\/\/wellefurniture.eu\/poorlev-tool-boogie-i-velvet-must-bluvel-19\/"},"modified":"2026-02-18T23:00:07","modified_gmt":"2026-02-18T23:00:07","slug":"poorlev-tool-boogie-i-velvet-must-bluvel-19","status":"publish","type":"product","link":"https:\/\/welle.ee\/ee\/poorlev-tool-boogie-i-velvet-must-bluvel-19\/","title":{"rendered":"P\u00f6\u00f6rlev tool BOOGIE I velvet must Bluvel 19"},"content":{"rendered":"<ul>\n<li>Tooliraam on musta v\u00e4rvi metallist<\/li>\n<li>Iste ja seljatugi on kaetud sametise kangaga<\/li>\n<li>Iste p\u00f6\u00f6rleb\u00a0<span>180<\/span><span>\u00b0<\/span><\/li>\n<li>Istme k\u00f5rgus 50 cm<\/li>\n<li>Viimistlus:\u00a0must Bluvel 19<\/li>\n<li>Tarnitakse detailidena<\/li>\n<\/ul>\n","protected":false},"excerpt":{"rendered":"<p>Tooliraam on musta v\u00e4rvi metallist Iste ja seljatugi on kaetud sametise kangaga Iste p\u00f6\u00f6rleb\u00a0180\u00b0 Istme k\u00f5rgus 50 cm Viimistlus:\u00a0must Bluvel<\/p>\n","protected":false},"featured_media":422129,"template":"","meta":[],"product_brand":[],"product_cat":[2353,3593,2388,3592,2407,2405],"product_tag":[],"class_list":{"0":"post-422128","1":"product","2":"type-product","3":"status-publish","4":"has-post-thumbnail","6":"product_cat-shop","7":"product_cat-lauad-ja-toolid","8":"product_cat-chairs","9":"product_cat-leiunurk","10":"product_cat-poorlevad-toolid","11":"product_cat-toolid","12":"pa_color-black","13":"pa_height-2786","14":"pa_height_range-h-50-100","15":"pa_length-2605","16":"pa_length_range-l-50-100","17":"pa_manufacturer-signal","18":"pa_material-samet","19":"pa_width-2699","20":"pa_width_range-w-50","22":"first","23":"instock","24":"sale","25":"taxable","26":"shipping-taxable","27":"purchasable","28":"product-type-simple"},"yoast_head":"<!-- This site is optimized with the Yoast SEO plugin v26.2 - https:\/\/yoast.com\/wordpress\/plugins\/seo\/ -->\n<title>P\u00f6\u00f6rlev tool BOOGIE I velvet must Bluvel 19 - Welle<\/title>\n<meta name=\"robots\" content=\"index, follow, max-snippet:-1, max-image-preview:large, max-video-preview:-1\" \/>\n<link rel=\"canonical\" href=\"https:\/\/welle.ee\/ee\/poorlev-tool-boogie-i-velvet-must-bluvel-19\/\" \/>\n<meta property=\"og:locale\" content=\"en_US\" \/>\n<meta property=\"og:type\" content=\"article\" \/>\n<meta property=\"og:title\" content=\"P\u00f6\u00f6rlev tool BOOGIE I velvet must Bluvel 19 - Welle\" \/>\n<meta property=\"og:description\" content=\"Tooliraam on musta v\u00e4rvi metallist Iste ja seljatugi on kaetud sametise kangaga Iste p\u00f6\u00f6rleb\u00a0180\u00b0 Istme k\u00f5rgus 50 cm Viimistlus:\u00a0must Bluvel\" \/>\n<meta property=\"og:url\" content=\"https:\/\/welle.ee\/ee\/poorlev-tool-boogie-i-velvet-must-bluvel-19\/\" \/>\n<meta property=\"og:site_name\" content=\"Welle\" \/>\n<meta property=\"article:modified_time\" content=\"2026-02-18T23:00:07+00:00\" \/>\n<meta property=\"og:image\" content=\"https:\/\/welle.ee\/wp-content\/uploads\/2025\/08\/screenshot_2022-05-09_074214.jpg\" \/>\n\t<meta property=\"og:image:width\" content=\"589\" \/>\n\t<meta property=\"og:image:height\" content=\"629\" \/>\n\t<meta property=\"og:image:type\" content=\"image\/jpeg\" \/>\n<meta name=\"twitter:card\" content=\"summary_large_image\" \/>\n<script type=\"application\/ld+json\" class=\"yoast-schema-graph\">{\"@context\":\"https:\/\/schema.org\",\"@graph\":[{\"@type\":\"WebPage\",\"@id\":\"https:\/\/welle.ee\/ee\/poorlev-tool-boogie-i-velvet-must-bluvel-19\/\",\"url\":\"https:\/\/welle.ee\/ee\/poorlev-tool-boogie-i-velvet-must-bluvel-19\/\",\"name\":\"P\u00f6\u00f6rlev tool BOOGIE I velvet must Bluvel 19 - Welle\",\"isPartOf\":{\"@id\":\"https:\/\/welle.ee\/ee\/#website\"},\"primaryImageOfPage\":{\"@id\":\"https:\/\/welle.ee\/ee\/poorlev-tool-boogie-i-velvet-must-bluvel-19\/#primaryimage\"},\"image\":{\"@id\":\"https:\/\/welle.ee\/ee\/poorlev-tool-boogie-i-velvet-must-bluvel-19\/#primaryimage\"},\"thumbnailUrl\":\"https:\/\/welle.ee\/wp-content\/uploads\/2025\/08\/screenshot_2022-05-09_074214.jpg\",\"datePublished\":\"2025-08-21T12:42:15+00:00\",\"dateModified\":\"2026-02-18T23:00:07+00:00\",\"breadcrumb\":{\"@id\":\"https:\/\/welle.ee\/ee\/poorlev-tool-boogie-i-velvet-must-bluvel-19\/#breadcrumb\"},\"inLanguage\":\"ee\",\"potentialAction\":[{\"@type\":\"ReadAction\",\"target\":[\"https:\/\/welle.ee\/ee\/poorlev-tool-boogie-i-velvet-must-bluvel-19\/\"]}]},{\"@type\":\"ImageObject\",\"inLanguage\":\"ee\",\"@id\":\"https:\/\/welle.ee\/ee\/poorlev-tool-boogie-i-velvet-must-bluvel-19\/#primaryimage\",\"url\":\"https:\/\/welle.ee\/wp-content\/uploads\/2025\/08\/screenshot_2022-05-09_074214.jpg\",\"contentUrl\":\"https:\/\/welle.ee\/wp-content\/uploads\/2025\/08\/screenshot_2022-05-09_074214.jpg\",\"width\":589,\"height\":629},{\"@type\":\"BreadcrumbList\",\"@id\":\"https:\/\/welle.ee\/ee\/poorlev-tool-boogie-i-velvet-must-bluvel-19\/#breadcrumb\",\"itemListElement\":[{\"@type\":\"ListItem\",\"position\":1,\"name\":\"\u0413\u043b\u0430\u0432\u043d\u0430\u044f \u0441\u0442\u0440\u0430\u043d\u0438\u0446\u0430\",\"item\":\"https:\/\/welle.ee\/ee\/\"},{\"@type\":\"ListItem\",\"position\":2,\"name\":\"Tooted\",\"item\":\"https:\/\/welle.ee\/ee\/tooted\/\"},{\"@type\":\"ListItem\",\"position\":3,\"name\":\"P\u00f6\u00f6rlev tool BOOGIE I velvet must Bluvel 19\"}]},{\"@type\":\"WebSite\",\"@id\":\"https:\/\/welle.ee\/ee\/#website\",\"url\":\"https:\/\/welle.ee\/ee\/\",\"name\":\"Welle\",\"description\":\"\",\"potentialAction\":[{\"@type\":\"SearchAction\",\"target\":{\"@type\":\"EntryPoint\",\"urlTemplate\":\"https:\/\/welle.ee\/ee\/?s={search_term_string}\"},\"query-input\":{\"@type\":\"PropertyValueSpecification\",\"valueRequired\":true,\"valueName\":\"search_term_string\"}}],\"inLanguage\":\"ee\"}]}<\/script>\n<!-- \/ Yoast SEO plugin. -->","yoast_head_json":{"title":"P\u00f6\u00f6rlev tool BOOGIE I velvet must Bluvel 19 - Welle","robots":{"index":"index","follow":"follow","max-snippet":"max-snippet:-1","max-image-preview":"max-image-preview:large","max-video-preview":"max-video-preview:-1"},"canonical":"https:\/\/welle.ee\/ee\/poorlev-tool-boogie-i-velvet-must-bluvel-19\/","og_locale":"en_US","og_type":"article","og_title":"P\u00f6\u00f6rlev tool BOOGIE I velvet must Bluvel 19 - Welle","og_description":"Tooliraam on musta v\u00e4rvi metallist Iste ja seljatugi on kaetud sametise kangaga Iste p\u00f6\u00f6rleb\u00a0180\u00b0 Istme k\u00f5rgus 50 cm Viimistlus:\u00a0must Bluvel","og_url":"https:\/\/welle.ee\/ee\/poorlev-tool-boogie-i-velvet-must-bluvel-19\/","og_site_name":"Welle","article_modified_time":"2026-02-18T23:00:07+00:00","og_image":[{"width":589,"height":629,"url":"https:\/\/welle.ee\/wp-content\/uploads\/2025\/08\/screenshot_2022-05-09_074214.jpg","type":"image\/jpeg"}],"twitter_card":"summary_large_image","schema":{"@context":"https:\/\/schema.org","@graph":[{"@type":"WebPage","@id":"https:\/\/welle.ee\/ee\/poorlev-tool-boogie-i-velvet-must-bluvel-19\/","url":"https:\/\/welle.ee\/ee\/poorlev-tool-boogie-i-velvet-must-bluvel-19\/","name":"P\u00f6\u00f6rlev tool BOOGIE I velvet must Bluvel 19 - Welle","isPartOf":{"@id":"https:\/\/welle.ee\/ee\/#website"},"primaryImageOfPage":{"@id":"https:\/\/welle.ee\/ee\/poorlev-tool-boogie-i-velvet-must-bluvel-19\/#primaryimage"},"image":{"@id":"https:\/\/welle.ee\/ee\/poorlev-tool-boogie-i-velvet-must-bluvel-19\/#primaryimage"},"thumbnailUrl":"https:\/\/welle.ee\/wp-content\/uploads\/2025\/08\/screenshot_2022-05-09_074214.jpg","datePublished":"2025-08-21T12:42:15+00:00","dateModified":"2026-02-18T23:00:07+00:00","breadcrumb":{"@id":"https:\/\/welle.ee\/ee\/poorlev-tool-boogie-i-velvet-must-bluvel-19\/#breadcrumb"},"inLanguage":"ee","potentialAction":[{"@type":"ReadAction","target":["https:\/\/welle.ee\/ee\/poorlev-tool-boogie-i-velvet-must-bluvel-19\/"]}]},{"@type":"ImageObject","inLanguage":"ee","@id":"https:\/\/welle.ee\/ee\/poorlev-tool-boogie-i-velvet-must-bluvel-19\/#primaryimage","url":"https:\/\/welle.ee\/wp-content\/uploads\/2025\/08\/screenshot_2022-05-09_074214.jpg","contentUrl":"https:\/\/welle.ee\/wp-content\/uploads\/2025\/08\/screenshot_2022-05-09_074214.jpg","width":589,"height":629},{"@type":"BreadcrumbList","@id":"https:\/\/welle.ee\/ee\/poorlev-tool-boogie-i-velvet-must-bluvel-19\/#breadcrumb","itemListElement":[{"@type":"ListItem","position":1,"name":"\u0413\u043b\u0430\u0432\u043d\u0430\u044f \u0441\u0442\u0440\u0430\u043d\u0438\u0446\u0430","item":"https:\/\/welle.ee\/ee\/"},{"@type":"ListItem","position":2,"name":"Tooted","item":"https:\/\/welle.ee\/ee\/tooted\/"},{"@type":"ListItem","position":3,"name":"P\u00f6\u00f6rlev tool BOOGIE I velvet must Bluvel 19"}]},{"@type":"WebSite","@id":"https:\/\/welle.ee\/ee\/#website","url":"https:\/\/welle.ee\/ee\/","name":"Welle","description":"","potentialAction":[{"@type":"SearchAction","target":{"@type":"EntryPoint","urlTemplate":"https:\/\/welle.ee\/ee\/?s={search_term_string}"},"query-input":{"@type":"PropertyValueSpecification","valueRequired":true,"valueName":"search_term_string"}}],"inLanguage":"ee"}]}},"_links":{"self":[{"href":"https:\/\/welle.ee\/ee\/wp-json\/wp\/v2\/product\/422128","targetHints":{"allow":["GET"]}}],"collection":[{"href":"https:\/\/welle.ee\/ee\/wp-json\/wp\/v2\/product"}],"about":[{"href":"https:\/\/welle.ee\/ee\/wp-json\/wp\/v2\/types\/product"}],"version-history":[{"count":1,"href":"https:\/\/welle.ee\/ee\/wp-json\/wp\/v2\/product\/422128\/revisions"}],"predecessor-version":[{"id":482455,"href":"https:\/\/welle.ee\/ee\/wp-json\/wp\/v2\/product\/422128\/revisions\/482455"}],"wp:featuredmedia":[{"embeddable":true,"href":"https:\/\/welle.ee\/ee\/wp-json\/wp\/v2\/media\/422129"}],"wp:attachment":[{"href":"https:\/\/welle.ee\/ee\/wp-json\/wp\/v2\/media?parent=422128"}],"wp:term":[{"taxonomy":"product_brand","embeddable":true,"href":"https:\/\/welle.ee\/ee\/wp-json\/wp\/v2\/product_brand?post=422128"},{"taxonomy":"product_cat","embeddable":true,"href":"https:\/\/welle.ee\/ee\/wp-json\/wp\/v2\/product_cat?post=422128"},{"taxonomy":"product_tag","embeddable":true,"href":"https:\/\/welle.ee\/ee\/wp-json\/wp\/v2\/product_tag?post=422128"}],"curies":[{"name":"wp","href":"https:\/\/api.w.org\/{rel}","templated":true}]}}