{"id":423100,"date":"2025-08-21T12:43:21","date_gmt":"2025-08-21T12:43:21","guid":{"rendered":"https:\/\/wellefurniture.eu\/tool-gerard-3-valge-inari-91\/"},"modified":"2026-03-11T17:41:34","modified_gmt":"2026-03-11T17:41:34","slug":"tool-gerard-3-valge-inari-91","status":"publish","type":"product","link":"https:\/\/welle.ee\/ee\/tool-gerard-3-valge-inari-91\/","title":{"rendered":"Tool GERARD 3 valge\/Inari 91"},"content":{"rendered":"<ul>\n<li>Tool on valmistatud p\u00f6\u00f6gipuidust<\/li>\n<li>Viimistlus: valge<\/li>\n<li>Iste ja seljatugi on kaetud halli kangaga Inari 91<\/li>\n<li>Istme k\u00f5rgus 47 cm<\/li>\n<li>Tarnitakse detailidena<\/li>\n<\/ul>\n","protected":false},"excerpt":{"rendered":"<p>Tool on valmistatud p\u00f6\u00f6gipuidust Viimistlus: valge Iste ja seljatugi on kaetud halli kangaga Inari 91 Istme k\u00f5rgus 47 cm Tarnitakse<\/p>\n","protected":false},"featured_media":423101,"template":"","meta":[],"product_brand":[],"product_cat":[2353,3593,2388,3592,2405],"product_tag":[],"class_list":{"0":"post-423100","1":"product","2":"type-product","3":"status-publish","4":"has-post-thumbnail","6":"product_cat-shop","7":"product_cat-lauad-ja-toolid","8":"product_cat-chairs","9":"product_cat-leiunurk","10":"product_cat-toolid","11":"pa_color-white","12":"pa_height-2621","13":"pa_height_range-h-50-100","14":"pa_length-2767","15":"pa_length_range-l-50","16":"pa_manufacturer-halmar","17":"pa_material-wood","18":"pa_width-2756","19":"pa_width_range-w-50-100","21":"first","22":"instock","23":"sale","24":"taxable","25":"shipping-taxable","26":"purchasable","27":"product-type-simple"},"yoast_head":"<!-- This site is optimized with the Yoast SEO plugin v26.2 - https:\/\/yoast.com\/wordpress\/plugins\/seo\/ -->\n<title>Tool GERARD 3 valge\/Inari 91 - Welle<\/title>\n<meta name=\"robots\" content=\"index, follow, max-snippet:-1, max-image-preview:large, max-video-preview:-1\" \/>\n<link rel=\"canonical\" href=\"https:\/\/welle.ee\/ee\/tool-gerard-3-valge-inari-91\/\" \/>\n<meta property=\"og:locale\" content=\"en_US\" \/>\n<meta property=\"og:type\" content=\"article\" \/>\n<meta property=\"og:title\" content=\"Tool GERARD 3 valge\/Inari 91 - Welle\" \/>\n<meta property=\"og:description\" content=\"Tool on valmistatud p\u00f6\u00f6gipuidust Viimistlus: valge Iste ja seljatugi on kaetud halli kangaga Inari 91 Istme k\u00f5rgus 47 cm Tarnitakse\" \/>\n<meta property=\"og:url\" content=\"https:\/\/welle.ee\/ee\/tool-gerard-3-valge-inari-91\/\" \/>\n<meta property=\"og:site_name\" content=\"Welle\" \/>\n<meta property=\"article:modified_time\" content=\"2026-03-11T17:41:34+00:00\" \/>\n<meta property=\"og:image\" content=\"https:\/\/welle.ee\/wp-content\/uploads\/2025\/08\/gerard-3-bia_y-inari91-scaled-1.jpg\" \/>\n\t<meta property=\"og:image:width\" content=\"800\" \/>\n\t<meta property=\"og:image:height\" content=\"1200\" \/>\n\t<meta property=\"og:image:type\" content=\"image\/jpeg\" \/>\n<meta name=\"twitter:card\" content=\"summary_large_image\" \/>\n<script type=\"application\/ld+json\" class=\"yoast-schema-graph\">{\"@context\":\"https:\/\/schema.org\",\"@graph\":[{\"@type\":\"WebPage\",\"@id\":\"https:\/\/welle.ee\/ee\/tool-gerard-3-valge-inari-91\/\",\"url\":\"https:\/\/welle.ee\/ee\/tool-gerard-3-valge-inari-91\/\",\"name\":\"Tool GERARD 3 valge\/Inari 91 - Welle\",\"isPartOf\":{\"@id\":\"https:\/\/welle.ee\/ee\/#website\"},\"primaryImageOfPage\":{\"@id\":\"https:\/\/welle.ee\/ee\/tool-gerard-3-valge-inari-91\/#primaryimage\"},\"image\":{\"@id\":\"https:\/\/welle.ee\/ee\/tool-gerard-3-valge-inari-91\/#primaryimage\"},\"thumbnailUrl\":\"https:\/\/welle.ee\/wp-content\/uploads\/2025\/08\/gerard-3-bia_y-inari91-scaled-1.jpg\",\"datePublished\":\"2025-08-21T12:43:21+00:00\",\"dateModified\":\"2026-03-11T17:41:34+00:00\",\"breadcrumb\":{\"@id\":\"https:\/\/welle.ee\/ee\/tool-gerard-3-valge-inari-91\/#breadcrumb\"},\"inLanguage\":\"ee\",\"potentialAction\":[{\"@type\":\"ReadAction\",\"target\":[\"https:\/\/welle.ee\/ee\/tool-gerard-3-valge-inari-91\/\"]}]},{\"@type\":\"ImageObject\",\"inLanguage\":\"ee\",\"@id\":\"https:\/\/welle.ee\/ee\/tool-gerard-3-valge-inari-91\/#primaryimage\",\"url\":\"https:\/\/welle.ee\/wp-content\/uploads\/2025\/08\/gerard-3-bia_y-inari91-scaled-1.jpg\",\"contentUrl\":\"https:\/\/welle.ee\/wp-content\/uploads\/2025\/08\/gerard-3-bia_y-inari91-scaled-1.jpg\",\"width\":800,\"height\":1200},{\"@type\":\"BreadcrumbList\",\"@id\":\"https:\/\/welle.ee\/ee\/tool-gerard-3-valge-inari-91\/#breadcrumb\",\"itemListElement\":[{\"@type\":\"ListItem\",\"position\":1,\"name\":\"\u0413\u043b\u0430\u0432\u043d\u0430\u044f \u0441\u0442\u0440\u0430\u043d\u0438\u0446\u0430\",\"item\":\"https:\/\/welle.ee\/ee\/\"},{\"@type\":\"ListItem\",\"position\":2,\"name\":\"Tooted\",\"item\":\"https:\/\/welle.ee\/ee\/tooted\/\"},{\"@type\":\"ListItem\",\"position\":3,\"name\":\"Tool GERARD 3 valge\/Inari 91\"}]},{\"@type\":\"WebSite\",\"@id\":\"https:\/\/welle.ee\/ee\/#website\",\"url\":\"https:\/\/welle.ee\/ee\/\",\"name\":\"Welle\",\"description\":\"\",\"potentialAction\":[{\"@type\":\"SearchAction\",\"target\":{\"@type\":\"EntryPoint\",\"urlTemplate\":\"https:\/\/welle.ee\/ee\/?s={search_term_string}\"},\"query-input\":{\"@type\":\"PropertyValueSpecification\",\"valueRequired\":true,\"valueName\":\"search_term_string\"}}],\"inLanguage\":\"ee\"}]}<\/script>\n<!-- \/ Yoast SEO plugin. -->","yoast_head_json":{"title":"Tool GERARD 3 valge\/Inari 91 - Welle","robots":{"index":"index","follow":"follow","max-snippet":"max-snippet:-1","max-image-preview":"max-image-preview:large","max-video-preview":"max-video-preview:-1"},"canonical":"https:\/\/welle.ee\/ee\/tool-gerard-3-valge-inari-91\/","og_locale":"en_US","og_type":"article","og_title":"Tool GERARD 3 valge\/Inari 91 - Welle","og_description":"Tool on valmistatud p\u00f6\u00f6gipuidust Viimistlus: valge Iste ja seljatugi on kaetud halli kangaga Inari 91 Istme k\u00f5rgus 47 cm Tarnitakse","og_url":"https:\/\/welle.ee\/ee\/tool-gerard-3-valge-inari-91\/","og_site_name":"Welle","article_modified_time":"2026-03-11T17:41:34+00:00","og_image":[{"width":800,"height":1200,"url":"https:\/\/welle.ee\/wp-content\/uploads\/2025\/08\/gerard-3-bia_y-inari91-scaled-1.jpg","type":"image\/jpeg"}],"twitter_card":"summary_large_image","schema":{"@context":"https:\/\/schema.org","@graph":[{"@type":"WebPage","@id":"https:\/\/welle.ee\/ee\/tool-gerard-3-valge-inari-91\/","url":"https:\/\/welle.ee\/ee\/tool-gerard-3-valge-inari-91\/","name":"Tool GERARD 3 valge\/Inari 91 - Welle","isPartOf":{"@id":"https:\/\/welle.ee\/ee\/#website"},"primaryImageOfPage":{"@id":"https:\/\/welle.ee\/ee\/tool-gerard-3-valge-inari-91\/#primaryimage"},"image":{"@id":"https:\/\/welle.ee\/ee\/tool-gerard-3-valge-inari-91\/#primaryimage"},"thumbnailUrl":"https:\/\/welle.ee\/wp-content\/uploads\/2025\/08\/gerard-3-bia_y-inari91-scaled-1.jpg","datePublished":"2025-08-21T12:43:21+00:00","dateModified":"2026-03-11T17:41:34+00:00","breadcrumb":{"@id":"https:\/\/welle.ee\/ee\/tool-gerard-3-valge-inari-91\/#breadcrumb"},"inLanguage":"ee","potentialAction":[{"@type":"ReadAction","target":["https:\/\/welle.ee\/ee\/tool-gerard-3-valge-inari-91\/"]}]},{"@type":"ImageObject","inLanguage":"ee","@id":"https:\/\/welle.ee\/ee\/tool-gerard-3-valge-inari-91\/#primaryimage","url":"https:\/\/welle.ee\/wp-content\/uploads\/2025\/08\/gerard-3-bia_y-inari91-scaled-1.jpg","contentUrl":"https:\/\/welle.ee\/wp-content\/uploads\/2025\/08\/gerard-3-bia_y-inari91-scaled-1.jpg","width":800,"height":1200},{"@type":"BreadcrumbList","@id":"https:\/\/welle.ee\/ee\/tool-gerard-3-valge-inari-91\/#breadcrumb","itemListElement":[{"@type":"ListItem","position":1,"name":"\u0413\u043b\u0430\u0432\u043d\u0430\u044f \u0441\u0442\u0440\u0430\u043d\u0438\u0446\u0430","item":"https:\/\/welle.ee\/ee\/"},{"@type":"ListItem","position":2,"name":"Tooted","item":"https:\/\/welle.ee\/ee\/tooted\/"},{"@type":"ListItem","position":3,"name":"Tool GERARD 3 valge\/Inari 91"}]},{"@type":"WebSite","@id":"https:\/\/welle.ee\/ee\/#website","url":"https:\/\/welle.ee\/ee\/","name":"Welle","description":"","potentialAction":[{"@type":"SearchAction","target":{"@type":"EntryPoint","urlTemplate":"https:\/\/welle.ee\/ee\/?s={search_term_string}"},"query-input":{"@type":"PropertyValueSpecification","valueRequired":true,"valueName":"search_term_string"}}],"inLanguage":"ee"}]}},"_links":{"self":[{"href":"https:\/\/welle.ee\/ee\/wp-json\/wp\/v2\/product\/423100","targetHints":{"allow":["GET"]}}],"collection":[{"href":"https:\/\/welle.ee\/ee\/wp-json\/wp\/v2\/product"}],"about":[{"href":"https:\/\/welle.ee\/ee\/wp-json\/wp\/v2\/types\/product"}],"version-history":[{"count":1,"href":"https:\/\/welle.ee\/ee\/wp-json\/wp\/v2\/product\/423100\/revisions"}],"predecessor-version":[{"id":482533,"href":"https:\/\/welle.ee\/ee\/wp-json\/wp\/v2\/product\/423100\/revisions\/482533"}],"wp:featuredmedia":[{"embeddable":true,"href":"https:\/\/welle.ee\/ee\/wp-json\/wp\/v2\/media\/423101"}],"wp:attachment":[{"href":"https:\/\/welle.ee\/ee\/wp-json\/wp\/v2\/media?parent=423100"}],"wp:term":[{"taxonomy":"product_brand","embeddable":true,"href":"https:\/\/welle.ee\/ee\/wp-json\/wp\/v2\/product_brand?post=423100"},{"taxonomy":"product_cat","embeddable":true,"href":"https:\/\/welle.ee\/ee\/wp-json\/wp\/v2\/product_cat?post=423100"},{"taxonomy":"product_tag","embeddable":true,"href":"https:\/\/welle.ee\/ee\/wp-json\/wp\/v2\/product_tag?post=423100"}],"curies":[{"name":"wp","href":"https:\/\/api.w.org\/{rel}","templated":true}]}}