{"id":426845,"date":"2025-08-21T12:47:02","date_gmt":"2025-08-21T12:47:02","guid":{"rendered":"https:\/\/wellefurniture.eu\/seinariiul-toledo-valge-2498dw88\/"},"modified":"2025-10-06T08:29:35","modified_gmt":"2025-10-06T08:29:35","slug":"seinariiul-toledo-valge-2498dw88","status":"publish","type":"product","link":"https:\/\/welle.ee\/ee\/seinariiul-toledo-valge-2498dw88\/","title":{"rendered":"Seinariiul TOLEDO valge 2498DW88"},"content":{"rendered":"<ul>\n<li>Riiul on valmistatud k\u00f5rgkvaliteetsest lamineeritud m\u00f6\u00f6bliplaadist\u00a0<\/li>\n<li>Viimistlus:\u00a0<span>valge\/valge k\u00f5rgl\u00e4ige<\/span><\/li>\n<li>Tarnitakse detailidena<\/li>\n<li>Tarneaeg 4-8 n\u00e4dalat<\/li>\n<\/ul>\n","protected":false},"excerpt":{"rendered":"<p>Riiul on valmistatud k\u00f5rgkvaliteetsest lamineeritud m\u00f6\u00f6bliplaadist\u00a0 Viimistlus:\u00a0valge\/valge k\u00f5rgl\u00e4ige Tarnitakse detailidena Tarneaeg 4-8 n\u00e4dalat<\/p>\n","protected":false},"featured_media":426846,"template":"","meta":[],"product_brand":[],"product_cat":[2349,2353,2360,2350,2365],"product_tag":[],"class_list":{"0":"post-426845","1":"product","2":"type-product","3":"status-publish","4":"has-post-thumbnail","6":"product_cat-livroom","7":"product_cat-shop","8":"product_cat-shelf","9":"product_cat-seinariiul","10":"product_cat-valged-riiulid","11":"pa_color-white","12":"pa_height-2604","13":"pa_height_range-h-151-200","14":"pa_length-3175","15":"pa_length_range-l-50","16":"pa_manufacturer-helvetia-meble","17":"pa_material-moobliplaat","18":"pa_width-3070","19":"pa_width_range-w-50","21":"first","22":"instock","23":"taxable","24":"shipping-taxable","25":"purchasable","26":"product-type-simple"},"yoast_head":"<!-- This site is optimized with the Yoast SEO plugin v26.2 - https:\/\/yoast.com\/wordpress\/plugins\/seo\/ -->\n<title>Seinariiul TOLEDO valge 2498DW88 - Welle<\/title>\n<meta name=\"robots\" content=\"index, follow, max-snippet:-1, max-image-preview:large, max-video-preview:-1\" \/>\n<link rel=\"canonical\" href=\"https:\/\/welle.ee\/ee\/seinariiul-toledo-valge-2498dw88\/\" \/>\n<meta property=\"og:locale\" content=\"en_US\" \/>\n<meta property=\"og:type\" content=\"article\" \/>\n<meta property=\"og:title\" content=\"Seinariiul TOLEDO valge 2498DW88 - Welle\" \/>\n<meta property=\"og:description\" content=\"Riiul on valmistatud k\u00f5rgkvaliteetsest lamineeritud m\u00f6\u00f6bliplaadist\u00a0 Viimistlus:\u00a0valge\/valge k\u00f5rgl\u00e4ige Tarnitakse detailidena Tarneaeg 4-8 n\u00e4dalat\" \/>\n<meta property=\"og:url\" content=\"https:\/\/welle.ee\/ee\/seinariiul-toledo-valge-2498dw88\/\" \/>\n<meta property=\"og:site_name\" content=\"Welle\" \/>\n<meta property=\"article:modified_time\" content=\"2025-10-06T08:29:35+00:00\" \/>\n<meta property=\"og:image\" content=\"https:\/\/welle.ee\/wp-content\/uploads\/2025\/08\/toledowm_2498dw88_1.jpg\" \/>\n\t<meta property=\"og:image:width\" content=\"809\" \/>\n\t<meta property=\"og:image:height\" content=\"1200\" \/>\n\t<meta property=\"og:image:type\" content=\"image\/jpeg\" \/>\n<meta name=\"twitter:card\" content=\"summary_large_image\" \/>\n<script type=\"application\/ld+json\" class=\"yoast-schema-graph\">{\"@context\":\"https:\/\/schema.org\",\"@graph\":[{\"@type\":\"WebPage\",\"@id\":\"https:\/\/welle.ee\/ee\/seinariiul-toledo-valge-2498dw88\/\",\"url\":\"https:\/\/welle.ee\/ee\/seinariiul-toledo-valge-2498dw88\/\",\"name\":\"Seinariiul TOLEDO valge 2498DW88 - Welle\",\"isPartOf\":{\"@id\":\"https:\/\/welle.ee\/ee\/#website\"},\"primaryImageOfPage\":{\"@id\":\"https:\/\/welle.ee\/ee\/seinariiul-toledo-valge-2498dw88\/#primaryimage\"},\"image\":{\"@id\":\"https:\/\/welle.ee\/ee\/seinariiul-toledo-valge-2498dw88\/#primaryimage\"},\"thumbnailUrl\":\"https:\/\/welle.ee\/wp-content\/uploads\/2025\/08\/toledowm_2498dw88_1.jpg\",\"datePublished\":\"2025-08-21T12:47:02+00:00\",\"dateModified\":\"2025-10-06T08:29:35+00:00\",\"breadcrumb\":{\"@id\":\"https:\/\/welle.ee\/ee\/seinariiul-toledo-valge-2498dw88\/#breadcrumb\"},\"inLanguage\":\"ee\",\"potentialAction\":[{\"@type\":\"ReadAction\",\"target\":[\"https:\/\/welle.ee\/ee\/seinariiul-toledo-valge-2498dw88\/\"]}]},{\"@type\":\"ImageObject\",\"inLanguage\":\"ee\",\"@id\":\"https:\/\/welle.ee\/ee\/seinariiul-toledo-valge-2498dw88\/#primaryimage\",\"url\":\"https:\/\/welle.ee\/wp-content\/uploads\/2025\/08\/toledowm_2498dw88_1.jpg\",\"contentUrl\":\"https:\/\/welle.ee\/wp-content\/uploads\/2025\/08\/toledowm_2498dw88_1.jpg\",\"width\":809,\"height\":1200},{\"@type\":\"BreadcrumbList\",\"@id\":\"https:\/\/welle.ee\/ee\/seinariiul-toledo-valge-2498dw88\/#breadcrumb\",\"itemListElement\":[{\"@type\":\"ListItem\",\"position\":1,\"name\":\"\u0413\u043b\u0430\u0432\u043d\u0430\u044f \u0441\u0442\u0440\u0430\u043d\u0438\u0446\u0430\",\"item\":\"https:\/\/welle.ee\/ee\/\"},{\"@type\":\"ListItem\",\"position\":2,\"name\":\"Tooted\",\"item\":\"https:\/\/welle.ee\/ee\/tooted\/\"},{\"@type\":\"ListItem\",\"position\":3,\"name\":\"Seinariiul TOLEDO valge 2498DW88\"}]},{\"@type\":\"WebSite\",\"@id\":\"https:\/\/welle.ee\/ee\/#website\",\"url\":\"https:\/\/welle.ee\/ee\/\",\"name\":\"Welle\",\"description\":\"\",\"potentialAction\":[{\"@type\":\"SearchAction\",\"target\":{\"@type\":\"EntryPoint\",\"urlTemplate\":\"https:\/\/welle.ee\/ee\/?s={search_term_string}\"},\"query-input\":{\"@type\":\"PropertyValueSpecification\",\"valueRequired\":true,\"valueName\":\"search_term_string\"}}],\"inLanguage\":\"ee\"}]}<\/script>\n<!-- \/ Yoast SEO plugin. -->","yoast_head_json":{"title":"Seinariiul TOLEDO valge 2498DW88 - Welle","robots":{"index":"index","follow":"follow","max-snippet":"max-snippet:-1","max-image-preview":"max-image-preview:large","max-video-preview":"max-video-preview:-1"},"canonical":"https:\/\/welle.ee\/ee\/seinariiul-toledo-valge-2498dw88\/","og_locale":"en_US","og_type":"article","og_title":"Seinariiul TOLEDO valge 2498DW88 - Welle","og_description":"Riiul on valmistatud k\u00f5rgkvaliteetsest lamineeritud m\u00f6\u00f6bliplaadist\u00a0 Viimistlus:\u00a0valge\/valge k\u00f5rgl\u00e4ige Tarnitakse detailidena Tarneaeg 4-8 n\u00e4dalat","og_url":"https:\/\/welle.ee\/ee\/seinariiul-toledo-valge-2498dw88\/","og_site_name":"Welle","article_modified_time":"2025-10-06T08:29:35+00:00","og_image":[{"width":809,"height":1200,"url":"https:\/\/welle.ee\/wp-content\/uploads\/2025\/08\/toledowm_2498dw88_1.jpg","type":"image\/jpeg"}],"twitter_card":"summary_large_image","schema":{"@context":"https:\/\/schema.org","@graph":[{"@type":"WebPage","@id":"https:\/\/welle.ee\/ee\/seinariiul-toledo-valge-2498dw88\/","url":"https:\/\/welle.ee\/ee\/seinariiul-toledo-valge-2498dw88\/","name":"Seinariiul TOLEDO valge 2498DW88 - Welle","isPartOf":{"@id":"https:\/\/welle.ee\/ee\/#website"},"primaryImageOfPage":{"@id":"https:\/\/welle.ee\/ee\/seinariiul-toledo-valge-2498dw88\/#primaryimage"},"image":{"@id":"https:\/\/welle.ee\/ee\/seinariiul-toledo-valge-2498dw88\/#primaryimage"},"thumbnailUrl":"https:\/\/welle.ee\/wp-content\/uploads\/2025\/08\/toledowm_2498dw88_1.jpg","datePublished":"2025-08-21T12:47:02+00:00","dateModified":"2025-10-06T08:29:35+00:00","breadcrumb":{"@id":"https:\/\/welle.ee\/ee\/seinariiul-toledo-valge-2498dw88\/#breadcrumb"},"inLanguage":"ee","potentialAction":[{"@type":"ReadAction","target":["https:\/\/welle.ee\/ee\/seinariiul-toledo-valge-2498dw88\/"]}]},{"@type":"ImageObject","inLanguage":"ee","@id":"https:\/\/welle.ee\/ee\/seinariiul-toledo-valge-2498dw88\/#primaryimage","url":"https:\/\/welle.ee\/wp-content\/uploads\/2025\/08\/toledowm_2498dw88_1.jpg","contentUrl":"https:\/\/welle.ee\/wp-content\/uploads\/2025\/08\/toledowm_2498dw88_1.jpg","width":809,"height":1200},{"@type":"BreadcrumbList","@id":"https:\/\/welle.ee\/ee\/seinariiul-toledo-valge-2498dw88\/#breadcrumb","itemListElement":[{"@type":"ListItem","position":1,"name":"\u0413\u043b\u0430\u0432\u043d\u0430\u044f \u0441\u0442\u0440\u0430\u043d\u0438\u0446\u0430","item":"https:\/\/welle.ee\/ee\/"},{"@type":"ListItem","position":2,"name":"Tooted","item":"https:\/\/welle.ee\/ee\/tooted\/"},{"@type":"ListItem","position":3,"name":"Seinariiul TOLEDO valge 2498DW88"}]},{"@type":"WebSite","@id":"https:\/\/welle.ee\/ee\/#website","url":"https:\/\/welle.ee\/ee\/","name":"Welle","description":"","potentialAction":[{"@type":"SearchAction","target":{"@type":"EntryPoint","urlTemplate":"https:\/\/welle.ee\/ee\/?s={search_term_string}"},"query-input":{"@type":"PropertyValueSpecification","valueRequired":true,"valueName":"search_term_string"}}],"inLanguage":"ee"}]}},"_links":{"self":[{"href":"https:\/\/welle.ee\/ee\/wp-json\/wp\/v2\/product\/426845","targetHints":{"allow":["GET"]}}],"collection":[{"href":"https:\/\/welle.ee\/ee\/wp-json\/wp\/v2\/product"}],"about":[{"href":"https:\/\/welle.ee\/ee\/wp-json\/wp\/v2\/types\/product"}],"version-history":[{"count":1,"href":"https:\/\/welle.ee\/ee\/wp-json\/wp\/v2\/product\/426845\/revisions"}],"predecessor-version":[{"id":482714,"href":"https:\/\/welle.ee\/ee\/wp-json\/wp\/v2\/product\/426845\/revisions\/482714"}],"wp:featuredmedia":[{"embeddable":true,"href":"https:\/\/welle.ee\/ee\/wp-json\/wp\/v2\/media\/426846"}],"wp:attachment":[{"href":"https:\/\/welle.ee\/ee\/wp-json\/wp\/v2\/media?parent=426845"}],"wp:term":[{"taxonomy":"product_brand","embeddable":true,"href":"https:\/\/welle.ee\/ee\/wp-json\/wp\/v2\/product_brand?post=426845"},{"taxonomy":"product_cat","embeddable":true,"href":"https:\/\/welle.ee\/ee\/wp-json\/wp\/v2\/product_cat?post=426845"},{"taxonomy":"product_tag","embeddable":true,"href":"https:\/\/welle.ee\/ee\/wp-json\/wp\/v2\/product_tag?post=426845"}],"curies":[{"name":"wp","href":"https:\/\/api.w.org\/{rel}","templated":true}]}}