{"id":432089,"date":"2025-08-21T12:53:41","date_gmt":"2025-08-21T12:53:41","guid":{"rendered":"https:\/\/wellefurniture.eu\/diivan-santorini-3-hall-t198-hobedane\/"},"modified":"2025-12-01T17:08:45","modified_gmt":"2025-12-01T17:08:45","slug":"diivan-santorini-3-hall-t198-hobedane","status":"publish","type":"product","link":"https:\/\/welle.ee\/ee\/diivan-santorini-3-hall-t198-hobedane\/","title":{"rendered":"Diivan SANTORINI 3 hall T198\/h\u00f5bedane"},"content":{"rendered":"<ul>\n<li>3-kohaline diivan<\/li>\n<li>Diivani karkass on valmistatud puidust ja m\u00f6\u00f6bliplaadist<\/li>\n<li>Pehmenduseks\u00a0vahtpol\u00fcuretaan<\/li>\n<li>Kaetud halli v\u00e4rvi velvetkangaga<\/li>\n<li>Istme k\u00f5rgus 44 cm<\/li>\n<li>Kuldsed detailid<\/li>\n<\/ul>\n","protected":false},"excerpt":{"rendered":"<p>3-kohaline diivan Diivani karkass on valmistatud puidust ja m\u00f6\u00f6bliplaadist Pehmenduseks\u00a0vahtpol\u00fcuretaan Kaetud halli v\u00e4rvi velvetkangaga Istme k\u00f5rgus 44 cm Kuldsed detailid<\/p>\n","protected":false},"featured_media":432090,"template":"","meta":[],"product_brand":[],"product_cat":[2410,2353,2409],"product_tag":[],"class_list":{"0":"post-432089","1":"product","2":"type-product","3":"status-publish","4":"has-post-thumbnail","6":"product_cat-sofa","7":"product_cat-shop","8":"product_cat-soft","9":"pa_color-grey","10":"pa_height-2557","11":"pa_height_range-h-50-100","12":"pa_length-2659","13":"pa_length_range-l-200","14":"pa_manufacturer-signal","15":"pa_material-moobliplaat","16":"pa_width-3868","17":"pa_width_range-w-50-100","19":"first","20":"instock","21":"sale","22":"taxable","23":"shipping-taxable","24":"purchasable","25":"product-type-simple"},"yoast_head":"<!-- This site is optimized with the Yoast SEO plugin v26.2 - https:\/\/yoast.com\/wordpress\/plugins\/seo\/ -->\n<title>Diivan SANTORINI 3 hall T198\/h\u00f5bedane - Welle<\/title>\n<meta name=\"robots\" content=\"index, follow, max-snippet:-1, max-image-preview:large, max-video-preview:-1\" \/>\n<link rel=\"canonical\" href=\"https:\/\/welle.ee\/ee\/diivan-santorini-3-hall-t198-hobedane\/\" \/>\n<meta property=\"og:locale\" content=\"en_US\" \/>\n<meta property=\"og:type\" content=\"article\" \/>\n<meta property=\"og:title\" content=\"Diivan SANTORINI 3 hall T198\/h\u00f5bedane - Welle\" \/>\n<meta property=\"og:description\" content=\"3-kohaline diivan Diivani karkass on valmistatud puidust ja m\u00f6\u00f6bliplaadist Pehmenduseks\u00a0vahtpol\u00fcuretaan Kaetud halli v\u00e4rvi velvetkangaga Istme k\u00f5rgus 44 cm Kuldsed detailid\" \/>\n<meta property=\"og:url\" content=\"https:\/\/welle.ee\/ee\/diivan-santorini-3-hall-t198-hobedane\/\" \/>\n<meta property=\"og:site_name\" content=\"Welle\" \/>\n<meta property=\"article:modified_time\" content=\"2025-12-01T17:08:45+00:00\" \/>\n<meta property=\"og:image\" content=\"https:\/\/welle.ee\/wp-content\/uploads\/2025\/08\/screenshot_2023-04-17_100400.jpg\" \/>\n\t<meta property=\"og:image:width\" content=\"782\" \/>\n\t<meta property=\"og:image:height\" content=\"582\" \/>\n\t<meta property=\"og:image:type\" content=\"image\/jpeg\" \/>\n<meta name=\"twitter:card\" content=\"summary_large_image\" \/>\n<script type=\"application\/ld+json\" class=\"yoast-schema-graph\">{\"@context\":\"https:\/\/schema.org\",\"@graph\":[{\"@type\":\"WebPage\",\"@id\":\"https:\/\/welle.ee\/ee\/diivan-santorini-3-hall-t198-hobedane\/\",\"url\":\"https:\/\/welle.ee\/ee\/diivan-santorini-3-hall-t198-hobedane\/\",\"name\":\"Diivan SANTORINI 3 hall T198\/h\u00f5bedane - Welle\",\"isPartOf\":{\"@id\":\"https:\/\/welle.ee\/ee\/#website\"},\"primaryImageOfPage\":{\"@id\":\"https:\/\/welle.ee\/ee\/diivan-santorini-3-hall-t198-hobedane\/#primaryimage\"},\"image\":{\"@id\":\"https:\/\/welle.ee\/ee\/diivan-santorini-3-hall-t198-hobedane\/#primaryimage\"},\"thumbnailUrl\":\"https:\/\/welle.ee\/wp-content\/uploads\/2025\/08\/screenshot_2023-04-17_100400.jpg\",\"datePublished\":\"2025-08-21T12:53:41+00:00\",\"dateModified\":\"2025-12-01T17:08:45+00:00\",\"breadcrumb\":{\"@id\":\"https:\/\/welle.ee\/ee\/diivan-santorini-3-hall-t198-hobedane\/#breadcrumb\"},\"inLanguage\":\"ee\",\"potentialAction\":[{\"@type\":\"ReadAction\",\"target\":[\"https:\/\/welle.ee\/ee\/diivan-santorini-3-hall-t198-hobedane\/\"]}]},{\"@type\":\"ImageObject\",\"inLanguage\":\"ee\",\"@id\":\"https:\/\/welle.ee\/ee\/diivan-santorini-3-hall-t198-hobedane\/#primaryimage\",\"url\":\"https:\/\/welle.ee\/wp-content\/uploads\/2025\/08\/screenshot_2023-04-17_100400.jpg\",\"contentUrl\":\"https:\/\/welle.ee\/wp-content\/uploads\/2025\/08\/screenshot_2023-04-17_100400.jpg\",\"width\":782,\"height\":582},{\"@type\":\"BreadcrumbList\",\"@id\":\"https:\/\/welle.ee\/ee\/diivan-santorini-3-hall-t198-hobedane\/#breadcrumb\",\"itemListElement\":[{\"@type\":\"ListItem\",\"position\":1,\"name\":\"\u0413\u043b\u0430\u0432\u043d\u0430\u044f \u0441\u0442\u0440\u0430\u043d\u0438\u0446\u0430\",\"item\":\"https:\/\/welle.ee\/ee\/\"},{\"@type\":\"ListItem\",\"position\":2,\"name\":\"Tooted\",\"item\":\"https:\/\/welle.ee\/ee\/tooted\/\"},{\"@type\":\"ListItem\",\"position\":3,\"name\":\"Diivan SANTORINI 3 hall T198\/h\u00f5bedane\"}]},{\"@type\":\"WebSite\",\"@id\":\"https:\/\/welle.ee\/ee\/#website\",\"url\":\"https:\/\/welle.ee\/ee\/\",\"name\":\"Welle\",\"description\":\"\",\"potentialAction\":[{\"@type\":\"SearchAction\",\"target\":{\"@type\":\"EntryPoint\",\"urlTemplate\":\"https:\/\/welle.ee\/ee\/?s={search_term_string}\"},\"query-input\":{\"@type\":\"PropertyValueSpecification\",\"valueRequired\":true,\"valueName\":\"search_term_string\"}}],\"inLanguage\":\"ee\"}]}<\/script>\n<!-- \/ Yoast SEO plugin. -->","yoast_head_json":{"title":"Diivan SANTORINI 3 hall T198\/h\u00f5bedane - Welle","robots":{"index":"index","follow":"follow","max-snippet":"max-snippet:-1","max-image-preview":"max-image-preview:large","max-video-preview":"max-video-preview:-1"},"canonical":"https:\/\/welle.ee\/ee\/diivan-santorini-3-hall-t198-hobedane\/","og_locale":"en_US","og_type":"article","og_title":"Diivan SANTORINI 3 hall T198\/h\u00f5bedane - Welle","og_description":"3-kohaline diivan Diivani karkass on valmistatud puidust ja m\u00f6\u00f6bliplaadist Pehmenduseks\u00a0vahtpol\u00fcuretaan Kaetud halli v\u00e4rvi velvetkangaga Istme k\u00f5rgus 44 cm Kuldsed detailid","og_url":"https:\/\/welle.ee\/ee\/diivan-santorini-3-hall-t198-hobedane\/","og_site_name":"Welle","article_modified_time":"2025-12-01T17:08:45+00:00","og_image":[{"width":782,"height":582,"url":"https:\/\/welle.ee\/wp-content\/uploads\/2025\/08\/screenshot_2023-04-17_100400.jpg","type":"image\/jpeg"}],"twitter_card":"summary_large_image","schema":{"@context":"https:\/\/schema.org","@graph":[{"@type":"WebPage","@id":"https:\/\/welle.ee\/ee\/diivan-santorini-3-hall-t198-hobedane\/","url":"https:\/\/welle.ee\/ee\/diivan-santorini-3-hall-t198-hobedane\/","name":"Diivan SANTORINI 3 hall T198\/h\u00f5bedane - Welle","isPartOf":{"@id":"https:\/\/welle.ee\/ee\/#website"},"primaryImageOfPage":{"@id":"https:\/\/welle.ee\/ee\/diivan-santorini-3-hall-t198-hobedane\/#primaryimage"},"image":{"@id":"https:\/\/welle.ee\/ee\/diivan-santorini-3-hall-t198-hobedane\/#primaryimage"},"thumbnailUrl":"https:\/\/welle.ee\/wp-content\/uploads\/2025\/08\/screenshot_2023-04-17_100400.jpg","datePublished":"2025-08-21T12:53:41+00:00","dateModified":"2025-12-01T17:08:45+00:00","breadcrumb":{"@id":"https:\/\/welle.ee\/ee\/diivan-santorini-3-hall-t198-hobedane\/#breadcrumb"},"inLanguage":"ee","potentialAction":[{"@type":"ReadAction","target":["https:\/\/welle.ee\/ee\/diivan-santorini-3-hall-t198-hobedane\/"]}]},{"@type":"ImageObject","inLanguage":"ee","@id":"https:\/\/welle.ee\/ee\/diivan-santorini-3-hall-t198-hobedane\/#primaryimage","url":"https:\/\/welle.ee\/wp-content\/uploads\/2025\/08\/screenshot_2023-04-17_100400.jpg","contentUrl":"https:\/\/welle.ee\/wp-content\/uploads\/2025\/08\/screenshot_2023-04-17_100400.jpg","width":782,"height":582},{"@type":"BreadcrumbList","@id":"https:\/\/welle.ee\/ee\/diivan-santorini-3-hall-t198-hobedane\/#breadcrumb","itemListElement":[{"@type":"ListItem","position":1,"name":"\u0413\u043b\u0430\u0432\u043d\u0430\u044f \u0441\u0442\u0440\u0430\u043d\u0438\u0446\u0430","item":"https:\/\/welle.ee\/ee\/"},{"@type":"ListItem","position":2,"name":"Tooted","item":"https:\/\/welle.ee\/ee\/tooted\/"},{"@type":"ListItem","position":3,"name":"Diivan SANTORINI 3 hall T198\/h\u00f5bedane"}]},{"@type":"WebSite","@id":"https:\/\/welle.ee\/ee\/#website","url":"https:\/\/welle.ee\/ee\/","name":"Welle","description":"","potentialAction":[{"@type":"SearchAction","target":{"@type":"EntryPoint","urlTemplate":"https:\/\/welle.ee\/ee\/?s={search_term_string}"},"query-input":{"@type":"PropertyValueSpecification","valueRequired":true,"valueName":"search_term_string"}}],"inLanguage":"ee"}]}},"_links":{"self":[{"href":"https:\/\/welle.ee\/ee\/wp-json\/wp\/v2\/product\/432089","targetHints":{"allow":["GET"]}}],"collection":[{"href":"https:\/\/welle.ee\/ee\/wp-json\/wp\/v2\/product"}],"about":[{"href":"https:\/\/welle.ee\/ee\/wp-json\/wp\/v2\/types\/product"}],"version-history":[{"count":1,"href":"https:\/\/welle.ee\/ee\/wp-json\/wp\/v2\/product\/432089\/revisions"}],"predecessor-version":[{"id":483152,"href":"https:\/\/welle.ee\/ee\/wp-json\/wp\/v2\/product\/432089\/revisions\/483152"}],"wp:featuredmedia":[{"embeddable":true,"href":"https:\/\/welle.ee\/ee\/wp-json\/wp\/v2\/media\/432090"}],"wp:attachment":[{"href":"https:\/\/welle.ee\/ee\/wp-json\/wp\/v2\/media?parent=432089"}],"wp:term":[{"taxonomy":"product_brand","embeddable":true,"href":"https:\/\/welle.ee\/ee\/wp-json\/wp\/v2\/product_brand?post=432089"},{"taxonomy":"product_cat","embeddable":true,"href":"https:\/\/welle.ee\/ee\/wp-json\/wp\/v2\/product_cat?post=432089"},{"taxonomy":"product_tag","embeddable":true,"href":"https:\/\/welle.ee\/ee\/wp-json\/wp\/v2\/product_tag?post=432089"}],"curies":[{"name":"wp","href":"https:\/\/api.w.org\/{rel}","templated":true}]}}