{"id":435011,"date":"2025-08-21T12:56:15","date_gmt":"2025-08-21T12:56:15","guid":{"rendered":"https:\/\/wellefurniture.eu\/diivanilaudade-komplekt-paola-2tk-valge-marmor-hobedane\/"},"modified":"2026-03-11T17:39:14","modified_gmt":"2026-03-11T17:39:14","slug":"diivanilaudade-komplekt-paola-2tk-valge-marmor-hobedane","status":"publish","type":"product","link":"https:\/\/welle.ee\/ee\/diivanilaudade-komplekt-paola-2tk-valge-marmor-hobedane\/","title":{"rendered":"Diivanilaudade komplekt PAOLA 2tk valge marmor\/h\u00f5bedane"},"content":{"rendered":"<ul>\n<li>Lauaplaat on valmistatud lamineeritud kattega MDF plaadist<\/li>\n<li>Viimistlus:\u00a0valge marmor<\/li>\n<li>Raam on h\u00f5bedat v\u00e4rvi metallist<\/li>\n<li>M\u00f5\u00f5dud: 60xK40 cm, 38xK34 cm<\/li>\n<li>Tarnitakse detailidena<\/li>\n<\/ul>\n","protected":false},"excerpt":{"rendered":"<p>Lauaplaat on valmistatud lamineeritud kattega MDF plaadist Viimistlus:\u00a0valge marmor Raam on h\u00f5bedat v\u00e4rvi metallist M\u00f5\u00f5dud: 60xK40 cm, 38xK34 cm Tarnitakse<\/p>\n","protected":false},"featured_media":435012,"template":"","meta":[],"product_brand":[],"product_cat":[2393,2353,3593,2388,3592],"product_tag":[],"class_list":{"0":"post-435011","1":"product","2":"type-product","3":"status-publish","4":"has-post-thumbnail","6":"product_cat-servtable","7":"product_cat-shop","8":"product_cat-lauad-ja-toolid","9":"product_cat-chairs","10":"product_cat-leiunurk","11":"pa_color-white","12":"pa_diameter-dia-60-38","13":"pa_height-40-34","14":"pa_height_range-h-50","15":"pa_length_range-l-50-100","16":"pa_manufacturer-halmar","17":"pa_material-mdf","18":"pa_width_range-w-50-100","20":"first","21":"instock","22":"sale","23":"taxable","24":"shipping-taxable","25":"purchasable","26":"product-type-simple"},"yoast_head":"<!-- This site is optimized with the Yoast SEO plugin v26.2 - https:\/\/yoast.com\/wordpress\/plugins\/seo\/ -->\n<title>Diivanilaudade komplekt PAOLA 2tk valge marmor\/h\u00f5bedane - Welle<\/title>\n<meta name=\"robots\" content=\"index, follow, max-snippet:-1, max-image-preview:large, max-video-preview:-1\" \/>\n<link rel=\"canonical\" href=\"https:\/\/welle.ee\/ee\/diivanilaudade-komplekt-paola-2tk-valge-marmor-hobedane\/\" \/>\n<meta property=\"og:locale\" content=\"en_US\" \/>\n<meta property=\"og:type\" content=\"article\" \/>\n<meta property=\"og:title\" content=\"Diivanilaudade komplekt PAOLA 2tk valge marmor\/h\u00f5bedane - Welle\" \/>\n<meta property=\"og:description\" content=\"Lauaplaat on valmistatud lamineeritud kattega MDF plaadist Viimistlus:\u00a0valge marmor Raam on h\u00f5bedat v\u00e4rvi metallist M\u00f5\u00f5dud: 60xK40 cm, 38xK34 cm Tarnitakse\" \/>\n<meta property=\"og:url\" content=\"https:\/\/welle.ee\/ee\/diivanilaudade-komplekt-paola-2tk-valge-marmor-hobedane\/\" \/>\n<meta property=\"og:site_name\" content=\"Welle\" \/>\n<meta property=\"article:modified_time\" content=\"2026-03-11T17:39:14+00:00\" \/>\n<meta property=\"og:image\" content=\"https:\/\/welle.ee\/wp-content\/uploads\/2025\/08\/d32df5326c4cec35c86fab88efa494b5.jpeg\" \/>\n\t<meta property=\"og:image:width\" content=\"799\" \/>\n\t<meta property=\"og:image:height\" content=\"635\" \/>\n\t<meta property=\"og:image:type\" content=\"image\/jpeg\" \/>\n<meta name=\"twitter:card\" content=\"summary_large_image\" \/>\n<script type=\"application\/ld+json\" class=\"yoast-schema-graph\">{\"@context\":\"https:\/\/schema.org\",\"@graph\":[{\"@type\":\"WebPage\",\"@id\":\"https:\/\/welle.ee\/ee\/diivanilaudade-komplekt-paola-2tk-valge-marmor-hobedane\/\",\"url\":\"https:\/\/welle.ee\/ee\/diivanilaudade-komplekt-paola-2tk-valge-marmor-hobedane\/\",\"name\":\"Diivanilaudade komplekt PAOLA 2tk valge marmor\/h\u00f5bedane - Welle\",\"isPartOf\":{\"@id\":\"https:\/\/welle.ee\/ee\/#website\"},\"primaryImageOfPage\":{\"@id\":\"https:\/\/welle.ee\/ee\/diivanilaudade-komplekt-paola-2tk-valge-marmor-hobedane\/#primaryimage\"},\"image\":{\"@id\":\"https:\/\/welle.ee\/ee\/diivanilaudade-komplekt-paola-2tk-valge-marmor-hobedane\/#primaryimage\"},\"thumbnailUrl\":\"https:\/\/welle.ee\/wp-content\/uploads\/2025\/08\/d32df5326c4cec35c86fab88efa494b5.jpeg\",\"datePublished\":\"2025-08-21T12:56:15+00:00\",\"dateModified\":\"2026-03-11T17:39:14+00:00\",\"breadcrumb\":{\"@id\":\"https:\/\/welle.ee\/ee\/diivanilaudade-komplekt-paola-2tk-valge-marmor-hobedane\/#breadcrumb\"},\"inLanguage\":\"ee\",\"potentialAction\":[{\"@type\":\"ReadAction\",\"target\":[\"https:\/\/welle.ee\/ee\/diivanilaudade-komplekt-paola-2tk-valge-marmor-hobedane\/\"]}]},{\"@type\":\"ImageObject\",\"inLanguage\":\"ee\",\"@id\":\"https:\/\/welle.ee\/ee\/diivanilaudade-komplekt-paola-2tk-valge-marmor-hobedane\/#primaryimage\",\"url\":\"https:\/\/welle.ee\/wp-content\/uploads\/2025\/08\/d32df5326c4cec35c86fab88efa494b5.jpeg\",\"contentUrl\":\"https:\/\/welle.ee\/wp-content\/uploads\/2025\/08\/d32df5326c4cec35c86fab88efa494b5.jpeg\",\"width\":799,\"height\":635},{\"@type\":\"BreadcrumbList\",\"@id\":\"https:\/\/welle.ee\/ee\/diivanilaudade-komplekt-paola-2tk-valge-marmor-hobedane\/#breadcrumb\",\"itemListElement\":[{\"@type\":\"ListItem\",\"position\":1,\"name\":\"\u0413\u043b\u0430\u0432\u043d\u0430\u044f \u0441\u0442\u0440\u0430\u043d\u0438\u0446\u0430\",\"item\":\"https:\/\/welle.ee\/ee\/\"},{\"@type\":\"ListItem\",\"position\":2,\"name\":\"Tooted\",\"item\":\"https:\/\/welle.ee\/ee\/tooted\/\"},{\"@type\":\"ListItem\",\"position\":3,\"name\":\"Diivanilaudade komplekt PAOLA 2tk valge marmor\/h\u00f5bedane\"}]},{\"@type\":\"WebSite\",\"@id\":\"https:\/\/welle.ee\/ee\/#website\",\"url\":\"https:\/\/welle.ee\/ee\/\",\"name\":\"Welle\",\"description\":\"\",\"potentialAction\":[{\"@type\":\"SearchAction\",\"target\":{\"@type\":\"EntryPoint\",\"urlTemplate\":\"https:\/\/welle.ee\/ee\/?s={search_term_string}\"},\"query-input\":{\"@type\":\"PropertyValueSpecification\",\"valueRequired\":true,\"valueName\":\"search_term_string\"}}],\"inLanguage\":\"ee\"}]}<\/script>\n<!-- \/ Yoast SEO plugin. -->","yoast_head_json":{"title":"Diivanilaudade komplekt PAOLA 2tk valge marmor\/h\u00f5bedane - Welle","robots":{"index":"index","follow":"follow","max-snippet":"max-snippet:-1","max-image-preview":"max-image-preview:large","max-video-preview":"max-video-preview:-1"},"canonical":"https:\/\/welle.ee\/ee\/diivanilaudade-komplekt-paola-2tk-valge-marmor-hobedane\/","og_locale":"en_US","og_type":"article","og_title":"Diivanilaudade komplekt PAOLA 2tk valge marmor\/h\u00f5bedane - Welle","og_description":"Lauaplaat on valmistatud lamineeritud kattega MDF plaadist Viimistlus:\u00a0valge marmor Raam on h\u00f5bedat v\u00e4rvi metallist M\u00f5\u00f5dud: 60xK40 cm, 38xK34 cm Tarnitakse","og_url":"https:\/\/welle.ee\/ee\/diivanilaudade-komplekt-paola-2tk-valge-marmor-hobedane\/","og_site_name":"Welle","article_modified_time":"2026-03-11T17:39:14+00:00","og_image":[{"width":799,"height":635,"url":"https:\/\/welle.ee\/wp-content\/uploads\/2025\/08\/d32df5326c4cec35c86fab88efa494b5.jpeg","type":"image\/jpeg"}],"twitter_card":"summary_large_image","schema":{"@context":"https:\/\/schema.org","@graph":[{"@type":"WebPage","@id":"https:\/\/welle.ee\/ee\/diivanilaudade-komplekt-paola-2tk-valge-marmor-hobedane\/","url":"https:\/\/welle.ee\/ee\/diivanilaudade-komplekt-paola-2tk-valge-marmor-hobedane\/","name":"Diivanilaudade komplekt PAOLA 2tk valge marmor\/h\u00f5bedane - Welle","isPartOf":{"@id":"https:\/\/welle.ee\/ee\/#website"},"primaryImageOfPage":{"@id":"https:\/\/welle.ee\/ee\/diivanilaudade-komplekt-paola-2tk-valge-marmor-hobedane\/#primaryimage"},"image":{"@id":"https:\/\/welle.ee\/ee\/diivanilaudade-komplekt-paola-2tk-valge-marmor-hobedane\/#primaryimage"},"thumbnailUrl":"https:\/\/welle.ee\/wp-content\/uploads\/2025\/08\/d32df5326c4cec35c86fab88efa494b5.jpeg","datePublished":"2025-08-21T12:56:15+00:00","dateModified":"2026-03-11T17:39:14+00:00","breadcrumb":{"@id":"https:\/\/welle.ee\/ee\/diivanilaudade-komplekt-paola-2tk-valge-marmor-hobedane\/#breadcrumb"},"inLanguage":"ee","potentialAction":[{"@type":"ReadAction","target":["https:\/\/welle.ee\/ee\/diivanilaudade-komplekt-paola-2tk-valge-marmor-hobedane\/"]}]},{"@type":"ImageObject","inLanguage":"ee","@id":"https:\/\/welle.ee\/ee\/diivanilaudade-komplekt-paola-2tk-valge-marmor-hobedane\/#primaryimage","url":"https:\/\/welle.ee\/wp-content\/uploads\/2025\/08\/d32df5326c4cec35c86fab88efa494b5.jpeg","contentUrl":"https:\/\/welle.ee\/wp-content\/uploads\/2025\/08\/d32df5326c4cec35c86fab88efa494b5.jpeg","width":799,"height":635},{"@type":"BreadcrumbList","@id":"https:\/\/welle.ee\/ee\/diivanilaudade-komplekt-paola-2tk-valge-marmor-hobedane\/#breadcrumb","itemListElement":[{"@type":"ListItem","position":1,"name":"\u0413\u043b\u0430\u0432\u043d\u0430\u044f \u0441\u0442\u0440\u0430\u043d\u0438\u0446\u0430","item":"https:\/\/welle.ee\/ee\/"},{"@type":"ListItem","position":2,"name":"Tooted","item":"https:\/\/welle.ee\/ee\/tooted\/"},{"@type":"ListItem","position":3,"name":"Diivanilaudade komplekt PAOLA 2tk valge marmor\/h\u00f5bedane"}]},{"@type":"WebSite","@id":"https:\/\/welle.ee\/ee\/#website","url":"https:\/\/welle.ee\/ee\/","name":"Welle","description":"","potentialAction":[{"@type":"SearchAction","target":{"@type":"EntryPoint","urlTemplate":"https:\/\/welle.ee\/ee\/?s={search_term_string}"},"query-input":{"@type":"PropertyValueSpecification","valueRequired":true,"valueName":"search_term_string"}}],"inLanguage":"ee"}]}},"_links":{"self":[{"href":"https:\/\/welle.ee\/ee\/wp-json\/wp\/v2\/product\/435011","targetHints":{"allow":["GET"]}}],"collection":[{"href":"https:\/\/welle.ee\/ee\/wp-json\/wp\/v2\/product"}],"about":[{"href":"https:\/\/welle.ee\/ee\/wp-json\/wp\/v2\/types\/product"}],"version-history":[{"count":1,"href":"https:\/\/welle.ee\/ee\/wp-json\/wp\/v2\/product\/435011\/revisions"}],"predecessor-version":[{"id":483290,"href":"https:\/\/welle.ee\/ee\/wp-json\/wp\/v2\/product\/435011\/revisions\/483290"}],"wp:featuredmedia":[{"embeddable":true,"href":"https:\/\/welle.ee\/ee\/wp-json\/wp\/v2\/media\/435012"}],"wp:attachment":[{"href":"https:\/\/welle.ee\/ee\/wp-json\/wp\/v2\/media?parent=435011"}],"wp:term":[{"taxonomy":"product_brand","embeddable":true,"href":"https:\/\/welle.ee\/ee\/wp-json\/wp\/v2\/product_brand?post=435011"},{"taxonomy":"product_cat","embeddable":true,"href":"https:\/\/welle.ee\/ee\/wp-json\/wp\/v2\/product_cat?post=435011"},{"taxonomy":"product_tag","embeddable":true,"href":"https:\/\/welle.ee\/ee\/wp-json\/wp\/v2\/product_tag?post=435011"}],"curies":[{"name":"wp","href":"https:\/\/api.w.org\/{rel}","templated":true}]}}