{"id":435500,"date":"2025-08-21T12:56:47","date_gmt":"2025-08-21T12:56:47","guid":{"rendered":"https:\/\/wellefurniture.eu\/kokkuklapitav-kirjutuslaud-smart-24n3lv03-tamm-grand-natural\/"},"modified":"2025-10-06T08:33:06","modified_gmt":"2025-10-06T08:33:06","slug":"kokkuklapitav-kirjutuslaud-smart-24n3lv03-tamm-grand-natural","status":"publish","type":"product","link":"https:\/\/welle.ee\/ee\/kokkuklapitav-kirjutuslaud-smart-24n3lv03-tamm-grand-natural\/","title":{"rendered":"Kokkuklapitav kirjutuslaud SMART 24N3LV03 tamm grand natural"},"content":{"rendered":"<ul>\n<li>Valmistatud k\u00f5rgkvaliteetsest lamineeritud m\u00f6\u00f6bliplaadist\u00a0<\/li>\n<li>Viimistlus:\u00a0tamm grand natural\u00a0<\/li>\n<li>Tarnitakse detailidena<\/li>\n<li>Tarneaeg 3-6 n\u00e4dalat<\/li>\n<\/ul>\n","protected":false},"excerpt":{"rendered":"<p>Valmistatud k\u00f5rgkvaliteetsest lamineeritud m\u00f6\u00f6bliplaadist\u00a0 Viimistlus:\u00a0tamm grand natural\u00a0 Tarnitakse detailidena Tarneaeg 3-6 n\u00e4dalat<\/p>\n","protected":false},"featured_media":435501,"template":"","meta":[],"product_brand":[],"product_cat":[2389,2353,2388],"product_tag":[],"class_list":{"0":"post-435500","1":"product","2":"type-product","3":"status-publish","4":"has-post-thumbnail","6":"product_cat-pcchiar","7":"product_cat-shop","8":"product_cat-chairs","9":"pa_height-2552","10":"pa_height_range-h-50-100","11":"pa_length-2840","12":"pa_length_range-l-50-100","13":"pa_manufacturer-helvetia-meble","14":"pa_material-moobliplaat","15":"pa_width_range-w-50-100","17":"first","18":"instock","19":"taxable","20":"shipping-taxable","21":"purchasable","22":"product-type-simple"},"yoast_head":"<!-- This site is optimized with the Yoast SEO plugin v26.2 - https:\/\/yoast.com\/wordpress\/plugins\/seo\/ -->\n<title>Kokkuklapitav kirjutuslaud SMART 24N3LV03 tamm grand natural - Welle<\/title>\n<meta name=\"robots\" content=\"index, follow, max-snippet:-1, max-image-preview:large, max-video-preview:-1\" \/>\n<link rel=\"canonical\" href=\"https:\/\/welle.ee\/ee\/kokkuklapitav-kirjutuslaud-smart-24n3lv03-tamm-grand-natural\/\" \/>\n<meta property=\"og:locale\" content=\"en_US\" \/>\n<meta property=\"og:type\" content=\"article\" \/>\n<meta property=\"og:title\" content=\"Kokkuklapitav kirjutuslaud SMART 24N3LV03 tamm grand natural - Welle\" \/>\n<meta property=\"og:description\" content=\"Valmistatud k\u00f5rgkvaliteetsest lamineeritud m\u00f6\u00f6bliplaadist\u00a0 Viimistlus:\u00a0tamm grand natural\u00a0 Tarnitakse detailidena Tarneaeg 3-6 n\u00e4dalat\" \/>\n<meta property=\"og:url\" content=\"https:\/\/welle.ee\/ee\/kokkuklapitav-kirjutuslaud-smart-24n3lv03-tamm-grand-natural\/\" \/>\n<meta property=\"og:site_name\" content=\"Welle\" \/>\n<meta property=\"article:modified_time\" content=\"2025-10-06T08:33:06+00:00\" \/>\n<meta property=\"og:image\" content=\"https:\/\/welle.ee\/wp-content\/uploads\/2025\/08\/smart_24n3lv03_2a.jpg\" \/>\n\t<meta property=\"og:image:width\" content=\"1200\" \/>\n\t<meta property=\"og:image:height\" content=\"800\" \/>\n\t<meta property=\"og:image:type\" content=\"image\/jpeg\" \/>\n<meta name=\"twitter:card\" content=\"summary_large_image\" \/>\n<script type=\"application\/ld+json\" class=\"yoast-schema-graph\">{\"@context\":\"https:\/\/schema.org\",\"@graph\":[{\"@type\":\"WebPage\",\"@id\":\"https:\/\/welle.ee\/ee\/kokkuklapitav-kirjutuslaud-smart-24n3lv03-tamm-grand-natural\/\",\"url\":\"https:\/\/welle.ee\/ee\/kokkuklapitav-kirjutuslaud-smart-24n3lv03-tamm-grand-natural\/\",\"name\":\"Kokkuklapitav kirjutuslaud SMART 24N3LV03 tamm grand natural - Welle\",\"isPartOf\":{\"@id\":\"https:\/\/welle.ee\/ee\/#website\"},\"primaryImageOfPage\":{\"@id\":\"https:\/\/welle.ee\/ee\/kokkuklapitav-kirjutuslaud-smart-24n3lv03-tamm-grand-natural\/#primaryimage\"},\"image\":{\"@id\":\"https:\/\/welle.ee\/ee\/kokkuklapitav-kirjutuslaud-smart-24n3lv03-tamm-grand-natural\/#primaryimage\"},\"thumbnailUrl\":\"https:\/\/welle.ee\/wp-content\/uploads\/2025\/08\/smart_24n3lv03_2a.jpg\",\"datePublished\":\"2025-08-21T12:56:47+00:00\",\"dateModified\":\"2025-10-06T08:33:06+00:00\",\"breadcrumb\":{\"@id\":\"https:\/\/welle.ee\/ee\/kokkuklapitav-kirjutuslaud-smart-24n3lv03-tamm-grand-natural\/#breadcrumb\"},\"inLanguage\":\"ee\",\"potentialAction\":[{\"@type\":\"ReadAction\",\"target\":[\"https:\/\/welle.ee\/ee\/kokkuklapitav-kirjutuslaud-smart-24n3lv03-tamm-grand-natural\/\"]}]},{\"@type\":\"ImageObject\",\"inLanguage\":\"ee\",\"@id\":\"https:\/\/welle.ee\/ee\/kokkuklapitav-kirjutuslaud-smart-24n3lv03-tamm-grand-natural\/#primaryimage\",\"url\":\"https:\/\/welle.ee\/wp-content\/uploads\/2025\/08\/smart_24n3lv03_2a.jpg\",\"contentUrl\":\"https:\/\/welle.ee\/wp-content\/uploads\/2025\/08\/smart_24n3lv03_2a.jpg\",\"width\":1200,\"height\":800},{\"@type\":\"BreadcrumbList\",\"@id\":\"https:\/\/welle.ee\/ee\/kokkuklapitav-kirjutuslaud-smart-24n3lv03-tamm-grand-natural\/#breadcrumb\",\"itemListElement\":[{\"@type\":\"ListItem\",\"position\":1,\"name\":\"\u0413\u043b\u0430\u0432\u043d\u0430\u044f \u0441\u0442\u0440\u0430\u043d\u0438\u0446\u0430\",\"item\":\"https:\/\/welle.ee\/ee\/\"},{\"@type\":\"ListItem\",\"position\":2,\"name\":\"Tooted\",\"item\":\"https:\/\/welle.ee\/ee\/tooted\/\"},{\"@type\":\"ListItem\",\"position\":3,\"name\":\"Kokkuklapitav kirjutuslaud SMART 24N3LV03 tamm grand natural\"}]},{\"@type\":\"WebSite\",\"@id\":\"https:\/\/welle.ee\/ee\/#website\",\"url\":\"https:\/\/welle.ee\/ee\/\",\"name\":\"Welle\",\"description\":\"\",\"potentialAction\":[{\"@type\":\"SearchAction\",\"target\":{\"@type\":\"EntryPoint\",\"urlTemplate\":\"https:\/\/welle.ee\/ee\/?s={search_term_string}\"},\"query-input\":{\"@type\":\"PropertyValueSpecification\",\"valueRequired\":true,\"valueName\":\"search_term_string\"}}],\"inLanguage\":\"ee\"}]}<\/script>\n<!-- \/ Yoast SEO plugin. -->","yoast_head_json":{"title":"Kokkuklapitav kirjutuslaud SMART 24N3LV03 tamm grand natural - Welle","robots":{"index":"index","follow":"follow","max-snippet":"max-snippet:-1","max-image-preview":"max-image-preview:large","max-video-preview":"max-video-preview:-1"},"canonical":"https:\/\/welle.ee\/ee\/kokkuklapitav-kirjutuslaud-smart-24n3lv03-tamm-grand-natural\/","og_locale":"en_US","og_type":"article","og_title":"Kokkuklapitav kirjutuslaud SMART 24N3LV03 tamm grand natural - Welle","og_description":"Valmistatud k\u00f5rgkvaliteetsest lamineeritud m\u00f6\u00f6bliplaadist\u00a0 Viimistlus:\u00a0tamm grand natural\u00a0 Tarnitakse detailidena Tarneaeg 3-6 n\u00e4dalat","og_url":"https:\/\/welle.ee\/ee\/kokkuklapitav-kirjutuslaud-smart-24n3lv03-tamm-grand-natural\/","og_site_name":"Welle","article_modified_time":"2025-10-06T08:33:06+00:00","og_image":[{"width":1200,"height":800,"url":"https:\/\/welle.ee\/wp-content\/uploads\/2025\/08\/smart_24n3lv03_2a.jpg","type":"image\/jpeg"}],"twitter_card":"summary_large_image","schema":{"@context":"https:\/\/schema.org","@graph":[{"@type":"WebPage","@id":"https:\/\/welle.ee\/ee\/kokkuklapitav-kirjutuslaud-smart-24n3lv03-tamm-grand-natural\/","url":"https:\/\/welle.ee\/ee\/kokkuklapitav-kirjutuslaud-smart-24n3lv03-tamm-grand-natural\/","name":"Kokkuklapitav kirjutuslaud SMART 24N3LV03 tamm grand natural - Welle","isPartOf":{"@id":"https:\/\/welle.ee\/ee\/#website"},"primaryImageOfPage":{"@id":"https:\/\/welle.ee\/ee\/kokkuklapitav-kirjutuslaud-smart-24n3lv03-tamm-grand-natural\/#primaryimage"},"image":{"@id":"https:\/\/welle.ee\/ee\/kokkuklapitav-kirjutuslaud-smart-24n3lv03-tamm-grand-natural\/#primaryimage"},"thumbnailUrl":"https:\/\/welle.ee\/wp-content\/uploads\/2025\/08\/smart_24n3lv03_2a.jpg","datePublished":"2025-08-21T12:56:47+00:00","dateModified":"2025-10-06T08:33:06+00:00","breadcrumb":{"@id":"https:\/\/welle.ee\/ee\/kokkuklapitav-kirjutuslaud-smart-24n3lv03-tamm-grand-natural\/#breadcrumb"},"inLanguage":"ee","potentialAction":[{"@type":"ReadAction","target":["https:\/\/welle.ee\/ee\/kokkuklapitav-kirjutuslaud-smart-24n3lv03-tamm-grand-natural\/"]}]},{"@type":"ImageObject","inLanguage":"ee","@id":"https:\/\/welle.ee\/ee\/kokkuklapitav-kirjutuslaud-smart-24n3lv03-tamm-grand-natural\/#primaryimage","url":"https:\/\/welle.ee\/wp-content\/uploads\/2025\/08\/smart_24n3lv03_2a.jpg","contentUrl":"https:\/\/welle.ee\/wp-content\/uploads\/2025\/08\/smart_24n3lv03_2a.jpg","width":1200,"height":800},{"@type":"BreadcrumbList","@id":"https:\/\/welle.ee\/ee\/kokkuklapitav-kirjutuslaud-smart-24n3lv03-tamm-grand-natural\/#breadcrumb","itemListElement":[{"@type":"ListItem","position":1,"name":"\u0413\u043b\u0430\u0432\u043d\u0430\u044f \u0441\u0442\u0440\u0430\u043d\u0438\u0446\u0430","item":"https:\/\/welle.ee\/ee\/"},{"@type":"ListItem","position":2,"name":"Tooted","item":"https:\/\/welle.ee\/ee\/tooted\/"},{"@type":"ListItem","position":3,"name":"Kokkuklapitav kirjutuslaud SMART 24N3LV03 tamm grand natural"}]},{"@type":"WebSite","@id":"https:\/\/welle.ee\/ee\/#website","url":"https:\/\/welle.ee\/ee\/","name":"Welle","description":"","potentialAction":[{"@type":"SearchAction","target":{"@type":"EntryPoint","urlTemplate":"https:\/\/welle.ee\/ee\/?s={search_term_string}"},"query-input":{"@type":"PropertyValueSpecification","valueRequired":true,"valueName":"search_term_string"}}],"inLanguage":"ee"}]}},"_links":{"self":[{"href":"https:\/\/welle.ee\/ee\/wp-json\/wp\/v2\/product\/435500","targetHints":{"allow":["GET"]}}],"collection":[{"href":"https:\/\/welle.ee\/ee\/wp-json\/wp\/v2\/product"}],"about":[{"href":"https:\/\/welle.ee\/ee\/wp-json\/wp\/v2\/types\/product"}],"version-history":[{"count":1,"href":"https:\/\/welle.ee\/ee\/wp-json\/wp\/v2\/product\/435500\/revisions"}],"predecessor-version":[{"id":483317,"href":"https:\/\/welle.ee\/ee\/wp-json\/wp\/v2\/product\/435500\/revisions\/483317"}],"wp:featuredmedia":[{"embeddable":true,"href":"https:\/\/welle.ee\/ee\/wp-json\/wp\/v2\/media\/435501"}],"wp:attachment":[{"href":"https:\/\/welle.ee\/ee\/wp-json\/wp\/v2\/media?parent=435500"}],"wp:term":[{"taxonomy":"product_brand","embeddable":true,"href":"https:\/\/welle.ee\/ee\/wp-json\/wp\/v2\/product_brand?post=435500"},{"taxonomy":"product_cat","embeddable":true,"href":"https:\/\/welle.ee\/ee\/wp-json\/wp\/v2\/product_cat?post=435500"},{"taxonomy":"product_tag","embeddable":true,"href":"https:\/\/welle.ee\/ee\/wp-json\/wp\/v2\/product_tag?post=435500"}],"curies":[{"name":"wp","href":"https:\/\/api.w.org\/{rel}","templated":true}]}}