{"id":438288,"date":"2025-10-06T09:20:48","date_gmt":"2025-10-06T09:20:48","guid":{"rendered":"https:\/\/wellefurniture.eu\/sahtlitega-voodi-locarno-180x200-cm-loz-180\/"},"modified":"2025-10-06T09:20:48","modified_gmt":"2025-10-06T09:20:48","slug":"sahtlitega-voodi-locarno-180x200-cm-loz-180","status":"publish","type":"product","link":"https:\/\/welle.ee\/ee\/sahtlitega-voodi-locarno-180x200-cm-loz-180\/","title":{"rendered":"Sahtlitega voodi LOCARNO 180&#215;200 cm LOZ\/180"},"content":{"rendered":"<ul>\n<li>Voodi madratsile 180&#215;200 on valmistatud lamineeritud m\u00f6\u00f6bliplaadist<\/li>\n<li>2 sahtlit<\/li>\n<li>Madrats ja voodip\u00f5hi ei kuulu komplekti<\/li>\n<li>Viimistlus: grafiit\/tamm artisan<\/li>\n<li>Tarnitakse detailidena<\/li>\n<li><span>Tarneaeg 4-6 n\u00e4dalat<\/span><\/li>\n<\/ul>\n","protected":false},"excerpt":{"rendered":"<p>Voodi madratsile 180&#215;200 on valmistatud lamineeritud m\u00f6\u00f6bliplaadist 2 sahtlit Madrats ja voodip\u00f5hi ei kuulu komplekti Viimistlus: grafiit\/tamm artisan Tarnitakse detailidena<\/p>\n","protected":false},"featured_media":438289,"template":"","meta":[],"product_brand":[],"product_cat":[2353,3592,2429,2346,3962,2348],"product_tag":[],"class_list":{"0":"post-438288","1":"product","2":"type-product","3":"status-publish","4":"has-post-thumbnail","6":"product_cat-shop","7":"product_cat-leiunurk","8":"product_cat-pesukastiga-sahtlitega-voodid","9":"product_cat-bad","10":"product_cat-voodid-ja-madratsid","11":"product_cat-beds","12":"pa_bed_size-bed-size-180x200","13":"pa_color-artisan","14":"pa_height-59-90","15":"pa_height_range-h-50-100","16":"pa_length-3624","17":"pa_length_range-l-200","18":"pa_manufacturer-brw","19":"pa_material-moobliplaat","20":"pa_width-4543","21":"pa_width_range-w-151-200","23":"first","24":"instock","25":"taxable","26":"shipping-taxable","27":"purchasable","28":"product-type-simple"},"yoast_head":"<!-- This site is optimized with the Yoast SEO plugin v26.2 - https:\/\/yoast.com\/wordpress\/plugins\/seo\/ -->\n<title>Sahtlitega voodi LOCARNO 180x200 cm LOZ\/180 - Welle<\/title>\n<meta name=\"robots\" content=\"index, follow, max-snippet:-1, max-image-preview:large, max-video-preview:-1\" \/>\n<link rel=\"canonical\" href=\"https:\/\/welle.ee\/ee\/sahtlitega-voodi-locarno-180x200-cm-loz-180\/\" \/>\n<meta property=\"og:locale\" content=\"en_US\" \/>\n<meta property=\"og:type\" content=\"article\" \/>\n<meta property=\"og:title\" content=\"Sahtlitega voodi LOCARNO 180x200 cm LOZ\/180 - Welle\" \/>\n<meta property=\"og:description\" content=\"Voodi madratsile 180&#215;200 on valmistatud lamineeritud m\u00f6\u00f6bliplaadist 2 sahtlit Madrats ja voodip\u00f5hi ei kuulu komplekti Viimistlus: grafiit\/tamm artisan Tarnitakse detailidena\" \/>\n<meta property=\"og:url\" content=\"https:\/\/welle.ee\/ee\/sahtlitega-voodi-locarno-180x200-cm-loz-180\/\" \/>\n<meta property=\"og:site_name\" content=\"Welle\" \/>\n<meta property=\"og:image\" content=\"https:\/\/welle.ee\/wp-content\/uploads\/2025\/08\/lozko-180-locarno-kolor-wybarwienia-grafit-dab-artisan-xlargea_2_.jpg\" \/>\n\t<meta property=\"og:image:width\" content=\"1438\" \/>\n\t<meta property=\"og:image:height\" content=\"1080\" \/>\n\t<meta property=\"og:image:type\" content=\"image\/jpeg\" \/>\n<meta name=\"twitter:card\" content=\"summary_large_image\" \/>\n<script type=\"application\/ld+json\" class=\"yoast-schema-graph\">{\"@context\":\"https:\/\/schema.org\",\"@graph\":[{\"@type\":\"WebPage\",\"@id\":\"https:\/\/welle.ee\/ee\/sahtlitega-voodi-locarno-180x200-cm-loz-180\/\",\"url\":\"https:\/\/welle.ee\/ee\/sahtlitega-voodi-locarno-180x200-cm-loz-180\/\",\"name\":\"Sahtlitega voodi LOCARNO 180x200 cm LOZ\/180 - Welle\",\"isPartOf\":{\"@id\":\"https:\/\/welle.ee\/ee\/#website\"},\"primaryImageOfPage\":{\"@id\":\"https:\/\/welle.ee\/ee\/sahtlitega-voodi-locarno-180x200-cm-loz-180\/#primaryimage\"},\"image\":{\"@id\":\"https:\/\/welle.ee\/ee\/sahtlitega-voodi-locarno-180x200-cm-loz-180\/#primaryimage\"},\"thumbnailUrl\":\"https:\/\/welle.ee\/wp-content\/uploads\/2025\/08\/lozko-180-locarno-kolor-wybarwienia-grafit-dab-artisan-xlargea_2_.jpg\",\"datePublished\":\"2025-10-06T09:20:48+00:00\",\"breadcrumb\":{\"@id\":\"https:\/\/welle.ee\/ee\/sahtlitega-voodi-locarno-180x200-cm-loz-180\/#breadcrumb\"},\"inLanguage\":\"ee\",\"potentialAction\":[{\"@type\":\"ReadAction\",\"target\":[\"https:\/\/welle.ee\/ee\/sahtlitega-voodi-locarno-180x200-cm-loz-180\/\"]}]},{\"@type\":\"ImageObject\",\"inLanguage\":\"ee\",\"@id\":\"https:\/\/welle.ee\/ee\/sahtlitega-voodi-locarno-180x200-cm-loz-180\/#primaryimage\",\"url\":\"https:\/\/welle.ee\/wp-content\/uploads\/2025\/08\/lozko-180-locarno-kolor-wybarwienia-grafit-dab-artisan-xlargea_2_.jpg\",\"contentUrl\":\"https:\/\/welle.ee\/wp-content\/uploads\/2025\/08\/lozko-180-locarno-kolor-wybarwienia-grafit-dab-artisan-xlargea_2_.jpg\",\"width\":1438,\"height\":1080},{\"@type\":\"BreadcrumbList\",\"@id\":\"https:\/\/welle.ee\/ee\/sahtlitega-voodi-locarno-180x200-cm-loz-180\/#breadcrumb\",\"itemListElement\":[{\"@type\":\"ListItem\",\"position\":1,\"name\":\"\u0413\u043b\u0430\u0432\u043d\u0430\u044f \u0441\u0442\u0440\u0430\u043d\u0438\u0446\u0430\",\"item\":\"https:\/\/welle.ee\/ee\/\"},{\"@type\":\"ListItem\",\"position\":2,\"name\":\"Tooted\",\"item\":\"https:\/\/welle.ee\/ee\/tooted\/\"},{\"@type\":\"ListItem\",\"position\":3,\"name\":\"Sahtlitega voodi LOCARNO 180&#215;200 cm LOZ\/180\"}]},{\"@type\":\"WebSite\",\"@id\":\"https:\/\/welle.ee\/ee\/#website\",\"url\":\"https:\/\/welle.ee\/ee\/\",\"name\":\"Welle\",\"description\":\"\",\"potentialAction\":[{\"@type\":\"SearchAction\",\"target\":{\"@type\":\"EntryPoint\",\"urlTemplate\":\"https:\/\/welle.ee\/ee\/?s={search_term_string}\"},\"query-input\":{\"@type\":\"PropertyValueSpecification\",\"valueRequired\":true,\"valueName\":\"search_term_string\"}}],\"inLanguage\":\"ee\"}]}<\/script>\n<!-- \/ Yoast SEO plugin. -->","yoast_head_json":{"title":"Sahtlitega voodi LOCARNO 180x200 cm LOZ\/180 - Welle","robots":{"index":"index","follow":"follow","max-snippet":"max-snippet:-1","max-image-preview":"max-image-preview:large","max-video-preview":"max-video-preview:-1"},"canonical":"https:\/\/welle.ee\/ee\/sahtlitega-voodi-locarno-180x200-cm-loz-180\/","og_locale":"en_US","og_type":"article","og_title":"Sahtlitega voodi LOCARNO 180x200 cm LOZ\/180 - Welle","og_description":"Voodi madratsile 180&#215;200 on valmistatud lamineeritud m\u00f6\u00f6bliplaadist 2 sahtlit Madrats ja voodip\u00f5hi ei kuulu komplekti Viimistlus: grafiit\/tamm artisan Tarnitakse detailidena","og_url":"https:\/\/welle.ee\/ee\/sahtlitega-voodi-locarno-180x200-cm-loz-180\/","og_site_name":"Welle","og_image":[{"width":1438,"height":1080,"url":"https:\/\/welle.ee\/wp-content\/uploads\/2025\/08\/lozko-180-locarno-kolor-wybarwienia-grafit-dab-artisan-xlargea_2_.jpg","type":"image\/jpeg"}],"twitter_card":"summary_large_image","schema":{"@context":"https:\/\/schema.org","@graph":[{"@type":"WebPage","@id":"https:\/\/welle.ee\/ee\/sahtlitega-voodi-locarno-180x200-cm-loz-180\/","url":"https:\/\/welle.ee\/ee\/sahtlitega-voodi-locarno-180x200-cm-loz-180\/","name":"Sahtlitega voodi LOCARNO 180x200 cm LOZ\/180 - Welle","isPartOf":{"@id":"https:\/\/welle.ee\/ee\/#website"},"primaryImageOfPage":{"@id":"https:\/\/welle.ee\/ee\/sahtlitega-voodi-locarno-180x200-cm-loz-180\/#primaryimage"},"image":{"@id":"https:\/\/welle.ee\/ee\/sahtlitega-voodi-locarno-180x200-cm-loz-180\/#primaryimage"},"thumbnailUrl":"https:\/\/welle.ee\/wp-content\/uploads\/2025\/08\/lozko-180-locarno-kolor-wybarwienia-grafit-dab-artisan-xlargea_2_.jpg","datePublished":"2025-10-06T09:20:48+00:00","breadcrumb":{"@id":"https:\/\/welle.ee\/ee\/sahtlitega-voodi-locarno-180x200-cm-loz-180\/#breadcrumb"},"inLanguage":"ee","potentialAction":[{"@type":"ReadAction","target":["https:\/\/welle.ee\/ee\/sahtlitega-voodi-locarno-180x200-cm-loz-180\/"]}]},{"@type":"ImageObject","inLanguage":"ee","@id":"https:\/\/welle.ee\/ee\/sahtlitega-voodi-locarno-180x200-cm-loz-180\/#primaryimage","url":"https:\/\/welle.ee\/wp-content\/uploads\/2025\/08\/lozko-180-locarno-kolor-wybarwienia-grafit-dab-artisan-xlargea_2_.jpg","contentUrl":"https:\/\/welle.ee\/wp-content\/uploads\/2025\/08\/lozko-180-locarno-kolor-wybarwienia-grafit-dab-artisan-xlargea_2_.jpg","width":1438,"height":1080},{"@type":"BreadcrumbList","@id":"https:\/\/welle.ee\/ee\/sahtlitega-voodi-locarno-180x200-cm-loz-180\/#breadcrumb","itemListElement":[{"@type":"ListItem","position":1,"name":"\u0413\u043b\u0430\u0432\u043d\u0430\u044f \u0441\u0442\u0440\u0430\u043d\u0438\u0446\u0430","item":"https:\/\/welle.ee\/ee\/"},{"@type":"ListItem","position":2,"name":"Tooted","item":"https:\/\/welle.ee\/ee\/tooted\/"},{"@type":"ListItem","position":3,"name":"Sahtlitega voodi LOCARNO 180&#215;200 cm LOZ\/180"}]},{"@type":"WebSite","@id":"https:\/\/welle.ee\/ee\/#website","url":"https:\/\/welle.ee\/ee\/","name":"Welle","description":"","potentialAction":[{"@type":"SearchAction","target":{"@type":"EntryPoint","urlTemplate":"https:\/\/welle.ee\/ee\/?s={search_term_string}"},"query-input":{"@type":"PropertyValueSpecification","valueRequired":true,"valueName":"search_term_string"}}],"inLanguage":"ee"}]}},"_links":{"self":[{"href":"https:\/\/welle.ee\/ee\/wp-json\/wp\/v2\/product\/438288","targetHints":{"allow":["GET"]}}],"collection":[{"href":"https:\/\/welle.ee\/ee\/wp-json\/wp\/v2\/product"}],"about":[{"href":"https:\/\/welle.ee\/ee\/wp-json\/wp\/v2\/types\/product"}],"version-history":[{"count":1,"href":"https:\/\/welle.ee\/ee\/wp-json\/wp\/v2\/product\/438288\/revisions"}],"predecessor-version":[{"id":483456,"href":"https:\/\/welle.ee\/ee\/wp-json\/wp\/v2\/product\/438288\/revisions\/483456"}],"wp:featuredmedia":[{"embeddable":true,"href":"https:\/\/welle.ee\/ee\/wp-json\/wp\/v2\/media\/438289"}],"wp:attachment":[{"href":"https:\/\/welle.ee\/ee\/wp-json\/wp\/v2\/media?parent=438288"}],"wp:term":[{"taxonomy":"product_brand","embeddable":true,"href":"https:\/\/welle.ee\/ee\/wp-json\/wp\/v2\/product_brand?post=438288"},{"taxonomy":"product_cat","embeddable":true,"href":"https:\/\/welle.ee\/ee\/wp-json\/wp\/v2\/product_cat?post=438288"},{"taxonomy":"product_tag","embeddable":true,"href":"https:\/\/welle.ee\/ee\/wp-json\/wp\/v2\/product_tag?post=438288"}],"curies":[{"name":"wp","href":"https:\/\/api.w.org\/{rel}","templated":true}]}}