{"id":442917,"date":"2025-08-21T13:05:50","date_gmt":"2025-08-21T13:05:50","guid":{"rendered":"https:\/\/wellefurniture.eu\/tugitoolvoodi-spike-velvet-hall-t139\/"},"modified":"2025-12-01T18:10:18","modified_gmt":"2025-12-01T18:10:18","slug":"tugitoolvoodi-spike-velvet-hall-t139","status":"publish","type":"product","link":"https:\/\/welle.ee\/ee\/tugitoolvoodi-spike-velvet-hall-t139\/","title":{"rendered":"Tugitoolvoodi SPIKE velvet hall T139"},"content":{"rendered":"<ul>\n<li>Tugitool on kaetud sametise kangaga\u00a0<\/li>\n<li>V\u00e4rvus &#8211;\u00a0hall T139<\/li>\n<li>Magamiskoht: 105&#215;190 cm<\/li>\n<li>Jalad on p\u00f6\u00f6gipuidust<\/li>\n<li>Istme k\u00f5rgus 39 cm<\/li>\n<\/ul>\n","protected":false},"excerpt":{"rendered":"<p>Tugitool on kaetud sametise kangaga\u00a0 V\u00e4rvus &#8211;\u00a0hall T139 Magamiskoht: 105&#215;190 cm Jalad on p\u00f6\u00f6gipuidust Istme k\u00f5rgus 39 cm<\/p>\n","protected":false},"featured_media":442918,"template":"","meta":[],"product_brand":[],"product_cat":[2411,2353,3592,6863,2409,2416],"product_tag":[],"class_list":{"0":"post-442917","1":"product","2":"type-product","3":"status-publish","4":"has-post-thumbnail","6":"product_cat-sofabed","7":"product_cat-shop","8":"product_cat-leiunurk","9":"product_cat-pehme-moobel","10":"product_cat-soft","11":"product_cat-armchiar","12":"pa_color-grey","13":"pa_height-2779","14":"pa_height_range-h-50-100","15":"pa_length-3013","16":"pa_length_range-l-101-150","17":"pa_manufacturer-signal","18":"pa_material-samet","19":"pa_width-2546","20":"pa_width_range-w-50-100","22":"first","23":"instock","24":"sale","25":"taxable","26":"shipping-taxable","27":"purchasable","28":"product-type-simple"},"yoast_head":"<!-- This site is optimized with the Yoast SEO plugin v26.2 - https:\/\/yoast.com\/wordpress\/plugins\/seo\/ -->\n<title>Tugitoolvoodi SPIKE velvet hall T139 - Welle<\/title>\n<meta name=\"robots\" content=\"index, follow, max-snippet:-1, max-image-preview:large, max-video-preview:-1\" \/>\n<link rel=\"canonical\" href=\"https:\/\/welle.ee\/ee\/tugitoolvoodi-spike-velvet-hall-t139\/\" \/>\n<meta property=\"og:locale\" content=\"en_US\" \/>\n<meta property=\"og:type\" content=\"article\" \/>\n<meta property=\"og:title\" content=\"Tugitoolvoodi SPIKE velvet hall T139 - Welle\" \/>\n<meta property=\"og:description\" content=\"Tugitool on kaetud sametise kangaga\u00a0 V\u00e4rvus &#8211;\u00a0hall T139 Magamiskoht: 105&#215;190 cm Jalad on p\u00f6\u00f6gipuidust Istme k\u00f5rgus 39 cm\" \/>\n<meta property=\"og:url\" content=\"https:\/\/welle.ee\/ee\/tugitoolvoodi-spike-velvet-hall-t139\/\" \/>\n<meta property=\"og:site_name\" content=\"Welle\" \/>\n<meta property=\"article:modified_time\" content=\"2025-12-01T18:10:18+00:00\" \/>\n<meta property=\"og:image\" content=\"https:\/\/welle.ee\/wp-content\/uploads\/2025\/08\/screenshot_2023-12-13_082654.jpg\" \/>\n\t<meta property=\"og:image:width\" content=\"725\" \/>\n\t<meta property=\"og:image:height\" content=\"430\" \/>\n\t<meta property=\"og:image:type\" content=\"image\/jpeg\" \/>\n<meta name=\"twitter:card\" content=\"summary_large_image\" \/>\n<script type=\"application\/ld+json\" class=\"yoast-schema-graph\">{\"@context\":\"https:\/\/schema.org\",\"@graph\":[{\"@type\":\"WebPage\",\"@id\":\"https:\/\/welle.ee\/ee\/tugitoolvoodi-spike-velvet-hall-t139\/\",\"url\":\"https:\/\/welle.ee\/ee\/tugitoolvoodi-spike-velvet-hall-t139\/\",\"name\":\"Tugitoolvoodi SPIKE velvet hall T139 - Welle\",\"isPartOf\":{\"@id\":\"https:\/\/welle.ee\/ee\/#website\"},\"primaryImageOfPage\":{\"@id\":\"https:\/\/welle.ee\/ee\/tugitoolvoodi-spike-velvet-hall-t139\/#primaryimage\"},\"image\":{\"@id\":\"https:\/\/welle.ee\/ee\/tugitoolvoodi-spike-velvet-hall-t139\/#primaryimage\"},\"thumbnailUrl\":\"https:\/\/welle.ee\/wp-content\/uploads\/2025\/08\/screenshot_2023-12-13_082654.jpg\",\"datePublished\":\"2025-08-21T13:05:50+00:00\",\"dateModified\":\"2025-12-01T18:10:18+00:00\",\"breadcrumb\":{\"@id\":\"https:\/\/welle.ee\/ee\/tugitoolvoodi-spike-velvet-hall-t139\/#breadcrumb\"},\"inLanguage\":\"ee\",\"potentialAction\":[{\"@type\":\"ReadAction\",\"target\":[\"https:\/\/welle.ee\/ee\/tugitoolvoodi-spike-velvet-hall-t139\/\"]}]},{\"@type\":\"ImageObject\",\"inLanguage\":\"ee\",\"@id\":\"https:\/\/welle.ee\/ee\/tugitoolvoodi-spike-velvet-hall-t139\/#primaryimage\",\"url\":\"https:\/\/welle.ee\/wp-content\/uploads\/2025\/08\/screenshot_2023-12-13_082654.jpg\",\"contentUrl\":\"https:\/\/welle.ee\/wp-content\/uploads\/2025\/08\/screenshot_2023-12-13_082654.jpg\",\"width\":725,\"height\":430},{\"@type\":\"BreadcrumbList\",\"@id\":\"https:\/\/welle.ee\/ee\/tugitoolvoodi-spike-velvet-hall-t139\/#breadcrumb\",\"itemListElement\":[{\"@type\":\"ListItem\",\"position\":1,\"name\":\"\u0413\u043b\u0430\u0432\u043d\u0430\u044f \u0441\u0442\u0440\u0430\u043d\u0438\u0446\u0430\",\"item\":\"https:\/\/welle.ee\/ee\/\"},{\"@type\":\"ListItem\",\"position\":2,\"name\":\"Tooted\",\"item\":\"https:\/\/welle.ee\/ee\/tooted\/\"},{\"@type\":\"ListItem\",\"position\":3,\"name\":\"Tugitoolvoodi SPIKE velvet hall T139\"}]},{\"@type\":\"WebSite\",\"@id\":\"https:\/\/welle.ee\/ee\/#website\",\"url\":\"https:\/\/welle.ee\/ee\/\",\"name\":\"Welle\",\"description\":\"\",\"potentialAction\":[{\"@type\":\"SearchAction\",\"target\":{\"@type\":\"EntryPoint\",\"urlTemplate\":\"https:\/\/welle.ee\/ee\/?s={search_term_string}\"},\"query-input\":{\"@type\":\"PropertyValueSpecification\",\"valueRequired\":true,\"valueName\":\"search_term_string\"}}],\"inLanguage\":\"ee\"}]}<\/script>\n<!-- \/ Yoast SEO plugin. -->","yoast_head_json":{"title":"Tugitoolvoodi SPIKE velvet hall T139 - Welle","robots":{"index":"index","follow":"follow","max-snippet":"max-snippet:-1","max-image-preview":"max-image-preview:large","max-video-preview":"max-video-preview:-1"},"canonical":"https:\/\/welle.ee\/ee\/tugitoolvoodi-spike-velvet-hall-t139\/","og_locale":"en_US","og_type":"article","og_title":"Tugitoolvoodi SPIKE velvet hall T139 - Welle","og_description":"Tugitool on kaetud sametise kangaga\u00a0 V\u00e4rvus &#8211;\u00a0hall T139 Magamiskoht: 105&#215;190 cm Jalad on p\u00f6\u00f6gipuidust Istme k\u00f5rgus 39 cm","og_url":"https:\/\/welle.ee\/ee\/tugitoolvoodi-spike-velvet-hall-t139\/","og_site_name":"Welle","article_modified_time":"2025-12-01T18:10:18+00:00","og_image":[{"width":725,"height":430,"url":"https:\/\/welle.ee\/wp-content\/uploads\/2025\/08\/screenshot_2023-12-13_082654.jpg","type":"image\/jpeg"}],"twitter_card":"summary_large_image","schema":{"@context":"https:\/\/schema.org","@graph":[{"@type":"WebPage","@id":"https:\/\/welle.ee\/ee\/tugitoolvoodi-spike-velvet-hall-t139\/","url":"https:\/\/welle.ee\/ee\/tugitoolvoodi-spike-velvet-hall-t139\/","name":"Tugitoolvoodi SPIKE velvet hall T139 - Welle","isPartOf":{"@id":"https:\/\/welle.ee\/ee\/#website"},"primaryImageOfPage":{"@id":"https:\/\/welle.ee\/ee\/tugitoolvoodi-spike-velvet-hall-t139\/#primaryimage"},"image":{"@id":"https:\/\/welle.ee\/ee\/tugitoolvoodi-spike-velvet-hall-t139\/#primaryimage"},"thumbnailUrl":"https:\/\/welle.ee\/wp-content\/uploads\/2025\/08\/screenshot_2023-12-13_082654.jpg","datePublished":"2025-08-21T13:05:50+00:00","dateModified":"2025-12-01T18:10:18+00:00","breadcrumb":{"@id":"https:\/\/welle.ee\/ee\/tugitoolvoodi-spike-velvet-hall-t139\/#breadcrumb"},"inLanguage":"ee","potentialAction":[{"@type":"ReadAction","target":["https:\/\/welle.ee\/ee\/tugitoolvoodi-spike-velvet-hall-t139\/"]}]},{"@type":"ImageObject","inLanguage":"ee","@id":"https:\/\/welle.ee\/ee\/tugitoolvoodi-spike-velvet-hall-t139\/#primaryimage","url":"https:\/\/welle.ee\/wp-content\/uploads\/2025\/08\/screenshot_2023-12-13_082654.jpg","contentUrl":"https:\/\/welle.ee\/wp-content\/uploads\/2025\/08\/screenshot_2023-12-13_082654.jpg","width":725,"height":430},{"@type":"BreadcrumbList","@id":"https:\/\/welle.ee\/ee\/tugitoolvoodi-spike-velvet-hall-t139\/#breadcrumb","itemListElement":[{"@type":"ListItem","position":1,"name":"\u0413\u043b\u0430\u0432\u043d\u0430\u044f \u0441\u0442\u0440\u0430\u043d\u0438\u0446\u0430","item":"https:\/\/welle.ee\/ee\/"},{"@type":"ListItem","position":2,"name":"Tooted","item":"https:\/\/welle.ee\/ee\/tooted\/"},{"@type":"ListItem","position":3,"name":"Tugitoolvoodi SPIKE velvet hall T139"}]},{"@type":"WebSite","@id":"https:\/\/welle.ee\/ee\/#website","url":"https:\/\/welle.ee\/ee\/","name":"Welle","description":"","potentialAction":[{"@type":"SearchAction","target":{"@type":"EntryPoint","urlTemplate":"https:\/\/welle.ee\/ee\/?s={search_term_string}"},"query-input":{"@type":"PropertyValueSpecification","valueRequired":true,"valueName":"search_term_string"}}],"inLanguage":"ee"}]}},"_links":{"self":[{"href":"https:\/\/welle.ee\/ee\/wp-json\/wp\/v2\/product\/442917","targetHints":{"allow":["GET"]}}],"collection":[{"href":"https:\/\/welle.ee\/ee\/wp-json\/wp\/v2\/product"}],"about":[{"href":"https:\/\/welle.ee\/ee\/wp-json\/wp\/v2\/types\/product"}],"version-history":[{"count":1,"href":"https:\/\/welle.ee\/ee\/wp-json\/wp\/v2\/product\/442917\/revisions"}],"predecessor-version":[{"id":483783,"href":"https:\/\/welle.ee\/ee\/wp-json\/wp\/v2\/product\/442917\/revisions\/483783"}],"wp:featuredmedia":[{"embeddable":true,"href":"https:\/\/welle.ee\/ee\/wp-json\/wp\/v2\/media\/442918"}],"wp:attachment":[{"href":"https:\/\/welle.ee\/ee\/wp-json\/wp\/v2\/media?parent=442917"}],"wp:term":[{"taxonomy":"product_brand","embeddable":true,"href":"https:\/\/welle.ee\/ee\/wp-json\/wp\/v2\/product_brand?post=442917"},{"taxonomy":"product_cat","embeddable":true,"href":"https:\/\/welle.ee\/ee\/wp-json\/wp\/v2\/product_cat?post=442917"},{"taxonomy":"product_tag","embeddable":true,"href":"https:\/\/welle.ee\/ee\/wp-json\/wp\/v2\/product_tag?post=442917"}],"curies":[{"name":"wp","href":"https:\/\/api.w.org\/{rel}","templated":true}]}}