{"id":443362,"date":"2025-08-21T13:06:24","date_gmt":"2025-08-21T13:06:24","guid":{"rendered":"https:\/\/wellefurniture.eu\/diivan-karo-2-karri-bluvel-68-pook-140cm\/"},"modified":"2026-02-07T23:00:35","modified_gmt":"2026-02-07T23:00:35","slug":"diivan-karo-2-karri-bluvel-68-pook-140cm","status":"publish","type":"product","link":"https:\/\/welle.ee\/ee\/diivan-karo-2-karri-bluvel-68-pook-140cm\/","title":{"rendered":"Diivan KARO 2 karri Bluvel 68\/p\u00f6\u00f6k 140cm"},"content":{"rendered":"<ul>\n<li>Diivan on kaetud sametise kangaga<\/li>\n<li>Viimistlus:\u00a0karri Bluvel 68<\/li>\n<li>Jalad on p\u00f6\u00f6gipuidust<\/li>\n<li>Istme k\u00f5rgus 42 cm<\/li>\n<li>Tarnitakse detailidena<\/li>\n<\/ul>\n","protected":false},"excerpt":{"rendered":"<p>Diivan on kaetud sametise kangaga Viimistlus:\u00a0karri Bluvel 68 Jalad on p\u00f6\u00f6gipuidust Istme k\u00f5rgus 42 cm Tarnitakse detailidena<\/p>\n","protected":false},"featured_media":443363,"template":"","meta":[],"product_brand":[],"product_cat":[2410,2353,3592,6863,2409],"product_tag":[],"class_list":{"0":"post-443362","1":"product","2":"type-product","3":"status-publish","4":"has-post-thumbnail","6":"product_cat-sofa","7":"product_cat-shop","8":"product_cat-leiunurk","9":"product_cat-pehme-moobel","10":"product_cat-soft","11":"pa_color-yellow","12":"pa_height-2557","13":"pa_height_range-h-50-100","14":"pa_length-2941","15":"pa_length_range-l-101-150","16":"pa_manufacturer-signal","17":"pa_material-samet","18":"pa_width-2649","19":"pa_width_range-w-50-100","21":"first","22":"instock","23":"sale","24":"taxable","25":"shipping-taxable","26":"purchasable","27":"product-type-simple"},"yoast_head":"<!-- This site is optimized with the Yoast SEO plugin v26.2 - https:\/\/yoast.com\/wordpress\/plugins\/seo\/ -->\n<title>Diivan KARO 2 karri Bluvel 68\/p\u00f6\u00f6k 140cm - Welle<\/title>\n<meta name=\"robots\" content=\"index, follow, max-snippet:-1, max-image-preview:large, max-video-preview:-1\" \/>\n<link rel=\"canonical\" href=\"https:\/\/welle.ee\/ee\/diivan-karo-2-karri-bluvel-68-pook-140cm\/\" \/>\n<meta property=\"og:locale\" content=\"en_US\" \/>\n<meta property=\"og:type\" content=\"article\" \/>\n<meta property=\"og:title\" content=\"Diivan KARO 2 karri Bluvel 68\/p\u00f6\u00f6k 140cm - Welle\" \/>\n<meta property=\"og:description\" content=\"Diivan on kaetud sametise kangaga Viimistlus:\u00a0karri Bluvel 68 Jalad on p\u00f6\u00f6gipuidust Istme k\u00f5rgus 42 cm Tarnitakse detailidena\" \/>\n<meta property=\"og:url\" content=\"https:\/\/welle.ee\/ee\/diivan-karo-2-karri-bluvel-68-pook-140cm\/\" \/>\n<meta property=\"og:site_name\" content=\"Welle\" \/>\n<meta property=\"article:modified_time\" content=\"2026-02-07T23:00:35+00:00\" \/>\n<meta property=\"og:image\" content=\"https:\/\/welle.ee\/wp-content\/uploads\/2025\/08\/screenshot_2023-12-19_081152.jpg\" \/>\n\t<meta property=\"og:image:width\" content=\"1004\" \/>\n\t<meta property=\"og:image:height\" content=\"611\" \/>\n\t<meta property=\"og:image:type\" content=\"image\/jpeg\" \/>\n<meta name=\"twitter:card\" content=\"summary_large_image\" \/>\n<script type=\"application\/ld+json\" class=\"yoast-schema-graph\">{\"@context\":\"https:\/\/schema.org\",\"@graph\":[{\"@type\":\"WebPage\",\"@id\":\"https:\/\/welle.ee\/ee\/diivan-karo-2-karri-bluvel-68-pook-140cm\/\",\"url\":\"https:\/\/welle.ee\/ee\/diivan-karo-2-karri-bluvel-68-pook-140cm\/\",\"name\":\"Diivan KARO 2 karri Bluvel 68\/p\u00f6\u00f6k 140cm - Welle\",\"isPartOf\":{\"@id\":\"https:\/\/welle.ee\/ee\/#website\"},\"primaryImageOfPage\":{\"@id\":\"https:\/\/welle.ee\/ee\/diivan-karo-2-karri-bluvel-68-pook-140cm\/#primaryimage\"},\"image\":{\"@id\":\"https:\/\/welle.ee\/ee\/diivan-karo-2-karri-bluvel-68-pook-140cm\/#primaryimage\"},\"thumbnailUrl\":\"https:\/\/welle.ee\/wp-content\/uploads\/2025\/08\/screenshot_2023-12-19_081152.jpg\",\"datePublished\":\"2025-08-21T13:06:24+00:00\",\"dateModified\":\"2026-02-07T23:00:35+00:00\",\"breadcrumb\":{\"@id\":\"https:\/\/welle.ee\/ee\/diivan-karo-2-karri-bluvel-68-pook-140cm\/#breadcrumb\"},\"inLanguage\":\"ee\",\"potentialAction\":[{\"@type\":\"ReadAction\",\"target\":[\"https:\/\/welle.ee\/ee\/diivan-karo-2-karri-bluvel-68-pook-140cm\/\"]}]},{\"@type\":\"ImageObject\",\"inLanguage\":\"ee\",\"@id\":\"https:\/\/welle.ee\/ee\/diivan-karo-2-karri-bluvel-68-pook-140cm\/#primaryimage\",\"url\":\"https:\/\/welle.ee\/wp-content\/uploads\/2025\/08\/screenshot_2023-12-19_081152.jpg\",\"contentUrl\":\"https:\/\/welle.ee\/wp-content\/uploads\/2025\/08\/screenshot_2023-12-19_081152.jpg\",\"width\":1004,\"height\":611},{\"@type\":\"BreadcrumbList\",\"@id\":\"https:\/\/welle.ee\/ee\/diivan-karo-2-karri-bluvel-68-pook-140cm\/#breadcrumb\",\"itemListElement\":[{\"@type\":\"ListItem\",\"position\":1,\"name\":\"\u0413\u043b\u0430\u0432\u043d\u0430\u044f \u0441\u0442\u0440\u0430\u043d\u0438\u0446\u0430\",\"item\":\"https:\/\/welle.ee\/ee\/\"},{\"@type\":\"ListItem\",\"position\":2,\"name\":\"Tooted\",\"item\":\"https:\/\/welle.ee\/ee\/tooted\/\"},{\"@type\":\"ListItem\",\"position\":3,\"name\":\"Diivan KARO 2 karri Bluvel 68\/p\u00f6\u00f6k 140cm\"}]},{\"@type\":\"WebSite\",\"@id\":\"https:\/\/welle.ee\/ee\/#website\",\"url\":\"https:\/\/welle.ee\/ee\/\",\"name\":\"Welle\",\"description\":\"\",\"potentialAction\":[{\"@type\":\"SearchAction\",\"target\":{\"@type\":\"EntryPoint\",\"urlTemplate\":\"https:\/\/welle.ee\/ee\/?s={search_term_string}\"},\"query-input\":{\"@type\":\"PropertyValueSpecification\",\"valueRequired\":true,\"valueName\":\"search_term_string\"}}],\"inLanguage\":\"ee\"}]}<\/script>\n<!-- \/ Yoast SEO plugin. -->","yoast_head_json":{"title":"Diivan KARO 2 karri Bluvel 68\/p\u00f6\u00f6k 140cm - Welle","robots":{"index":"index","follow":"follow","max-snippet":"max-snippet:-1","max-image-preview":"max-image-preview:large","max-video-preview":"max-video-preview:-1"},"canonical":"https:\/\/welle.ee\/ee\/diivan-karo-2-karri-bluvel-68-pook-140cm\/","og_locale":"en_US","og_type":"article","og_title":"Diivan KARO 2 karri Bluvel 68\/p\u00f6\u00f6k 140cm - Welle","og_description":"Diivan on kaetud sametise kangaga Viimistlus:\u00a0karri Bluvel 68 Jalad on p\u00f6\u00f6gipuidust Istme k\u00f5rgus 42 cm Tarnitakse detailidena","og_url":"https:\/\/welle.ee\/ee\/diivan-karo-2-karri-bluvel-68-pook-140cm\/","og_site_name":"Welle","article_modified_time":"2026-02-07T23:00:35+00:00","og_image":[{"width":1004,"height":611,"url":"https:\/\/welle.ee\/wp-content\/uploads\/2025\/08\/screenshot_2023-12-19_081152.jpg","type":"image\/jpeg"}],"twitter_card":"summary_large_image","schema":{"@context":"https:\/\/schema.org","@graph":[{"@type":"WebPage","@id":"https:\/\/welle.ee\/ee\/diivan-karo-2-karri-bluvel-68-pook-140cm\/","url":"https:\/\/welle.ee\/ee\/diivan-karo-2-karri-bluvel-68-pook-140cm\/","name":"Diivan KARO 2 karri Bluvel 68\/p\u00f6\u00f6k 140cm - Welle","isPartOf":{"@id":"https:\/\/welle.ee\/ee\/#website"},"primaryImageOfPage":{"@id":"https:\/\/welle.ee\/ee\/diivan-karo-2-karri-bluvel-68-pook-140cm\/#primaryimage"},"image":{"@id":"https:\/\/welle.ee\/ee\/diivan-karo-2-karri-bluvel-68-pook-140cm\/#primaryimage"},"thumbnailUrl":"https:\/\/welle.ee\/wp-content\/uploads\/2025\/08\/screenshot_2023-12-19_081152.jpg","datePublished":"2025-08-21T13:06:24+00:00","dateModified":"2026-02-07T23:00:35+00:00","breadcrumb":{"@id":"https:\/\/welle.ee\/ee\/diivan-karo-2-karri-bluvel-68-pook-140cm\/#breadcrumb"},"inLanguage":"ee","potentialAction":[{"@type":"ReadAction","target":["https:\/\/welle.ee\/ee\/diivan-karo-2-karri-bluvel-68-pook-140cm\/"]}]},{"@type":"ImageObject","inLanguage":"ee","@id":"https:\/\/welle.ee\/ee\/diivan-karo-2-karri-bluvel-68-pook-140cm\/#primaryimage","url":"https:\/\/welle.ee\/wp-content\/uploads\/2025\/08\/screenshot_2023-12-19_081152.jpg","contentUrl":"https:\/\/welle.ee\/wp-content\/uploads\/2025\/08\/screenshot_2023-12-19_081152.jpg","width":1004,"height":611},{"@type":"BreadcrumbList","@id":"https:\/\/welle.ee\/ee\/diivan-karo-2-karri-bluvel-68-pook-140cm\/#breadcrumb","itemListElement":[{"@type":"ListItem","position":1,"name":"\u0413\u043b\u0430\u0432\u043d\u0430\u044f \u0441\u0442\u0440\u0430\u043d\u0438\u0446\u0430","item":"https:\/\/welle.ee\/ee\/"},{"@type":"ListItem","position":2,"name":"Tooted","item":"https:\/\/welle.ee\/ee\/tooted\/"},{"@type":"ListItem","position":3,"name":"Diivan KARO 2 karri Bluvel 68\/p\u00f6\u00f6k 140cm"}]},{"@type":"WebSite","@id":"https:\/\/welle.ee\/ee\/#website","url":"https:\/\/welle.ee\/ee\/","name":"Welle","description":"","potentialAction":[{"@type":"SearchAction","target":{"@type":"EntryPoint","urlTemplate":"https:\/\/welle.ee\/ee\/?s={search_term_string}"},"query-input":{"@type":"PropertyValueSpecification","valueRequired":true,"valueName":"search_term_string"}}],"inLanguage":"ee"}]}},"_links":{"self":[{"href":"https:\/\/welle.ee\/ee\/wp-json\/wp\/v2\/product\/443362","targetHints":{"allow":["GET"]}}],"collection":[{"href":"https:\/\/welle.ee\/ee\/wp-json\/wp\/v2\/product"}],"about":[{"href":"https:\/\/welle.ee\/ee\/wp-json\/wp\/v2\/types\/product"}],"version-history":[{"count":1,"href":"https:\/\/welle.ee\/ee\/wp-json\/wp\/v2\/product\/443362\/revisions"}],"predecessor-version":[{"id":483829,"href":"https:\/\/welle.ee\/ee\/wp-json\/wp\/v2\/product\/443362\/revisions\/483829"}],"wp:featuredmedia":[{"embeddable":true,"href":"https:\/\/welle.ee\/ee\/wp-json\/wp\/v2\/media\/443363"}],"wp:attachment":[{"href":"https:\/\/welle.ee\/ee\/wp-json\/wp\/v2\/media?parent=443362"}],"wp:term":[{"taxonomy":"product_brand","embeddable":true,"href":"https:\/\/welle.ee\/ee\/wp-json\/wp\/v2\/product_brand?post=443362"},{"taxonomy":"product_cat","embeddable":true,"href":"https:\/\/welle.ee\/ee\/wp-json\/wp\/v2\/product_cat?post=443362"},{"taxonomy":"product_tag","embeddable":true,"href":"https:\/\/welle.ee\/ee\/wp-json\/wp\/v2\/product_tag?post=443362"}],"curies":[{"name":"wp","href":"https:\/\/api.w.org\/{rel}","templated":true}]}}