{"id":445237,"date":"2025-08-21T13:09:04","date_gmt":"2025-08-21T13:09:04","guid":{"rendered":"https:\/\/wellefurniture.eu\/kummut-tisaro-2473lj42-valge-korglaige-116-cm\/"},"modified":"2025-10-06T08:36:46","modified_gmt":"2025-10-06T08:36:46","slug":"kummut-tisaro-2473lj42-valge-korglaige-116-cm","status":"publish","type":"product","link":"https:\/\/welle.ee\/ee\/kummut-tisaro-2473lj42-valge-korglaige-116-cm\/","title":{"rendered":"Kummut TISARO 2473LJ42 valge k\u00f5rgl\u00e4ige 116 cm"},"content":{"rendered":"<ul>\n<li>Luksusliku v\u00e4limusega kummut on valmistatud lamineeritud m\u00f6\u00f6bliplaadist<\/li>\n<li>2 klaasiga ust\u00a0<\/li>\n<li>Pealmine plaat on kaetud naturaalse tammespooniga<\/li>\n<li>Jalad on tammepuidust<\/li>\n<li>Esipinnad k\u00f5rgl\u00e4ikega<\/li>\n<li>Sulgub sujuvalt ja vaikselt<\/li>\n<li>K\u00e4epidemed metallist<\/li>\n<li>Viimistlus: valge\/valge k\u00f5rgl\u00e4ige\/<span>tamm \u0161okolaad<\/span><\/li>\n<li>Tarnitakse detailidena<\/li>\n<li>Tarneaeg 4-8 n\u00e4dalat<\/li>\n<\/ul>\n","protected":false},"excerpt":{"rendered":"<p>Luksusliku v\u00e4limusega kummut on valmistatud lamineeritud m\u00f6\u00f6bliplaadist 2 klaasiga ust\u00a0 Pealmine plaat on kaetud naturaalse tammespooniga Jalad on tammepuidust Esipinnad<\/p>\n","protected":false},"featured_media":445238,"template":"","meta":[],"product_brand":[],"product_cat":[2349,2353,2359,2360,2364],"product_tag":[],"class_list":{"0":"post-445237","1":"product","2":"type-product","3":"status-publish","4":"has-post-thumbnail","6":"product_cat-livroom","7":"product_cat-shop","8":"product_cat-kummutid","9":"product_cat-shelf","10":"product_cat-vitriinikapid","11":"pa_color-white","12":"pa_height-5283","13":"pa_height_range-h-101-150","14":"pa_length-4331","15":"pa_length_range-l-101-150","16":"pa_manufacturer-helvetia-meble","17":"pa_material-spoon","18":"pa_width-2670","19":"pa_width_range-w-50","21":"first","22":"instock","23":"taxable","24":"shipping-taxable","25":"purchasable","26":"product-type-simple"},"yoast_head":"<!-- This site is optimized with the Yoast SEO plugin v26.2 - https:\/\/yoast.com\/wordpress\/plugins\/seo\/ -->\n<title>Kummut TISARO 2473LJ42 valge k\u00f5rgl\u00e4ige 116 cm - Welle<\/title>\n<meta name=\"robots\" content=\"index, follow, max-snippet:-1, max-image-preview:large, max-video-preview:-1\" \/>\n<link rel=\"canonical\" href=\"https:\/\/welle.ee\/ee\/kummut-tisaro-2473lj42-valge-korglaige-116-cm\/\" \/>\n<meta property=\"og:locale\" content=\"en_US\" \/>\n<meta property=\"og:type\" content=\"article\" \/>\n<meta property=\"og:title\" content=\"Kummut TISARO 2473LJ42 valge k\u00f5rgl\u00e4ige 116 cm - Welle\" \/>\n<meta property=\"og:description\" content=\"Luksusliku v\u00e4limusega kummut on valmistatud lamineeritud m\u00f6\u00f6bliplaadist 2 klaasiga ust\u00a0 Pealmine plaat on kaetud naturaalse tammespooniga Jalad on tammepuidust Esipinnad\" \/>\n<meta property=\"og:url\" content=\"https:\/\/welle.ee\/ee\/kummut-tisaro-2473lj42-valge-korglaige-116-cm\/\" \/>\n<meta property=\"og:site_name\" content=\"Welle\" \/>\n<meta property=\"article:modified_time\" content=\"2025-10-06T08:36:46+00:00\" \/>\n<meta property=\"og:image\" content=\"https:\/\/welle.ee\/wp-content\/uploads\/2025\/08\/tisaro_2473lj42_1.jpg\" \/>\n\t<meta property=\"og:image:width\" content=\"1337\" \/>\n\t<meta property=\"og:image:height\" content=\"1200\" \/>\n\t<meta property=\"og:image:type\" content=\"image\/jpeg\" \/>\n<meta name=\"twitter:card\" content=\"summary_large_image\" \/>\n<script type=\"application\/ld+json\" class=\"yoast-schema-graph\">{\"@context\":\"https:\/\/schema.org\",\"@graph\":[{\"@type\":\"WebPage\",\"@id\":\"https:\/\/welle.ee\/ee\/kummut-tisaro-2473lj42-valge-korglaige-116-cm\/\",\"url\":\"https:\/\/welle.ee\/ee\/kummut-tisaro-2473lj42-valge-korglaige-116-cm\/\",\"name\":\"Kummut TISARO 2473LJ42 valge k\u00f5rgl\u00e4ige 116 cm - Welle\",\"isPartOf\":{\"@id\":\"https:\/\/welle.ee\/ee\/#website\"},\"primaryImageOfPage\":{\"@id\":\"https:\/\/welle.ee\/ee\/kummut-tisaro-2473lj42-valge-korglaige-116-cm\/#primaryimage\"},\"image\":{\"@id\":\"https:\/\/welle.ee\/ee\/kummut-tisaro-2473lj42-valge-korglaige-116-cm\/#primaryimage\"},\"thumbnailUrl\":\"https:\/\/welle.ee\/wp-content\/uploads\/2025\/08\/tisaro_2473lj42_1.jpg\",\"datePublished\":\"2025-08-21T13:09:04+00:00\",\"dateModified\":\"2025-10-06T08:36:46+00:00\",\"breadcrumb\":{\"@id\":\"https:\/\/welle.ee\/ee\/kummut-tisaro-2473lj42-valge-korglaige-116-cm\/#breadcrumb\"},\"inLanguage\":\"ee\",\"potentialAction\":[{\"@type\":\"ReadAction\",\"target\":[\"https:\/\/welle.ee\/ee\/kummut-tisaro-2473lj42-valge-korglaige-116-cm\/\"]}]},{\"@type\":\"ImageObject\",\"inLanguage\":\"ee\",\"@id\":\"https:\/\/welle.ee\/ee\/kummut-tisaro-2473lj42-valge-korglaige-116-cm\/#primaryimage\",\"url\":\"https:\/\/welle.ee\/wp-content\/uploads\/2025\/08\/tisaro_2473lj42_1.jpg\",\"contentUrl\":\"https:\/\/welle.ee\/wp-content\/uploads\/2025\/08\/tisaro_2473lj42_1.jpg\",\"width\":1337,\"height\":1200},{\"@type\":\"BreadcrumbList\",\"@id\":\"https:\/\/welle.ee\/ee\/kummut-tisaro-2473lj42-valge-korglaige-116-cm\/#breadcrumb\",\"itemListElement\":[{\"@type\":\"ListItem\",\"position\":1,\"name\":\"\u0413\u043b\u0430\u0432\u043d\u0430\u044f \u0441\u0442\u0440\u0430\u043d\u0438\u0446\u0430\",\"item\":\"https:\/\/welle.ee\/ee\/\"},{\"@type\":\"ListItem\",\"position\":2,\"name\":\"Tooted\",\"item\":\"https:\/\/welle.ee\/ee\/tooted\/\"},{\"@type\":\"ListItem\",\"position\":3,\"name\":\"Kummut TISARO 2473LJ42 valge k\u00f5rgl\u00e4ige 116 cm\"}]},{\"@type\":\"WebSite\",\"@id\":\"https:\/\/welle.ee\/ee\/#website\",\"url\":\"https:\/\/welle.ee\/ee\/\",\"name\":\"Welle\",\"description\":\"\",\"potentialAction\":[{\"@type\":\"SearchAction\",\"target\":{\"@type\":\"EntryPoint\",\"urlTemplate\":\"https:\/\/welle.ee\/ee\/?s={search_term_string}\"},\"query-input\":{\"@type\":\"PropertyValueSpecification\",\"valueRequired\":true,\"valueName\":\"search_term_string\"}}],\"inLanguage\":\"ee\"}]}<\/script>\n<!-- \/ Yoast SEO plugin. -->","yoast_head_json":{"title":"Kummut TISARO 2473LJ42 valge k\u00f5rgl\u00e4ige 116 cm - Welle","robots":{"index":"index","follow":"follow","max-snippet":"max-snippet:-1","max-image-preview":"max-image-preview:large","max-video-preview":"max-video-preview:-1"},"canonical":"https:\/\/welle.ee\/ee\/kummut-tisaro-2473lj42-valge-korglaige-116-cm\/","og_locale":"en_US","og_type":"article","og_title":"Kummut TISARO 2473LJ42 valge k\u00f5rgl\u00e4ige 116 cm - Welle","og_description":"Luksusliku v\u00e4limusega kummut on valmistatud lamineeritud m\u00f6\u00f6bliplaadist 2 klaasiga ust\u00a0 Pealmine plaat on kaetud naturaalse tammespooniga Jalad on tammepuidust Esipinnad","og_url":"https:\/\/welle.ee\/ee\/kummut-tisaro-2473lj42-valge-korglaige-116-cm\/","og_site_name":"Welle","article_modified_time":"2025-10-06T08:36:46+00:00","og_image":[{"width":1337,"height":1200,"url":"https:\/\/welle.ee\/wp-content\/uploads\/2025\/08\/tisaro_2473lj42_1.jpg","type":"image\/jpeg"}],"twitter_card":"summary_large_image","schema":{"@context":"https:\/\/schema.org","@graph":[{"@type":"WebPage","@id":"https:\/\/welle.ee\/ee\/kummut-tisaro-2473lj42-valge-korglaige-116-cm\/","url":"https:\/\/welle.ee\/ee\/kummut-tisaro-2473lj42-valge-korglaige-116-cm\/","name":"Kummut TISARO 2473LJ42 valge k\u00f5rgl\u00e4ige 116 cm - Welle","isPartOf":{"@id":"https:\/\/welle.ee\/ee\/#website"},"primaryImageOfPage":{"@id":"https:\/\/welle.ee\/ee\/kummut-tisaro-2473lj42-valge-korglaige-116-cm\/#primaryimage"},"image":{"@id":"https:\/\/welle.ee\/ee\/kummut-tisaro-2473lj42-valge-korglaige-116-cm\/#primaryimage"},"thumbnailUrl":"https:\/\/welle.ee\/wp-content\/uploads\/2025\/08\/tisaro_2473lj42_1.jpg","datePublished":"2025-08-21T13:09:04+00:00","dateModified":"2025-10-06T08:36:46+00:00","breadcrumb":{"@id":"https:\/\/welle.ee\/ee\/kummut-tisaro-2473lj42-valge-korglaige-116-cm\/#breadcrumb"},"inLanguage":"ee","potentialAction":[{"@type":"ReadAction","target":["https:\/\/welle.ee\/ee\/kummut-tisaro-2473lj42-valge-korglaige-116-cm\/"]}]},{"@type":"ImageObject","inLanguage":"ee","@id":"https:\/\/welle.ee\/ee\/kummut-tisaro-2473lj42-valge-korglaige-116-cm\/#primaryimage","url":"https:\/\/welle.ee\/wp-content\/uploads\/2025\/08\/tisaro_2473lj42_1.jpg","contentUrl":"https:\/\/welle.ee\/wp-content\/uploads\/2025\/08\/tisaro_2473lj42_1.jpg","width":1337,"height":1200},{"@type":"BreadcrumbList","@id":"https:\/\/welle.ee\/ee\/kummut-tisaro-2473lj42-valge-korglaige-116-cm\/#breadcrumb","itemListElement":[{"@type":"ListItem","position":1,"name":"\u0413\u043b\u0430\u0432\u043d\u0430\u044f \u0441\u0442\u0440\u0430\u043d\u0438\u0446\u0430","item":"https:\/\/welle.ee\/ee\/"},{"@type":"ListItem","position":2,"name":"Tooted","item":"https:\/\/welle.ee\/ee\/tooted\/"},{"@type":"ListItem","position":3,"name":"Kummut TISARO 2473LJ42 valge k\u00f5rgl\u00e4ige 116 cm"}]},{"@type":"WebSite","@id":"https:\/\/welle.ee\/ee\/#website","url":"https:\/\/welle.ee\/ee\/","name":"Welle","description":"","potentialAction":[{"@type":"SearchAction","target":{"@type":"EntryPoint","urlTemplate":"https:\/\/welle.ee\/ee\/?s={search_term_string}"},"query-input":{"@type":"PropertyValueSpecification","valueRequired":true,"valueName":"search_term_string"}}],"inLanguage":"ee"}]}},"_links":{"self":[{"href":"https:\/\/welle.ee\/ee\/wp-json\/wp\/v2\/product\/445237","targetHints":{"allow":["GET"]}}],"collection":[{"href":"https:\/\/welle.ee\/ee\/wp-json\/wp\/v2\/product"}],"about":[{"href":"https:\/\/welle.ee\/ee\/wp-json\/wp\/v2\/types\/product"}],"version-history":[{"count":1,"href":"https:\/\/welle.ee\/ee\/wp-json\/wp\/v2\/product\/445237\/revisions"}],"predecessor-version":[{"id":483964,"href":"https:\/\/welle.ee\/ee\/wp-json\/wp\/v2\/product\/445237\/revisions\/483964"}],"wp:featuredmedia":[{"embeddable":true,"href":"https:\/\/welle.ee\/ee\/wp-json\/wp\/v2\/media\/445238"}],"wp:attachment":[{"href":"https:\/\/welle.ee\/ee\/wp-json\/wp\/v2\/media?parent=445237"}],"wp:term":[{"taxonomy":"product_brand","embeddable":true,"href":"https:\/\/welle.ee\/ee\/wp-json\/wp\/v2\/product_brand?post=445237"},{"taxonomy":"product_cat","embeddable":true,"href":"https:\/\/welle.ee\/ee\/wp-json\/wp\/v2\/product_cat?post=445237"},{"taxonomy":"product_tag","embeddable":true,"href":"https:\/\/welle.ee\/ee\/wp-json\/wp\/v2\/product_tag?post=445237"}],"curies":[{"name":"wp","href":"https:\/\/api.w.org\/{rel}","templated":true}]}}