{"id":445856,"date":"2025-08-21T13:09:45","date_gmt":"2025-08-21T13:09:45","guid":{"rendered":"https:\/\/wellefurniture.eu\/diivanilaud-kasai-24rwmi99-pahkel-columbia-must-laige-110x65-cm\/"},"modified":"2025-11-03T17:17:26","modified_gmt":"2025-11-03T17:17:26","slug":"diivanilaud-kasai-24rwmi99-pahkel-columbia-must-laige-110x65-cm","status":"publish","type":"product","link":"https:\/\/welle.ee\/ee\/diivanilaud-kasai-24rwmi99-pahkel-columbia-must-laige-110x65-cm\/","title":{"rendered":"Diivanilaud KASAI 24RWMI99 p\u00e4hkel columbia\/must l\u00e4ige 110&#215;65 cm"},"content":{"rendered":"<div data-content-type=\"html\" data-appearance=\"default\" data-element=\"main\">\n<ul>\n<li>Valmistatud&nbsp;k\u00f5rgkvaliteetsest lamineeritud m\u00f6\u00f6bliplaadist ja MDF-st<\/li>\n<li>1 sahtel<\/li>\n<li>Sulgub sujuvalt ja vaikselt<\/li>\n<li>Kroomitud metallist jalad<\/li>\n<li>Viimistlus:&nbsp;p\u00e4hkel columbia\/must l\u00e4ige (membraan)<\/li>\n<li>Tarnitakse detailidena<\/li>\n<li>Tarneaeg 4-8 n\u00e4dalat<\/li>\n<\/ul>\n<\/div>\n","protected":false},"excerpt":{"rendered":"<p>Valmistatud&nbsp;k\u00f5rgkvaliteetsest lamineeritud m\u00f6\u00f6bliplaadist ja MDF-st 1 sahtel Sulgub sujuvalt ja vaikselt Kroomitud metallist jalad Viimistlus:&nbsp;p\u00e4hkel columbia\/must l\u00e4ige (membraan) Tarnitakse detailidena<\/p>\n","protected":false},"featured_media":445857,"template":"","meta":[],"product_brand":[],"product_cat":[2393,5281,2349,2353,2388,3592],"product_tag":[],"class_list":{"0":"post-445856","1":"product","2":"type-product","3":"status-publish","4":"has-post-thumbnail","6":"product_cat-servtable","7":"product_cat-elutoa","8":"product_cat-livroom","9":"product_cat-shop","10":"product_cat-chairs","11":"product_cat-leiunurk","12":"pa_color-pahkel","13":"pa_height-2540","14":"pa_height_range-h-50","15":"pa_length-2582","16":"pa_length_range-l-101-150","17":"pa_manufacturer-helvetia-meble","18":"pa_material-moobliplaat","19":"pa_width-2923","20":"pa_width_range-w-50-100","22":"first","23":"instock","24":"sale","25":"taxable","26":"shipping-taxable","27":"purchasable","28":"product-type-simple"},"yoast_head":"<!-- This site is optimized with the Yoast SEO plugin v26.2 - https:\/\/yoast.com\/wordpress\/plugins\/seo\/ -->\n<title>Diivanilaud KASAI 24RWMI99 p\u00e4hkel columbia\/must l\u00e4ige 110x65 cm - Welle<\/title>\n<meta name=\"robots\" content=\"index, follow, max-snippet:-1, max-image-preview:large, max-video-preview:-1\" \/>\n<link rel=\"canonical\" href=\"https:\/\/welle.ee\/ee\/diivanilaud-kasai-24rwmi99-pahkel-columbia-must-laige-110x65-cm\/\" \/>\n<meta property=\"og:locale\" content=\"en_US\" \/>\n<meta property=\"og:type\" content=\"article\" \/>\n<meta property=\"og:title\" content=\"Diivanilaud KASAI 24RWMI99 p\u00e4hkel columbia\/must l\u00e4ige 110x65 cm - Welle\" \/>\n<meta property=\"og:description\" content=\"Valmistatud&nbsp;k\u00f5rgkvaliteetsest lamineeritud m\u00f6\u00f6bliplaadist ja MDF-st 1 sahtel Sulgub sujuvalt ja vaikselt Kroomitud metallist jalad Viimistlus:&nbsp;p\u00e4hkel columbia\/must l\u00e4ige (membraan) Tarnitakse detailidena\" \/>\n<meta property=\"og:url\" content=\"https:\/\/welle.ee\/ee\/diivanilaud-kasai-24rwmi99-pahkel-columbia-must-laige-110x65-cm\/\" \/>\n<meta property=\"og:site_name\" content=\"Welle\" \/>\n<meta property=\"article:modified_time\" content=\"2025-11-03T17:17:26+00:00\" \/>\n<meta property=\"og:image\" content=\"https:\/\/welle.ee\/wp-content\/uploads\/2025\/08\/kasai_24rwmi99_1.jpg\" \/>\n\t<meta property=\"og:image:width\" content=\"1743\" \/>\n\t<meta property=\"og:image:height\" content=\"1200\" \/>\n\t<meta property=\"og:image:type\" content=\"image\/jpeg\" \/>\n<meta name=\"twitter:card\" content=\"summary_large_image\" \/>\n<script type=\"application\/ld+json\" class=\"yoast-schema-graph\">{\"@context\":\"https:\/\/schema.org\",\"@graph\":[{\"@type\":\"WebPage\",\"@id\":\"https:\/\/welle.ee\/ee\/diivanilaud-kasai-24rwmi99-pahkel-columbia-must-laige-110x65-cm\/\",\"url\":\"https:\/\/welle.ee\/ee\/diivanilaud-kasai-24rwmi99-pahkel-columbia-must-laige-110x65-cm\/\",\"name\":\"Diivanilaud KASAI 24RWMI99 p\u00e4hkel columbia\/must l\u00e4ige 110x65 cm - Welle\",\"isPartOf\":{\"@id\":\"https:\/\/welle.ee\/ee\/#website\"},\"primaryImageOfPage\":{\"@id\":\"https:\/\/welle.ee\/ee\/diivanilaud-kasai-24rwmi99-pahkel-columbia-must-laige-110x65-cm\/#primaryimage\"},\"image\":{\"@id\":\"https:\/\/welle.ee\/ee\/diivanilaud-kasai-24rwmi99-pahkel-columbia-must-laige-110x65-cm\/#primaryimage\"},\"thumbnailUrl\":\"https:\/\/welle.ee\/wp-content\/uploads\/2025\/08\/kasai_24rwmi99_1.jpg\",\"datePublished\":\"2025-08-21T13:09:45+00:00\",\"dateModified\":\"2025-11-03T17:17:26+00:00\",\"breadcrumb\":{\"@id\":\"https:\/\/welle.ee\/ee\/diivanilaud-kasai-24rwmi99-pahkel-columbia-must-laige-110x65-cm\/#breadcrumb\"},\"inLanguage\":\"ee\",\"potentialAction\":[{\"@type\":\"ReadAction\",\"target\":[\"https:\/\/welle.ee\/ee\/diivanilaud-kasai-24rwmi99-pahkel-columbia-must-laige-110x65-cm\/\"]}]},{\"@type\":\"ImageObject\",\"inLanguage\":\"ee\",\"@id\":\"https:\/\/welle.ee\/ee\/diivanilaud-kasai-24rwmi99-pahkel-columbia-must-laige-110x65-cm\/#primaryimage\",\"url\":\"https:\/\/welle.ee\/wp-content\/uploads\/2025\/08\/kasai_24rwmi99_1.jpg\",\"contentUrl\":\"https:\/\/welle.ee\/wp-content\/uploads\/2025\/08\/kasai_24rwmi99_1.jpg\",\"width\":1743,\"height\":1200},{\"@type\":\"BreadcrumbList\",\"@id\":\"https:\/\/welle.ee\/ee\/diivanilaud-kasai-24rwmi99-pahkel-columbia-must-laige-110x65-cm\/#breadcrumb\",\"itemListElement\":[{\"@type\":\"ListItem\",\"position\":1,\"name\":\"\u0413\u043b\u0430\u0432\u043d\u0430\u044f \u0441\u0442\u0440\u0430\u043d\u0438\u0446\u0430\",\"item\":\"https:\/\/welle.ee\/ee\/\"},{\"@type\":\"ListItem\",\"position\":2,\"name\":\"Tooted\",\"item\":\"https:\/\/welle.ee\/ee\/tooted\/\"},{\"@type\":\"ListItem\",\"position\":3,\"name\":\"Diivanilaud KASAI 24RWMI99 p\u00e4hkel columbia\/must l\u00e4ige 110&#215;65 cm\"}]},{\"@type\":\"WebSite\",\"@id\":\"https:\/\/welle.ee\/ee\/#website\",\"url\":\"https:\/\/welle.ee\/ee\/\",\"name\":\"Welle\",\"description\":\"\",\"potentialAction\":[{\"@type\":\"SearchAction\",\"target\":{\"@type\":\"EntryPoint\",\"urlTemplate\":\"https:\/\/welle.ee\/ee\/?s={search_term_string}\"},\"query-input\":{\"@type\":\"PropertyValueSpecification\",\"valueRequired\":true,\"valueName\":\"search_term_string\"}}],\"inLanguage\":\"ee\"}]}<\/script>\n<!-- \/ Yoast SEO plugin. -->","yoast_head_json":{"title":"Diivanilaud KASAI 24RWMI99 p\u00e4hkel columbia\/must l\u00e4ige 110x65 cm - Welle","robots":{"index":"index","follow":"follow","max-snippet":"max-snippet:-1","max-image-preview":"max-image-preview:large","max-video-preview":"max-video-preview:-1"},"canonical":"https:\/\/welle.ee\/ee\/diivanilaud-kasai-24rwmi99-pahkel-columbia-must-laige-110x65-cm\/","og_locale":"en_US","og_type":"article","og_title":"Diivanilaud KASAI 24RWMI99 p\u00e4hkel columbia\/must l\u00e4ige 110x65 cm - Welle","og_description":"Valmistatud&nbsp;k\u00f5rgkvaliteetsest lamineeritud m\u00f6\u00f6bliplaadist ja MDF-st 1 sahtel Sulgub sujuvalt ja vaikselt Kroomitud metallist jalad Viimistlus:&nbsp;p\u00e4hkel columbia\/must l\u00e4ige (membraan) Tarnitakse detailidena","og_url":"https:\/\/welle.ee\/ee\/diivanilaud-kasai-24rwmi99-pahkel-columbia-must-laige-110x65-cm\/","og_site_name":"Welle","article_modified_time":"2025-11-03T17:17:26+00:00","og_image":[{"width":1743,"height":1200,"url":"https:\/\/welle.ee\/wp-content\/uploads\/2025\/08\/kasai_24rwmi99_1.jpg","type":"image\/jpeg"}],"twitter_card":"summary_large_image","schema":{"@context":"https:\/\/schema.org","@graph":[{"@type":"WebPage","@id":"https:\/\/welle.ee\/ee\/diivanilaud-kasai-24rwmi99-pahkel-columbia-must-laige-110x65-cm\/","url":"https:\/\/welle.ee\/ee\/diivanilaud-kasai-24rwmi99-pahkel-columbia-must-laige-110x65-cm\/","name":"Diivanilaud KASAI 24RWMI99 p\u00e4hkel columbia\/must l\u00e4ige 110x65 cm - Welle","isPartOf":{"@id":"https:\/\/welle.ee\/ee\/#website"},"primaryImageOfPage":{"@id":"https:\/\/welle.ee\/ee\/diivanilaud-kasai-24rwmi99-pahkel-columbia-must-laige-110x65-cm\/#primaryimage"},"image":{"@id":"https:\/\/welle.ee\/ee\/diivanilaud-kasai-24rwmi99-pahkel-columbia-must-laige-110x65-cm\/#primaryimage"},"thumbnailUrl":"https:\/\/welle.ee\/wp-content\/uploads\/2025\/08\/kasai_24rwmi99_1.jpg","datePublished":"2025-08-21T13:09:45+00:00","dateModified":"2025-11-03T17:17:26+00:00","breadcrumb":{"@id":"https:\/\/welle.ee\/ee\/diivanilaud-kasai-24rwmi99-pahkel-columbia-must-laige-110x65-cm\/#breadcrumb"},"inLanguage":"ee","potentialAction":[{"@type":"ReadAction","target":["https:\/\/welle.ee\/ee\/diivanilaud-kasai-24rwmi99-pahkel-columbia-must-laige-110x65-cm\/"]}]},{"@type":"ImageObject","inLanguage":"ee","@id":"https:\/\/welle.ee\/ee\/diivanilaud-kasai-24rwmi99-pahkel-columbia-must-laige-110x65-cm\/#primaryimage","url":"https:\/\/welle.ee\/wp-content\/uploads\/2025\/08\/kasai_24rwmi99_1.jpg","contentUrl":"https:\/\/welle.ee\/wp-content\/uploads\/2025\/08\/kasai_24rwmi99_1.jpg","width":1743,"height":1200},{"@type":"BreadcrumbList","@id":"https:\/\/welle.ee\/ee\/diivanilaud-kasai-24rwmi99-pahkel-columbia-must-laige-110x65-cm\/#breadcrumb","itemListElement":[{"@type":"ListItem","position":1,"name":"\u0413\u043b\u0430\u0432\u043d\u0430\u044f \u0441\u0442\u0440\u0430\u043d\u0438\u0446\u0430","item":"https:\/\/welle.ee\/ee\/"},{"@type":"ListItem","position":2,"name":"Tooted","item":"https:\/\/welle.ee\/ee\/tooted\/"},{"@type":"ListItem","position":3,"name":"Diivanilaud KASAI 24RWMI99 p\u00e4hkel columbia\/must l\u00e4ige 110&#215;65 cm"}]},{"@type":"WebSite","@id":"https:\/\/welle.ee\/ee\/#website","url":"https:\/\/welle.ee\/ee\/","name":"Welle","description":"","potentialAction":[{"@type":"SearchAction","target":{"@type":"EntryPoint","urlTemplate":"https:\/\/welle.ee\/ee\/?s={search_term_string}"},"query-input":{"@type":"PropertyValueSpecification","valueRequired":true,"valueName":"search_term_string"}}],"inLanguage":"ee"}]}},"_links":{"self":[{"href":"https:\/\/welle.ee\/ee\/wp-json\/wp\/v2\/product\/445856","targetHints":{"allow":["GET"]}}],"collection":[{"href":"https:\/\/welle.ee\/ee\/wp-json\/wp\/v2\/product"}],"about":[{"href":"https:\/\/welle.ee\/ee\/wp-json\/wp\/v2\/types\/product"}],"version-history":[{"count":1,"href":"https:\/\/welle.ee\/ee\/wp-json\/wp\/v2\/product\/445856\/revisions"}],"predecessor-version":[{"id":484010,"href":"https:\/\/welle.ee\/ee\/wp-json\/wp\/v2\/product\/445856\/revisions\/484010"}],"wp:featuredmedia":[{"embeddable":true,"href":"https:\/\/welle.ee\/ee\/wp-json\/wp\/v2\/media\/445857"}],"wp:attachment":[{"href":"https:\/\/welle.ee\/ee\/wp-json\/wp\/v2\/media?parent=445856"}],"wp:term":[{"taxonomy":"product_brand","embeddable":true,"href":"https:\/\/welle.ee\/ee\/wp-json\/wp\/v2\/product_brand?post=445856"},{"taxonomy":"product_cat","embeddable":true,"href":"https:\/\/welle.ee\/ee\/wp-json\/wp\/v2\/product_cat?post=445856"},{"taxonomy":"product_tag","embeddable":true,"href":"https:\/\/welle.ee\/ee\/wp-json\/wp\/v2\/product_tag?post=445856"}],"curies":[{"name":"wp","href":"https:\/\/api.w.org\/{rel}","templated":true}]}}