{"id":446284,"date":"2025-08-21T13:10:37","date_gmt":"2025-08-21T13:10:37","guid":{"rendered":"https:\/\/wellefurniture.eu\/kummut-jukon-154-cm-2497nd43-valge-supermatt\/"},"modified":"2025-10-06T08:37:14","modified_gmt":"2025-10-06T08:37:14","slug":"kummut-jukon-154-cm-2497nd43-valge-supermatt","status":"publish","type":"product","link":"https:\/\/welle.ee\/ee\/kummut-jukon-154-cm-2497nd43-valge-supermatt\/","title":{"rendered":"Kummut JUKON 154 cm 2497ND43 valge supermatt"},"content":{"rendered":"<ul>\n<li>Valmistatud\u00a0k\u00f5rgkvaliteetsest lamineeritud m\u00f6\u00f6bliplaadist<\/li>\n<li>2 ust ja 3 sahtlit<\/li>\n<li>Push-to-open s\u00fcsteem<\/li>\n<li>Jalad on musta v\u00e4rvi metallist, k\u00f5rgusega 20 cm<\/li>\n<li>Viimistlus:\u00a0valge supermatt<\/li>\n<li>Tarnitakse detailidena<\/li>\n<li>Tarneaeg 4-8 n\u00e4dalat<\/li>\n<\/ul>\n","protected":false},"excerpt":{"rendered":"<p>Valmistatud\u00a0k\u00f5rgkvaliteetsest lamineeritud m\u00f6\u00f6bliplaadist 2 ust ja 3 sahtlit Push-to-open s\u00fcsteem Jalad on musta v\u00e4rvi metallist, k\u00f5rgusega 20 cm Viimistlus:\u00a0valge supermatt<\/p>\n","protected":false},"featured_media":446285,"template":"","meta":[],"product_brand":[],"product_cat":[2349,2353,2359,3592],"product_tag":[],"class_list":{"0":"post-446284","1":"product","2":"type-product","3":"status-publish","4":"has-post-thumbnail","6":"product_cat-livroom","7":"product_cat-shop","8":"product_cat-kummutid","9":"product_cat-leiunurk","10":"pa_color-white","11":"pa_height-2636","12":"pa_height_range-h-50-100","13":"pa_length-7386","14":"pa_length_range-l-151-200","15":"pa_manufacturer-helvetia-meble","16":"pa_material-moobliplaat","17":"pa_width-2472","18":"pa_width_range-w-50","20":"first","21":"instock","22":"taxable","23":"shipping-taxable","24":"purchasable","25":"product-type-simple"},"yoast_head":"<!-- This site is optimized with the Yoast SEO plugin v26.2 - https:\/\/yoast.com\/wordpress\/plugins\/seo\/ -->\n<title>Kummut JUKON 154 cm 2497ND43 valge supermatt - Welle<\/title>\n<meta name=\"robots\" content=\"index, follow, max-snippet:-1, max-image-preview:large, max-video-preview:-1\" \/>\n<link rel=\"canonical\" href=\"https:\/\/welle.ee\/ee\/kummut-jukon-154-cm-2497nd43-valge-supermatt\/\" \/>\n<meta property=\"og:locale\" content=\"en_US\" \/>\n<meta property=\"og:type\" content=\"article\" \/>\n<meta property=\"og:title\" content=\"Kummut JUKON 154 cm 2497ND43 valge supermatt - Welle\" \/>\n<meta property=\"og:description\" content=\"Valmistatud\u00a0k\u00f5rgkvaliteetsest lamineeritud m\u00f6\u00f6bliplaadist 2 ust ja 3 sahtlit Push-to-open s\u00fcsteem Jalad on musta v\u00e4rvi metallist, k\u00f5rgusega 20 cm Viimistlus:\u00a0valge supermatt\" \/>\n<meta property=\"og:url\" content=\"https:\/\/welle.ee\/ee\/kummut-jukon-154-cm-2497nd43-valge-supermatt\/\" \/>\n<meta property=\"og:site_name\" content=\"Welle\" \/>\n<meta property=\"article:modified_time\" content=\"2025-10-06T08:37:14+00:00\" \/>\n<meta property=\"og:image\" content=\"https:\/\/welle.ee\/wp-content\/uploads\/2025\/08\/jukon_2497nd43_1.jpg\" \/>\n\t<meta property=\"og:image:width\" content=\"1200\" \/>\n\t<meta property=\"og:image:height\" content=\"1200\" \/>\n\t<meta property=\"og:image:type\" content=\"image\/jpeg\" \/>\n<meta name=\"twitter:card\" content=\"summary_large_image\" \/>\n<script type=\"application\/ld+json\" class=\"yoast-schema-graph\">{\"@context\":\"https:\/\/schema.org\",\"@graph\":[{\"@type\":\"WebPage\",\"@id\":\"https:\/\/welle.ee\/ee\/kummut-jukon-154-cm-2497nd43-valge-supermatt\/\",\"url\":\"https:\/\/welle.ee\/ee\/kummut-jukon-154-cm-2497nd43-valge-supermatt\/\",\"name\":\"Kummut JUKON 154 cm 2497ND43 valge supermatt - Welle\",\"isPartOf\":{\"@id\":\"https:\/\/welle.ee\/ee\/#website\"},\"primaryImageOfPage\":{\"@id\":\"https:\/\/welle.ee\/ee\/kummut-jukon-154-cm-2497nd43-valge-supermatt\/#primaryimage\"},\"image\":{\"@id\":\"https:\/\/welle.ee\/ee\/kummut-jukon-154-cm-2497nd43-valge-supermatt\/#primaryimage\"},\"thumbnailUrl\":\"https:\/\/welle.ee\/wp-content\/uploads\/2025\/08\/jukon_2497nd43_1.jpg\",\"datePublished\":\"2025-08-21T13:10:37+00:00\",\"dateModified\":\"2025-10-06T08:37:14+00:00\",\"breadcrumb\":{\"@id\":\"https:\/\/welle.ee\/ee\/kummut-jukon-154-cm-2497nd43-valge-supermatt\/#breadcrumb\"},\"inLanguage\":\"ee\",\"potentialAction\":[{\"@type\":\"ReadAction\",\"target\":[\"https:\/\/welle.ee\/ee\/kummut-jukon-154-cm-2497nd43-valge-supermatt\/\"]}]},{\"@type\":\"ImageObject\",\"inLanguage\":\"ee\",\"@id\":\"https:\/\/welle.ee\/ee\/kummut-jukon-154-cm-2497nd43-valge-supermatt\/#primaryimage\",\"url\":\"https:\/\/welle.ee\/wp-content\/uploads\/2025\/08\/jukon_2497nd43_1.jpg\",\"contentUrl\":\"https:\/\/welle.ee\/wp-content\/uploads\/2025\/08\/jukon_2497nd43_1.jpg\",\"width\":1200,\"height\":1200},{\"@type\":\"BreadcrumbList\",\"@id\":\"https:\/\/welle.ee\/ee\/kummut-jukon-154-cm-2497nd43-valge-supermatt\/#breadcrumb\",\"itemListElement\":[{\"@type\":\"ListItem\",\"position\":1,\"name\":\"\u0413\u043b\u0430\u0432\u043d\u0430\u044f \u0441\u0442\u0440\u0430\u043d\u0438\u0446\u0430\",\"item\":\"https:\/\/welle.ee\/ee\/\"},{\"@type\":\"ListItem\",\"position\":2,\"name\":\"Tooted\",\"item\":\"https:\/\/welle.ee\/ee\/tooted\/\"},{\"@type\":\"ListItem\",\"position\":3,\"name\":\"Kummut JUKON 154 cm 2497ND43 valge supermatt\"}]},{\"@type\":\"WebSite\",\"@id\":\"https:\/\/welle.ee\/ee\/#website\",\"url\":\"https:\/\/welle.ee\/ee\/\",\"name\":\"Welle\",\"description\":\"\",\"potentialAction\":[{\"@type\":\"SearchAction\",\"target\":{\"@type\":\"EntryPoint\",\"urlTemplate\":\"https:\/\/welle.ee\/ee\/?s={search_term_string}\"},\"query-input\":{\"@type\":\"PropertyValueSpecification\",\"valueRequired\":true,\"valueName\":\"search_term_string\"}}],\"inLanguage\":\"ee\"}]}<\/script>\n<!-- \/ Yoast SEO plugin. -->","yoast_head_json":{"title":"Kummut JUKON 154 cm 2497ND43 valge supermatt - Welle","robots":{"index":"index","follow":"follow","max-snippet":"max-snippet:-1","max-image-preview":"max-image-preview:large","max-video-preview":"max-video-preview:-1"},"canonical":"https:\/\/welle.ee\/ee\/kummut-jukon-154-cm-2497nd43-valge-supermatt\/","og_locale":"en_US","og_type":"article","og_title":"Kummut JUKON 154 cm 2497ND43 valge supermatt - Welle","og_description":"Valmistatud\u00a0k\u00f5rgkvaliteetsest lamineeritud m\u00f6\u00f6bliplaadist 2 ust ja 3 sahtlit Push-to-open s\u00fcsteem Jalad on musta v\u00e4rvi metallist, k\u00f5rgusega 20 cm Viimistlus:\u00a0valge supermatt","og_url":"https:\/\/welle.ee\/ee\/kummut-jukon-154-cm-2497nd43-valge-supermatt\/","og_site_name":"Welle","article_modified_time":"2025-10-06T08:37:14+00:00","og_image":[{"width":1200,"height":1200,"url":"https:\/\/welle.ee\/wp-content\/uploads\/2025\/08\/jukon_2497nd43_1.jpg","type":"image\/jpeg"}],"twitter_card":"summary_large_image","schema":{"@context":"https:\/\/schema.org","@graph":[{"@type":"WebPage","@id":"https:\/\/welle.ee\/ee\/kummut-jukon-154-cm-2497nd43-valge-supermatt\/","url":"https:\/\/welle.ee\/ee\/kummut-jukon-154-cm-2497nd43-valge-supermatt\/","name":"Kummut JUKON 154 cm 2497ND43 valge supermatt - Welle","isPartOf":{"@id":"https:\/\/welle.ee\/ee\/#website"},"primaryImageOfPage":{"@id":"https:\/\/welle.ee\/ee\/kummut-jukon-154-cm-2497nd43-valge-supermatt\/#primaryimage"},"image":{"@id":"https:\/\/welle.ee\/ee\/kummut-jukon-154-cm-2497nd43-valge-supermatt\/#primaryimage"},"thumbnailUrl":"https:\/\/welle.ee\/wp-content\/uploads\/2025\/08\/jukon_2497nd43_1.jpg","datePublished":"2025-08-21T13:10:37+00:00","dateModified":"2025-10-06T08:37:14+00:00","breadcrumb":{"@id":"https:\/\/welle.ee\/ee\/kummut-jukon-154-cm-2497nd43-valge-supermatt\/#breadcrumb"},"inLanguage":"ee","potentialAction":[{"@type":"ReadAction","target":["https:\/\/welle.ee\/ee\/kummut-jukon-154-cm-2497nd43-valge-supermatt\/"]}]},{"@type":"ImageObject","inLanguage":"ee","@id":"https:\/\/welle.ee\/ee\/kummut-jukon-154-cm-2497nd43-valge-supermatt\/#primaryimage","url":"https:\/\/welle.ee\/wp-content\/uploads\/2025\/08\/jukon_2497nd43_1.jpg","contentUrl":"https:\/\/welle.ee\/wp-content\/uploads\/2025\/08\/jukon_2497nd43_1.jpg","width":1200,"height":1200},{"@type":"BreadcrumbList","@id":"https:\/\/welle.ee\/ee\/kummut-jukon-154-cm-2497nd43-valge-supermatt\/#breadcrumb","itemListElement":[{"@type":"ListItem","position":1,"name":"\u0413\u043b\u0430\u0432\u043d\u0430\u044f \u0441\u0442\u0440\u0430\u043d\u0438\u0446\u0430","item":"https:\/\/welle.ee\/ee\/"},{"@type":"ListItem","position":2,"name":"Tooted","item":"https:\/\/welle.ee\/ee\/tooted\/"},{"@type":"ListItem","position":3,"name":"Kummut JUKON 154 cm 2497ND43 valge supermatt"}]},{"@type":"WebSite","@id":"https:\/\/welle.ee\/ee\/#website","url":"https:\/\/welle.ee\/ee\/","name":"Welle","description":"","potentialAction":[{"@type":"SearchAction","target":{"@type":"EntryPoint","urlTemplate":"https:\/\/welle.ee\/ee\/?s={search_term_string}"},"query-input":{"@type":"PropertyValueSpecification","valueRequired":true,"valueName":"search_term_string"}}],"inLanguage":"ee"}]}},"_links":{"self":[{"href":"https:\/\/welle.ee\/ee\/wp-json\/wp\/v2\/product\/446284","targetHints":{"allow":["GET"]}}],"collection":[{"href":"https:\/\/welle.ee\/ee\/wp-json\/wp\/v2\/product"}],"about":[{"href":"https:\/\/welle.ee\/ee\/wp-json\/wp\/v2\/types\/product"}],"version-history":[{"count":1,"href":"https:\/\/welle.ee\/ee\/wp-json\/wp\/v2\/product\/446284\/revisions"}],"predecessor-version":[{"id":484045,"href":"https:\/\/welle.ee\/ee\/wp-json\/wp\/v2\/product\/446284\/revisions\/484045"}],"wp:featuredmedia":[{"embeddable":true,"href":"https:\/\/welle.ee\/ee\/wp-json\/wp\/v2\/media\/446285"}],"wp:attachment":[{"href":"https:\/\/welle.ee\/ee\/wp-json\/wp\/v2\/media?parent=446284"}],"wp:term":[{"taxonomy":"product_brand","embeddable":true,"href":"https:\/\/welle.ee\/ee\/wp-json\/wp\/v2\/product_brand?post=446284"},{"taxonomy":"product_cat","embeddable":true,"href":"https:\/\/welle.ee\/ee\/wp-json\/wp\/v2\/product_cat?post=446284"},{"taxonomy":"product_tag","embeddable":true,"href":"https:\/\/welle.ee\/ee\/wp-json\/wp\/v2\/product_tag?post=446284"}],"curies":[{"name":"wp","href":"https:\/\/api.w.org\/{rel}","templated":true}]}}