{"id":447367,"date":"2025-08-21T13:12:34","date_gmt":"2025-08-21T13:12:34","guid":{"rendered":"https:\/\/wellefurniture.eu\/aiamoobli-komplekt-conor\/"},"modified":"2025-12-29T11:46:02","modified_gmt":"2025-12-29T11:46:02","slug":"aiamoobli-komplekt-conor","status":"publish","type":"product","link":"https:\/\/welle.ee\/ee\/aiamoobli-komplekt-conor\/","title":{"rendered":"Aiam\u00f6\u00f6bli komplekt CONOR"},"content":{"rendered":"<div data-content-type=\"html\" data-appearance=\"default\" data-element=\"main\">\n<ul>\n<li>Komplekti kuuluvad: laud, 2 tugitooli ja 2-kohaline diivan <\/li>\n<li>Diivani m\u00f5\u00f5dud: 114\/74\/76\/38 cm<\/li>\n<li>Tooli m\u00f5\u00f5dud: 60\/74\/76\/38 cm<\/li>\n<li>Laua m\u00f5\u00f5dud: 75\/45\/41 cm<\/li>\n<li>Valmistatud v\u00e4rvitud terasest ja v\u00f5rkkangast<\/li>\n<li>Viimistlus: tumehall<\/li>\n<li>Tarnitakse detailidena<\/li>\n<\/div>\n","protected":false},"excerpt":{"rendered":"<p>Komplekti kuuluvad: laud, 2 tugitooli ja 2-kohaline diivan Diivani m\u00f5\u00f5dud: 114\/74\/76\/38 cm Tooli m\u00f5\u00f5dud: 60\/74\/76\/38 cm Laua m\u00f5\u00f5dud: 75\/45\/41 cm<\/p>\n","protected":false},"featured_media":447368,"template":"","meta":[],"product_brand":[],"product_cat":[2355,2354,3657,9171,2353,3592],"product_tag":[],"class_list":{"0":"post-447367","1":"product","2":"type-product","3":"status-publish","4":"has-post-thumbnail","6":"product_cat-gardtab","7":"product_cat-aiamoobel","8":"product_cat-aiamoobel-sooduspakkumised","9":"product_cat-gardchair","10":"product_cat-shop","11":"product_cat-leiunurk","12":"pa_color-grey","13":"pa_manufacturer-halmar","14":"pa_material-metal","15":"pa_width_range-w-50-100","17":"first","18":"instock","19":"sale","20":"taxable","21":"shipping-taxable","22":"purchasable","23":"product-type-simple"},"yoast_head":"<!-- This site is optimized with the Yoast SEO plugin v26.2 - https:\/\/yoast.com\/wordpress\/plugins\/seo\/ -->\n<title>Aiam\u00f6\u00f6bli komplekt CONOR - Welle<\/title>\n<meta name=\"robots\" content=\"index, follow, max-snippet:-1, max-image-preview:large, max-video-preview:-1\" \/>\n<link rel=\"canonical\" href=\"https:\/\/welle.ee\/ee\/aiamoobli-komplekt-conor\/\" \/>\n<meta property=\"og:locale\" content=\"en_US\" \/>\n<meta property=\"og:type\" content=\"article\" \/>\n<meta property=\"og:title\" content=\"Aiam\u00f6\u00f6bli komplekt CONOR - Welle\" \/>\n<meta property=\"og:description\" content=\"Komplekti kuuluvad: laud, 2 tugitooli ja 2-kohaline diivan Diivani m\u00f5\u00f5dud: 114\/74\/76\/38 cm Tooli m\u00f5\u00f5dud: 60\/74\/76\/38 cm Laua m\u00f5\u00f5dud: 75\/45\/41 cm\" \/>\n<meta property=\"og:url\" content=\"https:\/\/welle.ee\/ee\/aiamoobli-komplekt-conor\/\" \/>\n<meta property=\"og:site_name\" content=\"Welle\" \/>\n<meta property=\"article:modified_time\" content=\"2025-12-29T11:46:02+00:00\" \/>\n<meta property=\"og:image\" content=\"https:\/\/welle.ee\/wp-content\/uploads\/2025\/08\/16f8f015a4ec47a4eec3bc2fce19a94b.jpeg\" \/>\n\t<meta property=\"og:image:width\" content=\"800\" \/>\n\t<meta property=\"og:image:height\" content=\"503\" \/>\n\t<meta property=\"og:image:type\" content=\"image\/jpeg\" \/>\n<meta name=\"twitter:card\" content=\"summary_large_image\" \/>\n<script type=\"application\/ld+json\" class=\"yoast-schema-graph\">{\"@context\":\"https:\/\/schema.org\",\"@graph\":[{\"@type\":\"WebPage\",\"@id\":\"https:\/\/welle.ee\/ee\/aiamoobli-komplekt-conor\/\",\"url\":\"https:\/\/welle.ee\/ee\/aiamoobli-komplekt-conor\/\",\"name\":\"Aiam\u00f6\u00f6bli komplekt CONOR - Welle\",\"isPartOf\":{\"@id\":\"https:\/\/welle.ee\/ee\/#website\"},\"primaryImageOfPage\":{\"@id\":\"https:\/\/welle.ee\/ee\/aiamoobli-komplekt-conor\/#primaryimage\"},\"image\":{\"@id\":\"https:\/\/welle.ee\/ee\/aiamoobli-komplekt-conor\/#primaryimage\"},\"thumbnailUrl\":\"https:\/\/welle.ee\/wp-content\/uploads\/2025\/08\/16f8f015a4ec47a4eec3bc2fce19a94b.jpeg\",\"datePublished\":\"2025-08-21T13:12:34+00:00\",\"dateModified\":\"2025-12-29T11:46:02+00:00\",\"breadcrumb\":{\"@id\":\"https:\/\/welle.ee\/ee\/aiamoobli-komplekt-conor\/#breadcrumb\"},\"inLanguage\":\"ee\",\"potentialAction\":[{\"@type\":\"ReadAction\",\"target\":[\"https:\/\/welle.ee\/ee\/aiamoobli-komplekt-conor\/\"]}]},{\"@type\":\"ImageObject\",\"inLanguage\":\"ee\",\"@id\":\"https:\/\/welle.ee\/ee\/aiamoobli-komplekt-conor\/#primaryimage\",\"url\":\"https:\/\/welle.ee\/wp-content\/uploads\/2025\/08\/16f8f015a4ec47a4eec3bc2fce19a94b.jpeg\",\"contentUrl\":\"https:\/\/welle.ee\/wp-content\/uploads\/2025\/08\/16f8f015a4ec47a4eec3bc2fce19a94b.jpeg\",\"width\":800,\"height\":503},{\"@type\":\"BreadcrumbList\",\"@id\":\"https:\/\/welle.ee\/ee\/aiamoobli-komplekt-conor\/#breadcrumb\",\"itemListElement\":[{\"@type\":\"ListItem\",\"position\":1,\"name\":\"\u0413\u043b\u0430\u0432\u043d\u0430\u044f \u0441\u0442\u0440\u0430\u043d\u0438\u0446\u0430\",\"item\":\"https:\/\/welle.ee\/ee\/\"},{\"@type\":\"ListItem\",\"position\":2,\"name\":\"Tooted\",\"item\":\"https:\/\/welle.ee\/ee\/tooted\/\"},{\"@type\":\"ListItem\",\"position\":3,\"name\":\"Aiam\u00f6\u00f6bli komplekt CONOR\"}]},{\"@type\":\"WebSite\",\"@id\":\"https:\/\/welle.ee\/ee\/#website\",\"url\":\"https:\/\/welle.ee\/ee\/\",\"name\":\"Welle\",\"description\":\"\",\"potentialAction\":[{\"@type\":\"SearchAction\",\"target\":{\"@type\":\"EntryPoint\",\"urlTemplate\":\"https:\/\/welle.ee\/ee\/?s={search_term_string}\"},\"query-input\":{\"@type\":\"PropertyValueSpecification\",\"valueRequired\":true,\"valueName\":\"search_term_string\"}}],\"inLanguage\":\"ee\"}]}<\/script>\n<!-- \/ Yoast SEO plugin. -->","yoast_head_json":{"title":"Aiam\u00f6\u00f6bli komplekt CONOR - Welle","robots":{"index":"index","follow":"follow","max-snippet":"max-snippet:-1","max-image-preview":"max-image-preview:large","max-video-preview":"max-video-preview:-1"},"canonical":"https:\/\/welle.ee\/ee\/aiamoobli-komplekt-conor\/","og_locale":"en_US","og_type":"article","og_title":"Aiam\u00f6\u00f6bli komplekt CONOR - Welle","og_description":"Komplekti kuuluvad: laud, 2 tugitooli ja 2-kohaline diivan Diivani m\u00f5\u00f5dud: 114\/74\/76\/38 cm Tooli m\u00f5\u00f5dud: 60\/74\/76\/38 cm Laua m\u00f5\u00f5dud: 75\/45\/41 cm","og_url":"https:\/\/welle.ee\/ee\/aiamoobli-komplekt-conor\/","og_site_name":"Welle","article_modified_time":"2025-12-29T11:46:02+00:00","og_image":[{"width":800,"height":503,"url":"https:\/\/welle.ee\/wp-content\/uploads\/2025\/08\/16f8f015a4ec47a4eec3bc2fce19a94b.jpeg","type":"image\/jpeg"}],"twitter_card":"summary_large_image","schema":{"@context":"https:\/\/schema.org","@graph":[{"@type":"WebPage","@id":"https:\/\/welle.ee\/ee\/aiamoobli-komplekt-conor\/","url":"https:\/\/welle.ee\/ee\/aiamoobli-komplekt-conor\/","name":"Aiam\u00f6\u00f6bli komplekt CONOR - Welle","isPartOf":{"@id":"https:\/\/welle.ee\/ee\/#website"},"primaryImageOfPage":{"@id":"https:\/\/welle.ee\/ee\/aiamoobli-komplekt-conor\/#primaryimage"},"image":{"@id":"https:\/\/welle.ee\/ee\/aiamoobli-komplekt-conor\/#primaryimage"},"thumbnailUrl":"https:\/\/welle.ee\/wp-content\/uploads\/2025\/08\/16f8f015a4ec47a4eec3bc2fce19a94b.jpeg","datePublished":"2025-08-21T13:12:34+00:00","dateModified":"2025-12-29T11:46:02+00:00","breadcrumb":{"@id":"https:\/\/welle.ee\/ee\/aiamoobli-komplekt-conor\/#breadcrumb"},"inLanguage":"ee","potentialAction":[{"@type":"ReadAction","target":["https:\/\/welle.ee\/ee\/aiamoobli-komplekt-conor\/"]}]},{"@type":"ImageObject","inLanguage":"ee","@id":"https:\/\/welle.ee\/ee\/aiamoobli-komplekt-conor\/#primaryimage","url":"https:\/\/welle.ee\/wp-content\/uploads\/2025\/08\/16f8f015a4ec47a4eec3bc2fce19a94b.jpeg","contentUrl":"https:\/\/welle.ee\/wp-content\/uploads\/2025\/08\/16f8f015a4ec47a4eec3bc2fce19a94b.jpeg","width":800,"height":503},{"@type":"BreadcrumbList","@id":"https:\/\/welle.ee\/ee\/aiamoobli-komplekt-conor\/#breadcrumb","itemListElement":[{"@type":"ListItem","position":1,"name":"\u0413\u043b\u0430\u0432\u043d\u0430\u044f \u0441\u0442\u0440\u0430\u043d\u0438\u0446\u0430","item":"https:\/\/welle.ee\/ee\/"},{"@type":"ListItem","position":2,"name":"Tooted","item":"https:\/\/welle.ee\/ee\/tooted\/"},{"@type":"ListItem","position":3,"name":"Aiam\u00f6\u00f6bli komplekt CONOR"}]},{"@type":"WebSite","@id":"https:\/\/welle.ee\/ee\/#website","url":"https:\/\/welle.ee\/ee\/","name":"Welle","description":"","potentialAction":[{"@type":"SearchAction","target":{"@type":"EntryPoint","urlTemplate":"https:\/\/welle.ee\/ee\/?s={search_term_string}"},"query-input":{"@type":"PropertyValueSpecification","valueRequired":true,"valueName":"search_term_string"}}],"inLanguage":"ee"}]}},"_links":{"self":[{"href":"https:\/\/welle.ee\/ee\/wp-json\/wp\/v2\/product\/447367","targetHints":{"allow":["GET"]}}],"collection":[{"href":"https:\/\/welle.ee\/ee\/wp-json\/wp\/v2\/product"}],"about":[{"href":"https:\/\/welle.ee\/ee\/wp-json\/wp\/v2\/types\/product"}],"version-history":[{"count":1,"href":"https:\/\/welle.ee\/ee\/wp-json\/wp\/v2\/product\/447367\/revisions"}],"predecessor-version":[{"id":484120,"href":"https:\/\/welle.ee\/ee\/wp-json\/wp\/v2\/product\/447367\/revisions\/484120"}],"wp:featuredmedia":[{"embeddable":true,"href":"https:\/\/welle.ee\/ee\/wp-json\/wp\/v2\/media\/447368"}],"wp:attachment":[{"href":"https:\/\/welle.ee\/ee\/wp-json\/wp\/v2\/media?parent=447367"}],"wp:term":[{"taxonomy":"product_brand","embeddable":true,"href":"https:\/\/welle.ee\/ee\/wp-json\/wp\/v2\/product_brand?post=447367"},{"taxonomy":"product_cat","embeddable":true,"href":"https:\/\/welle.ee\/ee\/wp-json\/wp\/v2\/product_cat?post=447367"},{"taxonomy":"product_tag","embeddable":true,"href":"https:\/\/welle.ee\/ee\/wp-json\/wp\/v2\/product_tag?post=447367"}],"curies":[{"name":"wp","href":"https:\/\/api.w.org\/{rel}","templated":true}]}}