{"id":448680,"date":"2025-08-21T13:14:25","date_gmt":"2025-08-21T13:14:25","guid":{"rendered":"https:\/\/wellefurniture.eu\/tool-bono-velvet-bluvel-19-must-kuldne-1\/"},"modified":"2026-02-12T23:00:34","modified_gmt":"2026-02-12T23:00:34","slug":"tool-bono-velvet-bluvel-19-must-kuldne-1","status":"publish","type":"product","link":"https:\/\/welle.ee\/ee\/tool-bono-velvet-bluvel-19-must-kuldne-1\/","title":{"rendered":"Tool BONO velvet Bluvel 28 bee\u017e\/kuldne"},"content":{"rendered":"<div data-content-type=\"html\" data-appearance=\"default\" data-element=\"main\">\n<ul>\n<li>Tooli iste ja seljatugi on kaetud sametise kangaga<\/li>\n<li>V\u00e4rvus: bee\u017e<\/li>\n<li>Istme k\u00f5rgus 47 cm<\/li>\n<li>Raam on kuldset v\u00e4rvi metallist<\/li>\n<li>Tarnitakse detailidena<\/li>\n<\/ul>\n<\/div>\n","protected":false},"excerpt":{"rendered":"<p>Tooli iste ja seljatugi on kaetud sametise kangaga V\u00e4rvus: bee\u017e Istme k\u00f5rgus 47 cm Raam on kuldset v\u00e4rvi metallist Tarnitakse<\/p>\n","protected":false},"featured_media":448681,"template":"","meta":[],"product_brand":[],"product_cat":[2353,2388,3593,3592,2405],"product_tag":[],"class_list":{"0":"post-448680","1":"product","2":"type-product","3":"status-publish","4":"has-post-thumbnail","6":"product_cat-shop","7":"product_cat-chairs","8":"product_cat-lauad-ja-toolid","9":"product_cat-leiunurk","10":"product_cat-toolid","11":"pa_color-beige","12":"pa_height-2970","13":"pa_height_range-h-50-100","14":"pa_length-2920","15":"pa_length_range-l-50-100","16":"pa_manufacturer-signal","17":"pa_material-samet","18":"pa_width-2670","19":"pa_width_range-w-50","21":"first","22":"instock","23":"sale","24":"taxable","25":"shipping-taxable","26":"purchasable","27":"product-type-simple"},"yoast_head":"<!-- This site is optimized with the Yoast SEO plugin v26.2 - https:\/\/yoast.com\/wordpress\/plugins\/seo\/ -->\n<title>Tool BONO velvet Bluvel 28 bee\u017e\/kuldne - Welle<\/title>\n<meta name=\"robots\" content=\"index, follow, max-snippet:-1, max-image-preview:large, max-video-preview:-1\" \/>\n<link rel=\"canonical\" href=\"https:\/\/welle.ee\/ee\/tool-bono-velvet-bluvel-19-must-kuldne-1\/\" \/>\n<meta property=\"og:locale\" content=\"en_US\" \/>\n<meta property=\"og:type\" content=\"article\" \/>\n<meta property=\"og:title\" content=\"Tool BONO velvet Bluvel 28 bee\u017e\/kuldne - Welle\" \/>\n<meta property=\"og:description\" content=\"Tooli iste ja seljatugi on kaetud sametise kangaga V\u00e4rvus: bee\u017e Istme k\u00f5rgus 47 cm Raam on kuldset v\u00e4rvi metallist Tarnitakse\" \/>\n<meta property=\"og:url\" content=\"https:\/\/welle.ee\/ee\/tool-bono-velvet-bluvel-19-must-kuldne-1\/\" \/>\n<meta property=\"og:site_name\" content=\"Welle\" \/>\n<meta property=\"article:modified_time\" content=\"2026-02-12T23:00:34+00:00\" \/>\n<meta property=\"og:image\" content=\"https:\/\/welle.ee\/wp-content\/uploads\/2025\/08\/screenshot_2024-05-07_093855.jpg\" \/>\n\t<meta property=\"og:image:width\" content=\"870\" \/>\n\t<meta property=\"og:image:height\" content=\"642\" \/>\n\t<meta property=\"og:image:type\" content=\"image\/jpeg\" \/>\n<meta name=\"twitter:card\" content=\"summary_large_image\" \/>\n<script type=\"application\/ld+json\" class=\"yoast-schema-graph\">{\"@context\":\"https:\/\/schema.org\",\"@graph\":[{\"@type\":\"WebPage\",\"@id\":\"https:\/\/welle.ee\/ee\/tool-bono-velvet-bluvel-19-must-kuldne-1\/\",\"url\":\"https:\/\/welle.ee\/ee\/tool-bono-velvet-bluvel-19-must-kuldne-1\/\",\"name\":\"Tool BONO velvet Bluvel 28 bee\u017e\/kuldne - Welle\",\"isPartOf\":{\"@id\":\"https:\/\/welle.ee\/ee\/#website\"},\"primaryImageOfPage\":{\"@id\":\"https:\/\/welle.ee\/ee\/tool-bono-velvet-bluvel-19-must-kuldne-1\/#primaryimage\"},\"image\":{\"@id\":\"https:\/\/welle.ee\/ee\/tool-bono-velvet-bluvel-19-must-kuldne-1\/#primaryimage\"},\"thumbnailUrl\":\"https:\/\/welle.ee\/wp-content\/uploads\/2025\/08\/screenshot_2024-05-07_093855.jpg\",\"datePublished\":\"2025-08-21T13:14:25+00:00\",\"dateModified\":\"2026-02-12T23:00:34+00:00\",\"breadcrumb\":{\"@id\":\"https:\/\/welle.ee\/ee\/tool-bono-velvet-bluvel-19-must-kuldne-1\/#breadcrumb\"},\"inLanguage\":\"ee\",\"potentialAction\":[{\"@type\":\"ReadAction\",\"target\":[\"https:\/\/welle.ee\/ee\/tool-bono-velvet-bluvel-19-must-kuldne-1\/\"]}]},{\"@type\":\"ImageObject\",\"inLanguage\":\"ee\",\"@id\":\"https:\/\/welle.ee\/ee\/tool-bono-velvet-bluvel-19-must-kuldne-1\/#primaryimage\",\"url\":\"https:\/\/welle.ee\/wp-content\/uploads\/2025\/08\/screenshot_2024-05-07_093855.jpg\",\"contentUrl\":\"https:\/\/welle.ee\/wp-content\/uploads\/2025\/08\/screenshot_2024-05-07_093855.jpg\",\"width\":870,\"height\":642},{\"@type\":\"BreadcrumbList\",\"@id\":\"https:\/\/welle.ee\/ee\/tool-bono-velvet-bluvel-19-must-kuldne-1\/#breadcrumb\",\"itemListElement\":[{\"@type\":\"ListItem\",\"position\":1,\"name\":\"\u0413\u043b\u0430\u0432\u043d\u0430\u044f \u0441\u0442\u0440\u0430\u043d\u0438\u0446\u0430\",\"item\":\"https:\/\/welle.ee\/ee\/\"},{\"@type\":\"ListItem\",\"position\":2,\"name\":\"Tooted\",\"item\":\"https:\/\/welle.ee\/ee\/tooted\/\"},{\"@type\":\"ListItem\",\"position\":3,\"name\":\"Tool BONO velvet Bluvel 28 bee\u017e\/kuldne\"}]},{\"@type\":\"WebSite\",\"@id\":\"https:\/\/welle.ee\/ee\/#website\",\"url\":\"https:\/\/welle.ee\/ee\/\",\"name\":\"Welle\",\"description\":\"\",\"potentialAction\":[{\"@type\":\"SearchAction\",\"target\":{\"@type\":\"EntryPoint\",\"urlTemplate\":\"https:\/\/welle.ee\/ee\/?s={search_term_string}\"},\"query-input\":{\"@type\":\"PropertyValueSpecification\",\"valueRequired\":true,\"valueName\":\"search_term_string\"}}],\"inLanguage\":\"ee\"}]}<\/script>\n<!-- \/ Yoast SEO plugin. -->","yoast_head_json":{"title":"Tool BONO velvet Bluvel 28 bee\u017e\/kuldne - Welle","robots":{"index":"index","follow":"follow","max-snippet":"max-snippet:-1","max-image-preview":"max-image-preview:large","max-video-preview":"max-video-preview:-1"},"canonical":"https:\/\/welle.ee\/ee\/tool-bono-velvet-bluvel-19-must-kuldne-1\/","og_locale":"en_US","og_type":"article","og_title":"Tool BONO velvet Bluvel 28 bee\u017e\/kuldne - Welle","og_description":"Tooli iste ja seljatugi on kaetud sametise kangaga V\u00e4rvus: bee\u017e Istme k\u00f5rgus 47 cm Raam on kuldset v\u00e4rvi metallist Tarnitakse","og_url":"https:\/\/welle.ee\/ee\/tool-bono-velvet-bluvel-19-must-kuldne-1\/","og_site_name":"Welle","article_modified_time":"2026-02-12T23:00:34+00:00","og_image":[{"width":870,"height":642,"url":"https:\/\/welle.ee\/wp-content\/uploads\/2025\/08\/screenshot_2024-05-07_093855.jpg","type":"image\/jpeg"}],"twitter_card":"summary_large_image","schema":{"@context":"https:\/\/schema.org","@graph":[{"@type":"WebPage","@id":"https:\/\/welle.ee\/ee\/tool-bono-velvet-bluvel-19-must-kuldne-1\/","url":"https:\/\/welle.ee\/ee\/tool-bono-velvet-bluvel-19-must-kuldne-1\/","name":"Tool BONO velvet Bluvel 28 bee\u017e\/kuldne - Welle","isPartOf":{"@id":"https:\/\/welle.ee\/ee\/#website"},"primaryImageOfPage":{"@id":"https:\/\/welle.ee\/ee\/tool-bono-velvet-bluvel-19-must-kuldne-1\/#primaryimage"},"image":{"@id":"https:\/\/welle.ee\/ee\/tool-bono-velvet-bluvel-19-must-kuldne-1\/#primaryimage"},"thumbnailUrl":"https:\/\/welle.ee\/wp-content\/uploads\/2025\/08\/screenshot_2024-05-07_093855.jpg","datePublished":"2025-08-21T13:14:25+00:00","dateModified":"2026-02-12T23:00:34+00:00","breadcrumb":{"@id":"https:\/\/welle.ee\/ee\/tool-bono-velvet-bluvel-19-must-kuldne-1\/#breadcrumb"},"inLanguage":"ee","potentialAction":[{"@type":"ReadAction","target":["https:\/\/welle.ee\/ee\/tool-bono-velvet-bluvel-19-must-kuldne-1\/"]}]},{"@type":"ImageObject","inLanguage":"ee","@id":"https:\/\/welle.ee\/ee\/tool-bono-velvet-bluvel-19-must-kuldne-1\/#primaryimage","url":"https:\/\/welle.ee\/wp-content\/uploads\/2025\/08\/screenshot_2024-05-07_093855.jpg","contentUrl":"https:\/\/welle.ee\/wp-content\/uploads\/2025\/08\/screenshot_2024-05-07_093855.jpg","width":870,"height":642},{"@type":"BreadcrumbList","@id":"https:\/\/welle.ee\/ee\/tool-bono-velvet-bluvel-19-must-kuldne-1\/#breadcrumb","itemListElement":[{"@type":"ListItem","position":1,"name":"\u0413\u043b\u0430\u0432\u043d\u0430\u044f \u0441\u0442\u0440\u0430\u043d\u0438\u0446\u0430","item":"https:\/\/welle.ee\/ee\/"},{"@type":"ListItem","position":2,"name":"Tooted","item":"https:\/\/welle.ee\/ee\/tooted\/"},{"@type":"ListItem","position":3,"name":"Tool BONO velvet Bluvel 28 bee\u017e\/kuldne"}]},{"@type":"WebSite","@id":"https:\/\/welle.ee\/ee\/#website","url":"https:\/\/welle.ee\/ee\/","name":"Welle","description":"","potentialAction":[{"@type":"SearchAction","target":{"@type":"EntryPoint","urlTemplate":"https:\/\/welle.ee\/ee\/?s={search_term_string}"},"query-input":{"@type":"PropertyValueSpecification","valueRequired":true,"valueName":"search_term_string"}}],"inLanguage":"ee"}]}},"_links":{"self":[{"href":"https:\/\/welle.ee\/ee\/wp-json\/wp\/v2\/product\/448680","targetHints":{"allow":["GET"]}}],"collection":[{"href":"https:\/\/welle.ee\/ee\/wp-json\/wp\/v2\/product"}],"about":[{"href":"https:\/\/welle.ee\/ee\/wp-json\/wp\/v2\/types\/product"}],"version-history":[{"count":1,"href":"https:\/\/welle.ee\/ee\/wp-json\/wp\/v2\/product\/448680\/revisions"}],"predecessor-version":[{"id":484257,"href":"https:\/\/welle.ee\/ee\/wp-json\/wp\/v2\/product\/448680\/revisions\/484257"}],"wp:featuredmedia":[{"embeddable":true,"href":"https:\/\/welle.ee\/ee\/wp-json\/wp\/v2\/media\/448681"}],"wp:attachment":[{"href":"https:\/\/welle.ee\/ee\/wp-json\/wp\/v2\/media?parent=448680"}],"wp:term":[{"taxonomy":"product_brand","embeddable":true,"href":"https:\/\/welle.ee\/ee\/wp-json\/wp\/v2\/product_brand?post=448680"},{"taxonomy":"product_cat","embeddable":true,"href":"https:\/\/welle.ee\/ee\/wp-json\/wp\/v2\/product_cat?post=448680"},{"taxonomy":"product_tag","embeddable":true,"href":"https:\/\/welle.ee\/ee\/wp-json\/wp\/v2\/product_tag?post=448680"}],"curies":[{"name":"wp","href":"https:\/\/api.w.org\/{rel}","templated":true}]}}