{"id":450201,"date":"2025-08-21T13:16:46","date_gmt":"2025-08-21T13:16:46","guid":{"rendered":"https:\/\/wellefurniture.eu\/tugitool-brigitte-brego-karri\/"},"modified":"2026-04-14T04:00:33","modified_gmt":"2026-04-14T04:00:33","slug":"tugitool-brigitte-brego-karri","status":"publish","type":"product","link":"https:\/\/welle.ee\/ee\/tugitool-brigitte-brego-karri\/","title":{"rendered":"Tugitool BRIGITTE Brego karri"},"content":{"rendered":"<div data-content-type=\"html\" data-appearance=\"default\" data-element=\"main\">\n<ul>\n<li>Tugitooli iste ja seljatugi on kaetud karri v\u00e4rvi kangaga<\/li>\n<li>Iste p\u00f6\u00f6rleb 360\u00b0<\/li>\n<li>Istme k\u00f5rgus 45 cm<\/li>\n<li>Alus on kroomitud metallist<\/li>\n<li>Kandev\u00f5ime kuni 150 kg<\/li>\n<li>Tarnitakse detailidena<\/li>\n<\/ul>\n<\/div>\n","protected":false},"excerpt":{"rendered":"<p>Tugitooli iste ja seljatugi on kaetud karri v\u00e4rvi kangaga Iste p\u00f6\u00f6rleb 360\u00b0 Istme k\u00f5rgus 45 cm Alus on kroomitud metallist<\/p>\n","protected":false},"featured_media":450202,"template":"","meta":[],"product_brand":[],"product_cat":[2353,2409,2416],"product_tag":[],"class_list":{"0":"post-450201","1":"product","2":"type-product","3":"status-publish","4":"has-post-thumbnail","6":"product_cat-shop","7":"product_cat-soft","8":"product_cat-armchiar","9":"pa_color-yellow","10":"pa_length-3298","11":"pa_manufacturer-signal","12":"pa_material-fabric","13":"pa_width-2536","14":"pa_width_range-w-50-100","16":"first","17":"instock","18":"sale","19":"taxable","20":"shipping-taxable","21":"purchasable","22":"product-type-simple"},"yoast_head":"<!-- This site is optimized with the Yoast SEO plugin v26.2 - https:\/\/yoast.com\/wordpress\/plugins\/seo\/ -->\n<title>Tugitool BRIGITTE Brego karri - Welle<\/title>\n<meta name=\"robots\" content=\"index, follow, max-snippet:-1, max-image-preview:large, max-video-preview:-1\" \/>\n<link rel=\"canonical\" href=\"https:\/\/welle.ee\/ee\/tugitool-brigitte-brego-karri\/\" \/>\n<meta property=\"og:locale\" content=\"en_US\" \/>\n<meta property=\"og:type\" content=\"article\" \/>\n<meta property=\"og:title\" content=\"Tugitool BRIGITTE Brego karri - Welle\" \/>\n<meta property=\"og:description\" content=\"Tugitooli iste ja seljatugi on kaetud karri v\u00e4rvi kangaga Iste p\u00f6\u00f6rleb 360\u00b0 Istme k\u00f5rgus 45 cm Alus on kroomitud metallist\" \/>\n<meta property=\"og:url\" content=\"https:\/\/welle.ee\/ee\/tugitool-brigitte-brego-karri\/\" \/>\n<meta property=\"og:site_name\" content=\"Welle\" \/>\n<meta property=\"article:modified_time\" content=\"2026-04-14T04:00:33+00:00\" \/>\n<meta property=\"og:image\" content=\"https:\/\/welle.ee\/wp-content\/uploads\/2025\/08\/screenshot_2024-05-21_131424.jpg\" \/>\n\t<meta property=\"og:image:width\" content=\"889\" \/>\n\t<meta property=\"og:image:height\" content=\"644\" \/>\n\t<meta property=\"og:image:type\" content=\"image\/jpeg\" \/>\n<meta name=\"twitter:card\" content=\"summary_large_image\" \/>\n<script type=\"application\/ld+json\" class=\"yoast-schema-graph\">{\"@context\":\"https:\/\/schema.org\",\"@graph\":[{\"@type\":\"WebPage\",\"@id\":\"https:\/\/welle.ee\/ee\/tugitool-brigitte-brego-karri\/\",\"url\":\"https:\/\/welle.ee\/ee\/tugitool-brigitte-brego-karri\/\",\"name\":\"Tugitool BRIGITTE Brego karri - Welle\",\"isPartOf\":{\"@id\":\"https:\/\/welle.ee\/ee\/#website\"},\"primaryImageOfPage\":{\"@id\":\"https:\/\/welle.ee\/ee\/tugitool-brigitte-brego-karri\/#primaryimage\"},\"image\":{\"@id\":\"https:\/\/welle.ee\/ee\/tugitool-brigitte-brego-karri\/#primaryimage\"},\"thumbnailUrl\":\"https:\/\/welle.ee\/wp-content\/uploads\/2025\/08\/screenshot_2024-05-21_131424.jpg\",\"datePublished\":\"2025-08-21T13:16:46+00:00\",\"dateModified\":\"2026-04-14T04:00:33+00:00\",\"breadcrumb\":{\"@id\":\"https:\/\/welle.ee\/ee\/tugitool-brigitte-brego-karri\/#breadcrumb\"},\"inLanguage\":\"ee\",\"potentialAction\":[{\"@type\":\"ReadAction\",\"target\":[\"https:\/\/welle.ee\/ee\/tugitool-brigitte-brego-karri\/\"]}]},{\"@type\":\"ImageObject\",\"inLanguage\":\"ee\",\"@id\":\"https:\/\/welle.ee\/ee\/tugitool-brigitte-brego-karri\/#primaryimage\",\"url\":\"https:\/\/welle.ee\/wp-content\/uploads\/2025\/08\/screenshot_2024-05-21_131424.jpg\",\"contentUrl\":\"https:\/\/welle.ee\/wp-content\/uploads\/2025\/08\/screenshot_2024-05-21_131424.jpg\",\"width\":889,\"height\":644},{\"@type\":\"BreadcrumbList\",\"@id\":\"https:\/\/welle.ee\/ee\/tugitool-brigitte-brego-karri\/#breadcrumb\",\"itemListElement\":[{\"@type\":\"ListItem\",\"position\":1,\"name\":\"\u0413\u043b\u0430\u0432\u043d\u0430\u044f \u0441\u0442\u0440\u0430\u043d\u0438\u0446\u0430\",\"item\":\"https:\/\/welle.ee\/ee\/\"},{\"@type\":\"ListItem\",\"position\":2,\"name\":\"Tooted\",\"item\":\"https:\/\/welle.ee\/ee\/tooted\/\"},{\"@type\":\"ListItem\",\"position\":3,\"name\":\"Tugitool BRIGITTE Brego karri\"}]},{\"@type\":\"WebSite\",\"@id\":\"https:\/\/welle.ee\/ee\/#website\",\"url\":\"https:\/\/welle.ee\/ee\/\",\"name\":\"Welle\",\"description\":\"\",\"potentialAction\":[{\"@type\":\"SearchAction\",\"target\":{\"@type\":\"EntryPoint\",\"urlTemplate\":\"https:\/\/welle.ee\/ee\/?s={search_term_string}\"},\"query-input\":{\"@type\":\"PropertyValueSpecification\",\"valueRequired\":true,\"valueName\":\"search_term_string\"}}],\"inLanguage\":\"ee\"}]}<\/script>\n<!-- \/ Yoast SEO plugin. -->","yoast_head_json":{"title":"Tugitool BRIGITTE Brego karri - Welle","robots":{"index":"index","follow":"follow","max-snippet":"max-snippet:-1","max-image-preview":"max-image-preview:large","max-video-preview":"max-video-preview:-1"},"canonical":"https:\/\/welle.ee\/ee\/tugitool-brigitte-brego-karri\/","og_locale":"en_US","og_type":"article","og_title":"Tugitool BRIGITTE Brego karri - Welle","og_description":"Tugitooli iste ja seljatugi on kaetud karri v\u00e4rvi kangaga Iste p\u00f6\u00f6rleb 360\u00b0 Istme k\u00f5rgus 45 cm Alus on kroomitud metallist","og_url":"https:\/\/welle.ee\/ee\/tugitool-brigitte-brego-karri\/","og_site_name":"Welle","article_modified_time":"2026-04-14T04:00:33+00:00","og_image":[{"width":889,"height":644,"url":"https:\/\/welle.ee\/wp-content\/uploads\/2025\/08\/screenshot_2024-05-21_131424.jpg","type":"image\/jpeg"}],"twitter_card":"summary_large_image","schema":{"@context":"https:\/\/schema.org","@graph":[{"@type":"WebPage","@id":"https:\/\/welle.ee\/ee\/tugitool-brigitte-brego-karri\/","url":"https:\/\/welle.ee\/ee\/tugitool-brigitte-brego-karri\/","name":"Tugitool BRIGITTE Brego karri - Welle","isPartOf":{"@id":"https:\/\/welle.ee\/ee\/#website"},"primaryImageOfPage":{"@id":"https:\/\/welle.ee\/ee\/tugitool-brigitte-brego-karri\/#primaryimage"},"image":{"@id":"https:\/\/welle.ee\/ee\/tugitool-brigitte-brego-karri\/#primaryimage"},"thumbnailUrl":"https:\/\/welle.ee\/wp-content\/uploads\/2025\/08\/screenshot_2024-05-21_131424.jpg","datePublished":"2025-08-21T13:16:46+00:00","dateModified":"2026-04-14T04:00:33+00:00","breadcrumb":{"@id":"https:\/\/welle.ee\/ee\/tugitool-brigitte-brego-karri\/#breadcrumb"},"inLanguage":"ee","potentialAction":[{"@type":"ReadAction","target":["https:\/\/welle.ee\/ee\/tugitool-brigitte-brego-karri\/"]}]},{"@type":"ImageObject","inLanguage":"ee","@id":"https:\/\/welle.ee\/ee\/tugitool-brigitte-brego-karri\/#primaryimage","url":"https:\/\/welle.ee\/wp-content\/uploads\/2025\/08\/screenshot_2024-05-21_131424.jpg","contentUrl":"https:\/\/welle.ee\/wp-content\/uploads\/2025\/08\/screenshot_2024-05-21_131424.jpg","width":889,"height":644},{"@type":"BreadcrumbList","@id":"https:\/\/welle.ee\/ee\/tugitool-brigitte-brego-karri\/#breadcrumb","itemListElement":[{"@type":"ListItem","position":1,"name":"\u0413\u043b\u0430\u0432\u043d\u0430\u044f \u0441\u0442\u0440\u0430\u043d\u0438\u0446\u0430","item":"https:\/\/welle.ee\/ee\/"},{"@type":"ListItem","position":2,"name":"Tooted","item":"https:\/\/welle.ee\/ee\/tooted\/"},{"@type":"ListItem","position":3,"name":"Tugitool BRIGITTE Brego karri"}]},{"@type":"WebSite","@id":"https:\/\/welle.ee\/ee\/#website","url":"https:\/\/welle.ee\/ee\/","name":"Welle","description":"","potentialAction":[{"@type":"SearchAction","target":{"@type":"EntryPoint","urlTemplate":"https:\/\/welle.ee\/ee\/?s={search_term_string}"},"query-input":{"@type":"PropertyValueSpecification","valueRequired":true,"valueName":"search_term_string"}}],"inLanguage":"ee"}]}},"_links":{"self":[{"href":"https:\/\/welle.ee\/ee\/wp-json\/wp\/v2\/product\/450201","targetHints":{"allow":["GET"]}}],"collection":[{"href":"https:\/\/welle.ee\/ee\/wp-json\/wp\/v2\/product"}],"about":[{"href":"https:\/\/welle.ee\/ee\/wp-json\/wp\/v2\/types\/product"}],"version-history":[{"count":1,"href":"https:\/\/welle.ee\/ee\/wp-json\/wp\/v2\/product\/450201\/revisions"}],"predecessor-version":[{"id":484386,"href":"https:\/\/welle.ee\/ee\/wp-json\/wp\/v2\/product\/450201\/revisions\/484386"}],"wp:featuredmedia":[{"embeddable":true,"href":"https:\/\/welle.ee\/ee\/wp-json\/wp\/v2\/media\/450202"}],"wp:attachment":[{"href":"https:\/\/welle.ee\/ee\/wp-json\/wp\/v2\/media?parent=450201"}],"wp:term":[{"taxonomy":"product_brand","embeddable":true,"href":"https:\/\/welle.ee\/ee\/wp-json\/wp\/v2\/product_brand?post=450201"},{"taxonomy":"product_cat","embeddable":true,"href":"https:\/\/welle.ee\/ee\/wp-json\/wp\/v2\/product_cat?post=450201"},{"taxonomy":"product_tag","embeddable":true,"href":"https:\/\/welle.ee\/ee\/wp-json\/wp\/v2\/product_tag?post=450201"}],"curies":[{"name":"wp","href":"https:\/\/api.w.org\/{rel}","templated":true}]}}