{"id":450664,"date":"2025-08-21T13:17:40","date_gmt":"2025-08-21T13:17:40","guid":{"rendered":"https:\/\/wellefurniture.eu\/voodi-nikozja-raven-06-helehall-1\/"},"modified":"2026-02-18T23:00:52","modified_gmt":"2026-02-18T23:00:52","slug":"voodi-nikozja-raven-06-helehall-1","status":"publish","type":"product","link":"https:\/\/welle.ee\/ee\/voodi-nikozja-raven-06-helehall-1\/","title":{"rendered":"Voodi NIKOZJA Raven 28 bee\u017e 160\u0445200"},"content":{"rendered":"<div data-content-type=\"html\" data-appearance=\"default\" data-element=\"main\">\n<ul>\n<li>Voodi on valmistatud puidust ja m\u00f6\u00f6bliplaadist<\/li>\n<li>Voodi on kaetud kangaga<\/li>\n<li>Jalad on musta v\u00e4rvi metallist, k\u00f5rgusega 13 cm<\/li>\n<li>Voodip\u00f5hi kuulub komplekti<\/li>\n<li>Madrats (160&#215;200 cm) ei kuulu komplekti<\/li>\n<li>Tarnitakse detailidena<\/li>\n<\/ul>\n<\/div>\n","protected":false},"excerpt":{"rendered":"<p>Voodi on valmistatud puidust ja m\u00f6\u00f6bliplaadist Voodi on kaetud kangaga Jalad on musta v\u00e4rvi metallist, k\u00f5rgusega 13 cm Voodip\u00f5hi kuulub<\/p>\n","protected":false},"featured_media":450665,"template":"","meta":[],"product_brand":[],"product_cat":[2353,3592,2346,2348,3962],"product_tag":[],"class_list":{"0":"post-450664","1":"product","2":"type-product","3":"status-publish","4":"has-post-thumbnail","6":"product_cat-shop","7":"product_cat-leiunurk","8":"product_cat-bad","9":"product_cat-beds","10":"product_cat-voodid-ja-madratsid","11":"pa_bed_size-bed-size-160x200","12":"pa_color-beige","13":"pa_height-4982","14":"pa_height_range-h-101-150","15":"pa_length-3178","16":"pa_length_range-l-200","17":"pa_manufacturer-signal","18":"pa_material-fabric","19":"pa_width-4304","20":"pa_width_range-w-151-200","22":"first","23":"instock","24":"sale","25":"taxable","26":"shipping-taxable","27":"purchasable","28":"product-type-simple"},"yoast_head":"<!-- This site is optimized with the Yoast SEO plugin v26.2 - https:\/\/yoast.com\/wordpress\/plugins\/seo\/ -->\n<title>Voodi NIKOZJA Raven 28 bee\u017e 160\u0445200 - Welle<\/title>\n<meta name=\"robots\" content=\"index, follow, max-snippet:-1, max-image-preview:large, max-video-preview:-1\" \/>\n<link rel=\"canonical\" href=\"https:\/\/welle.ee\/ee\/voodi-nikozja-raven-06-helehall-1\/\" \/>\n<meta property=\"og:locale\" content=\"en_US\" \/>\n<meta property=\"og:type\" content=\"article\" \/>\n<meta property=\"og:title\" content=\"Voodi NIKOZJA Raven 28 bee\u017e 160\u0445200 - Welle\" \/>\n<meta property=\"og:description\" content=\"Voodi on valmistatud puidust ja m\u00f6\u00f6bliplaadist Voodi on kaetud kangaga Jalad on musta v\u00e4rvi metallist, k\u00f5rgusega 13 cm Voodip\u00f5hi kuulub\" \/>\n<meta property=\"og:url\" content=\"https:\/\/welle.ee\/ee\/voodi-nikozja-raven-06-helehall-1\/\" \/>\n<meta property=\"og:site_name\" content=\"Welle\" \/>\n<meta property=\"article:modified_time\" content=\"2026-02-18T23:00:52+00:00\" \/>\n<meta property=\"og:image\" content=\"https:\/\/welle.ee\/wp-content\/uploads\/2025\/08\/screenshot_2024-05-28_091128_1.jpg\" \/>\n\t<meta property=\"og:image:width\" content=\"613\" \/>\n\t<meta property=\"og:image:height\" content=\"235\" \/>\n\t<meta property=\"og:image:type\" content=\"image\/jpeg\" \/>\n<meta name=\"twitter:card\" content=\"summary_large_image\" \/>\n<script type=\"application\/ld+json\" class=\"yoast-schema-graph\">{\"@context\":\"https:\/\/schema.org\",\"@graph\":[{\"@type\":\"WebPage\",\"@id\":\"https:\/\/welle.ee\/ee\/voodi-nikozja-raven-06-helehall-1\/\",\"url\":\"https:\/\/welle.ee\/ee\/voodi-nikozja-raven-06-helehall-1\/\",\"name\":\"Voodi NIKOZJA Raven 28 bee\u017e 160\u0445200 - Welle\",\"isPartOf\":{\"@id\":\"https:\/\/welle.ee\/ee\/#website\"},\"primaryImageOfPage\":{\"@id\":\"https:\/\/welle.ee\/ee\/voodi-nikozja-raven-06-helehall-1\/#primaryimage\"},\"image\":{\"@id\":\"https:\/\/welle.ee\/ee\/voodi-nikozja-raven-06-helehall-1\/#primaryimage\"},\"thumbnailUrl\":\"https:\/\/welle.ee\/wp-content\/uploads\/2025\/08\/screenshot_2024-05-28_091128_1.jpg\",\"datePublished\":\"2025-08-21T13:17:40+00:00\",\"dateModified\":\"2026-02-18T23:00:52+00:00\",\"breadcrumb\":{\"@id\":\"https:\/\/welle.ee\/ee\/voodi-nikozja-raven-06-helehall-1\/#breadcrumb\"},\"inLanguage\":\"ee\",\"potentialAction\":[{\"@type\":\"ReadAction\",\"target\":[\"https:\/\/welle.ee\/ee\/voodi-nikozja-raven-06-helehall-1\/\"]}]},{\"@type\":\"ImageObject\",\"inLanguage\":\"ee\",\"@id\":\"https:\/\/welle.ee\/ee\/voodi-nikozja-raven-06-helehall-1\/#primaryimage\",\"url\":\"https:\/\/welle.ee\/wp-content\/uploads\/2025\/08\/screenshot_2024-05-28_091128_1.jpg\",\"contentUrl\":\"https:\/\/welle.ee\/wp-content\/uploads\/2025\/08\/screenshot_2024-05-28_091128_1.jpg\",\"width\":613,\"height\":235},{\"@type\":\"BreadcrumbList\",\"@id\":\"https:\/\/welle.ee\/ee\/voodi-nikozja-raven-06-helehall-1\/#breadcrumb\",\"itemListElement\":[{\"@type\":\"ListItem\",\"position\":1,\"name\":\"\u0413\u043b\u0430\u0432\u043d\u0430\u044f \u0441\u0442\u0440\u0430\u043d\u0438\u0446\u0430\",\"item\":\"https:\/\/welle.ee\/ee\/\"},{\"@type\":\"ListItem\",\"position\":2,\"name\":\"Tooted\",\"item\":\"https:\/\/welle.ee\/ee\/tooted\/\"},{\"@type\":\"ListItem\",\"position\":3,\"name\":\"Voodi NIKOZJA Raven 28 bee\u017e 160\u0445200\"}]},{\"@type\":\"WebSite\",\"@id\":\"https:\/\/welle.ee\/ee\/#website\",\"url\":\"https:\/\/welle.ee\/ee\/\",\"name\":\"Welle\",\"description\":\"\",\"potentialAction\":[{\"@type\":\"SearchAction\",\"target\":{\"@type\":\"EntryPoint\",\"urlTemplate\":\"https:\/\/welle.ee\/ee\/?s={search_term_string}\"},\"query-input\":{\"@type\":\"PropertyValueSpecification\",\"valueRequired\":true,\"valueName\":\"search_term_string\"}}],\"inLanguage\":\"ee\"}]}<\/script>\n<!-- \/ Yoast SEO plugin. -->","yoast_head_json":{"title":"Voodi NIKOZJA Raven 28 bee\u017e 160\u0445200 - Welle","robots":{"index":"index","follow":"follow","max-snippet":"max-snippet:-1","max-image-preview":"max-image-preview:large","max-video-preview":"max-video-preview:-1"},"canonical":"https:\/\/welle.ee\/ee\/voodi-nikozja-raven-06-helehall-1\/","og_locale":"en_US","og_type":"article","og_title":"Voodi NIKOZJA Raven 28 bee\u017e 160\u0445200 - Welle","og_description":"Voodi on valmistatud puidust ja m\u00f6\u00f6bliplaadist Voodi on kaetud kangaga Jalad on musta v\u00e4rvi metallist, k\u00f5rgusega 13 cm Voodip\u00f5hi kuulub","og_url":"https:\/\/welle.ee\/ee\/voodi-nikozja-raven-06-helehall-1\/","og_site_name":"Welle","article_modified_time":"2026-02-18T23:00:52+00:00","og_image":[{"width":613,"height":235,"url":"https:\/\/welle.ee\/wp-content\/uploads\/2025\/08\/screenshot_2024-05-28_091128_1.jpg","type":"image\/jpeg"}],"twitter_card":"summary_large_image","schema":{"@context":"https:\/\/schema.org","@graph":[{"@type":"WebPage","@id":"https:\/\/welle.ee\/ee\/voodi-nikozja-raven-06-helehall-1\/","url":"https:\/\/welle.ee\/ee\/voodi-nikozja-raven-06-helehall-1\/","name":"Voodi NIKOZJA Raven 28 bee\u017e 160\u0445200 - Welle","isPartOf":{"@id":"https:\/\/welle.ee\/ee\/#website"},"primaryImageOfPage":{"@id":"https:\/\/welle.ee\/ee\/voodi-nikozja-raven-06-helehall-1\/#primaryimage"},"image":{"@id":"https:\/\/welle.ee\/ee\/voodi-nikozja-raven-06-helehall-1\/#primaryimage"},"thumbnailUrl":"https:\/\/welle.ee\/wp-content\/uploads\/2025\/08\/screenshot_2024-05-28_091128_1.jpg","datePublished":"2025-08-21T13:17:40+00:00","dateModified":"2026-02-18T23:00:52+00:00","breadcrumb":{"@id":"https:\/\/welle.ee\/ee\/voodi-nikozja-raven-06-helehall-1\/#breadcrumb"},"inLanguage":"ee","potentialAction":[{"@type":"ReadAction","target":["https:\/\/welle.ee\/ee\/voodi-nikozja-raven-06-helehall-1\/"]}]},{"@type":"ImageObject","inLanguage":"ee","@id":"https:\/\/welle.ee\/ee\/voodi-nikozja-raven-06-helehall-1\/#primaryimage","url":"https:\/\/welle.ee\/wp-content\/uploads\/2025\/08\/screenshot_2024-05-28_091128_1.jpg","contentUrl":"https:\/\/welle.ee\/wp-content\/uploads\/2025\/08\/screenshot_2024-05-28_091128_1.jpg","width":613,"height":235},{"@type":"BreadcrumbList","@id":"https:\/\/welle.ee\/ee\/voodi-nikozja-raven-06-helehall-1\/#breadcrumb","itemListElement":[{"@type":"ListItem","position":1,"name":"\u0413\u043b\u0430\u0432\u043d\u0430\u044f \u0441\u0442\u0440\u0430\u043d\u0438\u0446\u0430","item":"https:\/\/welle.ee\/ee\/"},{"@type":"ListItem","position":2,"name":"Tooted","item":"https:\/\/welle.ee\/ee\/tooted\/"},{"@type":"ListItem","position":3,"name":"Voodi NIKOZJA Raven 28 bee\u017e 160\u0445200"}]},{"@type":"WebSite","@id":"https:\/\/welle.ee\/ee\/#website","url":"https:\/\/welle.ee\/ee\/","name":"Welle","description":"","potentialAction":[{"@type":"SearchAction","target":{"@type":"EntryPoint","urlTemplate":"https:\/\/welle.ee\/ee\/?s={search_term_string}"},"query-input":{"@type":"PropertyValueSpecification","valueRequired":true,"valueName":"search_term_string"}}],"inLanguage":"ee"}]}},"_links":{"self":[{"href":"https:\/\/welle.ee\/ee\/wp-json\/wp\/v2\/product\/450664","targetHints":{"allow":["GET"]}}],"collection":[{"href":"https:\/\/welle.ee\/ee\/wp-json\/wp\/v2\/product"}],"about":[{"href":"https:\/\/welle.ee\/ee\/wp-json\/wp\/v2\/types\/product"}],"version-history":[{"count":1,"href":"https:\/\/welle.ee\/ee\/wp-json\/wp\/v2\/product\/450664\/revisions"}],"predecessor-version":[{"id":484420,"href":"https:\/\/welle.ee\/ee\/wp-json\/wp\/v2\/product\/450664\/revisions\/484420"}],"wp:featuredmedia":[{"embeddable":true,"href":"https:\/\/welle.ee\/ee\/wp-json\/wp\/v2\/media\/450665"}],"wp:attachment":[{"href":"https:\/\/welle.ee\/ee\/wp-json\/wp\/v2\/media?parent=450664"}],"wp:term":[{"taxonomy":"product_brand","embeddable":true,"href":"https:\/\/welle.ee\/ee\/wp-json\/wp\/v2\/product_brand?post=450664"},{"taxonomy":"product_cat","embeddable":true,"href":"https:\/\/welle.ee\/ee\/wp-json\/wp\/v2\/product_cat?post=450664"},{"taxonomy":"product_tag","embeddable":true,"href":"https:\/\/welle.ee\/ee\/wp-json\/wp\/v2\/product_tag?post=450664"}],"curies":[{"name":"wp","href":"https:\/\/api.w.org\/{rel}","templated":true}]}}