{"id":451965,"date":"2025-08-21T13:18:59","date_gmt":"2025-08-21T13:18:59","guid":{"rendered":"https:\/\/wellefurniture.eu\/voodi-lisavoodiga-russo-velvet-90x200-hall\/"},"modified":"2026-04-24T10:01:24","modified_gmt":"2026-04-24T10:01:24","slug":"voodi-lisavoodiga-russo-velvet-90x200-hall","status":"publish","type":"product","link":"https:\/\/welle.ee\/ee\/voodi-lisavoodiga-russo-velvet-90x200-hall\/","title":{"rendered":"Voodi lisavoodiga RUSSO velvet 90&#215;200 hall"},"content":{"rendered":"<div data-content-type=\"html\" data-appearance=\"default\" data-element=\"main\">\n<ul>\n<li>Voodi karkass on valmistatud m\u00f6\u00f6bliplaadist ja puidust<\/li>\n<li>Kaetud halli v\u00e4rvi sametise kangaga<\/li>\n<li>Voodip\u00f5hi on hinna sees<\/li>\n<li>Madratsid ei kuulu komplekti, valige sobiv madrats m\u00f5\u00f5dus 90&#215;200 cm<\/li>\n<li>Tarnitakse detailidena<\/li>\n<\/ul>\n<\/div>\n","protected":false},"excerpt":{"rendered":"<p>Voodi karkass on valmistatud m\u00f6\u00f6bliplaadist ja puidust Kaetud halli v\u00e4rvi sametise kangaga Voodip\u00f5hi on hinna sees Madratsid ei kuulu komplekti,<\/p>\n","protected":false},"featured_media":451966,"template":"","meta":[],"product_brand":[],"product_cat":[2353,2382,2386,3592,2346,2348,3962],"product_tag":[],"class_list":{"0":"post-451965","1":"product","2":"type-product","3":"status-publish","4":"has-post-thumbnail","6":"product_cat-shop","7":"product_cat-childroom","8":"product_cat-childbed","9":"product_cat-leiunurk","10":"product_cat-bad","11":"product_cat-beds","12":"product_cat-voodid-ja-madratsid","13":"pa_bed_size-bed-size-90x200","14":"pa_color-grey","15":"pa_height-5469","16":"pa_height_range-h-101-150","17":"pa_length-2656","18":"pa_length_range-l-200","19":"pa_manufacturer-halmar","20":"pa_material-samet","21":"pa_width-3063","22":"pa_width_range-w-50-100","24":"first","25":"instock","26":"sale","27":"taxable","28":"shipping-taxable","29":"purchasable","30":"product-type-simple"},"yoast_head":"<!-- This site is optimized with the Yoast SEO plugin v26.2 - https:\/\/yoast.com\/wordpress\/plugins\/seo\/ -->\n<title>Voodi lisavoodiga RUSSO velvet 90x200 hall - Welle<\/title>\n<meta name=\"robots\" content=\"index, follow, max-snippet:-1, max-image-preview:large, max-video-preview:-1\" \/>\n<link rel=\"canonical\" href=\"https:\/\/welle.ee\/ee\/voodi-lisavoodiga-russo-velvet-90x200-hall\/\" \/>\n<meta property=\"og:locale\" content=\"en_US\" \/>\n<meta property=\"og:type\" content=\"article\" \/>\n<meta property=\"og:title\" content=\"Voodi lisavoodiga RUSSO velvet 90x200 hall - Welle\" \/>\n<meta property=\"og:description\" content=\"Voodi karkass on valmistatud m\u00f6\u00f6bliplaadist ja puidust Kaetud halli v\u00e4rvi sametise kangaga Voodip\u00f5hi on hinna sees Madratsid ei kuulu komplekti,\" \/>\n<meta property=\"og:url\" content=\"https:\/\/welle.ee\/ee\/voodi-lisavoodiga-russo-velvet-90x200-hall\/\" \/>\n<meta property=\"og:site_name\" content=\"Welle\" \/>\n<meta property=\"article:modified_time\" content=\"2026-04-24T10:01:24+00:00\" \/>\n<meta property=\"og:image\" content=\"https:\/\/welle.ee\/wp-content\/uploads\/2025\/08\/a7f9a274e00d49b67584e36e27982ca3.jpeg\" \/>\n\t<meta property=\"og:image:width\" content=\"800\" \/>\n\t<meta property=\"og:image:height\" content=\"571\" \/>\n\t<meta property=\"og:image:type\" content=\"image\/jpeg\" \/>\n<meta name=\"twitter:card\" content=\"summary_large_image\" \/>\n<script type=\"application\/ld+json\" class=\"yoast-schema-graph\">{\"@context\":\"https:\/\/schema.org\",\"@graph\":[{\"@type\":\"WebPage\",\"@id\":\"https:\/\/welle.ee\/ee\/voodi-lisavoodiga-russo-velvet-90x200-hall\/\",\"url\":\"https:\/\/welle.ee\/ee\/voodi-lisavoodiga-russo-velvet-90x200-hall\/\",\"name\":\"Voodi lisavoodiga RUSSO velvet 90x200 hall - Welle\",\"isPartOf\":{\"@id\":\"https:\/\/welle.ee\/ee\/#website\"},\"primaryImageOfPage\":{\"@id\":\"https:\/\/welle.ee\/ee\/voodi-lisavoodiga-russo-velvet-90x200-hall\/#primaryimage\"},\"image\":{\"@id\":\"https:\/\/welle.ee\/ee\/voodi-lisavoodiga-russo-velvet-90x200-hall\/#primaryimage\"},\"thumbnailUrl\":\"https:\/\/welle.ee\/wp-content\/uploads\/2025\/08\/a7f9a274e00d49b67584e36e27982ca3.jpeg\",\"datePublished\":\"2025-08-21T13:18:59+00:00\",\"dateModified\":\"2026-04-24T10:01:24+00:00\",\"breadcrumb\":{\"@id\":\"https:\/\/welle.ee\/ee\/voodi-lisavoodiga-russo-velvet-90x200-hall\/#breadcrumb\"},\"inLanguage\":\"ee\",\"potentialAction\":[{\"@type\":\"ReadAction\",\"target\":[\"https:\/\/welle.ee\/ee\/voodi-lisavoodiga-russo-velvet-90x200-hall\/\"]}]},{\"@type\":\"ImageObject\",\"inLanguage\":\"ee\",\"@id\":\"https:\/\/welle.ee\/ee\/voodi-lisavoodiga-russo-velvet-90x200-hall\/#primaryimage\",\"url\":\"https:\/\/welle.ee\/wp-content\/uploads\/2025\/08\/a7f9a274e00d49b67584e36e27982ca3.jpeg\",\"contentUrl\":\"https:\/\/welle.ee\/wp-content\/uploads\/2025\/08\/a7f9a274e00d49b67584e36e27982ca3.jpeg\",\"width\":800,\"height\":571},{\"@type\":\"BreadcrumbList\",\"@id\":\"https:\/\/welle.ee\/ee\/voodi-lisavoodiga-russo-velvet-90x200-hall\/#breadcrumb\",\"itemListElement\":[{\"@type\":\"ListItem\",\"position\":1,\"name\":\"\u0413\u043b\u0430\u0432\u043d\u0430\u044f \u0441\u0442\u0440\u0430\u043d\u0438\u0446\u0430\",\"item\":\"https:\/\/welle.ee\/ee\/\"},{\"@type\":\"ListItem\",\"position\":2,\"name\":\"Tooted\",\"item\":\"https:\/\/welle.ee\/ee\/tooted\/\"},{\"@type\":\"ListItem\",\"position\":3,\"name\":\"Voodi lisavoodiga RUSSO velvet 90&#215;200 hall\"}]},{\"@type\":\"WebSite\",\"@id\":\"https:\/\/welle.ee\/ee\/#website\",\"url\":\"https:\/\/welle.ee\/ee\/\",\"name\":\"Welle\",\"description\":\"\",\"potentialAction\":[{\"@type\":\"SearchAction\",\"target\":{\"@type\":\"EntryPoint\",\"urlTemplate\":\"https:\/\/welle.ee\/ee\/?s={search_term_string}\"},\"query-input\":{\"@type\":\"PropertyValueSpecification\",\"valueRequired\":true,\"valueName\":\"search_term_string\"}}],\"inLanguage\":\"ee\"}]}<\/script>\n<!-- \/ Yoast SEO plugin. -->","yoast_head_json":{"title":"Voodi lisavoodiga RUSSO velvet 90x200 hall - Welle","robots":{"index":"index","follow":"follow","max-snippet":"max-snippet:-1","max-image-preview":"max-image-preview:large","max-video-preview":"max-video-preview:-1"},"canonical":"https:\/\/welle.ee\/ee\/voodi-lisavoodiga-russo-velvet-90x200-hall\/","og_locale":"en_US","og_type":"article","og_title":"Voodi lisavoodiga RUSSO velvet 90x200 hall - Welle","og_description":"Voodi karkass on valmistatud m\u00f6\u00f6bliplaadist ja puidust Kaetud halli v\u00e4rvi sametise kangaga Voodip\u00f5hi on hinna sees Madratsid ei kuulu komplekti,","og_url":"https:\/\/welle.ee\/ee\/voodi-lisavoodiga-russo-velvet-90x200-hall\/","og_site_name":"Welle","article_modified_time":"2026-04-24T10:01:24+00:00","og_image":[{"width":800,"height":571,"url":"https:\/\/welle.ee\/wp-content\/uploads\/2025\/08\/a7f9a274e00d49b67584e36e27982ca3.jpeg","type":"image\/jpeg"}],"twitter_card":"summary_large_image","schema":{"@context":"https:\/\/schema.org","@graph":[{"@type":"WebPage","@id":"https:\/\/welle.ee\/ee\/voodi-lisavoodiga-russo-velvet-90x200-hall\/","url":"https:\/\/welle.ee\/ee\/voodi-lisavoodiga-russo-velvet-90x200-hall\/","name":"Voodi lisavoodiga RUSSO velvet 90x200 hall - Welle","isPartOf":{"@id":"https:\/\/welle.ee\/ee\/#website"},"primaryImageOfPage":{"@id":"https:\/\/welle.ee\/ee\/voodi-lisavoodiga-russo-velvet-90x200-hall\/#primaryimage"},"image":{"@id":"https:\/\/welle.ee\/ee\/voodi-lisavoodiga-russo-velvet-90x200-hall\/#primaryimage"},"thumbnailUrl":"https:\/\/welle.ee\/wp-content\/uploads\/2025\/08\/a7f9a274e00d49b67584e36e27982ca3.jpeg","datePublished":"2025-08-21T13:18:59+00:00","dateModified":"2026-04-24T10:01:24+00:00","breadcrumb":{"@id":"https:\/\/welle.ee\/ee\/voodi-lisavoodiga-russo-velvet-90x200-hall\/#breadcrumb"},"inLanguage":"ee","potentialAction":[{"@type":"ReadAction","target":["https:\/\/welle.ee\/ee\/voodi-lisavoodiga-russo-velvet-90x200-hall\/"]}]},{"@type":"ImageObject","inLanguage":"ee","@id":"https:\/\/welle.ee\/ee\/voodi-lisavoodiga-russo-velvet-90x200-hall\/#primaryimage","url":"https:\/\/welle.ee\/wp-content\/uploads\/2025\/08\/a7f9a274e00d49b67584e36e27982ca3.jpeg","contentUrl":"https:\/\/welle.ee\/wp-content\/uploads\/2025\/08\/a7f9a274e00d49b67584e36e27982ca3.jpeg","width":800,"height":571},{"@type":"BreadcrumbList","@id":"https:\/\/welle.ee\/ee\/voodi-lisavoodiga-russo-velvet-90x200-hall\/#breadcrumb","itemListElement":[{"@type":"ListItem","position":1,"name":"\u0413\u043b\u0430\u0432\u043d\u0430\u044f \u0441\u0442\u0440\u0430\u043d\u0438\u0446\u0430","item":"https:\/\/welle.ee\/ee\/"},{"@type":"ListItem","position":2,"name":"Tooted","item":"https:\/\/welle.ee\/ee\/tooted\/"},{"@type":"ListItem","position":3,"name":"Voodi lisavoodiga RUSSO velvet 90&#215;200 hall"}]},{"@type":"WebSite","@id":"https:\/\/welle.ee\/ee\/#website","url":"https:\/\/welle.ee\/ee\/","name":"Welle","description":"","potentialAction":[{"@type":"SearchAction","target":{"@type":"EntryPoint","urlTemplate":"https:\/\/welle.ee\/ee\/?s={search_term_string}"},"query-input":{"@type":"PropertyValueSpecification","valueRequired":true,"valueName":"search_term_string"}}],"inLanguage":"ee"}]}},"_links":{"self":[{"href":"https:\/\/welle.ee\/ee\/wp-json\/wp\/v2\/product\/451965","targetHints":{"allow":["GET"]}}],"collection":[{"href":"https:\/\/welle.ee\/ee\/wp-json\/wp\/v2\/product"}],"about":[{"href":"https:\/\/welle.ee\/ee\/wp-json\/wp\/v2\/types\/product"}],"version-history":[{"count":1,"href":"https:\/\/welle.ee\/ee\/wp-json\/wp\/v2\/product\/451965\/revisions"}],"predecessor-version":[{"id":484494,"href":"https:\/\/welle.ee\/ee\/wp-json\/wp\/v2\/product\/451965\/revisions\/484494"}],"wp:featuredmedia":[{"embeddable":true,"href":"https:\/\/welle.ee\/ee\/wp-json\/wp\/v2\/media\/451966"}],"wp:attachment":[{"href":"https:\/\/welle.ee\/ee\/wp-json\/wp\/v2\/media?parent=451965"}],"wp:term":[{"taxonomy":"product_brand","embeddable":true,"href":"https:\/\/welle.ee\/ee\/wp-json\/wp\/v2\/product_brand?post=451965"},{"taxonomy":"product_cat","embeddable":true,"href":"https:\/\/welle.ee\/ee\/wp-json\/wp\/v2\/product_cat?post=451965"},{"taxonomy":"product_tag","embeddable":true,"href":"https:\/\/welle.ee\/ee\/wp-json\/wp\/v2\/product_tag?post=451965"}],"curies":[{"name":"wp","href":"https:\/\/api.w.org\/{rel}","templated":true}]}}