{"id":453051,"date":"2025-08-21T13:20:25","date_gmt":"2025-08-21T13:20:25","guid":{"rendered":"https:\/\/wellefurniture.eu\/poorlev-tool-k-520-velvet-beez-1\/"},"modified":"2026-03-11T17:37:49","modified_gmt":"2026-03-11T17:37:49","slug":"poorlev-tool-k-520-velvet-beez-1","status":"publish","type":"product","link":"https:\/\/welle.ee\/ee\/poorlev-tool-k-520-velvet-beez-1\/","title":{"rendered":"P\u00f6\u00f6rlev tool K-520 velvet kaneelipunane"},"content":{"rendered":"<div data-content-type=\"html\" data-appearance=\"default\" data-element=\"main\">\n<ul>\n<li>Tooli iste ja seljatugi on kaetud sametise kangaga<\/li>\n<li>Tooliraam on musta v\u00e4rvi metallist<\/li>\n<li>Istme k\u00f5rgus 42 cm<\/li>\n<li>Kandev\u00f5ime kuni 100 kg<\/li>\n<li>Tarnitakse detailidena<\/li>\n<\/ul>\n<\/div>\n","protected":false},"excerpt":{"rendered":"<p>Tooli iste ja seljatugi on kaetud sametise kangaga Tooliraam on musta v\u00e4rvi metallist Istme k\u00f5rgus 42 cm Kandev\u00f5ime kuni 100<\/p>\n","protected":false},"featured_media":453052,"template":"","meta":[],"product_brand":[],"product_cat":[2353,3593,2388,3592,2407,2405],"product_tag":[],"class_list":{"0":"post-453051","1":"product","2":"type-product","3":"status-publish","4":"has-post-thumbnail","6":"product_cat-shop","7":"product_cat-lauad-ja-toolid","8":"product_cat-chairs","9":"product_cat-leiunurk","10":"product_cat-poorlevad-toolid","11":"product_cat-toolid","12":"pa_color-orange","13":"pa_height-2779","14":"pa_height_range-h-50-100","15":"pa_length-2622","16":"pa_length_range-l-50","17":"pa_manufacturer-halmar","18":"pa_material-samet","19":"pa_width-2774","20":"pa_width_range-w-50-100","22":"first","23":"instock","24":"sale","25":"taxable","26":"shipping-taxable","27":"purchasable","28":"product-type-simple"},"yoast_head":"<!-- This site is optimized with the Yoast SEO plugin v26.2 - https:\/\/yoast.com\/wordpress\/plugins\/seo\/ -->\n<title>P\u00f6\u00f6rlev tool K-520 velvet kaneelipunane - Welle<\/title>\n<meta name=\"robots\" content=\"index, follow, max-snippet:-1, max-image-preview:large, max-video-preview:-1\" \/>\n<link rel=\"canonical\" href=\"https:\/\/welle.ee\/ee\/poorlev-tool-k-520-velvet-beez-1\/\" \/>\n<meta property=\"og:locale\" content=\"en_US\" \/>\n<meta property=\"og:type\" content=\"article\" \/>\n<meta property=\"og:title\" content=\"P\u00f6\u00f6rlev tool K-520 velvet kaneelipunane - Welle\" \/>\n<meta property=\"og:description\" content=\"Tooli iste ja seljatugi on kaetud sametise kangaga Tooliraam on musta v\u00e4rvi metallist Istme k\u00f5rgus 42 cm Kandev\u00f5ime kuni 100\" \/>\n<meta property=\"og:url\" content=\"https:\/\/welle.ee\/ee\/poorlev-tool-k-520-velvet-beez-1\/\" \/>\n<meta property=\"og:site_name\" content=\"Welle\" \/>\n<meta property=\"article:modified_time\" content=\"2026-03-11T17:37:49+00:00\" \/>\n<meta property=\"og:image\" content=\"https:\/\/welle.ee\/wp-content\/uploads\/2025\/08\/3169bc3dffe8d483c9c9468e2d2f27d3.jpeg\" \/>\n\t<meta property=\"og:image:width\" content=\"720\" \/>\n\t<meta property=\"og:image:height\" content=\"800\" \/>\n\t<meta property=\"og:image:type\" content=\"image\/jpeg\" \/>\n<meta name=\"twitter:card\" content=\"summary_large_image\" \/>\n<script type=\"application\/ld+json\" class=\"yoast-schema-graph\">{\"@context\":\"https:\/\/schema.org\",\"@graph\":[{\"@type\":\"WebPage\",\"@id\":\"https:\/\/welle.ee\/ee\/poorlev-tool-k-520-velvet-beez-1\/\",\"url\":\"https:\/\/welle.ee\/ee\/poorlev-tool-k-520-velvet-beez-1\/\",\"name\":\"P\u00f6\u00f6rlev tool K-520 velvet kaneelipunane - Welle\",\"isPartOf\":{\"@id\":\"https:\/\/welle.ee\/ee\/#website\"},\"primaryImageOfPage\":{\"@id\":\"https:\/\/welle.ee\/ee\/poorlev-tool-k-520-velvet-beez-1\/#primaryimage\"},\"image\":{\"@id\":\"https:\/\/welle.ee\/ee\/poorlev-tool-k-520-velvet-beez-1\/#primaryimage\"},\"thumbnailUrl\":\"https:\/\/welle.ee\/wp-content\/uploads\/2025\/08\/3169bc3dffe8d483c9c9468e2d2f27d3.jpeg\",\"datePublished\":\"2025-08-21T13:20:25+00:00\",\"dateModified\":\"2026-03-11T17:37:49+00:00\",\"breadcrumb\":{\"@id\":\"https:\/\/welle.ee\/ee\/poorlev-tool-k-520-velvet-beez-1\/#breadcrumb\"},\"inLanguage\":\"ee\",\"potentialAction\":[{\"@type\":\"ReadAction\",\"target\":[\"https:\/\/welle.ee\/ee\/poorlev-tool-k-520-velvet-beez-1\/\"]}]},{\"@type\":\"ImageObject\",\"inLanguage\":\"ee\",\"@id\":\"https:\/\/welle.ee\/ee\/poorlev-tool-k-520-velvet-beez-1\/#primaryimage\",\"url\":\"https:\/\/welle.ee\/wp-content\/uploads\/2025\/08\/3169bc3dffe8d483c9c9468e2d2f27d3.jpeg\",\"contentUrl\":\"https:\/\/welle.ee\/wp-content\/uploads\/2025\/08\/3169bc3dffe8d483c9c9468e2d2f27d3.jpeg\",\"width\":720,\"height\":800},{\"@type\":\"BreadcrumbList\",\"@id\":\"https:\/\/welle.ee\/ee\/poorlev-tool-k-520-velvet-beez-1\/#breadcrumb\",\"itemListElement\":[{\"@type\":\"ListItem\",\"position\":1,\"name\":\"\u0413\u043b\u0430\u0432\u043d\u0430\u044f \u0441\u0442\u0440\u0430\u043d\u0438\u0446\u0430\",\"item\":\"https:\/\/welle.ee\/ee\/\"},{\"@type\":\"ListItem\",\"position\":2,\"name\":\"Tooted\",\"item\":\"https:\/\/welle.ee\/ee\/tooted\/\"},{\"@type\":\"ListItem\",\"position\":3,\"name\":\"P\u00f6\u00f6rlev tool K-520 velvet kaneelipunane\"}]},{\"@type\":\"WebSite\",\"@id\":\"https:\/\/welle.ee\/ee\/#website\",\"url\":\"https:\/\/welle.ee\/ee\/\",\"name\":\"Welle\",\"description\":\"\",\"potentialAction\":[{\"@type\":\"SearchAction\",\"target\":{\"@type\":\"EntryPoint\",\"urlTemplate\":\"https:\/\/welle.ee\/ee\/?s={search_term_string}\"},\"query-input\":{\"@type\":\"PropertyValueSpecification\",\"valueRequired\":true,\"valueName\":\"search_term_string\"}}],\"inLanguage\":\"ee\"}]}<\/script>\n<!-- \/ Yoast SEO plugin. -->","yoast_head_json":{"title":"P\u00f6\u00f6rlev tool K-520 velvet kaneelipunane - Welle","robots":{"index":"index","follow":"follow","max-snippet":"max-snippet:-1","max-image-preview":"max-image-preview:large","max-video-preview":"max-video-preview:-1"},"canonical":"https:\/\/welle.ee\/ee\/poorlev-tool-k-520-velvet-beez-1\/","og_locale":"en_US","og_type":"article","og_title":"P\u00f6\u00f6rlev tool K-520 velvet kaneelipunane - Welle","og_description":"Tooli iste ja seljatugi on kaetud sametise kangaga Tooliraam on musta v\u00e4rvi metallist Istme k\u00f5rgus 42 cm Kandev\u00f5ime kuni 100","og_url":"https:\/\/welle.ee\/ee\/poorlev-tool-k-520-velvet-beez-1\/","og_site_name":"Welle","article_modified_time":"2026-03-11T17:37:49+00:00","og_image":[{"width":720,"height":800,"url":"https:\/\/welle.ee\/wp-content\/uploads\/2025\/08\/3169bc3dffe8d483c9c9468e2d2f27d3.jpeg","type":"image\/jpeg"}],"twitter_card":"summary_large_image","schema":{"@context":"https:\/\/schema.org","@graph":[{"@type":"WebPage","@id":"https:\/\/welle.ee\/ee\/poorlev-tool-k-520-velvet-beez-1\/","url":"https:\/\/welle.ee\/ee\/poorlev-tool-k-520-velvet-beez-1\/","name":"P\u00f6\u00f6rlev tool K-520 velvet kaneelipunane - Welle","isPartOf":{"@id":"https:\/\/welle.ee\/ee\/#website"},"primaryImageOfPage":{"@id":"https:\/\/welle.ee\/ee\/poorlev-tool-k-520-velvet-beez-1\/#primaryimage"},"image":{"@id":"https:\/\/welle.ee\/ee\/poorlev-tool-k-520-velvet-beez-1\/#primaryimage"},"thumbnailUrl":"https:\/\/welle.ee\/wp-content\/uploads\/2025\/08\/3169bc3dffe8d483c9c9468e2d2f27d3.jpeg","datePublished":"2025-08-21T13:20:25+00:00","dateModified":"2026-03-11T17:37:49+00:00","breadcrumb":{"@id":"https:\/\/welle.ee\/ee\/poorlev-tool-k-520-velvet-beez-1\/#breadcrumb"},"inLanguage":"ee","potentialAction":[{"@type":"ReadAction","target":["https:\/\/welle.ee\/ee\/poorlev-tool-k-520-velvet-beez-1\/"]}]},{"@type":"ImageObject","inLanguage":"ee","@id":"https:\/\/welle.ee\/ee\/poorlev-tool-k-520-velvet-beez-1\/#primaryimage","url":"https:\/\/welle.ee\/wp-content\/uploads\/2025\/08\/3169bc3dffe8d483c9c9468e2d2f27d3.jpeg","contentUrl":"https:\/\/welle.ee\/wp-content\/uploads\/2025\/08\/3169bc3dffe8d483c9c9468e2d2f27d3.jpeg","width":720,"height":800},{"@type":"BreadcrumbList","@id":"https:\/\/welle.ee\/ee\/poorlev-tool-k-520-velvet-beez-1\/#breadcrumb","itemListElement":[{"@type":"ListItem","position":1,"name":"\u0413\u043b\u0430\u0432\u043d\u0430\u044f \u0441\u0442\u0440\u0430\u043d\u0438\u0446\u0430","item":"https:\/\/welle.ee\/ee\/"},{"@type":"ListItem","position":2,"name":"Tooted","item":"https:\/\/welle.ee\/ee\/tooted\/"},{"@type":"ListItem","position":3,"name":"P\u00f6\u00f6rlev tool K-520 velvet kaneelipunane"}]},{"@type":"WebSite","@id":"https:\/\/welle.ee\/ee\/#website","url":"https:\/\/welle.ee\/ee\/","name":"Welle","description":"","potentialAction":[{"@type":"SearchAction","target":{"@type":"EntryPoint","urlTemplate":"https:\/\/welle.ee\/ee\/?s={search_term_string}"},"query-input":{"@type":"PropertyValueSpecification","valueRequired":true,"valueName":"search_term_string"}}],"inLanguage":"ee"}]}},"_links":{"self":[{"href":"https:\/\/welle.ee\/ee\/wp-json\/wp\/v2\/product\/453051","targetHints":{"allow":["GET"]}}],"collection":[{"href":"https:\/\/welle.ee\/ee\/wp-json\/wp\/v2\/product"}],"about":[{"href":"https:\/\/welle.ee\/ee\/wp-json\/wp\/v2\/types\/product"}],"version-history":[{"count":1,"href":"https:\/\/welle.ee\/ee\/wp-json\/wp\/v2\/product\/453051\/revisions"}],"predecessor-version":[{"id":484542,"href":"https:\/\/welle.ee\/ee\/wp-json\/wp\/v2\/product\/453051\/revisions\/484542"}],"wp:featuredmedia":[{"embeddable":true,"href":"https:\/\/welle.ee\/ee\/wp-json\/wp\/v2\/media\/453052"}],"wp:attachment":[{"href":"https:\/\/welle.ee\/ee\/wp-json\/wp\/v2\/media?parent=453051"}],"wp:term":[{"taxonomy":"product_brand","embeddable":true,"href":"https:\/\/welle.ee\/ee\/wp-json\/wp\/v2\/product_brand?post=453051"},{"taxonomy":"product_cat","embeddable":true,"href":"https:\/\/welle.ee\/ee\/wp-json\/wp\/v2\/product_cat?post=453051"},{"taxonomy":"product_tag","embeddable":true,"href":"https:\/\/welle.ee\/ee\/wp-json\/wp\/v2\/product_tag?post=453051"}],"curies":[{"name":"wp","href":"https:\/\/api.w.org\/{rel}","templated":true}]}}