{"id":456560,"date":"2025-10-06T09:17:52","date_gmt":"2025-10-06T09:17:52","guid":{"rendered":"https:\/\/wellefurniture.eu\/riidekapp-peegliga-178-cm-ruso-szf2d1m3s\/"},"modified":"2025-10-06T09:17:52","modified_gmt":"2025-10-06T09:17:52","slug":"riidekapp-peegliga-178-cm-ruso-szf2d1m3s","status":"publish","type":"product","link":"https:\/\/welle.ee\/ee\/riidekapp-peegliga-178-cm-ruso-szf2d1m3s\/","title":{"rendered":"Riidekapp peegliga 178 cm RUSO SZF2D1M3S"},"content":{"rendered":"<div data-content-type=\"html\" data-appearance=\"default\" data-element=\"main\">\n<ul>\n<li>Mahukas riidekapp on valmistatud lamineeritud m\u00f6\u00f6bliplaadist ja MDF-st<\/li>\n<li>3 ust, 3 sahtlit<\/li>\n<li>Sees riiulid ja riidepuutoru<\/li>\n<li>Sulgub sujuvalt ja vaikselt<\/li>\n<li>Viimistlus: tamm april\/p\u00e4rlmutter k\u00f5rgl\u00e4ige<\/li>\n<li>Tarneaeg 4-8 n\u00e4dalat<\/li>\n<li>Tarnitakse detailidena<\/li>\n<\/ul>\n<\/div>\n","protected":false},"excerpt":{"rendered":"<p>Mahukas riidekapp on valmistatud lamineeritud m\u00f6\u00f6bliplaadist ja MDF-st 3 ust, 3 sahtlit Sees riiulid ja riidepuutoru Sulgub sujuvalt ja vaikselt<\/p>\n","protected":false},"featured_media":456561,"template":"","meta":[],"product_brand":[],"product_cat":[2372,2343,9186,2353,3592,2376],"product_tag":[],"class_list":{"0":"post-456560","1":"product","2":"type-product","3":"status-publish","4":"has-post-thumbnail","6":"product_cat-rack","7":"product_cat-shelves","8":"product_cat-kapid-riiulid-hoiukastid","9":"product_cat-shop","10":"product_cat-leiunurk","11":"product_cat-wardrobe","12":"pa_color-tamm","13":"pa_height-3460","14":"pa_height_range-h-200","15":"pa_length-8084","16":"pa_length_range-l-151-200","17":"pa_manufacturer-brw","18":"pa_material-moobliplaat","19":"pa_width-2503","20":"pa_width_range-w-50-100","22":"first","23":"instock","24":"taxable","25":"shipping-taxable","26":"purchasable","27":"product-type-simple"},"yoast_head":"<!-- This site is optimized with the Yoast SEO plugin v26.2 - https:\/\/yoast.com\/wordpress\/plugins\/seo\/ -->\n<title>Riidekapp peegliga 178 cm RUSO SZF2D1M3S - Welle<\/title>\n<meta name=\"robots\" content=\"index, follow, max-snippet:-1, max-image-preview:large, max-video-preview:-1\" \/>\n<link rel=\"canonical\" href=\"https:\/\/welle.ee\/ee\/riidekapp-peegliga-178-cm-ruso-szf2d1m3s\/\" \/>\n<meta property=\"og:locale\" content=\"en_US\" \/>\n<meta property=\"og:type\" content=\"article\" \/>\n<meta property=\"og:title\" content=\"Riidekapp peegliga 178 cm RUSO SZF2D1M3S - Welle\" \/>\n<meta property=\"og:description\" content=\"Mahukas riidekapp on valmistatud lamineeritud m\u00f6\u00f6bliplaadist ja MDF-st 3 ust, 3 sahtlit Sees riiulid ja riidepuutoru Sulgub sujuvalt ja vaikselt\" \/>\n<meta property=\"og:url\" content=\"https:\/\/welle.ee\/ee\/riidekapp-peegliga-178-cm-ruso-szf2d1m3s\/\" \/>\n<meta property=\"og:site_name\" content=\"Welle\" \/>\n<meta property=\"og:image\" content=\"https:\/\/welle.ee\/wp-content\/uploads\/2025\/08\/szafa-trzydrzwiowa-ruso-178-cm-z-lustrem-i-szufladami-dab-april-perlowy-polysk-slargea.jpg\" \/>\n\t<meta property=\"og:image:width\" content=\"798\" \/>\n\t<meta property=\"og:image:height\" content=\"600\" \/>\n\t<meta property=\"og:image:type\" content=\"image\/jpeg\" \/>\n<meta name=\"twitter:card\" content=\"summary_large_image\" \/>\n<script type=\"application\/ld+json\" class=\"yoast-schema-graph\">{\"@context\":\"https:\/\/schema.org\",\"@graph\":[{\"@type\":\"WebPage\",\"@id\":\"https:\/\/welle.ee\/ee\/riidekapp-peegliga-178-cm-ruso-szf2d1m3s\/\",\"url\":\"https:\/\/welle.ee\/ee\/riidekapp-peegliga-178-cm-ruso-szf2d1m3s\/\",\"name\":\"Riidekapp peegliga 178 cm RUSO SZF2D1M3S - Welle\",\"isPartOf\":{\"@id\":\"https:\/\/welle.ee\/ee\/#website\"},\"primaryImageOfPage\":{\"@id\":\"https:\/\/welle.ee\/ee\/riidekapp-peegliga-178-cm-ruso-szf2d1m3s\/#primaryimage\"},\"image\":{\"@id\":\"https:\/\/welle.ee\/ee\/riidekapp-peegliga-178-cm-ruso-szf2d1m3s\/#primaryimage\"},\"thumbnailUrl\":\"https:\/\/welle.ee\/wp-content\/uploads\/2025\/08\/szafa-trzydrzwiowa-ruso-178-cm-z-lustrem-i-szufladami-dab-april-perlowy-polysk-slargea.jpg\",\"datePublished\":\"2025-10-06T09:17:52+00:00\",\"breadcrumb\":{\"@id\":\"https:\/\/welle.ee\/ee\/riidekapp-peegliga-178-cm-ruso-szf2d1m3s\/#breadcrumb\"},\"inLanguage\":\"ee\",\"potentialAction\":[{\"@type\":\"ReadAction\",\"target\":[\"https:\/\/welle.ee\/ee\/riidekapp-peegliga-178-cm-ruso-szf2d1m3s\/\"]}]},{\"@type\":\"ImageObject\",\"inLanguage\":\"ee\",\"@id\":\"https:\/\/welle.ee\/ee\/riidekapp-peegliga-178-cm-ruso-szf2d1m3s\/#primaryimage\",\"url\":\"https:\/\/welle.ee\/wp-content\/uploads\/2025\/08\/szafa-trzydrzwiowa-ruso-178-cm-z-lustrem-i-szufladami-dab-april-perlowy-polysk-slargea.jpg\",\"contentUrl\":\"https:\/\/welle.ee\/wp-content\/uploads\/2025\/08\/szafa-trzydrzwiowa-ruso-178-cm-z-lustrem-i-szufladami-dab-april-perlowy-polysk-slargea.jpg\",\"width\":798,\"height\":600},{\"@type\":\"BreadcrumbList\",\"@id\":\"https:\/\/welle.ee\/ee\/riidekapp-peegliga-178-cm-ruso-szf2d1m3s\/#breadcrumb\",\"itemListElement\":[{\"@type\":\"ListItem\",\"position\":1,\"name\":\"\u0413\u043b\u0430\u0432\u043d\u0430\u044f \u0441\u0442\u0440\u0430\u043d\u0438\u0446\u0430\",\"item\":\"https:\/\/welle.ee\/ee\/\"},{\"@type\":\"ListItem\",\"position\":2,\"name\":\"Tooted\",\"item\":\"https:\/\/welle.ee\/ee\/tooted\/\"},{\"@type\":\"ListItem\",\"position\":3,\"name\":\"Riidekapp peegliga 178 cm RUSO SZF2D1M3S\"}]},{\"@type\":\"WebSite\",\"@id\":\"https:\/\/welle.ee\/ee\/#website\",\"url\":\"https:\/\/welle.ee\/ee\/\",\"name\":\"Welle\",\"description\":\"\",\"potentialAction\":[{\"@type\":\"SearchAction\",\"target\":{\"@type\":\"EntryPoint\",\"urlTemplate\":\"https:\/\/welle.ee\/ee\/?s={search_term_string}\"},\"query-input\":{\"@type\":\"PropertyValueSpecification\",\"valueRequired\":true,\"valueName\":\"search_term_string\"}}],\"inLanguage\":\"ee\"}]}<\/script>\n<!-- \/ Yoast SEO plugin. -->","yoast_head_json":{"title":"Riidekapp peegliga 178 cm RUSO SZF2D1M3S - Welle","robots":{"index":"index","follow":"follow","max-snippet":"max-snippet:-1","max-image-preview":"max-image-preview:large","max-video-preview":"max-video-preview:-1"},"canonical":"https:\/\/welle.ee\/ee\/riidekapp-peegliga-178-cm-ruso-szf2d1m3s\/","og_locale":"en_US","og_type":"article","og_title":"Riidekapp peegliga 178 cm RUSO SZF2D1M3S - Welle","og_description":"Mahukas riidekapp on valmistatud lamineeritud m\u00f6\u00f6bliplaadist ja MDF-st 3 ust, 3 sahtlit Sees riiulid ja riidepuutoru Sulgub sujuvalt ja vaikselt","og_url":"https:\/\/welle.ee\/ee\/riidekapp-peegliga-178-cm-ruso-szf2d1m3s\/","og_site_name":"Welle","og_image":[{"width":798,"height":600,"url":"https:\/\/welle.ee\/wp-content\/uploads\/2025\/08\/szafa-trzydrzwiowa-ruso-178-cm-z-lustrem-i-szufladami-dab-april-perlowy-polysk-slargea.jpg","type":"image\/jpeg"}],"twitter_card":"summary_large_image","schema":{"@context":"https:\/\/schema.org","@graph":[{"@type":"WebPage","@id":"https:\/\/welle.ee\/ee\/riidekapp-peegliga-178-cm-ruso-szf2d1m3s\/","url":"https:\/\/welle.ee\/ee\/riidekapp-peegliga-178-cm-ruso-szf2d1m3s\/","name":"Riidekapp peegliga 178 cm RUSO SZF2D1M3S - Welle","isPartOf":{"@id":"https:\/\/welle.ee\/ee\/#website"},"primaryImageOfPage":{"@id":"https:\/\/welle.ee\/ee\/riidekapp-peegliga-178-cm-ruso-szf2d1m3s\/#primaryimage"},"image":{"@id":"https:\/\/welle.ee\/ee\/riidekapp-peegliga-178-cm-ruso-szf2d1m3s\/#primaryimage"},"thumbnailUrl":"https:\/\/welle.ee\/wp-content\/uploads\/2025\/08\/szafa-trzydrzwiowa-ruso-178-cm-z-lustrem-i-szufladami-dab-april-perlowy-polysk-slargea.jpg","datePublished":"2025-10-06T09:17:52+00:00","breadcrumb":{"@id":"https:\/\/welle.ee\/ee\/riidekapp-peegliga-178-cm-ruso-szf2d1m3s\/#breadcrumb"},"inLanguage":"ee","potentialAction":[{"@type":"ReadAction","target":["https:\/\/welle.ee\/ee\/riidekapp-peegliga-178-cm-ruso-szf2d1m3s\/"]}]},{"@type":"ImageObject","inLanguage":"ee","@id":"https:\/\/welle.ee\/ee\/riidekapp-peegliga-178-cm-ruso-szf2d1m3s\/#primaryimage","url":"https:\/\/welle.ee\/wp-content\/uploads\/2025\/08\/szafa-trzydrzwiowa-ruso-178-cm-z-lustrem-i-szufladami-dab-april-perlowy-polysk-slargea.jpg","contentUrl":"https:\/\/welle.ee\/wp-content\/uploads\/2025\/08\/szafa-trzydrzwiowa-ruso-178-cm-z-lustrem-i-szufladami-dab-april-perlowy-polysk-slargea.jpg","width":798,"height":600},{"@type":"BreadcrumbList","@id":"https:\/\/welle.ee\/ee\/riidekapp-peegliga-178-cm-ruso-szf2d1m3s\/#breadcrumb","itemListElement":[{"@type":"ListItem","position":1,"name":"\u0413\u043b\u0430\u0432\u043d\u0430\u044f \u0441\u0442\u0440\u0430\u043d\u0438\u0446\u0430","item":"https:\/\/welle.ee\/ee\/"},{"@type":"ListItem","position":2,"name":"Tooted","item":"https:\/\/welle.ee\/ee\/tooted\/"},{"@type":"ListItem","position":3,"name":"Riidekapp peegliga 178 cm RUSO SZF2D1M3S"}]},{"@type":"WebSite","@id":"https:\/\/welle.ee\/ee\/#website","url":"https:\/\/welle.ee\/ee\/","name":"Welle","description":"","potentialAction":[{"@type":"SearchAction","target":{"@type":"EntryPoint","urlTemplate":"https:\/\/welle.ee\/ee\/?s={search_term_string}"},"query-input":{"@type":"PropertyValueSpecification","valueRequired":true,"valueName":"search_term_string"}}],"inLanguage":"ee"}]}},"_links":{"self":[{"href":"https:\/\/welle.ee\/ee\/wp-json\/wp\/v2\/product\/456560","targetHints":{"allow":["GET"]}}],"collection":[{"href":"https:\/\/welle.ee\/ee\/wp-json\/wp\/v2\/product"}],"about":[{"href":"https:\/\/welle.ee\/ee\/wp-json\/wp\/v2\/types\/product"}],"version-history":[{"count":1,"href":"https:\/\/welle.ee\/ee\/wp-json\/wp\/v2\/product\/456560\/revisions"}],"predecessor-version":[{"id":484697,"href":"https:\/\/welle.ee\/ee\/wp-json\/wp\/v2\/product\/456560\/revisions\/484697"}],"wp:featuredmedia":[{"embeddable":true,"href":"https:\/\/welle.ee\/ee\/wp-json\/wp\/v2\/media\/456561"}],"wp:attachment":[{"href":"https:\/\/welle.ee\/ee\/wp-json\/wp\/v2\/media?parent=456560"}],"wp:term":[{"taxonomy":"product_brand","embeddable":true,"href":"https:\/\/welle.ee\/ee\/wp-json\/wp\/v2\/product_brand?post=456560"},{"taxonomy":"product_cat","embeddable":true,"href":"https:\/\/welle.ee\/ee\/wp-json\/wp\/v2\/product_cat?post=456560"},{"taxonomy":"product_tag","embeddable":true,"href":"https:\/\/welle.ee\/ee\/wp-json\/wp\/v2\/product_tag?post=456560"}],"curies":[{"name":"wp","href":"https:\/\/api.w.org\/{rel}","templated":true}]}}