{"id":457452,"date":"2025-08-21T13:25:02","date_gmt":"2025-08-21T13:25:02","guid":{"rendered":"https:\/\/wellefurniture.eu\/koogikomplekt-emma-240-cm-tamm-artisan-must-3\/"},"modified":"2025-12-29T11:44:51","modified_gmt":"2025-12-29T11:44:51","slug":"koogikomplekt-emma-240-cm-tamm-artisan-must-3","status":"publish","type":"product","link":"https:\/\/welle.ee\/ee\/koogikomplekt-emma-240-cm-tamm-artisan-must-3\/","title":{"rendered":"K\u00f6\u00f6gikomplekt ELIZABETH 240 cm valge"},"content":{"rendered":"<div data-content-type=\"html\" data-appearance=\"default\" data-element=\"main\">\n<ul>\n<li>Valmistatud lamineeritud m\u00f6\u00f6bliplaadist ja MDF-st<\/li>\n<li>Esipaneelide viimistlus: valge<\/li>\n<li>Korpus: valge<\/li>\n<li>T\u00f6\u00f6pind on tamm sonoma v\u00e4rvi, vastupidav, 28 mm<\/li>\n<li>Kapiuste gaasit\u00f5stukid<\/li>\n<li>Valamu ja tehnika ei kuulu komplekti<\/li>\n<li>Furnituur, k\u00e4epidemed ja t\u00f6\u00f6pind kuuluvad komplekti<\/li>\n<li>Tarnitakse detailidena<\/li>\n<\/ul>\n<\/div>\n","protected":false},"excerpt":{"rendered":"<p>Valmistatud lamineeritud m\u00f6\u00f6bliplaadist ja MDF-st Esipaneelide viimistlus: valge Korpus: valge T\u00f6\u00f6pind on tamm sonoma v\u00e4rvi, vastupidav, 28 mm Kapiuste gaasit\u00f5stukid<\/p>\n","protected":false},"featured_media":457453,"template":"","meta":[],"product_brand":[],"product_cat":[2353,4501,2379,3592,2381],"product_tag":[],"class_list":{"0":"post-457452","1":"product","2":"type-product","3":"status-publish","4":"has-post-thumbnail","6":"product_cat-shop","7":"product_cat-koogid","8":"product_cat-brwkook","9":"product_cat-leiunurk","10":"product_cat-valmiskook","11":"pa_color-white","12":"pa_length-2637","13":"pa_length_range-l-200","14":"pa_manufacturer-halmar","15":"pa_material-moobliplaat","16":"pa_width_range-w-50-100","18":"first","19":"instock","20":"sale","21":"taxable","22":"shipping-taxable","23":"purchasable","24":"product-type-simple"},"yoast_head":"<!-- This site is optimized with the Yoast SEO plugin v26.2 - https:\/\/yoast.com\/wordpress\/plugins\/seo\/ -->\n<title>K\u00f6\u00f6gikomplekt ELIZABETH 240 cm valge - Welle<\/title>\n<meta name=\"robots\" content=\"index, follow, max-snippet:-1, max-image-preview:large, max-video-preview:-1\" \/>\n<link rel=\"canonical\" href=\"https:\/\/welle.ee\/ee\/koogikomplekt-emma-240-cm-tamm-artisan-must-3\/\" \/>\n<meta property=\"og:locale\" content=\"en_US\" \/>\n<meta property=\"og:type\" content=\"article\" \/>\n<meta property=\"og:title\" content=\"K\u00f6\u00f6gikomplekt ELIZABETH 240 cm valge - Welle\" \/>\n<meta property=\"og:description\" content=\"Valmistatud lamineeritud m\u00f6\u00f6bliplaadist ja MDF-st Esipaneelide viimistlus: valge Korpus: valge T\u00f6\u00f6pind on tamm sonoma v\u00e4rvi, vastupidav, 28 mm Kapiuste gaasit\u00f5stukid\" \/>\n<meta property=\"og:url\" content=\"https:\/\/welle.ee\/ee\/koogikomplekt-emma-240-cm-tamm-artisan-must-3\/\" \/>\n<meta property=\"og:site_name\" content=\"Welle\" \/>\n<meta property=\"article:modified_time\" content=\"2025-12-29T11:44:51+00:00\" \/>\n<meta property=\"og:image\" content=\"https:\/\/welle.ee\/wp-content\/uploads\/2025\/08\/c671597d46eb86d4a28b2984bbe67a87.jpeg\" \/>\n\t<meta property=\"og:image:width\" content=\"800\" \/>\n\t<meta property=\"og:image:height\" content=\"520\" \/>\n\t<meta property=\"og:image:type\" content=\"image\/jpeg\" \/>\n<meta name=\"twitter:card\" content=\"summary_large_image\" \/>\n<script type=\"application\/ld+json\" class=\"yoast-schema-graph\">{\"@context\":\"https:\/\/schema.org\",\"@graph\":[{\"@type\":\"WebPage\",\"@id\":\"https:\/\/welle.ee\/ee\/koogikomplekt-emma-240-cm-tamm-artisan-must-3\/\",\"url\":\"https:\/\/welle.ee\/ee\/koogikomplekt-emma-240-cm-tamm-artisan-must-3\/\",\"name\":\"K\u00f6\u00f6gikomplekt ELIZABETH 240 cm valge - Welle\",\"isPartOf\":{\"@id\":\"https:\/\/welle.ee\/ee\/#website\"},\"primaryImageOfPage\":{\"@id\":\"https:\/\/welle.ee\/ee\/koogikomplekt-emma-240-cm-tamm-artisan-must-3\/#primaryimage\"},\"image\":{\"@id\":\"https:\/\/welle.ee\/ee\/koogikomplekt-emma-240-cm-tamm-artisan-must-3\/#primaryimage\"},\"thumbnailUrl\":\"https:\/\/welle.ee\/wp-content\/uploads\/2025\/08\/c671597d46eb86d4a28b2984bbe67a87.jpeg\",\"datePublished\":\"2025-08-21T13:25:02+00:00\",\"dateModified\":\"2025-12-29T11:44:51+00:00\",\"breadcrumb\":{\"@id\":\"https:\/\/welle.ee\/ee\/koogikomplekt-emma-240-cm-tamm-artisan-must-3\/#breadcrumb\"},\"inLanguage\":\"ee\",\"potentialAction\":[{\"@type\":\"ReadAction\",\"target\":[\"https:\/\/welle.ee\/ee\/koogikomplekt-emma-240-cm-tamm-artisan-must-3\/\"]}]},{\"@type\":\"ImageObject\",\"inLanguage\":\"ee\",\"@id\":\"https:\/\/welle.ee\/ee\/koogikomplekt-emma-240-cm-tamm-artisan-must-3\/#primaryimage\",\"url\":\"https:\/\/welle.ee\/wp-content\/uploads\/2025\/08\/c671597d46eb86d4a28b2984bbe67a87.jpeg\",\"contentUrl\":\"https:\/\/welle.ee\/wp-content\/uploads\/2025\/08\/c671597d46eb86d4a28b2984bbe67a87.jpeg\",\"width\":800,\"height\":520},{\"@type\":\"BreadcrumbList\",\"@id\":\"https:\/\/welle.ee\/ee\/koogikomplekt-emma-240-cm-tamm-artisan-must-3\/#breadcrumb\",\"itemListElement\":[{\"@type\":\"ListItem\",\"position\":1,\"name\":\"\u0413\u043b\u0430\u0432\u043d\u0430\u044f \u0441\u0442\u0440\u0430\u043d\u0438\u0446\u0430\",\"item\":\"https:\/\/welle.ee\/ee\/\"},{\"@type\":\"ListItem\",\"position\":2,\"name\":\"Tooted\",\"item\":\"https:\/\/welle.ee\/ee\/tooted\/\"},{\"@type\":\"ListItem\",\"position\":3,\"name\":\"K\u00f6\u00f6gikomplekt ELIZABETH 240 cm valge\"}]},{\"@type\":\"WebSite\",\"@id\":\"https:\/\/welle.ee\/ee\/#website\",\"url\":\"https:\/\/welle.ee\/ee\/\",\"name\":\"Welle\",\"description\":\"\",\"potentialAction\":[{\"@type\":\"SearchAction\",\"target\":{\"@type\":\"EntryPoint\",\"urlTemplate\":\"https:\/\/welle.ee\/ee\/?s={search_term_string}\"},\"query-input\":{\"@type\":\"PropertyValueSpecification\",\"valueRequired\":true,\"valueName\":\"search_term_string\"}}],\"inLanguage\":\"ee\"}]}<\/script>\n<!-- \/ Yoast SEO plugin. -->","yoast_head_json":{"title":"K\u00f6\u00f6gikomplekt ELIZABETH 240 cm valge - Welle","robots":{"index":"index","follow":"follow","max-snippet":"max-snippet:-1","max-image-preview":"max-image-preview:large","max-video-preview":"max-video-preview:-1"},"canonical":"https:\/\/welle.ee\/ee\/koogikomplekt-emma-240-cm-tamm-artisan-must-3\/","og_locale":"en_US","og_type":"article","og_title":"K\u00f6\u00f6gikomplekt ELIZABETH 240 cm valge - Welle","og_description":"Valmistatud lamineeritud m\u00f6\u00f6bliplaadist ja MDF-st Esipaneelide viimistlus: valge Korpus: valge T\u00f6\u00f6pind on tamm sonoma v\u00e4rvi, vastupidav, 28 mm Kapiuste gaasit\u00f5stukid","og_url":"https:\/\/welle.ee\/ee\/koogikomplekt-emma-240-cm-tamm-artisan-must-3\/","og_site_name":"Welle","article_modified_time":"2025-12-29T11:44:51+00:00","og_image":[{"width":800,"height":520,"url":"https:\/\/welle.ee\/wp-content\/uploads\/2025\/08\/c671597d46eb86d4a28b2984bbe67a87.jpeg","type":"image\/jpeg"}],"twitter_card":"summary_large_image","schema":{"@context":"https:\/\/schema.org","@graph":[{"@type":"WebPage","@id":"https:\/\/welle.ee\/ee\/koogikomplekt-emma-240-cm-tamm-artisan-must-3\/","url":"https:\/\/welle.ee\/ee\/koogikomplekt-emma-240-cm-tamm-artisan-must-3\/","name":"K\u00f6\u00f6gikomplekt ELIZABETH 240 cm valge - Welle","isPartOf":{"@id":"https:\/\/welle.ee\/ee\/#website"},"primaryImageOfPage":{"@id":"https:\/\/welle.ee\/ee\/koogikomplekt-emma-240-cm-tamm-artisan-must-3\/#primaryimage"},"image":{"@id":"https:\/\/welle.ee\/ee\/koogikomplekt-emma-240-cm-tamm-artisan-must-3\/#primaryimage"},"thumbnailUrl":"https:\/\/welle.ee\/wp-content\/uploads\/2025\/08\/c671597d46eb86d4a28b2984bbe67a87.jpeg","datePublished":"2025-08-21T13:25:02+00:00","dateModified":"2025-12-29T11:44:51+00:00","breadcrumb":{"@id":"https:\/\/welle.ee\/ee\/koogikomplekt-emma-240-cm-tamm-artisan-must-3\/#breadcrumb"},"inLanguage":"ee","potentialAction":[{"@type":"ReadAction","target":["https:\/\/welle.ee\/ee\/koogikomplekt-emma-240-cm-tamm-artisan-must-3\/"]}]},{"@type":"ImageObject","inLanguage":"ee","@id":"https:\/\/welle.ee\/ee\/koogikomplekt-emma-240-cm-tamm-artisan-must-3\/#primaryimage","url":"https:\/\/welle.ee\/wp-content\/uploads\/2025\/08\/c671597d46eb86d4a28b2984bbe67a87.jpeg","contentUrl":"https:\/\/welle.ee\/wp-content\/uploads\/2025\/08\/c671597d46eb86d4a28b2984bbe67a87.jpeg","width":800,"height":520},{"@type":"BreadcrumbList","@id":"https:\/\/welle.ee\/ee\/koogikomplekt-emma-240-cm-tamm-artisan-must-3\/#breadcrumb","itemListElement":[{"@type":"ListItem","position":1,"name":"\u0413\u043b\u0430\u0432\u043d\u0430\u044f \u0441\u0442\u0440\u0430\u043d\u0438\u0446\u0430","item":"https:\/\/welle.ee\/ee\/"},{"@type":"ListItem","position":2,"name":"Tooted","item":"https:\/\/welle.ee\/ee\/tooted\/"},{"@type":"ListItem","position":3,"name":"K\u00f6\u00f6gikomplekt ELIZABETH 240 cm valge"}]},{"@type":"WebSite","@id":"https:\/\/welle.ee\/ee\/#website","url":"https:\/\/welle.ee\/ee\/","name":"Welle","description":"","potentialAction":[{"@type":"SearchAction","target":{"@type":"EntryPoint","urlTemplate":"https:\/\/welle.ee\/ee\/?s={search_term_string}"},"query-input":{"@type":"PropertyValueSpecification","valueRequired":true,"valueName":"search_term_string"}}],"inLanguage":"ee"}]}},"_links":{"self":[{"href":"https:\/\/welle.ee\/ee\/wp-json\/wp\/v2\/product\/457452","targetHints":{"allow":["GET"]}}],"collection":[{"href":"https:\/\/welle.ee\/ee\/wp-json\/wp\/v2\/product"}],"about":[{"href":"https:\/\/welle.ee\/ee\/wp-json\/wp\/v2\/types\/product"}],"version-history":[{"count":1,"href":"https:\/\/welle.ee\/ee\/wp-json\/wp\/v2\/product\/457452\/revisions"}],"predecessor-version":[{"id":484770,"href":"https:\/\/welle.ee\/ee\/wp-json\/wp\/v2\/product\/457452\/revisions\/484770"}],"wp:featuredmedia":[{"embeddable":true,"href":"https:\/\/welle.ee\/ee\/wp-json\/wp\/v2\/media\/457453"}],"wp:attachment":[{"href":"https:\/\/welle.ee\/ee\/wp-json\/wp\/v2\/media?parent=457452"}],"wp:term":[{"taxonomy":"product_brand","embeddable":true,"href":"https:\/\/welle.ee\/ee\/wp-json\/wp\/v2\/product_brand?post=457452"},{"taxonomy":"product_cat","embeddable":true,"href":"https:\/\/welle.ee\/ee\/wp-json\/wp\/v2\/product_cat?post=457452"},{"taxonomy":"product_tag","embeddable":true,"href":"https:\/\/welle.ee\/ee\/wp-json\/wp\/v2\/product_tag?post=457452"}],"curies":[{"name":"wp","href":"https:\/\/api.w.org\/{rel}","templated":true}]}}