{"id":458476,"date":"2025-10-06T09:17:36","date_gmt":"2025-10-06T09:17:36","guid":{"rendered":"https:\/\/wellefurniture.eu\/kummut-balin-kom2d3s-kuldne-lehis-160-cm-3\/"},"modified":"2025-10-06T09:17:36","modified_gmt":"2025-10-06T09:17:36","slug":"kummut-balin-kom2d3s-kuldne-lehis-160-cm-3","status":"publish","type":"product","link":"https:\/\/welle.ee\/ee\/kummut-balin-kom2d3s-kuldne-lehis-160-cm-3\/","title":{"rendered":"Tv-alus BALIN RTV2S kuldne lehis"},"content":{"rendered":"<div data-content-type=\"html\" data-appearance=\"default\" data-element=\"main\">\n<ul>\n<li>Valmistatud lamineeritud m\u00f6\u00f6bliplaadist ja MDF-st<\/li>\n<li>2 sahtlit<\/li>\n<li>Viimistlus: kuldne lehis sibiu<\/li>\n<li>Sulgub vaikselt<\/li>\n<li>Tarneaeg 6-10 n\u00e4dalat<\/li>\n<li>Tarnitakse detailidena<\/li>\n<\/ul>\n<\/div>\n","protected":false},"excerpt":{"rendered":"<p>Valmistatud lamineeritud m\u00f6\u00f6bliplaadist ja MDF-st 2 sahtlit Viimistlus: kuldne lehis sibiu Sulgub vaikselt Tarneaeg 6-10 n\u00e4dalat Tarnitakse detailidena<\/p>\n","protected":false},"featured_media":458477,"template":"","meta":[],"product_brand":[],"product_cat":[2349,2353,3592,2351],"product_tag":[],"class_list":{"0":"post-458476","1":"product","2":"type-product","3":"status-publish","4":"has-post-thumbnail","6":"product_cat-livroom","7":"product_cat-shop","8":"product_cat-leiunurk","9":"product_cat-tvtable","10":"pa_color-lehis","11":"pa_height-2717","12":"pa_height_range-h-50-100","13":"pa_length-2941","14":"pa_length_range-l-101-150","15":"pa_manufacturer-brw","16":"pa_material-moobliplaat","17":"pa_width-2699","18":"pa_width_range-w-50","20":"first","21":"instock","22":"taxable","23":"shipping-taxable","24":"purchasable","25":"product-type-simple"},"yoast_head":"<!-- This site is optimized with the Yoast SEO plugin v26.2 - https:\/\/yoast.com\/wordpress\/plugins\/seo\/ -->\n<title>Tv-alus BALIN RTV2S kuldne lehis - Welle<\/title>\n<meta name=\"robots\" content=\"index, follow, max-snippet:-1, max-image-preview:large, max-video-preview:-1\" \/>\n<link rel=\"canonical\" href=\"https:\/\/welle.ee\/ee\/kummut-balin-kom2d3s-kuldne-lehis-160-cm-3\/\" \/>\n<meta property=\"og:locale\" content=\"en_US\" \/>\n<meta property=\"og:type\" content=\"article\" \/>\n<meta property=\"og:title\" content=\"Tv-alus BALIN RTV2S kuldne lehis - Welle\" \/>\n<meta property=\"og:description\" content=\"Valmistatud lamineeritud m\u00f6\u00f6bliplaadist ja MDF-st 2 sahtlit Viimistlus: kuldne lehis sibiu Sulgub vaikselt Tarneaeg 6-10 n\u00e4dalat Tarnitakse detailidena\" \/>\n<meta property=\"og:url\" content=\"https:\/\/welle.ee\/ee\/kummut-balin-kom2d3s-kuldne-lehis-160-cm-3\/\" \/>\n<meta property=\"og:site_name\" content=\"Welle\" \/>\n<meta property=\"og:image\" content=\"https:\/\/welle.ee\/wp-content\/uploads\/2025\/08\/komoda-balin-160-cm-z-2-drzwiami-i-3-szufladami-modrzew-sibu-zloty-slargea_1__1_1_1.jpg\" \/>\n\t<meta property=\"og:image:width\" content=\"798\" \/>\n\t<meta property=\"og:image:height\" content=\"600\" \/>\n\t<meta property=\"og:image:type\" content=\"image\/jpeg\" \/>\n<meta name=\"twitter:card\" content=\"summary_large_image\" \/>\n<script type=\"application\/ld+json\" class=\"yoast-schema-graph\">{\"@context\":\"https:\/\/schema.org\",\"@graph\":[{\"@type\":\"WebPage\",\"@id\":\"https:\/\/welle.ee\/ee\/kummut-balin-kom2d3s-kuldne-lehis-160-cm-3\/\",\"url\":\"https:\/\/welle.ee\/ee\/kummut-balin-kom2d3s-kuldne-lehis-160-cm-3\/\",\"name\":\"Tv-alus BALIN RTV2S kuldne lehis - Welle\",\"isPartOf\":{\"@id\":\"https:\/\/welle.ee\/ee\/#website\"},\"primaryImageOfPage\":{\"@id\":\"https:\/\/welle.ee\/ee\/kummut-balin-kom2d3s-kuldne-lehis-160-cm-3\/#primaryimage\"},\"image\":{\"@id\":\"https:\/\/welle.ee\/ee\/kummut-balin-kom2d3s-kuldne-lehis-160-cm-3\/#primaryimage\"},\"thumbnailUrl\":\"https:\/\/welle.ee\/wp-content\/uploads\/2025\/08\/komoda-balin-160-cm-z-2-drzwiami-i-3-szufladami-modrzew-sibu-zloty-slargea_1__1_1_1.jpg\",\"datePublished\":\"2025-10-06T09:17:36+00:00\",\"breadcrumb\":{\"@id\":\"https:\/\/welle.ee\/ee\/kummut-balin-kom2d3s-kuldne-lehis-160-cm-3\/#breadcrumb\"},\"inLanguage\":\"ee\",\"potentialAction\":[{\"@type\":\"ReadAction\",\"target\":[\"https:\/\/welle.ee\/ee\/kummut-balin-kom2d3s-kuldne-lehis-160-cm-3\/\"]}]},{\"@type\":\"ImageObject\",\"inLanguage\":\"ee\",\"@id\":\"https:\/\/welle.ee\/ee\/kummut-balin-kom2d3s-kuldne-lehis-160-cm-3\/#primaryimage\",\"url\":\"https:\/\/welle.ee\/wp-content\/uploads\/2025\/08\/komoda-balin-160-cm-z-2-drzwiami-i-3-szufladami-modrzew-sibu-zloty-slargea_1__1_1_1.jpg\",\"contentUrl\":\"https:\/\/welle.ee\/wp-content\/uploads\/2025\/08\/komoda-balin-160-cm-z-2-drzwiami-i-3-szufladami-modrzew-sibu-zloty-slargea_1__1_1_1.jpg\",\"width\":798,\"height\":600},{\"@type\":\"BreadcrumbList\",\"@id\":\"https:\/\/welle.ee\/ee\/kummut-balin-kom2d3s-kuldne-lehis-160-cm-3\/#breadcrumb\",\"itemListElement\":[{\"@type\":\"ListItem\",\"position\":1,\"name\":\"\u0413\u043b\u0430\u0432\u043d\u0430\u044f \u0441\u0442\u0440\u0430\u043d\u0438\u0446\u0430\",\"item\":\"https:\/\/welle.ee\/ee\/\"},{\"@type\":\"ListItem\",\"position\":2,\"name\":\"Tooted\",\"item\":\"https:\/\/welle.ee\/ee\/tooted\/\"},{\"@type\":\"ListItem\",\"position\":3,\"name\":\"Tv-alus BALIN RTV2S kuldne lehis\"}]},{\"@type\":\"WebSite\",\"@id\":\"https:\/\/welle.ee\/ee\/#website\",\"url\":\"https:\/\/welle.ee\/ee\/\",\"name\":\"Welle\",\"description\":\"\",\"potentialAction\":[{\"@type\":\"SearchAction\",\"target\":{\"@type\":\"EntryPoint\",\"urlTemplate\":\"https:\/\/welle.ee\/ee\/?s={search_term_string}\"},\"query-input\":{\"@type\":\"PropertyValueSpecification\",\"valueRequired\":true,\"valueName\":\"search_term_string\"}}],\"inLanguage\":\"ee\"}]}<\/script>\n<!-- \/ Yoast SEO plugin. -->","yoast_head_json":{"title":"Tv-alus BALIN RTV2S kuldne lehis - Welle","robots":{"index":"index","follow":"follow","max-snippet":"max-snippet:-1","max-image-preview":"max-image-preview:large","max-video-preview":"max-video-preview:-1"},"canonical":"https:\/\/welle.ee\/ee\/kummut-balin-kom2d3s-kuldne-lehis-160-cm-3\/","og_locale":"en_US","og_type":"article","og_title":"Tv-alus BALIN RTV2S kuldne lehis - Welle","og_description":"Valmistatud lamineeritud m\u00f6\u00f6bliplaadist ja MDF-st 2 sahtlit Viimistlus: kuldne lehis sibiu Sulgub vaikselt Tarneaeg 6-10 n\u00e4dalat Tarnitakse detailidena","og_url":"https:\/\/welle.ee\/ee\/kummut-balin-kom2d3s-kuldne-lehis-160-cm-3\/","og_site_name":"Welle","og_image":[{"width":798,"height":600,"url":"https:\/\/welle.ee\/wp-content\/uploads\/2025\/08\/komoda-balin-160-cm-z-2-drzwiami-i-3-szufladami-modrzew-sibu-zloty-slargea_1__1_1_1.jpg","type":"image\/jpeg"}],"twitter_card":"summary_large_image","schema":{"@context":"https:\/\/schema.org","@graph":[{"@type":"WebPage","@id":"https:\/\/welle.ee\/ee\/kummut-balin-kom2d3s-kuldne-lehis-160-cm-3\/","url":"https:\/\/welle.ee\/ee\/kummut-balin-kom2d3s-kuldne-lehis-160-cm-3\/","name":"Tv-alus BALIN RTV2S kuldne lehis - Welle","isPartOf":{"@id":"https:\/\/welle.ee\/ee\/#website"},"primaryImageOfPage":{"@id":"https:\/\/welle.ee\/ee\/kummut-balin-kom2d3s-kuldne-lehis-160-cm-3\/#primaryimage"},"image":{"@id":"https:\/\/welle.ee\/ee\/kummut-balin-kom2d3s-kuldne-lehis-160-cm-3\/#primaryimage"},"thumbnailUrl":"https:\/\/welle.ee\/wp-content\/uploads\/2025\/08\/komoda-balin-160-cm-z-2-drzwiami-i-3-szufladami-modrzew-sibu-zloty-slargea_1__1_1_1.jpg","datePublished":"2025-10-06T09:17:36+00:00","breadcrumb":{"@id":"https:\/\/welle.ee\/ee\/kummut-balin-kom2d3s-kuldne-lehis-160-cm-3\/#breadcrumb"},"inLanguage":"ee","potentialAction":[{"@type":"ReadAction","target":["https:\/\/welle.ee\/ee\/kummut-balin-kom2d3s-kuldne-lehis-160-cm-3\/"]}]},{"@type":"ImageObject","inLanguage":"ee","@id":"https:\/\/welle.ee\/ee\/kummut-balin-kom2d3s-kuldne-lehis-160-cm-3\/#primaryimage","url":"https:\/\/welle.ee\/wp-content\/uploads\/2025\/08\/komoda-balin-160-cm-z-2-drzwiami-i-3-szufladami-modrzew-sibu-zloty-slargea_1__1_1_1.jpg","contentUrl":"https:\/\/welle.ee\/wp-content\/uploads\/2025\/08\/komoda-balin-160-cm-z-2-drzwiami-i-3-szufladami-modrzew-sibu-zloty-slargea_1__1_1_1.jpg","width":798,"height":600},{"@type":"BreadcrumbList","@id":"https:\/\/welle.ee\/ee\/kummut-balin-kom2d3s-kuldne-lehis-160-cm-3\/#breadcrumb","itemListElement":[{"@type":"ListItem","position":1,"name":"\u0413\u043b\u0430\u0432\u043d\u0430\u044f \u0441\u0442\u0440\u0430\u043d\u0438\u0446\u0430","item":"https:\/\/welle.ee\/ee\/"},{"@type":"ListItem","position":2,"name":"Tooted","item":"https:\/\/welle.ee\/ee\/tooted\/"},{"@type":"ListItem","position":3,"name":"Tv-alus BALIN RTV2S kuldne lehis"}]},{"@type":"WebSite","@id":"https:\/\/welle.ee\/ee\/#website","url":"https:\/\/welle.ee\/ee\/","name":"Welle","description":"","potentialAction":[{"@type":"SearchAction","target":{"@type":"EntryPoint","urlTemplate":"https:\/\/welle.ee\/ee\/?s={search_term_string}"},"query-input":{"@type":"PropertyValueSpecification","valueRequired":true,"valueName":"search_term_string"}}],"inLanguage":"ee"}]}},"_links":{"self":[{"href":"https:\/\/welle.ee\/ee\/wp-json\/wp\/v2\/product\/458476","targetHints":{"allow":["GET"]}}],"collection":[{"href":"https:\/\/welle.ee\/ee\/wp-json\/wp\/v2\/product"}],"about":[{"href":"https:\/\/welle.ee\/ee\/wp-json\/wp\/v2\/types\/product"}],"version-history":[{"count":1,"href":"https:\/\/welle.ee\/ee\/wp-json\/wp\/v2\/product\/458476\/revisions"}],"predecessor-version":[{"id":484837,"href":"https:\/\/welle.ee\/ee\/wp-json\/wp\/v2\/product\/458476\/revisions\/484837"}],"wp:featuredmedia":[{"embeddable":true,"href":"https:\/\/welle.ee\/ee\/wp-json\/wp\/v2\/media\/458477"}],"wp:attachment":[{"href":"https:\/\/welle.ee\/ee\/wp-json\/wp\/v2\/media?parent=458476"}],"wp:term":[{"taxonomy":"product_brand","embeddable":true,"href":"https:\/\/welle.ee\/ee\/wp-json\/wp\/v2\/product_brand?post=458476"},{"taxonomy":"product_cat","embeddable":true,"href":"https:\/\/welle.ee\/ee\/wp-json\/wp\/v2\/product_cat?post=458476"},{"taxonomy":"product_tag","embeddable":true,"href":"https:\/\/welle.ee\/ee\/wp-json\/wp\/v2\/product_tag?post=458476"}],"curies":[{"name":"wp","href":"https:\/\/api.w.org\/{rel}","templated":true}]}}