{"id":458591,"date":"2025-10-06T09:17:26","date_gmt":"2025-10-06T09:17:26","guid":{"rendered":"https:\/\/wellefurniture.eu\/riidekapp-alameda-180-cm-szf3d2s\/"},"modified":"2025-10-06T09:17:26","modified_gmt":"2025-10-06T09:17:26","slug":"riidekapp-alameda-180-cm-szf3d2s","status":"publish","type":"product","link":"https:\/\/welle.ee\/ee\/riidekapp-alameda-180-cm-szf3d2s\/","title":{"rendered":"Riidekapp ALAMEDA 180 cm SZF3D2S"},"content":{"rendered":"<div data-content-type=\"html\" data-appearance=\"default\" data-element=\"main\">\n<ul>\n<li>Valmistatud k\u00f5rgkvaliteetsest lamineeritud m\u00f6\u00f6bliplaadist ning MDF-ist<\/li>\n<li>3 ust, 2 sahtlit<\/li>\n<li>Sees riidepuutoru ja riiulid<\/li>\n<li>Sulgub vaikselt<\/li>\n<li>Valgustus hinna sees<\/li>\n<li>Viimistlus: valge k\u00f5rgl\u00e4ige\/tamm westminster<\/li>\n<li>Tarneaeg 6-10 n\u00e4dalat<\/li>\n<li>Tarnitakse detailidena<\/li>\n<\/ul>\n<\/div>\n","protected":false},"excerpt":{"rendered":"<p>Valmistatud k\u00f5rgkvaliteetsest lamineeritud m\u00f6\u00f6bliplaadist ning MDF-ist 3 ust, 2 sahtlit Sees riidepuutoru ja riiulid Sulgub vaikselt Valgustus hinna sees Viimistlus:<\/p>\n","protected":false},"featured_media":458592,"template":"","meta":[],"product_brand":[],"product_cat":[2343,9186,2353,3592,2376],"product_tag":[],"class_list":{"0":"post-458591","1":"product","2":"type-product","3":"status-publish","4":"has-post-thumbnail","6":"product_cat-shelves","7":"product_cat-kapid-riiulid-hoiukastid","8":"product_cat-shop","9":"product_cat-leiunurk","10":"product_cat-wardrobe","11":"pa_color-white","12":"pa_height-3317","13":"pa_height_range-h-200","14":"pa_length-3156","15":"pa_length_range-l-151-200","16":"pa_manufacturer-brw","17":"pa_material-moobliplaat","18":"pa_width-2583","19":"pa_width_range-w-50-100","21":"first","22":"instock","23":"taxable","24":"shipping-taxable","25":"purchasable","26":"product-type-simple"},"yoast_head":"<!-- This site is optimized with the Yoast SEO plugin v26.2 - https:\/\/yoast.com\/wordpress\/plugins\/seo\/ -->\n<title>Riidekapp ALAMEDA 180 cm SZF3D2S - Welle<\/title>\n<meta name=\"robots\" content=\"index, follow, max-snippet:-1, max-image-preview:large, max-video-preview:-1\" \/>\n<link rel=\"canonical\" href=\"https:\/\/welle.ee\/ee\/riidekapp-alameda-180-cm-szf3d2s\/\" \/>\n<meta property=\"og:locale\" content=\"en_US\" \/>\n<meta property=\"og:type\" content=\"article\" \/>\n<meta property=\"og:title\" content=\"Riidekapp ALAMEDA 180 cm SZF3D2S - Welle\" \/>\n<meta property=\"og:description\" content=\"Valmistatud k\u00f5rgkvaliteetsest lamineeritud m\u00f6\u00f6bliplaadist ning MDF-ist 3 ust, 2 sahtlit Sees riidepuutoru ja riiulid Sulgub vaikselt Valgustus hinna sees Viimistlus:\" \/>\n<meta property=\"og:url\" content=\"https:\/\/welle.ee\/ee\/riidekapp-alameda-180-cm-szf3d2s\/\" \/>\n<meta property=\"og:site_name\" content=\"Welle\" \/>\n<meta property=\"og:image\" content=\"https:\/\/welle.ee\/wp-content\/uploads\/2025\/08\/szafa-trzydrzwiowa-alameda-180-cm-z-szufladami-bialy-polysk-dab-westminster-slargea.jpg\" \/>\n\t<meta property=\"og:image:width\" content=\"798\" \/>\n\t<meta property=\"og:image:height\" content=\"600\" \/>\n\t<meta property=\"og:image:type\" content=\"image\/jpeg\" \/>\n<meta name=\"twitter:card\" content=\"summary_large_image\" \/>\n<script type=\"application\/ld+json\" class=\"yoast-schema-graph\">{\"@context\":\"https:\/\/schema.org\",\"@graph\":[{\"@type\":\"WebPage\",\"@id\":\"https:\/\/welle.ee\/ee\/riidekapp-alameda-180-cm-szf3d2s\/\",\"url\":\"https:\/\/welle.ee\/ee\/riidekapp-alameda-180-cm-szf3d2s\/\",\"name\":\"Riidekapp ALAMEDA 180 cm SZF3D2S - Welle\",\"isPartOf\":{\"@id\":\"https:\/\/welle.ee\/ee\/#website\"},\"primaryImageOfPage\":{\"@id\":\"https:\/\/welle.ee\/ee\/riidekapp-alameda-180-cm-szf3d2s\/#primaryimage\"},\"image\":{\"@id\":\"https:\/\/welle.ee\/ee\/riidekapp-alameda-180-cm-szf3d2s\/#primaryimage\"},\"thumbnailUrl\":\"https:\/\/welle.ee\/wp-content\/uploads\/2025\/08\/szafa-trzydrzwiowa-alameda-180-cm-z-szufladami-bialy-polysk-dab-westminster-slargea.jpg\",\"datePublished\":\"2025-10-06T09:17:26+00:00\",\"breadcrumb\":{\"@id\":\"https:\/\/welle.ee\/ee\/riidekapp-alameda-180-cm-szf3d2s\/#breadcrumb\"},\"inLanguage\":\"ee\",\"potentialAction\":[{\"@type\":\"ReadAction\",\"target\":[\"https:\/\/welle.ee\/ee\/riidekapp-alameda-180-cm-szf3d2s\/\"]}]},{\"@type\":\"ImageObject\",\"inLanguage\":\"ee\",\"@id\":\"https:\/\/welle.ee\/ee\/riidekapp-alameda-180-cm-szf3d2s\/#primaryimage\",\"url\":\"https:\/\/welle.ee\/wp-content\/uploads\/2025\/08\/szafa-trzydrzwiowa-alameda-180-cm-z-szufladami-bialy-polysk-dab-westminster-slargea.jpg\",\"contentUrl\":\"https:\/\/welle.ee\/wp-content\/uploads\/2025\/08\/szafa-trzydrzwiowa-alameda-180-cm-z-szufladami-bialy-polysk-dab-westminster-slargea.jpg\",\"width\":798,\"height\":600},{\"@type\":\"BreadcrumbList\",\"@id\":\"https:\/\/welle.ee\/ee\/riidekapp-alameda-180-cm-szf3d2s\/#breadcrumb\",\"itemListElement\":[{\"@type\":\"ListItem\",\"position\":1,\"name\":\"\u0413\u043b\u0430\u0432\u043d\u0430\u044f \u0441\u0442\u0440\u0430\u043d\u0438\u0446\u0430\",\"item\":\"https:\/\/welle.ee\/ee\/\"},{\"@type\":\"ListItem\",\"position\":2,\"name\":\"Tooted\",\"item\":\"https:\/\/welle.ee\/ee\/tooted\/\"},{\"@type\":\"ListItem\",\"position\":3,\"name\":\"Riidekapp ALAMEDA 180 cm SZF3D2S\"}]},{\"@type\":\"WebSite\",\"@id\":\"https:\/\/welle.ee\/ee\/#website\",\"url\":\"https:\/\/welle.ee\/ee\/\",\"name\":\"Welle\",\"description\":\"\",\"potentialAction\":[{\"@type\":\"SearchAction\",\"target\":{\"@type\":\"EntryPoint\",\"urlTemplate\":\"https:\/\/welle.ee\/ee\/?s={search_term_string}\"},\"query-input\":{\"@type\":\"PropertyValueSpecification\",\"valueRequired\":true,\"valueName\":\"search_term_string\"}}],\"inLanguage\":\"ee\"}]}<\/script>\n<!-- \/ Yoast SEO plugin. -->","yoast_head_json":{"title":"Riidekapp ALAMEDA 180 cm SZF3D2S - Welle","robots":{"index":"index","follow":"follow","max-snippet":"max-snippet:-1","max-image-preview":"max-image-preview:large","max-video-preview":"max-video-preview:-1"},"canonical":"https:\/\/welle.ee\/ee\/riidekapp-alameda-180-cm-szf3d2s\/","og_locale":"en_US","og_type":"article","og_title":"Riidekapp ALAMEDA 180 cm SZF3D2S - Welle","og_description":"Valmistatud k\u00f5rgkvaliteetsest lamineeritud m\u00f6\u00f6bliplaadist ning MDF-ist 3 ust, 2 sahtlit Sees riidepuutoru ja riiulid Sulgub vaikselt Valgustus hinna sees Viimistlus:","og_url":"https:\/\/welle.ee\/ee\/riidekapp-alameda-180-cm-szf3d2s\/","og_site_name":"Welle","og_image":[{"width":798,"height":600,"url":"https:\/\/welle.ee\/wp-content\/uploads\/2025\/08\/szafa-trzydrzwiowa-alameda-180-cm-z-szufladami-bialy-polysk-dab-westminster-slargea.jpg","type":"image\/jpeg"}],"twitter_card":"summary_large_image","schema":{"@context":"https:\/\/schema.org","@graph":[{"@type":"WebPage","@id":"https:\/\/welle.ee\/ee\/riidekapp-alameda-180-cm-szf3d2s\/","url":"https:\/\/welle.ee\/ee\/riidekapp-alameda-180-cm-szf3d2s\/","name":"Riidekapp ALAMEDA 180 cm SZF3D2S - Welle","isPartOf":{"@id":"https:\/\/welle.ee\/ee\/#website"},"primaryImageOfPage":{"@id":"https:\/\/welle.ee\/ee\/riidekapp-alameda-180-cm-szf3d2s\/#primaryimage"},"image":{"@id":"https:\/\/welle.ee\/ee\/riidekapp-alameda-180-cm-szf3d2s\/#primaryimage"},"thumbnailUrl":"https:\/\/welle.ee\/wp-content\/uploads\/2025\/08\/szafa-trzydrzwiowa-alameda-180-cm-z-szufladami-bialy-polysk-dab-westminster-slargea.jpg","datePublished":"2025-10-06T09:17:26+00:00","breadcrumb":{"@id":"https:\/\/welle.ee\/ee\/riidekapp-alameda-180-cm-szf3d2s\/#breadcrumb"},"inLanguage":"ee","potentialAction":[{"@type":"ReadAction","target":["https:\/\/welle.ee\/ee\/riidekapp-alameda-180-cm-szf3d2s\/"]}]},{"@type":"ImageObject","inLanguage":"ee","@id":"https:\/\/welle.ee\/ee\/riidekapp-alameda-180-cm-szf3d2s\/#primaryimage","url":"https:\/\/welle.ee\/wp-content\/uploads\/2025\/08\/szafa-trzydrzwiowa-alameda-180-cm-z-szufladami-bialy-polysk-dab-westminster-slargea.jpg","contentUrl":"https:\/\/welle.ee\/wp-content\/uploads\/2025\/08\/szafa-trzydrzwiowa-alameda-180-cm-z-szufladami-bialy-polysk-dab-westminster-slargea.jpg","width":798,"height":600},{"@type":"BreadcrumbList","@id":"https:\/\/welle.ee\/ee\/riidekapp-alameda-180-cm-szf3d2s\/#breadcrumb","itemListElement":[{"@type":"ListItem","position":1,"name":"\u0413\u043b\u0430\u0432\u043d\u0430\u044f \u0441\u0442\u0440\u0430\u043d\u0438\u0446\u0430","item":"https:\/\/welle.ee\/ee\/"},{"@type":"ListItem","position":2,"name":"Tooted","item":"https:\/\/welle.ee\/ee\/tooted\/"},{"@type":"ListItem","position":3,"name":"Riidekapp ALAMEDA 180 cm SZF3D2S"}]},{"@type":"WebSite","@id":"https:\/\/welle.ee\/ee\/#website","url":"https:\/\/welle.ee\/ee\/","name":"Welle","description":"","potentialAction":[{"@type":"SearchAction","target":{"@type":"EntryPoint","urlTemplate":"https:\/\/welle.ee\/ee\/?s={search_term_string}"},"query-input":{"@type":"PropertyValueSpecification","valueRequired":true,"valueName":"search_term_string"}}],"inLanguage":"ee"}]}},"_links":{"self":[{"href":"https:\/\/welle.ee\/ee\/wp-json\/wp\/v2\/product\/458591","targetHints":{"allow":["GET"]}}],"collection":[{"href":"https:\/\/welle.ee\/ee\/wp-json\/wp\/v2\/product"}],"about":[{"href":"https:\/\/welle.ee\/ee\/wp-json\/wp\/v2\/types\/product"}],"version-history":[{"count":1,"href":"https:\/\/welle.ee\/ee\/wp-json\/wp\/v2\/product\/458591\/revisions"}],"predecessor-version":[{"id":484847,"href":"https:\/\/welle.ee\/ee\/wp-json\/wp\/v2\/product\/458591\/revisions\/484847"}],"wp:featuredmedia":[{"embeddable":true,"href":"https:\/\/welle.ee\/ee\/wp-json\/wp\/v2\/media\/458592"}],"wp:attachment":[{"href":"https:\/\/welle.ee\/ee\/wp-json\/wp\/v2\/media?parent=458591"}],"wp:term":[{"taxonomy":"product_brand","embeddable":true,"href":"https:\/\/welle.ee\/ee\/wp-json\/wp\/v2\/product_brand?post=458591"},{"taxonomy":"product_cat","embeddable":true,"href":"https:\/\/welle.ee\/ee\/wp-json\/wp\/v2\/product_cat?post=458591"},{"taxonomy":"product_tag","embeddable":true,"href":"https:\/\/welle.ee\/ee\/wp-json\/wp\/v2\/product_tag?post=458591"}],"curies":[{"name":"wp","href":"https:\/\/api.w.org\/{rel}","templated":true}]}}