{"id":458858,"date":"2025-10-06T09:17:23","date_gmt":"2025-10-06T09:17:23","guid":{"rendered":"https:\/\/wellefurniture.eu\/kummut-forn-106-cm-kom3s-valge-korglaige-7\/"},"modified":"2025-10-06T09:17:23","modified_gmt":"2025-10-06T09:17:23","slug":"kummut-forn-106-cm-kom3s-valge-korglaige-7","status":"publish","type":"product","link":"https:\/\/welle.ee\/ee\/kummut-forn-106-cm-kom3s-valge-korglaige-7\/","title":{"rendered":"Kummut FORN 90 cm KOM6S valge k\u00f5rgl\u00e4ige"},"content":{"rendered":"<div data-content-type=\"html\" data-appearance=\"default\" data-element=\"main\">\n<ul>\n<li>Valmistatud k\u00f5rgkvaliteetsest lamineeritud m\u00f6\u00f6bliplaadist <\/li>\n<li>6 sahtliga<\/li>\n<li>Sulgub vaikselt<\/li>\n<li>Tarneaeg 6-10 n\u00e4dalat<\/li>\n<li>Tarnitakse detailidena<\/li>\n<\/ul>\n<\/div>\n","protected":false},"excerpt":{"rendered":"<p>Valmistatud k\u00f5rgkvaliteetsest lamineeritud m\u00f6\u00f6bliplaadist 6 sahtliga Sulgub vaikselt Tarneaeg 6-10 n\u00e4dalat Tarnitakse detailidena<\/p>\n","protected":false},"featured_media":458859,"template":"","meta":[],"product_brand":[],"product_cat":[2349,2353,2359,3592],"product_tag":[],"class_list":{"0":"post-458858","1":"product","2":"type-product","3":"status-publish","4":"has-post-thumbnail","6":"product_cat-livroom","7":"product_cat-shop","8":"product_cat-kummutid","9":"product_cat-leiunurk","10":"pa_color-white","11":"pa_height-4472","12":"pa_height_range-h-101-150","13":"pa_length-2695","14":"pa_length_range-l-50-100","15":"pa_manufacturer-brw","16":"pa_material-moobliplaat","17":"pa_width-2714","18":"pa_width_range-w-50","20":"first","21":"instock","22":"taxable","23":"shipping-taxable","24":"purchasable","25":"product-type-simple"},"yoast_head":"<!-- This site is optimized with the Yoast SEO plugin v26.2 - https:\/\/yoast.com\/wordpress\/plugins\/seo\/ -->\n<title>Kummut FORN 90 cm KOM6S valge k\u00f5rgl\u00e4ige - Welle<\/title>\n<meta name=\"robots\" content=\"index, follow, max-snippet:-1, max-image-preview:large, max-video-preview:-1\" \/>\n<link rel=\"canonical\" href=\"https:\/\/welle.ee\/ee\/kummut-forn-106-cm-kom3s-valge-korglaige-7\/\" \/>\n<meta property=\"og:locale\" content=\"en_US\" \/>\n<meta property=\"og:type\" content=\"article\" \/>\n<meta property=\"og:title\" content=\"Kummut FORN 90 cm KOM6S valge k\u00f5rgl\u00e4ige - Welle\" \/>\n<meta property=\"og:description\" content=\"Valmistatud k\u00f5rgkvaliteetsest lamineeritud m\u00f6\u00f6bliplaadist 6 sahtliga Sulgub vaikselt Tarneaeg 6-10 n\u00e4dalat Tarnitakse detailidena\" \/>\n<meta property=\"og:url\" content=\"https:\/\/welle.ee\/ee\/kummut-forn-106-cm-kom3s-valge-korglaige-7\/\" \/>\n<meta property=\"og:site_name\" content=\"Welle\" \/>\n<meta property=\"og:image\" content=\"https:\/\/welle.ee\/wp-content\/uploads\/2025\/08\/komoda-forn-90-cm-z-6-szufladami-bialy-polysk-slargeb.jpg\" \/>\n\t<meta property=\"og:image:width\" content=\"798\" \/>\n\t<meta property=\"og:image:height\" content=\"600\" \/>\n\t<meta property=\"og:image:type\" content=\"image\/jpeg\" \/>\n<meta name=\"twitter:card\" content=\"summary_large_image\" \/>\n<script type=\"application\/ld+json\" class=\"yoast-schema-graph\">{\"@context\":\"https:\/\/schema.org\",\"@graph\":[{\"@type\":\"WebPage\",\"@id\":\"https:\/\/welle.ee\/ee\/kummut-forn-106-cm-kom3s-valge-korglaige-7\/\",\"url\":\"https:\/\/welle.ee\/ee\/kummut-forn-106-cm-kom3s-valge-korglaige-7\/\",\"name\":\"Kummut FORN 90 cm KOM6S valge k\u00f5rgl\u00e4ige - Welle\",\"isPartOf\":{\"@id\":\"https:\/\/welle.ee\/ee\/#website\"},\"primaryImageOfPage\":{\"@id\":\"https:\/\/welle.ee\/ee\/kummut-forn-106-cm-kom3s-valge-korglaige-7\/#primaryimage\"},\"image\":{\"@id\":\"https:\/\/welle.ee\/ee\/kummut-forn-106-cm-kom3s-valge-korglaige-7\/#primaryimage\"},\"thumbnailUrl\":\"https:\/\/welle.ee\/wp-content\/uploads\/2025\/08\/komoda-forn-90-cm-z-6-szufladami-bialy-polysk-slargeb.jpg\",\"datePublished\":\"2025-10-06T09:17:23+00:00\",\"breadcrumb\":{\"@id\":\"https:\/\/welle.ee\/ee\/kummut-forn-106-cm-kom3s-valge-korglaige-7\/#breadcrumb\"},\"inLanguage\":\"ee\",\"potentialAction\":[{\"@type\":\"ReadAction\",\"target\":[\"https:\/\/welle.ee\/ee\/kummut-forn-106-cm-kom3s-valge-korglaige-7\/\"]}]},{\"@type\":\"ImageObject\",\"inLanguage\":\"ee\",\"@id\":\"https:\/\/welle.ee\/ee\/kummut-forn-106-cm-kom3s-valge-korglaige-7\/#primaryimage\",\"url\":\"https:\/\/welle.ee\/wp-content\/uploads\/2025\/08\/komoda-forn-90-cm-z-6-szufladami-bialy-polysk-slargeb.jpg\",\"contentUrl\":\"https:\/\/welle.ee\/wp-content\/uploads\/2025\/08\/komoda-forn-90-cm-z-6-szufladami-bialy-polysk-slargeb.jpg\",\"width\":798,\"height\":600},{\"@type\":\"BreadcrumbList\",\"@id\":\"https:\/\/welle.ee\/ee\/kummut-forn-106-cm-kom3s-valge-korglaige-7\/#breadcrumb\",\"itemListElement\":[{\"@type\":\"ListItem\",\"position\":1,\"name\":\"\u0413\u043b\u0430\u0432\u043d\u0430\u044f \u0441\u0442\u0440\u0430\u043d\u0438\u0446\u0430\",\"item\":\"https:\/\/welle.ee\/ee\/\"},{\"@type\":\"ListItem\",\"position\":2,\"name\":\"Tooted\",\"item\":\"https:\/\/welle.ee\/ee\/tooted\/\"},{\"@type\":\"ListItem\",\"position\":3,\"name\":\"Kummut FORN 90 cm KOM6S valge k\u00f5rgl\u00e4ige\"}]},{\"@type\":\"WebSite\",\"@id\":\"https:\/\/welle.ee\/ee\/#website\",\"url\":\"https:\/\/welle.ee\/ee\/\",\"name\":\"Welle\",\"description\":\"\",\"potentialAction\":[{\"@type\":\"SearchAction\",\"target\":{\"@type\":\"EntryPoint\",\"urlTemplate\":\"https:\/\/welle.ee\/ee\/?s={search_term_string}\"},\"query-input\":{\"@type\":\"PropertyValueSpecification\",\"valueRequired\":true,\"valueName\":\"search_term_string\"}}],\"inLanguage\":\"ee\"}]}<\/script>\n<!-- \/ Yoast SEO plugin. -->","yoast_head_json":{"title":"Kummut FORN 90 cm KOM6S valge k\u00f5rgl\u00e4ige - Welle","robots":{"index":"index","follow":"follow","max-snippet":"max-snippet:-1","max-image-preview":"max-image-preview:large","max-video-preview":"max-video-preview:-1"},"canonical":"https:\/\/welle.ee\/ee\/kummut-forn-106-cm-kom3s-valge-korglaige-7\/","og_locale":"en_US","og_type":"article","og_title":"Kummut FORN 90 cm KOM6S valge k\u00f5rgl\u00e4ige - Welle","og_description":"Valmistatud k\u00f5rgkvaliteetsest lamineeritud m\u00f6\u00f6bliplaadist 6 sahtliga Sulgub vaikselt Tarneaeg 6-10 n\u00e4dalat Tarnitakse detailidena","og_url":"https:\/\/welle.ee\/ee\/kummut-forn-106-cm-kom3s-valge-korglaige-7\/","og_site_name":"Welle","og_image":[{"width":798,"height":600,"url":"https:\/\/welle.ee\/wp-content\/uploads\/2025\/08\/komoda-forn-90-cm-z-6-szufladami-bialy-polysk-slargeb.jpg","type":"image\/jpeg"}],"twitter_card":"summary_large_image","schema":{"@context":"https:\/\/schema.org","@graph":[{"@type":"WebPage","@id":"https:\/\/welle.ee\/ee\/kummut-forn-106-cm-kom3s-valge-korglaige-7\/","url":"https:\/\/welle.ee\/ee\/kummut-forn-106-cm-kom3s-valge-korglaige-7\/","name":"Kummut FORN 90 cm KOM6S valge k\u00f5rgl\u00e4ige - Welle","isPartOf":{"@id":"https:\/\/welle.ee\/ee\/#website"},"primaryImageOfPage":{"@id":"https:\/\/welle.ee\/ee\/kummut-forn-106-cm-kom3s-valge-korglaige-7\/#primaryimage"},"image":{"@id":"https:\/\/welle.ee\/ee\/kummut-forn-106-cm-kom3s-valge-korglaige-7\/#primaryimage"},"thumbnailUrl":"https:\/\/welle.ee\/wp-content\/uploads\/2025\/08\/komoda-forn-90-cm-z-6-szufladami-bialy-polysk-slargeb.jpg","datePublished":"2025-10-06T09:17:23+00:00","breadcrumb":{"@id":"https:\/\/welle.ee\/ee\/kummut-forn-106-cm-kom3s-valge-korglaige-7\/#breadcrumb"},"inLanguage":"ee","potentialAction":[{"@type":"ReadAction","target":["https:\/\/welle.ee\/ee\/kummut-forn-106-cm-kom3s-valge-korglaige-7\/"]}]},{"@type":"ImageObject","inLanguage":"ee","@id":"https:\/\/welle.ee\/ee\/kummut-forn-106-cm-kom3s-valge-korglaige-7\/#primaryimage","url":"https:\/\/welle.ee\/wp-content\/uploads\/2025\/08\/komoda-forn-90-cm-z-6-szufladami-bialy-polysk-slargeb.jpg","contentUrl":"https:\/\/welle.ee\/wp-content\/uploads\/2025\/08\/komoda-forn-90-cm-z-6-szufladami-bialy-polysk-slargeb.jpg","width":798,"height":600},{"@type":"BreadcrumbList","@id":"https:\/\/welle.ee\/ee\/kummut-forn-106-cm-kom3s-valge-korglaige-7\/#breadcrumb","itemListElement":[{"@type":"ListItem","position":1,"name":"\u0413\u043b\u0430\u0432\u043d\u0430\u044f \u0441\u0442\u0440\u0430\u043d\u0438\u0446\u0430","item":"https:\/\/welle.ee\/ee\/"},{"@type":"ListItem","position":2,"name":"Tooted","item":"https:\/\/welle.ee\/ee\/tooted\/"},{"@type":"ListItem","position":3,"name":"Kummut FORN 90 cm KOM6S valge k\u00f5rgl\u00e4ige"}]},{"@type":"WebSite","@id":"https:\/\/welle.ee\/ee\/#website","url":"https:\/\/welle.ee\/ee\/","name":"Welle","description":"","potentialAction":[{"@type":"SearchAction","target":{"@type":"EntryPoint","urlTemplate":"https:\/\/welle.ee\/ee\/?s={search_term_string}"},"query-input":{"@type":"PropertyValueSpecification","valueRequired":true,"valueName":"search_term_string"}}],"inLanguage":"ee"}]}},"_links":{"self":[{"href":"https:\/\/welle.ee\/ee\/wp-json\/wp\/v2\/product\/458858","targetHints":{"allow":["GET"]}}],"collection":[{"href":"https:\/\/welle.ee\/ee\/wp-json\/wp\/v2\/product"}],"about":[{"href":"https:\/\/welle.ee\/ee\/wp-json\/wp\/v2\/types\/product"}],"version-history":[{"count":1,"href":"https:\/\/welle.ee\/ee\/wp-json\/wp\/v2\/product\/458858\/revisions"}],"predecessor-version":[{"id":484871,"href":"https:\/\/welle.ee\/ee\/wp-json\/wp\/v2\/product\/458858\/revisions\/484871"}],"wp:featuredmedia":[{"embeddable":true,"href":"https:\/\/welle.ee\/ee\/wp-json\/wp\/v2\/media\/458859"}],"wp:attachment":[{"href":"https:\/\/welle.ee\/ee\/wp-json\/wp\/v2\/media?parent=458858"}],"wp:term":[{"taxonomy":"product_brand","embeddable":true,"href":"https:\/\/welle.ee\/ee\/wp-json\/wp\/v2\/product_brand?post=458858"},{"taxonomy":"product_cat","embeddable":true,"href":"https:\/\/welle.ee\/ee\/wp-json\/wp\/v2\/product_cat?post=458858"},{"taxonomy":"product_tag","embeddable":true,"href":"https:\/\/welle.ee\/ee\/wp-json\/wp\/v2\/product_tag?post=458858"}],"curies":[{"name":"wp","href":"https:\/\/api.w.org\/{rel}","templated":true}]}}